{"id":37518,"date":"2016-09-25T23:28:25","date_gmt":"2016-09-25T23:28:25","guid":{"rendered":"https:\/\/www.myaquastore.com\/product\/hochwertige-250-w-wasserkuhler-zum-verkauf-hyh-0-125d-d\/"},"modified":"2025-03-16T08:47:51","modified_gmt":"2025-03-16T08:47:51","slug":"hochwertige-250-w-wasserkuhler-zum-verkauf-hyh-0-125d-d","status":"publish","type":"product","link":"https:\/\/www.myaquastore.com\/de\/produkt\/hochwertige-250-w-wasserkuhler-zum-verkauf-hyh-0-125d-d\/","title":{"rendered":"Hochwertige 250-W-Wasserk\u00fchler zum Verkauf HYH-0.125D-D"},"content":{"rendered":"<div style=\"clear:both\"><\/div>\n<p style=\"text-align:center\"><span style=\"font-size:32px;font-family:Calibri,zapf dingbats\"><strong>Hochwertige Wasserk\u00fchler zu verkaufen <\/strong><\/span><\/p>\n<p><span style=\"font-size:16px;font-family:Calibri,zapf dingbats\"><strong><img decoding=\"async\" alt=\"_01.jpg\" src=\"http:\/\/localhost\/media\/import\/detail\/HTB1fTy5FVXXXXchXpXXq6xXFXXXU.jpg\"><img decoding=\"async\" alt=\"_02.jpg\" src=\"http:\/\/localhost\/media\/import\/detail\/HTB1a3e9FVXXXXXxXpXXq6xXFXXXj.jpg\"><img decoding=\"async\" alt=\"_03.jpg\" src=\"http:\/\/localhost\/media\/import\/detail\/HTB1yLd4FVXXXXbmapXXq6xXFXXX4.jpg\"><\/strong><\/span><\/p>\n<p><span style=\"font-size:16px;font-family:Calibri,zapf dingbats\"> <\/span><\/p>\n<p><span style=\"font-size:16px;font-family:Calibri,zapf dingbats\"><strong><img decoding=\"async\" alt=\"_04.jpg\" src=\"http:\/\/localhost\/media\/import\/detail\/HTB1qe95FVXXXXa8XFXXq6xXFXXXQ.jpg\"><\/strong><\/span><\/p>\n<p><span style=\"font-size:16px;font-family:Calibri,zapf dingbats\"><strong><span style=\"font-size:18px\">HYH Wasserk\u00fchler-Parameter<\/span><br \/><\/strong><\/span><\/p>\n<table class=\"aliDataTable\" style=\"height:399px;width:705px\" border=\"1\">\n<tbody>\n<tr>\n<td style=\"text-align:center\"><span style=\"font-size:16px;font-family:Calibri,zapf dingbats\">MODELL<\/span><\/td>\n<td>\n<p style=\"text-align:center\"><span style=\"font-size:16px;font-family:Calibri,zapf dingbats\">K\u00dcHLSCHRANK<\/span><\/p>\n<p style=\"text-align:center\"><span style=\"font-size:16px;font-family:Calibri,zapf dingbats\">CURRENT(COLD)<\/span><\/p>\n<\/td>\n<td>\n<p style=\"text-align:center\"><span style=\"font-size:16px;font-family:Calibri,zapf dingbats\">K\u00dcHLSCHRANK<\/span><\/p>\n<p style=\"text-align:center\"><span style=\"font-size:16px;font-family:Calibri,zapf dingbats\">CURRENT(HOT)<\/span><\/p>\n<\/td>\n<td>\n<p><span style=\"font-size:16px;font-family:Calibri,zapf dingbats\">MENGE OP<\/span><\/p>\n<p><span style=\"font-size:16px;font-family:Calibri,zapf dingbats\">WASSER<\/span><\/p>\n<\/td>\n<td style=\"text-align:center\">\n<p><span style=\"font-size:16px;font-family:Calibri,zapf dingbats\">GR\u00d6SSE DES EINLASS<\/span><\/p>\n<p><span style=\"font-size:16px;font-family:Calibri,zapf dingbats\">AND OUTLET<\/span><\/p>\n<\/td>\n<td style=\"text-align:center\"><span style=\"font-size:16px;font-family:Calibri,zapf dingbats\">GR\u00d6SSE (mm)<\/span><\/td>\n<\/tr>\n<tr>\n<td><span style=\"font-size:16px;font-family:Calibri,zapf dingbats\">HYH-1DR-A<\/span><\/td>\n<td><span style=\"font-size:16px;font-family:Calibri,zapf dingbats\">2445W<\/span><\/td>\n<td><span style=\"font-size:16px;font-family:Calibri,zapf dingbats\">1500W<\/span><\/td>\n<td><span style=\"font-size:16px;font-family:Calibri,zapf dingbats\">800-1000L<\/span><\/td>\n<td><span style=\"font-size:16px;font-family:Calibri,zapf dingbats\">D=40mm<\/span><\/td>\n<td><span style=\"font-size:16px;font-family:Calibri,zapf dingbats\">620*530*425<\/span><\/td>\n<\/tr>\n<tr>\n<td><span style=\"font-size:16px;font-family:Calibri,zapf dingbats\">HYH-1.5DR-A<\/span><\/td>\n<td><span style=\"font-size:16px;font-family:Calibri,zapf dingbats\">3245W<\/span><\/td>\n<td><span style=\"font-size:16px;font-family:Calibri,zapf dingbats\">1500W<\/span><\/td>\n<td><span style=\"font-size:16px;font-family:Calibri,zapf dingbats\">1100-1400L<\/span><\/td>\n<td><span style=\"font-size:16px;font-family:Calibri,zapf dingbats\">D=40mm<\/span><\/td>\n<td><span style=\"font-size:16px;font-family:Calibri,zapf dingbats\">620*530*425<\/span><\/td>\n<\/tr>\n<tr>\n<td><span style=\"font-size:16px;font-family:Calibri,zapf dingbats\">HYH-2DR-A<\/span><\/td>\n<td><span style=\"font-size:16px;font-family:Calibri,zapf dingbats\">4245W<\/span><\/td>\n<td><span style=\"font-size:16px;font-family:Calibri,zapf dingbats\">1500W<\/span><\/td>\n<td><span style=\"font-size:16px;font-family:Calibri,zapf dingbats\">1400-2000L<\/span><\/td>\n<td><span style=\"font-size:16px;font-family:Calibri,zapf dingbats\">D=40mm<\/span><\/td>\n<td><span style=\"font-size:16px;font-family:Calibri,zapf dingbats\">620*530*425<\/span><\/td>\n<\/tr>\n<tr>\n<td><span style=\"font-size:16px;font-family:Calibri,zapf dingbats\">HYH-3DE-R-A<\/span><\/td>\n<td><span style=\"font-size:16px;font-family:Calibri,zapf dingbats\">5820W<\/span><\/td>\n<td><span style=\"font-size:16px;font-family:Calibri,zapf dingbats\">1500W<\/span><\/td>\n<td><span style=\"font-size:16px;font-family:Calibri,zapf dingbats\">2000-3000L<\/span><\/td>\n<td><span style=\"font-size:16px;font-family:Calibri,zapf dingbats\">D=40mm<\/span><\/td>\n<td><span style=\"font-size:16px;font-family:Calibri,zapf dingbats\">620*580*918<\/span><\/td>\n<\/tr>\n<tr>\n<td><span style=\"font-size:16px;font-family:Calibri,zapf dingbats\">HYH-5DR-B<\/span><\/td>\n<td><span style=\"font-size:16px;font-family:Calibri,zapf dingbats\">15000W<\/span><\/td>\n<td><span style=\"font-size:16px;font-family:Calibri,zapf dingbats\">3000W<\/span><\/td>\n<td><span style=\"font-size:16px;font-family:Calibri,zapf dingbats\">3500-4500L<\/span><\/td>\n<td><span style=\"font-size:16px;font-family:Calibri,zapf dingbats\">D=40mm<\/span><\/td>\n<td><span style=\"font-size:16px;font-family:Calibri,zapf dingbats\">1160*480*1150<\/span><\/td>\n<\/tr>\n<tr>\n<td><span style=\"font-size:16px;font-family:Calibri,zapf dingbats\">HYH-1DR-C<\/span><\/td>\n<td><span style=\"font-size:16px;font-family:Calibri,zapf dingbats\">2745W<\/span><\/td>\n<td><span style=\"font-size:16px;font-family:Calibri,zapf dingbats\">&#8211;<\/span><\/td>\n<td><span style=\"font-size:16px;font-family:Calibri,zapf dingbats\">800-1100L<\/span><\/td>\n<td><span style=\"font-size:16px;font-family:Calibri,zapf dingbats\">D=32mm<\/span><\/td>\n<td><span style=\"font-size:16px;font-family:Calibri,zapf dingbats\">495*560*615<\/span><\/td>\n<\/tr>\n<tr>\n<td><span style=\"font-size:16px;font-family:Calibri,zapf dingbats\">HYH-1.5DR-C<\/span><\/td>\n<td><span style=\"font-size:16px;font-family:Calibri,zapf dingbats\">3245W<\/span><\/td>\n<td><span style=\"font-size:16px;font-family:Calibri,zapf dingbats\">&#8211;<\/span><\/td>\n<td><span style=\"font-size:16px;font-family:Calibri,zapf dingbats\">1100-1400L<\/span><\/td>\n<td><span style=\"font-size:16px;font-family:Calibri,zapf dingbats\">D=32mm<\/span><\/td>\n<td><span style=\"font-size:16px;font-family:Calibri,zapf dingbats\">495*560*615<\/span><\/td>\n<\/tr>\n<tr>\n<td><span style=\"font-size:16px;font-family:Calibri,zapf dingbats\">HYH-2DR-C<\/span><\/td>\n<td><span style=\"font-size:16px;font-family:Calibri,zapf dingbats\">4245W<\/span><\/td>\n<td><span style=\"font-size:16px;font-family:Calibri,zapf dingbats\"> <\/span><\/td>\n<td><span style=\"font-size:16px;font-family:Calibri,zapf dingbats\">1400-2000L<\/span><\/td>\n<td><span style=\"font-size:16px;font-family:Calibri,zapf dingbats\">D=32mm<\/span><\/td>\n<td><span style=\"font-size:16px;font-family:Calibri,zapf dingbats\">495*560*615<\/span><\/td>\n<\/tr>\n<tr>\n<td><span style=\"font-size:16px;font-family:Calibri,zapf dingbats\">HYH-2SR-B<\/span><\/td>\n<td><span style=\"font-size:16px;font-family:Calibri,zapf dingbats\">2*2745W<\/span><\/td>\n<td><span style=\"font-size:16px;font-family:Calibri,zapf dingbats\">2*1500W<\/span><\/td>\n<td><span style=\"font-size:16px;font-family:Calibri,zapf dingbats\">2*(600-800L)<\/span><\/td>\n<td><span style=\"font-size:16px;font-family:Calibri,zapf dingbats\">D=40mm<\/span><\/td>\n<td><span style=\"font-size:16px;font-family:Calibri,zapf dingbats\">890*460*950<\/span><\/td>\n<\/tr>\n<tr>\n<td><span style=\"font-size:16px;font-family:Calibri,zapf dingbats\">HYH-3SR-B<\/span><\/td>\n<td><span style=\"font-size:16px;font-family:Calibri,zapf dingbats\">2*3245W<\/span><\/td>\n<td><span style=\"font-size:16px;font-family:Calibri,zapf dingbats\">2*1500W<\/span><\/td>\n<td><span style=\"font-size:16px;font-family:Calibri,zapf dingbats\">2*(800-1300L)<\/span><\/td>\n<td><span style=\"font-size:16px;font-family:Calibri,zapf dingbats\">D=40mm<\/span><\/td>\n<td><span style=\"font-size:16px;font-family:Calibri,zapf dingbats\">890*460*1000<\/span><\/td>\n<\/tr>\n<tr>\n<td><span style=\"font-size:16px;font-family:Calibri,zapf dingbats\">HYH-0.125D-C<\/span><\/td>\n<td><span style=\"font-size:16px;font-family:Calibri,zapf dingbats\">250W<\/span><\/td>\n<td><span style=\"font-size:16px;font-family:Calibri,zapf dingbats\">&#8211;<\/span><\/td>\n<td><span style=\"font-size:16px;font-family:Calibri,zapf dingbats\">260L<\/span><\/td>\n<td><span style=\"font-size:16px;font-family:Calibri,zapf dingbats\">D=16-20mm<\/span><\/td>\n<td><span style=\"font-size:16px;font-family:Calibri,zapf dingbats\">333*397*451<\/span><\/td>\n<\/tr>\n<tr>\n<td><span style=\"font-size:16px;font-family:Calibri,zapf dingbats\">HYH-0.25D-C<\/span><\/td>\n<td><span style=\"font-size:16px;font-family:Calibri,zapf dingbats\">450W<\/span><\/td>\n<td><span style=\"font-size:16px;font-family:Calibri,zapf dingbats\">&#8211;<\/span><\/td>\n<td><span style=\"font-size:16px;font-family:Calibri,zapf dingbats\">420L<\/span><\/td>\n<td><span style=\"font-size:16px;font-family:Calibri,zapf dingbats\">D=16-20mm<\/span><\/td>\n<td><span style=\"font-size:16px;font-family:Calibri,zapf dingbats\">333*397*451<\/span><\/td>\n<\/tr>\n<tr>\n<td><span style=\"font-size:16px;font-family:Calibri,zapf dingbats\">HYH-0.5D-C<\/span><\/td>\n<td><span style=\"font-size:16px;font-family:Calibri,zapf dingbats\">650W<\/span><\/td>\n<td><span style=\"font-size:16px;font-family:Calibri,zapf dingbats\">&#8211;<\/span><\/td>\n<td><span style=\"font-size:16px;font-family:Calibri,zapf dingbats\">580L<\/span><\/td>\n<td><span style=\"font-size:16px;font-family:Calibri,zapf dingbats\">D=16-20mm<\/span><\/td>\n<td><span style=\"font-size:16px;font-family:Calibri,zapf dingbats\">333*397*451<\/span><\/td>\n<\/tr>\n<tr>\n<td><span style=\"font-size:16px;font-family:Calibri,zapf dingbats\">HYH-0.125D-D<\/span><\/td>\n<td><span style=\"font-size:16px;font-family:Calibri,zapf dingbats\">250W<\/span><\/td>\n<td><span style=\"font-size:16px;font-family:Calibri,zapf dingbats\">&#8211;<\/span><\/td>\n<td><span style=\"font-size:16px;font-family:Calibri,zapf dingbats\">260L<\/span><\/td>\n<td><span style=\"font-size:16px;font-family:Calibri,zapf dingbats\">D=16-20mm<\/span><\/td>\n<td><span style=\"font-size:16px;font-family:Calibri,zapf dingbats\">302*375*490<\/span><\/td>\n<\/tr>\n<tr>\n<td><span style=\"font-size:16px;font-family:Calibri,zapf dingbats\">HYH-0.25D-D<\/span><\/td>\n<td><span style=\"font-size:16px;font-family:Calibri,zapf dingbats\">450W<\/span><\/td>\n<td><span style=\"font-size:16px;font-family:Calibri,zapf dingbats\">&#8211;<\/span><\/td>\n<td><span style=\"font-size:16px;font-family:Calibri,zapf dingbats\">420L<\/span><\/td>\n<td><span style=\"font-size:16px;font-family:Calibri,zapf dingbats\">D=16-20mm<\/span><\/td>\n<td><span style=\"font-size:16px;font-family:Calibri,zapf dingbats\">302*375*490<\/span><\/td>\n<\/tr>\n<tr>\n<td><span style=\"font-size:16px;font-family:Calibri,zapf dingbats\">HYH-0.5D-D<\/span><\/td>\n<td><span style=\"font-size:16px;font-family:Calibri,zapf dingbats\">650W<\/span><\/td>\n<td><span style=\"font-size:16px;font-family:Calibri,zapf dingbats\">&#8211;<\/span><\/td>\n<td><span style=\"font-size:16px;font-family:Calibri,zapf dingbats\">580L<\/span><\/td>\n<td><span style=\"font-size:16px;font-family:Calibri,zapf dingbats\">D=16-20mm<\/span><\/td>\n<td><span style=\"font-size:16px;font-family:Calibri,zapf dingbats\">302*375*490<\/span><\/td>\n<\/tr>\n<\/tbody>\n<\/table>\n<p><span style=\"font-size:16px;font-family:Calibri,zapf dingbats\"> <\/span><\/p>\n<p><span style=\"font-size:18px;font-family:Calibri,zapf dingbats\"><strong><strong>HYH Wasserk\u00fchler<\/strong> FUNKTIONEN:<\/strong><\/span><\/p>\n<p><span style=\"font-size:16px;font-family:Calibri,zapf dingbats\">1. Kunststoffschalen, elegantes Aussehen.<\/span><\/p>\n<p><span style=\"font-size:16px;font-family:Calibri,zapf dingbats\">2. Importierter Panasonic-Kompressor aus Japan.<\/span><\/p>\n<p><span style=\"font-size:16px;font-family:Calibri,zapf dingbats\">3. Super leise.<\/span><\/p>\n<p><span style=\"font-size:16px;font-family:Calibri,zapf dingbats\">4. Sowohl f\u00fcr S\u00fc\u00dfwasser als auch f\u00fcr Meerwasser.<\/span><\/p>\n<div id=\"ali-anchor-AliPostDhMb-gry98\" style=\"padding-top:8px\" data-section-title=\"Mehr wissen\" data-section=\"AliPostDhMb-gry98\"> <\/div>\n","protected":false},"excerpt":{"rendered":"<p>Hochwertige 250-W-Wasserk\u00fchler zum Verkauf HYH-0.125D-D<\/p>\n","protected":false},"featured_media":5304,"comment_status":"open","ping_status":"closed","template":"","meta":[],"product_brand":[],"product_cat":[1326],"product_tag":[],"class_list":{"0":"post-37518","1":"product","2":"type-product","3":"status-publish","4":"has-post-thumbnail","6":"product_cat-aquariumheizung-temperaturregler","8":"first","9":"instock","10":"shipping-taxable","11":"purchasable","12":"product-type-simple"},"_links":{"self":[{"href":"https:\/\/www.myaquastore.com\/de\/wp-json\/wp\/v2\/product\/37518","targetHints":{"allow":["GET"]}}],"collection":[{"href":"https:\/\/www.myaquastore.com\/de\/wp-json\/wp\/v2\/product"}],"about":[{"href":"https:\/\/www.myaquastore.com\/de\/wp-json\/wp\/v2\/types\/product"}],"replies":[{"embeddable":true,"href":"https:\/\/www.myaquastore.com\/de\/wp-json\/wp\/v2\/comments?post=37518"}],"wp:featuredmedia":[{"embeddable":true,"href":"https:\/\/www.myaquastore.com\/de\/wp-json\/wp\/v2\/media\/5304"}],"wp:attachment":[{"href":"https:\/\/www.myaquastore.com\/de\/wp-json\/wp\/v2\/media?parent=37518"}],"wp:term":[{"taxonomy":"product_brand","embeddable":true,"href":"https:\/\/www.myaquastore.com\/de\/wp-json\/wp\/v2\/product_brand?post=37518"},{"taxonomy":"product_cat","embeddable":true,"href":"https:\/\/www.myaquastore.com\/de\/wp-json\/wp\/v2\/product_cat?post=37518"},{"taxonomy":"product_tag","embeddable":true,"href":"https:\/\/www.myaquastore.com\/de\/wp-json\/wp\/v2\/product_tag?post=37518"}],"curies":[{"name":"wp","href":"https:\/\/api.w.org\/{rel}","templated":true}]}}