{"id":37520,"date":"2016-09-25T23:28:25","date_gmt":"2016-09-25T23:28:25","guid":{"rendered":"https:\/\/www.myaquastore.com\/product\/75-kw-15-kw-1005-ps-2011-ps-industrielle-elektrische-roots-geblase-l20-420-120-lb\/"},"modified":"2025-03-16T08:47:51","modified_gmt":"2025-03-16T08:47:51","slug":"75-kw-15-kw-1005-ps-2011-ps-industrielle-elektrische-roots-geblase-l20-420-120-lb","status":"publish","type":"product","link":"https:\/\/www.myaquastore.com\/de\/produkt\/75-kw-15-kw-1005-ps-2011-ps-industrielle-elektrische-roots-geblase-l20-420-120-lb\/","title":{"rendered":"7,5 kW ~ 15 kW 10,05 PS ~ 20,11 PS industrielle elektrische Roots-Gebl\u00e4se L20-420\/120-LB"},"content":{"rendered":"<div style=\"clear:both\"><\/div>\n<div style=\"font-size:13px;font-family:Arial, Helvetica, sans-serif;color:#000000;width:726px\">\n<div>\n<p><strong><span style=\"font-size:24px;color:#ff0000\"><span style=\"font-size:24px;color:#ff0000\"><span style=\"color:#000000\">7,5 kW ~ 15 kW 10,05 PS ~ 20,11 PS Industrielle elektrische Roots-Gebl\u00e4se L20-420\/120-LB <\/span><\/span><\/span><\/strong><\/p>\n<p data-section-blank=\"AliPostDhMb-beas3\">\n<\/div>\n<\/div>\n<div id=\"ali-anchor-AliPostDhMb-beas3\" style=\"padding-top:8px\" data-section-title=\"Produktbeschreibung\" data-section=\"AliPostDhMb-beas3\">\n<div id=\"ali-title-AliPostDhMb-beas3\" style=\"border-bottom:#ddd 1px solid;padding-bottom:8px;padding-top:8px;padding-left:0px;padding-right:0px\"><span style=\"font-weight:bold;color:#333;padding-bottom:8px;padding-top:8px;padding-left:10px;line-height:12px;padding-right:10px;background-color:#ddd\">Produktbeschreibung<\/span><\/div>\n<div style=\"padding-bottom:10px;padding-top:10px;padding-left:0px;padding-right:0px\">\n<div style=\"height:42px;width:750px\">\n<div style=\"height:42px;float:left;width:25px;background-color:#00ccff\"> <\/div>\n<div style=\"height:30px;float:right;color:#ffffff;padding-bottom:5px;padding-top:5px;padding-left:0px;padding-right:0px;width:720px;background-color:#0099ff\">\n<div style=\"font-size:24px;border-top:#ffffff 1px solid;height:30px;font-family:Arial;border-bottom:#ffffff 1px solid;font-weight:bold;font-style:italic;padding-left:10px;line-height:30px;width:720px\">Product Display<\/div>\n<\/div>\n<\/div>\n<\/div>\n<\/div>\n<p data-section-blank=\"AliPostDhMb-beas3\">\n<p><span style=\"font-size:24px;color:#000000\">1.Roots-Gebl\u00e4sefunktion<\/span><\/p>\n<\/p>\n<p><span style=\"font-size:18px\"><span style=\"font-size:14px\">1)Der speziell entwickelte Fl\u00fcgel funktioniert reibungslos<\/span><\/span><\/p>\n<\/p>\n<p><span style=\"font-size:14px\">2)Hoher Druck, gro\u00dfer Durchfluss<\/span><\/p>\n<\/p>\n<p><span style=\"font-size:14px\">3)Design mit \u00f6lfreier Schmierung, sauberer Luftausgang<\/span><\/p>\n<\/p>\n<p><span style=\"font-size:14px\">4)Ger\u00e4uschfrei durch hohe Pr\u00e4zision der Zahnr\u00e4der und spezielles Design der Gleitf\u00fchrung Ausr\u00fcstungen<\/span><\/p>\n<\/p>\n<p><span style=\"font-size:14px\">5)Kompakte Struktur ist einfach zu reparieren und sicher zu verwenden<\/span><\/p>\n<\/p>\n<p><span style=\"font-size:24px;color:#000000\">2. Funktionsprinzip des Roots-Gebl\u00e4ses<\/span><\/p>\n<p> <span style=\"font-size:14px\"> Roots-Gebl\u00e4se ist Eine Reihe von volumetrischen Gebl\u00e4sen, deren Luftkapazit\u00e4t und Drehzahl ein Verh\u00e4ltnis bilden. Jede Umdrehung des Dreifl\u00fcgelgebl\u00e4ses erfordert das dreifache Ansaugen und Aussto\u00dfen der Luft von zwei Fl\u00fcgeln. Im Vergleich zu Zweifl\u00fcgelgebl\u00e4sen zeichnen sich Dreifl\u00fcgel-Wurzelgebl\u00e4se durch geringe Luftpulsations\u00e4nderungen, geringe Belastungs\u00e4nderungen, hohe mechanische Intensit\u00e4t, geringe Ger\u00e4uschentwicklung und geringe Freisetzung aus.<\/span><\/p>\n<\/p>\n<p><span style=\"font-size:14px\"> Es verf\u00fcgt \u00fcber zwei Fl\u00fcgel auf den beiden parallelen Lagern. Zwischen den Lappen, dem elliptischen Geh\u00e4use und jedem Lappen gibt es kleine Zwischenr\u00e4ume. Durch die Drehung der Lappen mit gleichm\u00e4\u00dfiger Geschwindigkeit in entgegengesetzte Richtungen wird eine bestimmte Luftmenge vom Geh\u00e4use umgekreist und von der Saugseite zur Auslassseite transportiert.<\/span><\/p>\n<p><span style=\"font-size:14px\"><img decoding=\"async\" alt=\"7,5 kW ~ 15 kW 10,05 PS ~ 20,11 PS Industrielle elektrische Roots-Gebl\u00e4se L20-420\/120-LB\" src=\"http:\/\/localhost\/media\/import\/detail\/HTB1LZaQGVXXXXX6XXXXq6xXFXXXa.jpg\"><img decoding=\"async\" alt=\"7.5KW~15KW 10.05HP~20.11HP Industrielle elektrische Roots-Gebl\u00e4se L20-420\/120-LB\" src=\"http:\/\/localhost\/media\/import\/detail\/HTB1O2mBGVXXXXchXVXXq6xXFXXXW.jpg\"><img decoding=\"async\" alt=\"7.5KW~15KW 10.05HP~20.11HP Industrielle elektrische Roots-Gebl\u00e4se L20-420\/120-LB\" src=\"http:\/\/localhost\/media\/import\/detail\/HTB1NoOKGVXXXXbrXpXXq6xXFXXX2.jpg\"><img decoding=\"async\" alt=\"7.5KW~15KW 10.05HP~20.11HP Industrielle elektrische Roots-Gebl\u00e4se L20-420\/120-LB\" src=\"http:\/\/localhost\/media\/import\/detail\/HTB1jS1JGVXXXXccXpXXq6xXFXXXg.jpg\"><img decoding=\"async\" alt=\"7.5KW~15KW 10.05HP~20.11HP Industrielle elektrische Roots-Gebl\u00e4se L20-420\/120-LB\" src=\"http:\/\/localhost\/media\/import\/detail\/HTB1WVqPGVXXXXaUXXXXq6xXFXXXa.jpg\"> <span style=\"font-size:14px\"><img decoding=\"async\" alt=\"L11-_06.jpg\" src=\"http:\/\/localhost\/media\/import\/detail\/HTB1HWmNGVXXXXclXXXXq6xXFXXXy.jpg\"><\/span> <\/span><\/p>\n<table class=\"aliDataTable\" style=\"height:253px;width:732px\" border=\"1\">\n<tbody>\n<tr>\n<td style=\"text-align:center\"><span style=\"font-size:14px\"><strong>Modell<\/strong><\/span><\/td>\n<td style=\"text-align:center\"><span style=\"font-size:14px\"><strong>Spannung<\/strong><\/span><\/td>\n<td style=\"text-align:center\"><span style=\"font-size:14px\"><strong>Leistung<\/strong><\/span><\/td>\n<td style=\"text-align:center\"><span style=\"font-size:14px\"><strong>Vakuum<\/strong><\/span><\/td>\n<td style=\"text-align:center\"><span style=\"font-size:14px\"><strong>Druck<\/strong><\/span><\/td>\n<td style=\"text-align:center\"><span style=\"font-size:14px\"><strong>Gewicht<\/strong><\/span><\/td>\n<td style=\"text-align:center\"><span style=\"font-size:14px\"><strong>L*B*H(mm)<\/strong><\/span><\/td>\n<\/tr>\n<tr>\n<td>L6.9-86\/49-LB<\/td>\n<td>220V\/380V\/50Hz<\/td>\n<td>370w~1500w<\/td>\n<td>0~10kPa<\/td>\n<td>stehend 2<\/td>\n<td>11kg<\/td>\n<td>230*194*243<\/td>\n<\/tr>\n<tr>\n<td>L9.5-120\/49-LB<\/td>\n<td>220V\/380V\/50Hz<\/td>\n<td>1100w~3000w<\/td>\n<td>0~25kPa<\/td>\n<td>stehend 2\/3<\/td>\n<td>25kg<\/td>\n<td>318*352*346<\/td>\n<\/tr>\n<tr>\n<td>L11-140\/49-LB<\/td>\n<td>380v\/50Hz<\/td>\n<td>2200w~4000w<\/td>\n<td>0~40kPa<\/td>\n<td>stehend 2\/3<\/td>\n<td>26kg<\/td>\n<td>375*391*370<\/td>\n<\/tr>\n<tr>\n<td>L13.5-230\/49-LB-B<\/td>\n<td>380v\/50Hz<\/td>\n<td>4000w~5500w<\/td>\n<td>0~50kPa<\/td>\n<td>stehend 2\/3<\/td>\n<td>70kg<\/td>\n<td>437*503*684<\/td>\n<\/tr>\n<tr>\n<td>L13.5-230\/49-LB-B<\/td>\n<td>380v\/50Hz<\/td>\n<td>3000w~4000w<\/td>\n<td>0~50kPa<\/td>\n<td>stehend 2\/3<\/td>\n<td>30kg<\/td>\n<td>418*352*346<\/td>\n<\/tr>\n<tr>\n<td>LR-65<\/td>\n<td>380v\/50Hz<\/td>\n<td>3000w~5500w<\/td>\n<td>0~50kPa<\/td>\n<td>stehend 2\/3<\/td>\n<td>47kg<\/td>\n<td>437*503*684<\/td>\n<\/tr>\n<tr>\n<td>LR-65-WB<\/td>\n<td>380v\/50Hz<\/td>\n<td>3000w~4000w<\/td>\n<td>0~50kPa<\/td>\n<td>liegend 2\/3<\/td>\n<td>35kg<\/td>\n<td><span style=\"background-color:#ffffff\">362*234*217<\/span><\/td>\n<\/tr>\n<tr>\n<td>L15-310\/100-LB<\/td>\n<td>380v\/50Hz<\/td>\n<td>5500w~7500w<\/td>\n<td>0~60kPa<\/td>\n<td>liegend 2\/3<\/td>\n<td>115kg<\/td>\n<td><span style=\"background-color:#ffffff\">480*549*853<\/span><\/td>\n<\/tr>\n<tr>\n<td>L15-310\/100-WB<\/td>\n<td>380v\/50Hz<\/td>\n<td>5500w~7500w<\/td>\n<td>0~60kPa<\/td>\n<td>liegend 2\/3<\/td>\n<td>105kg<\/td>\n<td><span style=\"background-color:#ffffff\">468*465*920<\/span><\/td>\n<\/tr>\n<tr>\n<td>L18-310\/100-WB<\/td>\n<td>380v\/50Hz<\/td>\n<td>5500w~7500w<\/td>\n<td>0~60kPa<\/td>\n<td>liegend 2\/3<\/td>\n<td>110kg<\/td>\n<td><span style=\"background-color:#ffffff\">554*595*1045<\/span><\/td>\n<\/tr>\n<tr>\n<td>L20-420\/120-WB<\/td>\n<td>380v\/50Hz<\/td>\n<td>7500w~15000w<\/td>\n<td>0~70kPa<\/td>\n<td>liegend 2\/3<\/td>\n<td>220kg<\/td>\n<td><span style=\"background-color:#ffffff\">638*670*935<\/span><\/td>\n<\/tr>\n<tr>\n<td>L20-420\/120-LB<\/td>\n<td>380v\/50Hz<\/td>\n<td>7500w~15000w<\/td>\n<td>0~70kPa<\/td>\n<td>stehend 2\/3<\/td>\n<td>205kg<\/td>\n<td>437*503*217<\/td>\n<\/tr>\n<\/tbody>\n<\/table>\n<p><span style=\"font-size:14px\"><img decoding=\"async\" alt=\"7.5KW~15KW 10.05HP~20.11HP Industrielle elektrische Roots-Gebl\u00e4se L20-420\/120-LB\" src=\"http:\/\/localhost\/media\/import\/detail\/HTB1c6eHGVXXXXcMXpXXq6xXFXXX4.jpg\"><img decoding=\"async\" alt=\"7.5KW~15KW 10.05HP~20.11HP Industrielle elektrische Roots-Gebl\u00e4se L20-420\/120-LB\" src=\"http:\/\/localhost\/media\/import\/detail\/HTB1NRGMGVXXXXXaXpXXq6xXFXXX2.jpg\"><\/span><\/p>\n<\/p>\n<div style=\"clear:both\"><\/div>\n","protected":false},"excerpt":{"rendered":"<p>7,5 kW ~ 15 kW 10,05 PS ~ 20,11 PS industrielle elektrische Roots-Gebl\u00e4se L20-420\/120-LB<\/p>\n","protected":false},"featured_media":5308,"comment_status":"open","ping_status":"closed","template":"","meta":[],"product_brand":[],"product_cat":[1379],"product_tag":[],"class_list":{"0":"post-37520","1":"product","2":"type-product","3":"status-publish","4":"has-post-thumbnail","6":"product_cat-luftpumpen-lieferungen","8":"first","9":"instock","10":"shipping-taxable","11":"purchasable","12":"product-type-simple"},"_links":{"self":[{"href":"https:\/\/www.myaquastore.com\/de\/wp-json\/wp\/v2\/product\/37520","targetHints":{"allow":["GET"]}}],"collection":[{"href":"https:\/\/www.myaquastore.com\/de\/wp-json\/wp\/v2\/product"}],"about":[{"href":"https:\/\/www.myaquastore.com\/de\/wp-json\/wp\/v2\/types\/product"}],"replies":[{"embeddable":true,"href":"https:\/\/www.myaquastore.com\/de\/wp-json\/wp\/v2\/comments?post=37520"}],"wp:featuredmedia":[{"embeddable":true,"href":"https:\/\/www.myaquastore.com\/de\/wp-json\/wp\/v2\/media\/5308"}],"wp:attachment":[{"href":"https:\/\/www.myaquastore.com\/de\/wp-json\/wp\/v2\/media?parent=37520"}],"wp:term":[{"taxonomy":"product_brand","embeddable":true,"href":"https:\/\/www.myaquastore.com\/de\/wp-json\/wp\/v2\/product_brand?post=37520"},{"taxonomy":"product_cat","embeddable":true,"href":"https:\/\/www.myaquastore.com\/de\/wp-json\/wp\/v2\/product_cat?post=37520"},{"taxonomy":"product_tag","embeddable":true,"href":"https:\/\/www.myaquastore.com\/de\/wp-json\/wp\/v2\/product_tag?post=37520"}],"curies":[{"name":"wp","href":"https:\/\/api.w.org\/{rel}","templated":true}]}}