{"id":38148,"date":"2016-09-25T23:28:27","date_gmt":"2016-09-25T23:28:27","guid":{"rendered":"https:\/\/www.myaquastore.com\/product\/14000-l-h-420-w-grose-tauch-tiefbrunnenwasserpumpe-hqs-9000\/"},"modified":"2025-03-16T08:54:05","modified_gmt":"2025-03-16T08:54:05","slug":"14000-l-h-420-w-grose-tauch-tiefbrunnenwasserpumpe-hqs-9000","status":"publish","type":"product","link":"https:\/\/www.myaquastore.com\/de\/produkt\/14000-l-h-420-w-grose-tauch-tiefbrunnenwasserpumpe-hqs-9000\/","title":{"rendered":"14000 l\/h 420 W gro\u00dfe Tauch-Tiefbrunnenwasserpumpe HQS-9000"},"content":{"rendered":"<div style=\"clear:both\"><\/div>\n<p><span style=\"font-size:24px\"><strong> <span style=\"color:#ff00ff\">14000L\/h 420W Tiefbrunnen-Tauchpumpe mit gro\u00dfer Leistung HQS-9000 <\/span><\/strong><\/span><\/p>\n<p><span style=\"font-size:16px;color:#ff00ff\"> <\/span><\/p>\n<div id=\"ali-anchor-AliPostDhMb-edl1h\" style=\"padding-top:8px\" data-section-title=\"Produktbeschreibung\" data-section=\"AliPostDhMb-edl1h\">\n<div id=\"ali-title-AliPostDhMb-edl1h\" style=\"border-bottom:#ddd 1px solid;padding-bottom:8px;padding-top:8px;padding-left:0px;padding-right:0px\"><span style=\"font-weight:bold;color:#333;padding-bottom:8px;padding-top:8px;padding-left:10px;line-height:12px;padding-right:10px;background-color:#ddd\">Produktbeschreibung<\/span><\/div>\n<div style=\"padding-bottom:10px;padding-top:10px;padding-left:0px;padding-right:0px\">\n<\/div>\n<\/div>\n<p style=\"font-size:14px\"><span style=\"font-size:14px\"><strong>Spezifikationen:<\/strong><\/span><\/p>\n<p style=\"font-size:14px\"><span style=\"font-size:14px\"><strong>1.Verwendung von hochfestem technischem Kunststoffmaterial, leichter Qualit\u00e4t.<\/strong><\/span><\/p>\n<p style=\"font-size:14px\"><span style=\"font-size:14px\"><strong>2.Verwendung einer mechanischen Dichtung aus doppelt verkieseltem Silikon, absolut auslaufsicher.<\/strong><\/span><\/p>\n<p style=\"font-size:14px\"><span style=\"font-size:14px\"><strong>3.Stellen Sie die Wasserableitung f\u00fcr den landwirtschaftlichen Garten, die Abwasserableitung f\u00fcr den Bauernhof und das Meerwasseraufbereitungssystem ein style=&#8220;font-size:14px;&#8220;&gt;<strong>4.Kugelschwimmerschalter mit automatischer \u00d6ffnung und Stopp, kompakte Struktur, das \u00e4u\u00dfere Erscheinungsbild ist exquisit.<\/strong><\/span><\/p>\n<p style=\"font-size:14px\">\n<p style=\"font-size:14px\"><strong><span style=\"color:#333300;background-color:#ffff00\"> Parameter f\u00fcr Tauchpumpen mit gro\u00dfer Leistung <\/span><\/strong><\/p>\n<table class=\"aliDataTable\" style=\"height:166px;width:90,52%\" border=\"5\">\n<tbody>\n<tr>\n<td><span style=\"font-size:14px\">Modell <\/span><\/td>\n<td><span style=\"font-size:14px\">Spannung<\/span><\/td>\n<td><span style=\"font-size:14px\">Frequenz<\/span><\/td>\n<td><span style=\"font-size:14px\">Leistung<\/span><\/td>\n<td><span style=\"font-size:14px\">H-max <\/span><\/td>\n<td><span style=\"font-size:14px\">Ausgabe<\/span><\/td>\n<td><span style=\"font-size:14px\">Gewicht<\/span><\/td>\n<td><span style=\"font-size:14px\"> Abmessungen<\/span><\/td>\n<\/tr>\n<tr>\n<td style=\"text-align:center\"><span style=\"font-size:14px\">HQS-5000<\/span><\/td>\n<td><span style=\"font-size:14px\">220V<\/span><\/td>\n<td><span style=\"font-size:14px\">50Hz<\/span><\/td>\n<td><span style=\"font-size:14px\">250W<\/span><\/td>\n<td><span style=\"font-size:14px\">6m<\/span><\/td>\n<td><span style=\"font-size:14px\">6000L\/h<\/span><\/td>\n<td><span style=\"font-size:14px\">3,6kg<\/span><\/td>\n<td><span style=\"font-size:14px\">200*200*350mm<\/span><\/td>\n<\/tr>\n<tr>\n<td style=\"text-align:center\"><span style=\"font-size:14px\">HQS-6000\/I<\/span><\/td>\n<td><span style=\"font-size:14px\">220V<\/span><\/td>\n<td><span style=\"font-size:14px\">50Hz<\/span><\/td>\n<td><span style=\"font-size:14px\">300W<\/span><\/td>\n<td><span style=\"font-size:14px\">8m<\/span><\/td>\n<td><span style=\"font-size:14px\">8000l\/h<\/span><\/td>\n<td><span style=\"font-size:14px\">5,5 kg<\/span><\/td>\n<td><span style=\"font-size:14px\">200*200*350mm<\/span><\/td>\n<\/tr>\n<tr>\n<td style=\"text-align:center\"><span style=\"font-size:14px\">HQS-7000\/I<\/span><\/td>\n<td><span style=\"font-size:14px\">220V<\/span><\/td>\n<td><span style=\"font-size:14px\">50Hz<\/span><\/td>\n<td><span style=\"font-size:14px\">320W<\/span><\/td>\n<td><span style=\"font-size:14px\">10m<\/span><\/td>\n<td><span style=\"font-size:14px\">10000L\/h<\/span><\/td>\n<td><span style=\"font-size:14px\">6,2kg<\/span><\/td>\n<td><span style=\"font-size:14px\">200*200*350mm<\/span><\/td>\n<\/tr>\n<tr>\n<td style=\"text-align:center\"><span style=\"font-size:14px\">HQS-8000\/I<\/span><\/td>\n<td><span style=\"font-size:14px\">220V<\/span><\/td>\n<td><span style=\"font-size:14px\">50Hz<\/span><\/td>\n<td><span style=\"font-size:14px\">350W<\/span><\/td>\n<td><span style=\"font-size:14px\">11m<\/span><\/td>\n<td><span style=\"font-size:14px\">13000L\/h<\/span><\/td>\n<td><span style=\"font-size:14px\">5,7kg<\/span><\/td>\n<td><span style=\"font-size:14px\">250*250*350mm<\/span><\/td>\n<\/tr>\n<tr>\n<td style=\"text-align:center\"><span style=\"font-size:14px\">HQS-9000<\/span><\/td>\n<td><span style=\"font-size:14px\">220V<\/span><\/td>\n<td><span style=\"font-size:14px\">6,0kg<\/span><\/td>\n<td><span style=\"font-size:14px\">250*250*350mm<\/span><\/td>\n<\/tr>\n<tr>\n<td style=\"text-align:center\"><span style=\"font-size:14px\">HQS-10000<\/span><\/td>\n<td><span style=\"font-size:14px\">220V<\/span><\/td>\n<td><span style=\"font-size:14px\">50Hz<\/span><\/td>\n<td><span style=\"font-size:14px\">420W<\/span><\/td>\n<td><span style=\"font-size:14px\">13m<\/span><\/td>\n<td><span style=\"font-size:14px\">15000L\/h<\/span><\/td>\n<td><span style=\"font-size:14px\">6,5kg<\/span><\/td>\n<td><span style=\"font-size:14px\">250*250*350mm<\/span><\/td>\n<\/tr>\n<\/tbody>\n<\/table>\n<table class=\"aliDataTable\" style=\"height:166px;width:90,42%\" border=\"5\">\n<tbody>\n<tr>\n<td><span style=\"font-size:14px\">Modell <\/span><\/td>\n<td><span style=\"font-size:14px\"> Spannung<\/span><\/td>\n<td><span style=\"font-size:14px\">Frequenz<\/span><\/td>\n<td><span style=\"font-size:14px\">Leistung<\/span><\/td>\n<td><span style=\"font-size:14px\">H-max <\/span><\/td>\n<td><span style=\"font-size:14px\">Ausgabe<\/span><\/td>\n<td><span style=\"font-size:14px\">Gewicht<\/span><\/td>\n<td><span style=\"font-size:14px\"> Abmessungen<\/span><\/td>\n<\/tr>\n<tr>\n<td style=\"text-align:center\"><span style=\"font-size:14px\">HQB-2000<\/span><\/td>\n<td><span style=\"font-size:14px\">110V\/220V\/240V<\/span><\/td>\n<td><span style=\"font-size:14px\">50Hz\/60Hz<\/span><\/td>\n<td><span style=\"font-size:14px\">24W<\/span><\/td>\n<td><span style=\"font-size:14px\">1,8 m<\/span><\/td>\n<td><span style=\"font-size:14px\">1400L\/h<\/span><\/td>\n<td><span style=\"font-size:14px\">0,8 kg<\/span><\/td>\n<td><span style=\"font-size:14px\">138*65*145mm<\/span><\/td>\n<\/tr>\n<tr>\n<td style=\"text-align:center\"><span style=\"font-size:14px\">HQB-2200<\/span><\/td>\n<td><span style=\"font-size:14px\">110V\/220V\/240V<\/span><\/td>\n<td><span style=\"font-size:14px\">50Hz\/60Hz<\/span><\/td>\n<td><span style=\"font-size:14px\">40W<\/span><\/td>\n<td><span style=\"font-size:14px\">2,3m<\/span><\/td>\n<td><span style=\"font-size:14px\">1900L\/h<\/span><\/td>\n<td><span style=\"font-size:14px\">1,2 kg<\/span><\/td>\n<td><span style=\"font-size:14px\">135*105*115mm<\/span><\/td>\n<\/tr>\n<tr>\n<td style=\"text-align:center\"><span style=\"font-size:14px\">HQB-2500<\/span><\/td>\n<td><span style=\"font-size:14px\">110V\/220V\/240V<\/span><\/td>\n<td><span style=\"font-size:14px\">50Hz\/60Hz<\/span><\/td>\n<td><span style=\"font-size:14px\">55W<\/span><\/td>\n<td><span style=\"font-size:14px\">2,5m<\/span><\/td>\n<td><span style=\"font-size:14px\">2000L\/h<\/span><\/td>\n<td><span style=\"font-size:14px\">1,2kg<\/span><\/td>\n<td><span style=\"font-size:14px\">153*105*135mm<\/span><\/td>\n<\/tr>\n<tr>\n<td style=\"text-align:center\"><span style=\"font-size:14px\">HQB-3000<\/span><\/td>\n<td><span style=\"font-size:14px\">110V\/220V\/240V<\/span><\/td>\n<td><span style=\"font-size:14px\">50Hz\/60Hz<\/span><\/td>\n<td><span style=\"font-size:14px\">60W<\/span><\/td>\n<td><span style=\"font-size:14px\">3,0 m<\/span><\/td>\n<td><span style=\"font-size:14px\">2500L\/h<\/span><\/td>\n<td><span style=\"font-size:14px\">1,6 kg<\/span><\/td>\n<td><span style=\"font-size:14px\">153*105*135mm<\/span><\/td>\n<\/tr>\n<tr>\n<td style=\"text-align:center\"><span style=\"font-size:14px\">HQB-3500<\/span><\/td>\n<td><span style=\"font-size:14px\">110V\/220V\/240V<\/span><\/td>\n<td><span style=\"font-size:14px\">50Hz\/60Hz<\/span><\/td>\n<td><span style=\"font-size:14px\">85W<\/span><\/td>\n<td><span style=\"font-size:14px\">3,5 m<\/span><\/td>\n<td><span style=\"font-size:14px\">3000L\/h<\/span><\/td>\n<td><span style=\"font-size:14px\">1,25 kg<\/span><\/td>\n<td><span style=\"font-size:14px\">153*105*135mm<\/span><\/td>\n<\/tr>\n<tr>\n<td style=\"text-align:center\"><span style=\"font-size:14px\">HQB-4500<\/span><\/td>\n<td><span style=\"font-size:14px\">110V\/220V\/240V<\/span><\/td>\n<td><span style=\"font-size:14px\">50Hz\/60Hz<\/span><\/td>\n<td><span style=\"font-size:14px\">100W<\/span><\/td>\n<td><span style=\"font-size:14px\">4,5 m<\/span><\/td>\n<td><span style=\"font-size:14px\">4500L\/h<\/span><\/td>\n<td><span style=\"font-size:14px\">2,7 kg<\/span><\/td>\n<td><span style=\"font-size:14px\">175*112*133mm<\/span><\/td>\n<\/tr>\n<tr>\n<td style=\"text-align:center\"><span style=\"font-size:14px\">HQB-5000<\/span><\/td>\n<td><span style=\"font-size:14px\">110V\/220V\/240V<\/span><\/td>\n<td><span style=\"font-size:14px\">50Hz\/60Hz<\/span><\/td>\n<td><span style=\"font-size:14px\">150W<\/span><\/td>\n<td><span style=\"font-size:14px\">5,0 m<\/span><\/td>\n<td><span style=\"font-size:14px\">5500L\/h<\/span><\/td>\n<td><span style=\"font-size:14px\">2,8 kg<\/span><\/td>\n<td><span style=\"font-size:14px\">175*112*133mm<\/span><\/td>\n<\/tr>\n<tr>\n<td style=\"text-align:center\"><span style=\"font-size:14px\">HQB-5500<\/span><\/td>\n<td><span style=\"font-size:14px\">110V\/220V\/240V<\/span><\/td>\n<td><span style=\"font-size:14px\">50Hz\/60Hz<\/span><\/td>\n<td><span style=\"font-size:14px\">200W<\/span><\/td>\n<td><span style=\"font-size:14px\">5,5 m<\/span><\/td>\n<td><span style=\"font-size:14px\">6800L\/h<\/span><\/td>\n<td><span style=\"font-size:14px\">4,0 kg<\/span><\/td>\n<td><span style=\"font-size:14px\">200*140*160mm<\/span><\/td>\n<\/tr>\n<\/tbody>\n<\/table>\n<p><span style=\"color:#333300;background-color:#ffff00\"><strong><span style=\"font-size:14px\">Multifunktions-Tauchwasserpumpen-Serie zeigen <\/span><\/strong><\/span><\/p>\n<p><span style=\"font-size:14px;color:#ff6600\"><strong>Legen Sie die Wasserableitung f\u00fcr landwirtschaftliche G\u00e4rten, die Abwasserableitung f\u00fcr landwirtschaftliche Betriebe und das Meerwasser <\/strong><\/span><\/p>\n<p><span style=\"font-size:14px;color:#ff6600\"><strong>Verarbeitung <\/strong><\/span><span style=\"font-size:14px;color:#ff6600\"><strong>System fest Entw\u00e4sserung.<\/strong><\/span><\/p>\n<p><img decoding=\"async\" alt=\"14000L\/h 420W Tiefbrunnen-Tauchpumpe mit gro\u00dfer Leistung HQS-9000\" src=\"http:\/\/localhost\/media\/import\/detail\/561841287_346.jpg\"><img><img decoding=\"async\" alt=\"14000L\/h 420W gro\u00dfe Tauchtiefbrunnenwasserpumpe HQS-9000\" src=\"http:\/\/localhost\/media\/import\/detail\/561841295_518.jpg\"><img decoding=\"async\" alt=\"14000L\/h 420W gro\u00dfe tauchf\u00e4hige Tiefbrunnenwasserpumpe HQS-9000\" src=\"http:\/\/localhost\/media\/import\/detail\/561841298_724.jpg\"><\/p>\n<p><img decoding=\"async\" alt=\"14000L\/h 420W Tiefbrunnen-Tauchpumpe mit gro\u00dfer Leistung HQS-9000\" src=\"http:\/\/localhost\/media\/import\/detail\/561842122_901.jpg\"><img decoding=\"async\" alt=\"14000L\/h 420W Gro\u00dfe Leistung Tiefbrunnen-Tauchpumpe HQS-9000\" src=\"http:\/\/localhost\/media\/import\/detail\/561842123_854.jpg\"><\/p>\n<p><span style=\"font-size:14px\"><strong><span style=\"color:#ff6600\">Hier gibt es so viele Tauchwasserpumpen, dass Sie garantiert die richtige finden <\/span><\/strong><\/span><\/p>\n<p><span style=\"font-size:14px\"><strong><span style=\"color:#ff6600\">eins hier!!!<\/span><\/strong><\/span><\/p>\n<\/p>\n<\/p>\n<div id=\"ali-anchor-AliPostDhMb-ss8z1\" style=\"padding-top:8px\" data-section-title=\"Unternehmensinformationen\" data-section=\"AliPostDhMb-ss8z1\">\n<div id=\"ali-title-AliPostDhMb-ss8z1\" style=\"border-bottom:#ddd 1px solid;padding-bottom:8px;padding-top:8px;padding-left:0px;padding-right:0px\"> <\/div>\n<\/div>\n<div style=\"clear:both\"><\/div>\n","protected":false},"excerpt":{"rendered":"<p>14000 l\/h 420 W gro\u00dfe Tauch-Tiefbrunnenwasserpumpe HQS-9000<\/p>\n","protected":false},"featured_media":5417,"comment_status":"open","ping_status":"closed","template":"","meta":[],"product_brand":[],"product_cat":[1377],"product_tag":[],"class_list":{"0":"post-38148","1":"product","2":"type-product","3":"status-publish","4":"has-post-thumbnail","6":"product_cat-wasserpumpen-kraftkopfe","8":"first","9":"instock","10":"shipping-taxable","11":"purchasable","12":"product-type-simple"},"_links":{"self":[{"href":"https:\/\/www.myaquastore.com\/de\/wp-json\/wp\/v2\/product\/38148","targetHints":{"allow":["GET"]}}],"collection":[{"href":"https:\/\/www.myaquastore.com\/de\/wp-json\/wp\/v2\/product"}],"about":[{"href":"https:\/\/www.myaquastore.com\/de\/wp-json\/wp\/v2\/types\/product"}],"replies":[{"embeddable":true,"href":"https:\/\/www.myaquastore.com\/de\/wp-json\/wp\/v2\/comments?post=38148"}],"wp:featuredmedia":[{"embeddable":true,"href":"https:\/\/www.myaquastore.com\/de\/wp-json\/wp\/v2\/media\/5417"}],"wp:attachment":[{"href":"https:\/\/www.myaquastore.com\/de\/wp-json\/wp\/v2\/media?parent=38148"}],"wp:term":[{"taxonomy":"product_brand","embeddable":true,"href":"https:\/\/www.myaquastore.com\/de\/wp-json\/wp\/v2\/product_brand?post=38148"},{"taxonomy":"product_cat","embeddable":true,"href":"https:\/\/www.myaquastore.com\/de\/wp-json\/wp\/v2\/product_cat?post=38148"},{"taxonomy":"product_tag","embeddable":true,"href":"https:\/\/www.myaquastore.com\/de\/wp-json\/wp\/v2\/product_tag?post=38148"}],"curies":[{"name":"wp","href":"https:\/\/api.w.org\/{rel}","templated":true}]}}