{"id":38172,"date":"2016-09-25T23:28:28","date_gmt":"2016-09-25T23:28:28","guid":{"rendered":"https:\/\/www.myaquastore.com\/product\/8000-l-h-300-w-multifunktions-tauchwasserpumpe-mit-groser-leistung-hqs-6000i\/"},"modified":"2025-03-16T08:54:11","modified_gmt":"2025-03-16T08:54:11","slug":"8000-l-h-300-w-multifunktions-tauchwasserpumpe-mit-groser-leistung-hqs-6000i","status":"publish","type":"product","link":"https:\/\/www.myaquastore.com\/de\/produkt\/8000-l-h-300-w-multifunktions-tauchwasserpumpe-mit-groser-leistung-hqs-6000i\/","title":{"rendered":"8000 l\/h 300 W Multifunktions-Tauchwasserpumpe mit gro\u00dfer Leistung HQS-6000I"},"content":{"rendered":"<div style=\"clear:both\"><\/div>\n<p><strong><span style=\"font-size:24px\"> 8000L\/h 300W Multifunktions-Tauchwasserpumpe mit gro\u00dfer Leistung HQS-6000I <\/span><\/strong><\/p>\n<\/p>\n<div id=\"ali-anchor-AliPostDhMb-y0lvm\" style=\"padding-top:8px\" data-section-title=\"Produktbeschreibung\" data-section=\"AliPostDhMb-y0lvm\">\n<div id=\"ali-title-AliPostDhMb-y0lvm\" style=\"border-bottom:#ddd 1px solid;padding-bottom:8px;padding-top:8px;padding-left:0px;padding-right:0px\"><span style=\"font-weight:bold;color:#333;padding-bottom:8px;padding-top:8px;padding-left:10px;line-height:12px;padding-right:10px;background-color:#ddd\">Produktbeschreibung<\/span><\/div>\n<div style=\"padding-bottom:10px;padding-top:10px;padding-left:0px;padding-right:0px\">\n<\/div>\n<\/div>\n<p style=\"font-size:14px\">Spezifikationen:<\/p>\n<p style=\"font-size:14px\">1. Es verwendet einen hochfesten, verschlei\u00dffesten Wellenkern, hat eine hocheffiziente Energieeinsparung,<\/em><\/strong><\/p>\n<p style=\"font-size:14px\"><strong><em> und eine lange Lebensdauer.<\/em><\/strong><\/p>\n<p style=\"font-size:14px\">2. es hat eine gute Wasserdichtigkeit und eine hohe Durchschlagsfestigkeit; <em><strong>es ist sicher und zuverl\u00e4ssig.<\/strong><\/em><\/p>\n<p style=\"font-size:14px\">3. Sie k\u00f6nnen es als <em><strong>Pumpe und Springbrunnen<\/strong><\/em> verwenden.<\/p>\n<p style=\"font-size:14px\">4. <strong><em>auf Aquarien, Teiche<\/em><\/strong> mit passender Wasserrecyclingausr\u00fcstung anwenden.<\/p>\n<p style=\"font-size:14px\">\n<p style=\"font-size:14px\"><strong><span style=\"color:#333300;background-color:#ffff00\"> Parameter f\u00fcr Aquarium-Tauchwasserpumpen<\/span><\/strong><\/p>\n<table class=\"aliDataTable\" style=\"height:166px;width:82,28%\" border=\"5\">\n<tbody>\n<tr>\n<td>Modell <\/td>\n<td>Spannung<\/td>\n<td>Frequenz<\/td>\n<td>Leistung<\/td>\n<td>H-max <\/td>\n<td>Leistung<\/td>\n<td>Gewicht<\/td>\n<td> Abmessungen<\/td>\n<\/tr>\n<tr>\n<td style=\"text-align:center\">HQS-5000<\/td>\n<td>220V<\/td>\n<td>50Hz<\/td>\n<td>250W<\/td>\n<td>6m<\/td>\n<td>6000L\/h<\/td>\n<td>3,6kg<\/td>\n<td>200*200*350mm<\/td>\n<\/tr>\n<tr>\n<td style=\"text-align:center\">HQS-6000\/I<\/td>\n<td>220V<\/td>\n<td>50Hz<\/td>\n<td>300W<\/td>\n<td>8m<\/td>\n<td>8000L\/h<\/td>\n<td>5,5kg<\/td>\n<td>200*200*350mm<\/td>\n<\/tr>\n<tr>\n<td style=\"text-align:center\">HQS-7000\/I<\/td>\n<td>220V<\/td>\n<td>50Hz<\/td>\n<td>320W<\/td>\n<td>10m<\/td>\n<td>10000L\/h<\/td>\n<td>6,2kg<\/td>\n<td>200*200*350mm<\/td>\n<\/tr>\n<tr>\n<td style=\"text-align:center\">HQS-8000\/I<\/td>\n<td>220V<\/td>\n<td>50Hz<\/td>\n<td>350W<\/td>\n<td>11m<\/td>\n<td>13000L\/h<\/td>\n<td>5,7kg<\/td>\n<td>250*250*350mm<\/td>\n<\/tr>\n<tr>\n<td style=\"text-align:center\">HQS-9000<\/td>\n<td>220V<\/td>\n<td>50Hz<\/td>\n<td>380W<\/td>\n<td>12m<\/td>\n<td>14000L\/h<\/td>\n<td>6,0kg<\/td>\n<td>250*250*350mm<\/td>\n<\/tr>\n<tr>\n<td style=\"text-align:center\">HQS-10000<\/td>\n<td>220V<\/td>\n<td>50Hz<\/td>\n<td>420W<\/td>\n<td> 13m<\/td>\n<td>15000L\/h<\/td>\n<td>6,5kg<\/td>\n<td>250*250*350mm<\/td>\n<\/tr>\n<\/tbody>\n<\/table>\n<table class=\"aliDataTable\" style=\"width:80%\" border=\"5\">\n<tbody>\n<tr>\n<td>Modell <\/td>\n<td> Spannung<\/td>\n<td>Frequenz<\/td>\n<td>Leistung<\/td>\n<td>H-max <\/td>\n<td>Leistung<\/td>\n<td>Gewicht<\/td>\n<td> Abmessungen<\/td>\n<\/tr>\n<tr>\n<td style=\"text-align:center\">HQB-2000<\/td>\n<td>110V\/220V\/240V<\/td>\n<td>50Hz\/60Hz<\/td>\n<td>24W<\/td>\n<td>1,8m<\/td>\n<td>1400L\/h<\/td>\n<td>0,8kg<\/td>\n<td>138*65*145mm<\/td>\n<\/tr>\n<tr>\n<td style=\"text-align:center\">HQB-2200<\/td>\n<td>110V\/220V\/240V<\/td>\n<td>50Hz\/60Hz<\/td>\n<td> 40W<\/td>\n<td>2,3m<\/td>\n<td>1900L\/h<\/td>\n<td>1,2kg<\/td>\n<td>135*105*115mm<\/td>\n<\/tr>\n<tr>\n<td style=\"text-align:center\">HQB-2500<\/td>\n<td>110V\/220V\/240V<\/td>\n<td>50Hz\/60Hz<\/td>\n<td> 55W<\/td>\n<td>2,5m<\/td>\n<td>2000L\/h<\/td>\n<td>1,2kg<\/td>\n<td>153*105*135mm<\/td>\n<\/tr>\n<tr>\n<td style=\"text-align:center\">HQB-3000<\/td>\n<td>110V\/220V\/240V<\/td>\n<td>50Hz\/60Hz<\/td>\n<td> 60W<\/td>\n<td>3,0m<\/td>\n<td>2500L\/h<\/td>\n<td>1,6kg<\/td>\n<td>153*105*135mm<\/td>\n<\/tr>\n<tr>\n<td style=\"text-align:center\">HQB-3500<\/td>\n<td>110V\/220V\/240V<\/td>\n<td>50Hz\/60Hz<\/td>\n<td> 85W<\/td>\n<td>3,5m<\/td>\n<td>3000L\/h<\/td>\n<td>1,25kg<\/td>\n<td>153*105*135mm<\/td>\n<\/tr>\n<tr>\n<td style=\"text-align:center\">HQB-4500<\/td>\n<td>110V\/220V\/240V<\/td>\n<td>50Hz\/60Hz<\/td>\n<td> 100W<\/td>\n<td>4,5m<\/td>\n<td>4500L\/h<\/td>\n<td>2,7kg<\/td>\n<td>175*112*133mm<\/td>\n<\/tr>\n<tr>\n<td style=\"text-align:center\">HQB-5000<\/td>\n<td>110V\/220V\/240V<\/td>\n<td>50Hz\/60Hz<\/td>\n<td> 150W<\/td>\n<td>5,0m<\/td>\n<td>5500L\/h<\/td>\n<td>2,8kg<\/td>\n<td>175*112*133mm<\/td>\n<\/tr>\n<tr>\n<td style=\"text-align:center\">HQB-5500<\/td>\n<td>110V\/220V\/240V<\/td>\n<td>50Hz\/60Hz<\/td>\n<td>200W<\/td>\n<td>5,5m<\/td>\n<td>6800L\/h<\/td>\n<td>4,0kg<\/td>\n<td>200*140*160mm<\/td>\n<\/tr>\n<\/tbody>\n<\/table>\n<p><span style=\"font-size:14px\"><strong><span style=\"color:#333300;background-color:#ffff00\">Aquarium Hydroponics Tauchwasserpumpen anzeigen<\/span><\/strong><\/span><\/p>\n<p><img decoding=\"async\" alt=\"8000L\/h 300W Multifunktions-Tauchwasserpumpe mit gro\u00dfer Leistung HQS-6000I\" src=\"http:\/\/localhost\/media\/import\/detail\/539782465_085.jpg\"><img decoding=\"async\" alt=\"8000L\/h 300W Multifunktions-Tauchwasserpumpe mit gro\u00dfer Leistung HQS-6000I\" src=\"http:\/\/localhost\/media\/import\/detail\/539782474_776.jpg\"><\/p>\n<p><img decoding=\"async\" alt=\"8000L\/h 300W Multifunktions-Tauchwasserpumpe mit gro\u00dfer Leistung HQS-6000I\" src=\"http:\/\/localhost\/media\/import\/detail\/539783511_511.jpg\"><\/p>\n<p><img decoding=\"async\" alt=\"8000L\/h 300W Multifunktions-Tauchwasserpumpe mit gro\u00dfer Leistung HQS-6000I\" src=\"http:\/\/localhost\/media\/import\/detail\/539784048_343.jpg\"><\/p>\n<p><img decoding=\"async\" alt=\"8000L\/h 300W Multifunktions-Tauchwasserpumpe mit gro\u00dfer Leistung HQS-6000I\" src=\"http:\/\/localhost\/media\/import\/detail\/539791368_930.jpg\"><\/p>\n<p><span style=\"font-size:14px\"><strong>Hier gibt es so viele multifunktionale Tauchwasserpumpen, dass Sie sie als Pumpen f\u00fcr <\/strong><\/span><\/p>\n<p><span style=\"font-size:14px\"><strong>Wasser pumpen <\/strong><\/span><span style=\"font-size:14px\"><strong>und eine Springbrunnenfunktion erstellen. Sie k\u00f6nnen sie auch verwenden, um Ihren Garten zu bew\u00e4ssern oder um einige sch\u00f6ne Wasser- und Steingartenelemente zu schaffen, die Ihren Garten zu mehr machen sch\u00f6n!<\/strong><\/span><\/p>\n<\/p>\n<div id=\"ali-anchor-AliPostDhMb-1pajv\" style=\"padding-top:8px\" data-section-title=\"Unternehmensinformationen\" data-section=\"AliPostDhMb-1pajv\"> <\/div>\n","protected":false},"excerpt":{"rendered":"<p>8000 l\/h 300 W Multifunktions-Tauchwasserpumpe mit gro\u00dfer Leistung HQS-6000I<\/p>\n","protected":false},"featured_media":5465,"comment_status":"open","ping_status":"closed","template":"","meta":[],"product_brand":[],"product_cat":[1377],"product_tag":[],"class_list":{"0":"post-38172","1":"product","2":"type-product","3":"status-publish","4":"has-post-thumbnail","6":"product_cat-wasserpumpen-kraftkopfe","8":"first","9":"instock","10":"shipping-taxable","11":"purchasable","12":"product-type-simple"},"_links":{"self":[{"href":"https:\/\/www.myaquastore.com\/de\/wp-json\/wp\/v2\/product\/38172","targetHints":{"allow":["GET"]}}],"collection":[{"href":"https:\/\/www.myaquastore.com\/de\/wp-json\/wp\/v2\/product"}],"about":[{"href":"https:\/\/www.myaquastore.com\/de\/wp-json\/wp\/v2\/types\/product"}],"replies":[{"embeddable":true,"href":"https:\/\/www.myaquastore.com\/de\/wp-json\/wp\/v2\/comments?post=38172"}],"wp:featuredmedia":[{"embeddable":true,"href":"https:\/\/www.myaquastore.com\/de\/wp-json\/wp\/v2\/media\/5465"}],"wp:attachment":[{"href":"https:\/\/www.myaquastore.com\/de\/wp-json\/wp\/v2\/media?parent=38172"}],"wp:term":[{"taxonomy":"product_brand","embeddable":true,"href":"https:\/\/www.myaquastore.com\/de\/wp-json\/wp\/v2\/product_brand?post=38172"},{"taxonomy":"product_cat","embeddable":true,"href":"https:\/\/www.myaquastore.com\/de\/wp-json\/wp\/v2\/product_cat?post=38172"},{"taxonomy":"product_tag","embeddable":true,"href":"https:\/\/www.myaquastore.com\/de\/wp-json\/wp\/v2\/product_tag?post=38172"}],"curies":[{"name":"wp","href":"https:\/\/api.w.org\/{rel}","templated":true}]}}