{"id":38179,"date":"2016-09-25T23:28:28","date_gmt":"2016-09-25T23:28:28","guid":{"rendered":"https:\/\/www.myaquastore.com\/product\/mehrzweck-tauchwasserpumpe-fur-steingarten-2640-gallonen-h-clb-10000\/"},"modified":"2025-03-16T08:54:13","modified_gmt":"2025-03-16T08:54:13","slug":"mehrzweck-tauchwasserpumpe-fur-steingarten-2640-gallonen-h-clb-10000","status":"publish","type":"product","link":"https:\/\/www.myaquastore.com\/de\/produkt\/mehrzweck-tauchwasserpumpe-fur-steingarten-2640-gallonen-h-clb-10000\/","title":{"rendered":"Mehrzweck-Tauchwasserpumpe f\u00fcr Steing\u00e4rten, 2640 Gallonen\/h, CLB-10000"},"content":{"rendered":"<div style=\"clear:both\"><\/div>\n<p><span style=\"font-size:24px\"><strong>Mehrzweck-Tauchwasserpumpe f\u00fcr Steingarten 2640Gal\/h CLB-10000<\/strong> <\/span><\/p>\n<\/p>\n<div id=\"ali-anchor-AliPostDhMb-u91cg\" style=\"padding-top:8px\" data-section-title=\"Produktbeschreibung\" data-section=\"AliPostDhMb-u91cg\">\n<div id=\"ali-title-AliPostDhMb-u91cg\" style=\"border-bottom:#ddd 1px solid;padding-bottom:8px;padding-top:8px;padding-left:0px;padding-right:0px\"><span style=\"font-weight:bold;color:#333;padding-bottom:8px;padding-top:8px;padding-left:10px;line-height:12px;padding-right:10px;background-color:#ddd\">Produktbeschreibung<\/span><\/div>\n<div style=\"padding-bottom:10px;padding-top:10px;padding-left:0px;padding-right:0px\">\n<\/div>\n<\/div>\n<p><strong><span style=\"font-size:12px\">Spezifikationen:<\/span><\/strong><\/p>\n<p><span style=\"font-size:12px\">1. Der Rotor besteht aus einem speziellen Material, ist <span style=\"color:#ff0000\"><em><strong>leicht zu starten<\/strong> <\/em><\/span>und <strong><em><span style=\"color:#ff0000\">geringer Energieverbrauch<\/span><\/em><\/strong>;<\/span><\/p>\n<p><span style=\"font-size:12px\">2. Hochwertige Keramikwelle und Wellenpositionierung, <span style=\"color:#ff0000\"><strong><em>langlebig<\/em><\/strong><\/span> und<strong><em><span style=\"color:#ff0000\"> ger\u00e4uscharm<\/span><\/em><\/strong>;<\/span><\/p>\n<p><span style=\"font-size:12px\">3. Vollst\u00e4ndig versiegelter und wasserdichter Motor, <span style=\"color:#ff0000\"><em><strong>sicher<\/strong><\/em><\/span> und<strong><em><span style=\"color:#ff0000\"> zuverl\u00e4ssig<\/span><\/em><\/strong>;<\/span><\/p>\n<p><span style=\"font-size:12px\">4. Hochleistungs-Standard-Asynchronmotor mit neuem Design und <strong><em><span style=\"color:#ff0000\">Energieeinsparung von bis zu <\/span><\/em><\/strong><\/span><\/p>\n<p><span style=\"font-size:12px\"><strong><em><span style=\"color:#ff0000\">50 %<\/span><\/em><\/strong> als zuvor.<\/span><\/p>\n<p><span style=\"font-size:12px\">5. W<strong><em><span style=\"color:#ff0000\">Wassergarten<\/span><\/em><\/strong>, Wasserzirkulation im<span style=\"color:#ff0000\"><strong><em> Steingarten<\/em><\/strong><\/span>, Zu- und Ableitung von Wasser im<strong><em><span style=\"color:#ff0000\"> Schwimmbad<\/span><\/em><\/strong>;<\/span><\/p>\n<p><span style=\"font-size:12px\">6. Nachdem das Wasser entnommen wurde, verbleibt nur eine Tiefe von 5\u00a0mm, wodurch <strong><em><span style=\"color:#ff0000\"> das Wasser vollst\u00e4ndig abflie\u00dft<\/span><\/em><\/strong>.<\/span><\/p>\n<\/p>\n<p><strong> Rockery verf\u00fcgt \u00fcber Parameter f\u00fcr Tauchwasserpumpen<\/strong><\/p>\n<table class=\"aliDataTable\" style=\"width:80%\" border=\"5\">\n<tbody>\n<tr>\n<td>Modell <\/td>\n<td>Spannung<\/td>\n<td>Frequenz<\/td>\n<td>Leistung<\/td>\n<td>H-max<\/td>\n<td>Ausgang<\/td>\n<td>Kabel L\u00e4nge<\/td>\n<td>H<\/td>\n<td>B<\/td>\n<\/tr>\n<tr>\n<td>CLB-4500<\/td>\n<td>110V\/220V\/240V<\/td>\n<td>50Hz\/60Hz<\/td>\n<td>80W<\/td>\n<td>3,5m<\/td>\n<td>4500L\/h<\/td>\n<td>2,5m\/10m<\/td>\n<td> 232<\/td>\n<td>185<\/td>\n<\/tr>\n<tr>\n<td>CLB-5500<\/td>\n<td>110V\/220V\/240V<\/td>\n<td>50Hz\/60 Hz<\/td>\n<td>110W<\/td>\n<td>4,2m<\/td>\n<td>5500L\/h<\/td>\n<td>2,5m\/10m<\/td>\n<td>232<\/td>\n<p>185<\/td>\n<\/tr>\n<tr>\n<td>CLB-6500<\/td>\n<td>110V\/220V\/240V<\/td>\n<td>50Hz\/60Hz<\/td>\n<td>145W<\/td>\n<td>5,0m<\/td>\n<td>6500L\/h<\/td>\n<td>2,5m\/10m<\/td>\n<td>232<\/td>\n<td>185<\/td>\n<\/tr>\n<tr>\n<td>CLB-8000<\/td>\n<td>110V\/220V\/240V<\/td>\n<td>50Hz\/60Hz<\/td>\n<td>175W<\/td>\n<td>6,0 m<\/td>\n<td>6000 l\/h<\/td>\n<td>2,5 m\/10 m<\/td>\n<td>232<\/td>\n<td>185<\/td>\n<\/tr>\n<tr>\n<td>CLB-12000<\/td>\n<td>110V\/220V\/240V<\/td>\n<td>50Hz\/60Hz<\/td>\n<td>260W<\/td>\n<td>7,0m<\/td>\n<td>12000L\/h<\/td>\n<td>2,5m\/10m<\/td>\n<td>250<\/td>\n<td>222<\/td>\n<\/tr>\n<tr>\n<td>CLB-1 5000<\/td>\n<td>110V\/220V\/240V<\/td>\n<td>50Hz\/60Hz<\/td>\n<td>310W<\/td>\n<td>8,0m<\/td>\n<td> 15000L\/h<\/td>\n<td>2,5m\/10m<\/td>\n<td>250<\/td>\n<td>222<\/td>\n<\/tr>\n<tr>\n<td>CLB-12000P<\/p>\n<td>110V\/220V\/240V<\/td>\n<td>50Hz\/60Hz<\/td>\n<td>260W<\/td>\n<td>7,0m<\/td>\n<td>12000L\/ h<\/td>\n<td>2,5m\/10m<\/td>\n<td>250<\/td>\n<td>222<\/td>\n<\/tr>\n<tr>\n<td>CLB-15000P<\/td>\n<td>1 10V\/220V\/240V<\/td>\n<td>50Hz\/60Hz<\/td>\n<td>310W<\/td>\n<td>8,0m<\/td>\n<td>15000L\/h<\/td>\n<td>2,5m\/10m<\/td>\n<td>250<\/td>\n<td>222<\/td>\n<\/tr>\n<\/tbody>\n<\/table>\n<p><strong><\/strong> <\/p>\n<p><strong><span style=\"background-color:#ffff00\">Tauchwasserpumpen f\u00fcr Steing\u00e4rten zeigen <\/strong><\/p>\n<p><strong><span style=\"background-color:#ffff00\"><img decoding=\"async\" alt=\"Mehrzweck-Tauchwasserpumpe f\u00fcr Steing\u00e4rten, 2640 Gallonen\/h CLB-10000\" src=\"http:\/\/localhost\/media\/import\/detail\/542982069_131.jpg\"><\/span><\/strong><\/p>\n<p><strong><span style=\"background-color:#ffff00\"><img decoding=\"async\" alt=\"Mehrzweck-Tauchwasserpumpe f\u00fcr Steingarten 2640Gal\/h CLB-10000\" src=\"http:\/\/localhost\/media\/import\/detail\/542982429_774.jpg\"><\/span><\/strong><\/p>\n<p><img loading=\"lazy\" decoding=\"async\" alt=\"Mehrzweck-Tauchwasserpumpe f\u00fcr Steingarten 2640 Gallonen\/h CLB-10000\" src=\"http:\/\/localhost\/media\/import\/detail\/515746196_903.jpg\" width=\"601\" height=\"363\"><\/p>\n<\/p>\n<p> <strong>Tauchpumpen f\u00fcr den praktischen Einsatz<\/strong><\/p>\n<p><strong><span style=\"background-color:#ffff00\"><img loading=\"lazy\" decoding=\"async\" alt=\"Mehrzweck-Tauchwasserpumpe f\u00fcr Steingarten 2640Gal\/h CLB-10000\" src=\"http:\/\/localhost\/media\/import\/detail\/542985408_152.jpg\" width=\"601\" height=\"462\"><\/span><\/strong><\/p>\n<\/p>\n<div id=\"ali-anchor-AliPostDhMb-yqian\" style=\"padding-top:8px\" data-section-title=\"Unternehmensinformationen\" data-section=\"AliPostDhMb-yqian\">\n<div id=\"ali-title-AliPostDhMb-yqian\" style=\"border-bottom:#ddd 1px solid;padding-bottom:8px;padding-top:8px;padding-left:0px;padding-right:0px\"> <\/div>\n<\/div>\n<div style=\"clear:both\"><\/div>\n","protected":false},"excerpt":{"rendered":"<p>Mehrzweck-Tauchwasserpumpe f\u00fcr Steing\u00e4rten, 2640 Gallonen\/h, CLB-10000<\/p>\n","protected":false},"featured_media":5479,"comment_status":"open","ping_status":"closed","template":"","meta":[],"product_brand":[],"product_cat":[1377],"product_tag":[],"class_list":{"0":"post-38179","1":"product","2":"type-product","3":"status-publish","4":"has-post-thumbnail","6":"product_cat-wasserpumpen-kraftkopfe","8":"first","9":"instock","10":"shipping-taxable","11":"purchasable","12":"product-type-simple"},"_links":{"self":[{"href":"https:\/\/www.myaquastore.com\/de\/wp-json\/wp\/v2\/product\/38179","targetHints":{"allow":["GET"]}}],"collection":[{"href":"https:\/\/www.myaquastore.com\/de\/wp-json\/wp\/v2\/product"}],"about":[{"href":"https:\/\/www.myaquastore.com\/de\/wp-json\/wp\/v2\/types\/product"}],"replies":[{"embeddable":true,"href":"https:\/\/www.myaquastore.com\/de\/wp-json\/wp\/v2\/comments?post=38179"}],"wp:featuredmedia":[{"embeddable":true,"href":"https:\/\/www.myaquastore.com\/de\/wp-json\/wp\/v2\/media\/5479"}],"wp:attachment":[{"href":"https:\/\/www.myaquastore.com\/de\/wp-json\/wp\/v2\/media?parent=38179"}],"wp:term":[{"taxonomy":"product_brand","embeddable":true,"href":"https:\/\/www.myaquastore.com\/de\/wp-json\/wp\/v2\/product_brand?post=38179"},{"taxonomy":"product_cat","embeddable":true,"href":"https:\/\/www.myaquastore.com\/de\/wp-json\/wp\/v2\/product_cat?post=38179"},{"taxonomy":"product_tag","embeddable":true,"href":"https:\/\/www.myaquastore.com\/de\/wp-json\/wp\/v2\/product_tag?post=38179"}],"curies":[{"name":"wp","href":"https:\/\/api.w.org\/{rel}","templated":true}]}}