{"id":38201,"date":"2016-09-25T23:28:30","date_gmt":"2016-09-25T23:28:30","guid":{"rendered":"https:\/\/www.myaquastore.com\/product\/sunsun-50hz-60hz-marine-aquarium-multifunktions-tauchpumpe-hj-901c\/"},"modified":"2025-03-16T08:54:18","modified_gmt":"2025-03-16T08:54:18","slug":"sunsun-50hz-60hz-marine-aquarium-multifunktions-tauchpumpe-hj-901c","status":"publish","type":"product","link":"https:\/\/www.myaquastore.com\/de\/produkt\/sunsun-50hz-60hz-marine-aquarium-multifunktions-tauchpumpe-hj-901c\/","title":{"rendered":"SUNSUN 50Hz\/60Hz Marine Aquarium Multifunktions-Tauchpumpe HJ-901C"},"content":{"rendered":"<div style=\"clear:both\"><\/div>\n<p><span style=\"font-size:24px;color:#ff0000\">SUNSUN 50Hz\/60Hz Marine Aquarium Multifunktions-Tauchpumpe <\/span><\/p>\n<table class=\"aliDataTable\" style=\"height:300px;width:598px\" cellspacing=\"0\" cellpadding=\"0\" border=\"1\">\n<tbody>\n<tr style=\"height:15.6pt\" align=\"left\">\n<td style=\"width:197.25pt\" valign=\"top\">\n<p><span style=\"font-size:12pt\">1.Item<\/span><\/p>\n<\/td>\n<td style=\"width:197.05pt\" valign=\"top\">\n<p><span style=\"font-size:12pt\">SUNSUN Multifunktions-Aquariumwasserpumpe<\/span><\/p>\n<\/td>\n<\/tr>\n<tr style=\"height:15.6pt\" align=\"left\">\n<td style=\"width:197.25pt\" valign=\"top\">\n<p><span style=\"font-size:12pt\">2.Modell<\/span><\/p>\n<\/td>\n<td style=\"width:197.05pt\" valign=\"top\">\n<p><span style=\"font-size:12pt\">HJ-901C<\/span><\/p>\n<\/td>\n<\/tr>\n<tr style=\"height:15.6pt\" align=\"left\">\n<td style=\"width:197.25pt\" valign=\"top\">\n<p><span style=\"font-size:12pt\">3.Voltage<\/span><\/p>\n<\/td>\n<td style=\"width:197.05pt\" valign=\"top\">\n<p><span style=\"font-size:12pt\">110V\/220V\/240V<\/span><\/p>\n<\/td>\n<\/tr>\n<tr style=\"height:16.35pt\" align=\"left\">\n<td valign=\"top\">\n<p><span style=\"font-size:12pt\">4.Frequency<\/span><\/p>\n<\/td>\n<td valign=\"top\">\n<p><span style=\"font-size:12pt\">50Hz\/60Hz<\/span><\/p>\n<\/td>\n<\/tr>\n<tr style=\"height:15.6pt\" align=\"left\">\n<td valign=\"top\">\n<p><span style=\"font-size:12pt\">5.Power<\/span><\/p>\n<\/td>\n<td valign=\"top\">\n<p><span style=\"font-size:12pt\">15W<\/span><\/p>\n<\/td>\n<\/tr>\n<tr style=\"height:16.35pt\" align=\"left\">\n<td valign=\"top\">\n<p><span style=\"font-size:12pt\">6.Ausgabe<\/span><\/p>\n<\/td>\n<td valign=\"top\">\n<p><span style=\"font-size:12pt\">1000L<\/span><span style=\"font-size:12pt\">\/h<\/span><\/p>\n<\/td>\n<\/tr>\n<tr style=\"height:15.6pt\" align=\"left\">\n<td valign=\"top\">\n<p><span style=\"font-size:12pt\">7.Gewicht<\/span><\/p>\n<\/td>\n<td valign=\"top\">\n<p><span style=\"font-size:12pt\">0,4 kg<\/span><\/p>\n<\/td>\n<\/tr>\n<tr style=\"height:16.35pt\" align=\"left\">\n<td valign=\"top\">\n<p><span style=\"font-size:12pt\">8.Abmessungen<\/span><\/p>\n<\/td>\n<td valign=\"top\">\n<p><span style=\"font-size:12pt\">96*73*108mm<\/span><\/p>\n<\/td>\n<\/tr>\n<tr style=\"height:16.35pt\" align=\"left\">\n<td valign=\"top\">\n<p><span style=\"font-size:12pt\">9,H-max<\/span><\/p>\n<\/td>\n<td valign=\"top\">\n<p><span style=\"font-size:12pt\">4,0m<\/span><\/p>\n<\/td>\n<\/tr>\n<tr style=\"height:17,25pt\" align=\"left\">\n<td valign=\"top\">\n<p><span style=\"font-size:12pt\">10.Brand<\/span><\/p>\n<\/td>\n<td valign=\"top\">\n<p><span style=\"font-size:12pt\">SUNSUN<\/span><\/p>\n<\/td>\n<\/tr>\n<tr style=\"height:15pt\" align=\"left\">\n<td valign=\"top\">\n<p><span style=\"font-size:16px\">11.Qualit\u00e4t<\/span><\/p>\n<\/td>\n<td valign=\"top\">\n<p><span style=\"font-size:16px\">Beste Qualit\u00e4t; <br \/><\/span><\/p>\n<p align=\"left\"><span style=\"font-size:16px\">Chinas gr\u00f6\u00dfter Anbieter von Wassersportausr\u00fcstung<\/span><\/p>\n<\/td>\n<\/tr>\n<tr style=\"height:4.6pt\" align=\"left\">\n<td valign=\"top\">\n<p><span style=\"font-size:16px\">12.Sell Point <\/span><\/p>\n<\/td>\n<td valign=\"top\">\n<p><span style=\"font-size:16px\">China bekannte Marke; sicher und zuverl\u00e4ssig <\/span><\/p>\n<\/td>\n<\/tr>\n<\/tbody>\n<\/table>\n<p> <img loading=\"lazy\" decoding=\"async\" alt=\"SUNSUN 50Hz\/60Hz Marine Aquarium Multifunktions-Tauchpumpe\" src=\"http:\/\/localhost\/media\/import\/detail\/532797896_990.jpg\" width=\"596\" height=\"363\"><\/p>\n<p style=\"text-align:center\"><span style=\"font-size:18px;color:#000000;text-decoration:underline;background-color:#ffff00\"><span style=\"font-family:'Verdana';text-decoration:underline\">Entworfen f\u00fcr <\/span><span style=\"font-family:'Verdana';text-decoration:underline\">untergetaucht<\/span><span style=\"font-family:'Verdana';text-decoration:underline\"> nur verwenden<\/span><\/span><\/p>\n<p style=\"text-align:center\"><span style=\"font-size:18px;color:#000000;background-color:#ffff00\"> <\/span><\/p>\n<p style=\"text-align:center\"><span style=\"font-size:18px;background-color:#ffff00\"><strong><em><span style=\"font-family:arial, helvetica, sans-serif\">Der Pumpenmotor ist hocheffizient, energiesparend und ger\u00e4uscharm, <span style=\"font-family:Arial\">bequem zu bedienen<\/span> <\/span><\/em><\/strong><\/span><\/p>\n<\/p>\n<p><span style=\"font-size:24px;color:#ff0000\">Feature:<\/span><\/p>\n<p> <span style=\"font-size:16px\">1.Es verwendet einen hochfesten, verschlei\u00dffesten Wellenkern, hat eine hocheffiziente Energieeinsparung und eine lange Lebensdauer<\/span><\/p>\n<p><span style=\"font-size:16px\">2.Es ist wasserdicht, hat eine hohe dielektrische Festigkeit, ist sicher und zuverl\u00e4ssig<\/span><\/p>\n<p><span style=\"font-size:16px\">3.Es ist mit einem Zentrifugallaufrad ausgestattet, hat einen hohen Durchfluss und einen hohen Druck<\/span><\/p>\n<p><span style=\"font-size:16px\">4.Es hat verschiedene Funktionen wie Pumpen, Filter und Sauerstoff<\/span><\/p>\n<p><span style=\"font-size:16px\">5. Auf <span style=\"font-size:24px;color:#ff0000\">Aquarien, Steing\u00e4rten, Teiche <\/span>geeignete Wasserzirkulationsger\u00e4te anwenden.<\/span><\/p>\n<\/p>\n<p> <span style=\"font-size:24px;color:#ff0000\">Andere Multifunktions-Aquarium-Wasserpumpe f\u00fcr Ihr Aquarium Referenz<\/span> <\/p>\n<p><img decoding=\"async\" alt=\"SUNSUN 50Hz\/60Hz Marine Aquarium Multifunktions-Tauchpumpe\" src=\"http:\/\/localhost\/media\/import\/detail\/532811141_561.jpg\"><\/p>\n<p><img decoding=\"async\" alt=\"SUNSUN 50Hz\/60Hz Marine Aquarium Multifunktionspumpe Tauchpumpe\" src=\"http:\/\/localhost\/media\/import\/detail\/532796249_092.jpg\"><img decoding=\"async\" alt=\"SUNSUN 50Hz\/60Hz Marine Aquarium Multifunktions-Tauchpumpe\" src=\"http:\/\/localhost\/media\/import\/detail\/532796250_550.jpg\"><img decoding=\"async\" alt=\"SUNSUN 50Hz\/60Hz Marine Aquarium Multifunktions-Tauchpumpe\" src=\"http:\/\/localhost\/media\/import\/detail\/532796252_154.jpg\"><img decoding=\"async\" alt=\"SUNSUN 50Hz\/60Hz Marine Aquarium Multifunktions-Tauchpumpe\" src=\"http:\/\/localhost\/media\/import\/detail\/532796253_103.jpg\"><img decoding=\"async\" alt=\"SUNSUN 50Hz\/60Hz Multifunktions-Tauchpumpe f\u00fcr Meeresaquarien\" src=\"http:\/\/localhost\/media\/import\/detail\/532796254_281.jpg\"><\/p>\n<\/p>\n<p><span style=\"font-size:x-large;color:#ff0000\">Multifunktions-Aquarium-Wasserpumpe <span style=\"font-size:24px;color:#ff0000\">Parameter<\/span> <\/span> <\/p>\n<table class=\"aliDataTable ke-zeroborder\" style=\"width:666px\" cellpadding=\"0\" border=\"0\">\n<tbody>\n<tr align=\"left\">\n<td width=\"69\">MODELL<\/td>\n<td width=\"126\">SPANNUNG<\/td>\n<td width=\"92\">FREQUENZ<\/td>\n<td width=\"66\">LEISTUNG<\/td>\n<td width=\"60\">H-MAX<\/td>\n<td width=\"81\">AUSGABE<\/td>\n<td width=\"65\">GEWICHT<\/td>\n<td width=\"107\">ABMESSUNGEN<\/td>\n<\/tr>\n<tr align=\"left\">\n<td><span style=\"color:#000000\">HJ-501<\/span><\/td>\n<td><span style=\"color:#000000\">110V\/220V\/240V<\/span><\/td>\n<td><span style=\"color:#000000\">50Hz\/60Hz<\/span><\/td>\n<td><span style=\"color:#000000\">5W<\/span><\/td>\n<td><span style=\"color:#000000\">0,6 m<\/span><\/td>\n<td><span style=\"color:#000000\">250 l\/h<\/span><\/td>\n<td><span style=\"color:#000000\">0,21 kg<\/span><\/td>\n<td><span style=\"color:#000000\">54x65x58mm<\/span><\/td>\n<\/tr>\n<tr align=\"left\">\n<td><span style=\"color:#000000\">HJ-701<\/span><\/td>\n<td><span style=\"color:#000000\">110V\/220V\/240V<\/span><\/td>\n<td><span style=\"color:#000000\">50Hz\/60Hz<\/span><\/td>\n<td><span style=\"color:#000000\">8W<\/span><\/td>\n<td><span style=\"color:#000000\">0,9m<\/span><\/td>\n<td><span style=\"color:#000000\">500L\/h<\/span><\/td>\n<td><span style=\"color:#000000\">0,4kg<\/span><\/td>\n<td><span style=\"color:#000000\">70x71x70mm<\/span><\/td>\n<\/tr>\n<tr align=\"left\">\n<td><span style=\"color:#ff0000\">HJ-901<\/span><\/td>\n<td><span style=\"color:#ff0000\">110V\/220V\/240V<\/span><\/td>\n<td><span style=\"color:#ff0000\">50Hz\/60Hz<\/span><\/td>\n<td><span style=\"color:#ff0000\">12W<\/span><\/td>\n<td><span style=\"color:#ff0000\">1,2m<\/span><\/td>\n<td><span style=\"color:#ff0000\">800L\/h<\/span><\/td>\n<td><span style=\"color:#ff0000\">0,5kg<\/span><\/td>\n<td><span style=\"color:#ff0000\">80x79x75mm<\/span><\/td>\n<\/tr>\n<tr align=\"left\">\n<td><span style=\"color:#000000\">HJ-1101<\/span><\/td>\n<td><span style=\"color:#000000\">110V\/220V\/240V<\/span><\/td>\n<td><span style=\"color:#000000\">50Hz\/60Hz<\/span><\/td>\n<td><span style=\"color:#000000\">18W<\/span><\/td>\n<td><span style=\"color:#000000\">1,5m<\/span><\/td>\n<td><span style=\"color:#000000\">1000L\/h<\/span><\/td>\n<td><span style=\"color:#000000\">0,8kg<\/span><\/td>\n<td><span style=\"color:#000000\">88x88x85mm<\/span><\/td>\n<\/tr>\n<tr align=\"left\">\n<td>HJ-1501<\/td>\n<td>110V\/220V\/240V<\/td>\n<td>50Hz\/60Hz<\/td>\n<td>35W <\/td>\n<td>2,4m<\/td>\n<td>1350L\/h<\/td>\n<td>1,4kg<\/td>\n<td>105x126x110mm<\/td>\n<\/tr>\n<tr align=\"left\">\n<td>HJ-3701<\/td>\n<td>110V\/220V\/240V<\/td>\n<td>50Hz\/60Hz<\/td>\n<td>100W <\/td>\n<td>4,0m<\/td>\n<td>2500L\/h<\/td>\n<td>2,7kg<\/td>\n<td>141x139x137mm<\/td>\n<\/tr>\n<tr align=\"left\">\n<td>HJ-901B<\/td>\n<td>110V\/220V\/240V<\/td>\n<td>50Hz\/60Hz<\/td>\n<td>15 B<\/td>\n<td>1,3m<\/td>\n<td>1000L\/h<\/td>\n<td>0,4kg<\/td>\n<td>96x73x108mm<\/td>\n<\/tr>\n<tr align=\"left\">\n<td>HJ-901C<\/td>\n<td>110V\/220V\/240V<\/td>\n<td>50Hz\/60Hz<\/td>\n<td>15W<\/td>\n<p>1,3m<\/td>\n<td>1000L\/h<\/td>\n<td>0,4kg<\/td>\n<td>96x73x108mm<\/td>\n<\/tr>\n<\/tbody>\n<\/table>\n<\/p>\n<div style=\"clear:both\"><\/div>\n","protected":false},"excerpt":{"rendered":"<p>SUNSUN 50Hz\/60Hz Marine Aquarium Multifunktions-Tauchpumpe HJ-901C<\/p>\n","protected":false},"featured_media":5523,"comment_status":"open","ping_status":"closed","template":"","meta":[],"product_brand":[],"product_cat":[1377],"product_tag":[],"class_list":{"0":"post-38201","1":"product","2":"type-product","3":"status-publish","4":"has-post-thumbnail","6":"product_cat-wasserpumpen-kraftkopfe","8":"first","9":"instock","10":"shipping-taxable","11":"purchasable","12":"product-type-simple"},"_links":{"self":[{"href":"https:\/\/www.myaquastore.com\/de\/wp-json\/wp\/v2\/product\/38201","targetHints":{"allow":["GET"]}}],"collection":[{"href":"https:\/\/www.myaquastore.com\/de\/wp-json\/wp\/v2\/product"}],"about":[{"href":"https:\/\/www.myaquastore.com\/de\/wp-json\/wp\/v2\/types\/product"}],"replies":[{"embeddable":true,"href":"https:\/\/www.myaquastore.com\/de\/wp-json\/wp\/v2\/comments?post=38201"}],"wp:featuredmedia":[{"embeddable":true,"href":"https:\/\/www.myaquastore.com\/de\/wp-json\/wp\/v2\/media\/5523"}],"wp:attachment":[{"href":"https:\/\/www.myaquastore.com\/de\/wp-json\/wp\/v2\/media?parent=38201"}],"wp:term":[{"taxonomy":"product_brand","embeddable":true,"href":"https:\/\/www.myaquastore.com\/de\/wp-json\/wp\/v2\/product_brand?post=38201"},{"taxonomy":"product_cat","embeddable":true,"href":"https:\/\/www.myaquastore.com\/de\/wp-json\/wp\/v2\/product_cat?post=38201"},{"taxonomy":"product_tag","embeddable":true,"href":"https:\/\/www.myaquastore.com\/de\/wp-json\/wp\/v2\/product_tag?post=38201"}],"curies":[{"name":"wp","href":"https:\/\/api.w.org\/{rel}","templated":true}]}}