{"id":38204,"date":"2016-09-25T23:28:30","date_gmt":"2016-09-25T23:28:30","guid":{"rendered":"https:\/\/www.myaquastore.com\/product\/weit-verbreitet-sunsun-18-w-1400-l-h-elektrische-mikropumpe-fur-aquarien-hj-1121\/"},"modified":"2025-03-16T08:54:19","modified_gmt":"2025-03-16T08:54:19","slug":"weit-verbreitet-sunsun-18-w-1400-l-h-elektrische-mikropumpe-fur-aquarien-hj-1121","status":"publish","type":"product","link":"https:\/\/www.myaquastore.com\/de\/produkt\/weit-verbreitet-sunsun-18-w-1400-l-h-elektrische-mikropumpe-fur-aquarien-hj-1121\/","title":{"rendered":"Weit verbreitet: SUNSUN 18 W 1400 l\/h elektrische Mikropumpe f\u00fcr Aquarien HJ-1121"},"content":{"rendered":"<div style=\"clear:both\"><\/div>\n<p align=\"center\"><strong><span style=\"font-size:18pt;font-family:'Comic Sans MS';color:#ff9900\">Unser SUNSUN-Versprechen:<\/span><\/strong><\/p>\n<p style=\"text-align:center\">\n<p align=\"center\"><span style=\"font-size:18pt;font-family:'Comic Sans MS'\">1. Bei allen Produkten handelt es sich um SUNSUN-Originalprodukte<\/span><\/p>\n<p style=\"text-align:center\">\n<p align=\"center\"><span style=\"font-size:18pt;font-family:'Comic Sans MS';color:green\">2. Garantie: ein Jahr<\/span><\/p>\n<p style=\"text-align:center\">\n<p align=\"center\"><span style=\"font-size:18pt;font-family:'Comic Sans MS';color:green\">3. SUNSUN Packing<\/span><\/p>\n<p style=\"text-align:center\">\n<p align=\"center\"><span style=\"font-size:18pt;font-family:'Comic Sans MS'\">&#8230;&#8230;&#8230;&#8230;&#8230;&#8230;&#8230;&#8230;&#8230;&#8230;&#8230;&#8230;&#8230;&#8230;&#8230;&#8230;&#8230;&#8230;&#8230;&#8230;&#8230;&#8230;&#8230;&#8230;&#8230;&#8230;..<\/span><\/p>\n<p align=\"center\">\n<p align=\"center\"><span style=\"font-size:24px\"><span style=\"color:#ff9900;background-color:#ffffff\"><strong><em><span style=\"font-family:comic sans ms,sans-serif\"> Weit verbreitete elektrische SUNSUN 18W 1400L\/h Aquarium-Mikropumpe <\/span><\/em><\/strong><\/span><span style=\"color:#ff9900;background-color:#ffffff\"><strong><em><span style=\"font-family:comic sans ms,sans-serif\"> <\/span><\/em><\/strong><\/span> <\/span><\/p>\n<p style=\"text-align:left\" align=\"center\">\n<p style=\"text-align:left\" align=\"center\">\n<p style=\"text-align:left\" align=\"center\"><span style=\"color:#00ffff\"><em><span style=\"text-decoration:underline\"><span style=\"font-family:comic sans ms,sans-serif\"><strong><span style=\"font-size:18px;text-decoration:underline\">1. Produktbeschreibung<\/span><\/strong><\/span><\/span><\/em><\/span><\/p>\n<p><span style=\"font-family:comic sans ms,sans-serif\"> <\/span><\/p>\n<p><span style=\"font-size:14px;font-family:comic sans ms,sans-serif;color:#000000\"><span style=\"font-size:16px\">Dieses Aquarium Tankwasserpumpe<\/span><span style=\"font-size:16px\"> <span style=\"float:none;text-align:left;background-color:#ffffff\">ist perfekt f\u00fcr kleinere Tanks, da sie leicht versteckt werden kann, aus erstklassigen Standard-ABS-Partikeln besteht und sowohl f\u00fcr S\u00fc\u00df- als auch Salzwasser geeignet ist. <\/span>Es kann auch in Kunstgegenst\u00e4nden, Klimaanlagen und vielen anderen Dingen verwendet werden. <\/span><\/span><\/p>\n<\/p>\n<p><span style=\"text-decoration:underline\"><em><span style=\"color:#00ffff;text-decoration:underline\"><span style=\"font-family:comic sans ms,sans-serif\"><strong><span style=\"font-size:18px;background-color:#ffffff\">2. Details zur elektrischen Aquarium-Mikropumpe HJ-1121 <\/span><\/strong><\/span><\/span><\/em><\/span> <\/p>\n<\/p>\n<p><img loading=\"lazy\" decoding=\"async\" alt=\"Wide Use SUNSUN 18W 1400L\/h Aquarium-elektrische Mikropumpe\" src=\"http:\/\/localhost\/media\/import\/detail\/675511259_460.jpg\" width=\"600\" height=\"600\"><\/p>\n<\/p>\n<p><em><span style=\"text-decoration:underline\"><span style=\"color:#00ffff;text-decoration:underline;background-color:#ffffff\"><strong><span style=\"font-size:18px;font-family:comic sans ms, serifenlos\">3. Andere unserer elektrischen SUNSUN Aquarium-Mikropumpen als Referenz<\/span><\/strong><\/span><\/span><\/em><\/p>\n<\/p>\n<p><img loading=\"lazy\" decoding=\"async\" alt=\"Wide Use SUNSUN 18W 1400L\/h Aquarium elektrische Mikropumpe\" src=\"http:\/\/localhost\/media\/import\/detail\/535435763_128.jpg\" width=\"600\" height=\"600\"><img decoding=\"async\" alt=\"Wide Use SUNSUN 18W 1400L\/h Aquarium Elektrische Mikropumpe\" src=\"http:\/\/localhost\/media\/import\/detail\/535431669_297.jpg\"><\/p><\/p>\n","protected":false},"excerpt":{"rendered":"<p>Weit verbreitet: SUNSUN 18 W 1400 l\/h elektrische Mikropumpe f\u00fcr Aquarien HJ-1121<\/p>\n","protected":false},"featured_media":5529,"comment_status":"open","ping_status":"closed","template":"","meta":[],"product_brand":[],"product_cat":[1377,588],"product_tag":[],"class_list":{"0":"post-38204","1":"product","2":"type-product","3":"status-publish","4":"has-post-thumbnail","6":"product_cat-wasserpumpen-kraftkopfe","7":"product_cat-wasserpumpen-triebkopfe","9":"first","10":"instock","11":"shipping-taxable","12":"purchasable","13":"product-type-simple"},"_links":{"self":[{"href":"https:\/\/www.myaquastore.com\/de\/wp-json\/wp\/v2\/product\/38204","targetHints":{"allow":["GET"]}}],"collection":[{"href":"https:\/\/www.myaquastore.com\/de\/wp-json\/wp\/v2\/product"}],"about":[{"href":"https:\/\/www.myaquastore.com\/de\/wp-json\/wp\/v2\/types\/product"}],"replies":[{"embeddable":true,"href":"https:\/\/www.myaquastore.com\/de\/wp-json\/wp\/v2\/comments?post=38204"}],"wp:featuredmedia":[{"embeddable":true,"href":"https:\/\/www.myaquastore.com\/de\/wp-json\/wp\/v2\/media\/5529"}],"wp:attachment":[{"href":"https:\/\/www.myaquastore.com\/de\/wp-json\/wp\/v2\/media?parent=38204"}],"wp:term":[{"taxonomy":"product_brand","embeddable":true,"href":"https:\/\/www.myaquastore.com\/de\/wp-json\/wp\/v2\/product_brand?post=38204"},{"taxonomy":"product_cat","embeddable":true,"href":"https:\/\/www.myaquastore.com\/de\/wp-json\/wp\/v2\/product_cat?post=38204"},{"taxonomy":"product_tag","embeddable":true,"href":"https:\/\/www.myaquastore.com\/de\/wp-json\/wp\/v2\/product_tag?post=38204"}],"curies":[{"name":"wp","href":"https:\/\/api.w.org\/{rel}","templated":true}]}}