{"id":38219,"date":"2016-09-25T23:28:31","date_gmt":"2016-09-25T23:28:31","guid":{"rendered":"https:\/\/www.myaquastore.com\/product\/2w-300l-h-aquarium-multifunktions-tauchpumpen-sunsun-hj-411\/"},"modified":"2025-03-16T08:54:23","modified_gmt":"2025-03-16T08:54:23","slug":"2w-300l-h-aquarium-multifunktions-tauchpumpen-sunsun-hj-411","status":"publish","type":"product","link":"https:\/\/www.myaquastore.com\/de\/produkt\/2w-300l-h-aquarium-multifunktions-tauchpumpen-sunsun-hj-411\/","title":{"rendered":"2W 300L\/h Aquarium Multifunktions-Tauchpumpen sunsun HJ-411"},"content":{"rendered":"<div style=\"clear:both\"><\/div>\n<p style=\"text-align:center\"><span style=\"font-size:24px;font-family:arial, helvetica, sans-serif\"><strong><span style=\"color:#000000\">2W 300L\/h Aquarium Multifunktions-Tauchpumpen sunsun<\/span><\/strong><\/span><\/p>\n<div id=\"ali-anchor-AliPostDhMb-vnwni\" style=\"padding-top:8px\" data-section-title=\"Produktbeschreibung\" data-section=\"AliPostDhMb-vnwni\">\n<div id=\"ali-title-AliPostDhMb-vnwni\" style=\"border-bottom:#ddd 1px solid;padding-bottom:8px;padding-top:8px;padding-left:0px;padding-right:0px\"><span style=\"font-weight:bold;color:#333;padding-bottom:8px;padding-top:8px;padding-left:10px;line-height:12px;padding-right:10px;background-color:#ddd\">Produktbeschreibung<\/span><\/div>\n<div style=\"padding-bottom:10px;padding-top:10px;padding-left:0px;padding-right:0px\">\n<\/div>\n<\/div>\n<p style=\"text-align:center\">\n<table class=\"aliDataTable\" style=\"height:300px;width:598px\" cellspacing=\"0\" cellpadding=\"0\" border=\"1\">\n<tbody>\n<tr style=\"height:15.6pt\" align=\"left\">\n<td style=\"width:197.25pt\" valign=\"top\">\n<p><span style=\"font-size:16px;font-family:arial, helvetica, sans-serif\">1.Item<\/span><\/p>\n<\/td>\n<td style=\"width:197.05pt\" valign=\"top\">\n<p><span style=\"font-size:16px;font-family:arial, helvetica, sans-serif\">SUNSUN Multifunktions-Aquariumwasserpumpe<\/span><\/p>\n<\/td>\n<\/tr>\n<tr style=\"height:15.6pt\" align=\"left\">\n<td style=\"width:197.25pt\" valign=\"top\">\n<p><span style=\"font-size:16px;font-family:arial, helvetica, sans-serif\">2.Model<\/span><\/p>\n<\/td>\n<td style=\"width:197.05pt\" valign=\"top\">\n<p><span style=\"font-size:16px;font-family:arial, helvetica, sans-serif\">HJ-411<\/span><\/p>\n<\/td>\n<\/tr>\n<tr style=\"height:15.6pt\" align=\"left\">\n<td style=\"width:197.25pt\" valign=\"top\">\n<p><span style=\"font-size:16px;font-family:arial, helvetica, sans-serif\">3.Voltage<\/span><\/p>\n<\/td>\n<td style=\"width:197.05pt\" valign=\"top\">\n<p><span style=\"font-size:16px;font-family:arial, helvetica, sans-serif\">110V\/220V\/240V<\/span><\/p>\n<\/td>\n<\/tr>\n<tr style=\"height:16.35pt\" align=\"left\">\n<td valign=\"top\">\n<p><span style=\"font-size:16px;font-family:arial, helvetica, sans-serif\">4.Frequency<\/span><\/p>\n<\/td>\n<td valign=\"top\">\n<p><span style=\"font-size:16px;font-family:arial, helvetica, sans-serif\">50Hz\/60Hz<\/span><\/p>\n<\/td>\n<\/tr>\n<tr style=\"height:15.6pt\" align=\"left\">\n<td valign=\"top\">\n<p><span style=\"font-size:16px;font-family:arial, helvetica, sans-serif\">5.Power<\/span><\/p>\n<\/td>\n<td valign=\"top\">\n<p><span style=\"font-size:16px;font-family:arial, helvetica, sans-serif\">2W<\/span><\/p>\n<\/td>\n<\/tr>\n<tr style=\"height:16.35pt\" align=\"left\">\n<td valign=\"top\">\n<p><span style=\"font-size:16px;font-family:arial, helvetica, sans-serif\">6.Output<\/span><\/p>\n<\/td>\n<td valign=\"top\">\n<p><span style=\"font-size:16px;font-family:arial, helvetica, sans-serif\">300L\/h<\/span><\/p>\n<\/td>\n<\/tr>\n<tr style=\"height:15.6pt\" align=\"left\">\n<td valign=\"top\">\n<p><span style=\"font-size:16px;font-family:arial, helvetica, sans-serif\">7.Weight<\/span><\/p>\n<\/td>\n<td valign=\"top\">\n<p><span style=\"font-size:16px;font-family:arial, helvetica, sans-serif\">0,1 kg<\/span><\/p>\n<\/td>\n<\/tr>\n<tr style=\"height:16.35pt\" align=\"left\">\n<td valign=\"top\">\n<p><span style=\"font-size:16px;font-family:arial, helvetica, sans-serif\">8.Dimensions<\/span><\/p>\n<\/td>\n<td valign=\"top\">\n<p><span style=\"font-size:16px;font-family:arial, helvetica, sans-serif\">50*44*36mm<\/span><\/p>\n<\/td>\n<\/tr>\n<tr style=\"height:16.35pt\" align=\"left\">\n<td valign=\"top\">\n<p><span style=\"font-size:16px;font-family:arial, helvetica, sans-serif\">9.H-max<\/span><\/p>\n<\/td>\n<td valign=\"top\">\n<p><span style=\"font-size:16px;font-family:arial, helvetica, sans-serif\">0,6m<\/span><\/p>\n<\/td>\n<\/tr>\n<tr style=\"height:17,25pt\" align=\"left\">\n<td valign=\"top\">\n<p><span style=\"font-size:16px;font-family:arial, helvetica, sans-serif\">10.Brand<\/span><\/p>\n<\/td>\n<td valign=\"top\">\n<p><span style=\"font-size:16px;font-family:arial, helvetica, sans-serif\">SUNSUN<\/span><\/p>\n<\/td>\n<\/tr>\n<tr style=\"height:15pt\" align=\"left\">\n<td valign=\"top\">\n<p><span style=\"font-size:16px;font-family:arial, helvetica, sans-serif\">11.Qualit\u00e4t<\/span><\/p>\n<\/td>\n<td valign=\"top\">\n<p><span style=\"font-size:16px;font-family:arial, helvetica, sans-serif\">Beste Qualit\u00e4t; <br \/><\/span><\/p>\n<p align=\"left\"><span style=\"font-size:16px;font-family:arial, helvetica, sans-serif\">Chinas gr\u00f6\u00dfter Anbieter von Wassersportausr\u00fcstung<\/span><\/p>\n<\/td>\n<\/tr>\n<tr style=\"height:4.6pt\" align=\"left\">\n<td valign=\"top\">\n<p><span style=\"font-size:16px;font-family:arial, helvetica, sans-serif\">12.Sell Point <\/span><\/p>\n<\/td>\n<td valign=\"top\">\n<p><span style=\"font-size:16px;font-family:arial, helvetica, sans-serif\">China bekannte Marke; sicher und zuverl\u00e4ssig <\/span><\/p>\n<\/td>\n<\/tr>\n<\/tbody>\n<\/table>\n<p> <img loading=\"lazy\" decoding=\"async\" alt=\"2W 300L\/h Aquarium Multifunktions-Tauchpumpen sunsun\" src=\"http:\/\/localhost\/media\/import\/detail\/532797896_990.jpg\" width=\"596\" height=\"363\"><\/p>\n<p style=\"text-align:center\"><span style=\"font-size:18px;color:#000000;text-decoration:underline;background-color:#ffff00\"><span style=\"font-family:'Verdana';text-decoration:underline\">Entworfen f\u00fcr <\/span><span style=\"font-family:'Verdana';text-decoration:underline\">untergetaucht<\/span><span style=\"font-family:'Verdana';text-decoration:underline\"> nur verwenden<\/span><\/span><\/p>\n<p style=\"text-align:center\"><span style=\"font-size:18px;color:#000000;background-color:#ffff00\"> <\/span><\/p>\n<p style=\"text-align:center\"><span style=\"font-size:18px;background-color:#ffff00\"><strong><em><span style=\"font-family:arial, helvetica, sans-serif\">Der Pumpenmotor ist hocheffizient, energiesparend und ger\u00e4uscharm, <span style=\"font-family:Arial\">bequem zu bedienen<\/span> <\/span><\/em><\/strong><\/span><\/p>\n<\/p>\n<p><span style=\"font-size:18px;color:#000000;background-color:#ffff00\">Multifunktions-Tauchfilterpumpe f\u00fcr Aquarien:<\/span><\/p>\n<\/p>\n<p><span style=\"font-size:16px\">1.Es verwendet einen hochfesten, verschlei\u00dffesten Wellenkern und ist hocheffizient Energiesparend und lange Lebensdauer<\/span><\/p>\n<p><span style=\"font-size:16px\">2.Es ist gut wasserdicht, hat eine hohe Spannungsfestigkeit, ist sicher und zuverl\u00e4ssig<\/span><\/p>\n<p><span style=\"font-size:16px\">3.Es ist mit einem Zentrifugallaufrad ausgestattet, hat einen hohen Durchfluss und einen hohen Druck<\/span><\/p>\n<p><span style=\"font-size:16px\">4.Es hat verschiedene Funktionen als Pumpe, Filter und Sauerstoff<\/span><\/p>\n<p><span style=\"font-size:16px\">5. Auf <span style=\"color:#ff0000\">Aquarien, Steing\u00e4rten, Teiche <\/span>geeignete Wasserzirkulationsger\u00e4te anwenden.<\/span><\/p>\n<\/p>\n<p><span style=\"font-size:18px;font-family:arial, helvetica, sans-serif;color:#000000;background-color:#ffff00\"> Andere Multifunktions-Aquarium-Wasserpumpe als Referenz <\/span><\/p>\n<p><img loading=\"lazy\" decoding=\"async\" alt=\"2W 300L\/h Aquarium-Multifunktions-Tauchpumpen sunsun\" src=\"http:\/\/localhost\/media\/import\/detail\/532840539_067.jpg\" width=\"694\" height=\"258\"><\/p>\n<p><img decoding=\"async\" alt=\"2W 300L\/h Aquarium Multifunktions-Tauchpumpen sunsun\" src=\"http:\/\/localhost\/media\/import\/detail\/532839344_192.jpg\"><\/p>\n<p><img decoding=\"async\" alt=\"2W 300L\/h Aquarium Multifunktions-Tauchpumpen sunsun\" src=\"http:\/\/localhost\/media\/import\/detail\/532811141_561.jpg\"><\/p>\n<p><img decoding=\"async\" alt=\"2W 300L\/h Aquarium Multifunktions-Tauchpumpen sunsun\" src=\"http:\/\/localhost\/media\/import\/detail\/532796249_092.jpg\"><img decoding=\"async\" alt=\"2W 300L\/h Aquarium Multifunktions-Tauchpumpen sunsun\" src=\"http:\/\/localhost\/media\/import\/detail\/532796250_550.jpg\"><img decoding=\"async\" alt=\"2W 300L\/h Aquarium Multifunktions-Tauchpumpen sunsun\" src=\"http:\/\/localhost\/media\/import\/detail\/532796252_154.jpg\"><img decoding=\"async\" alt=\"2W 300L\/h Aquarium Multifunktions-Tauchpumpen sunsun\" src=\"http:\/\/localhost\/media\/import\/detail\/532796254_281.jpg\"><\/p>\n<\/p>\n<p style=\"text-align:center\">\n<div id=\"ali-anchor-AliPostDhMb-cljcr\" style=\"padding-top:8px\" data-section-title=\"Unternehmensinformationen\" data-section=\"AliPostDhMb-cljcr\">\n<p style=\"text-align:center\"><span style=\"font-size:24pt;color:#ff0000;font-style:italic\"><\/span><\/p>\n<div style=\"clear:both\"><\/div>\n<\/div>\n","protected":false},"excerpt":{"rendered":"<p>2W 300L\/h Aquarium Multifunktions-Tauchpumpen sunsun HJ-411<\/p>\n","protected":false},"featured_media":5558,"comment_status":"open","ping_status":"closed","template":"","meta":[],"product_brand":[],"product_cat":[1377],"product_tag":[],"class_list":{"0":"post-38219","1":"product","2":"type-product","3":"status-publish","4":"has-post-thumbnail","6":"product_cat-wasserpumpen-kraftkopfe","8":"first","9":"instock","10":"shipping-taxable","11":"purchasable","12":"product-type-simple"},"_links":{"self":[{"href":"https:\/\/www.myaquastore.com\/de\/wp-json\/wp\/v2\/product\/38219","targetHints":{"allow":["GET"]}}],"collection":[{"href":"https:\/\/www.myaquastore.com\/de\/wp-json\/wp\/v2\/product"}],"about":[{"href":"https:\/\/www.myaquastore.com\/de\/wp-json\/wp\/v2\/types\/product"}],"replies":[{"embeddable":true,"href":"https:\/\/www.myaquastore.com\/de\/wp-json\/wp\/v2\/comments?post=38219"}],"wp:featuredmedia":[{"embeddable":true,"href":"https:\/\/www.myaquastore.com\/de\/wp-json\/wp\/v2\/media\/5558"}],"wp:attachment":[{"href":"https:\/\/www.myaquastore.com\/de\/wp-json\/wp\/v2\/media?parent=38219"}],"wp:term":[{"taxonomy":"product_brand","embeddable":true,"href":"https:\/\/www.myaquastore.com\/de\/wp-json\/wp\/v2\/product_brand?post=38219"},{"taxonomy":"product_cat","embeddable":true,"href":"https:\/\/www.myaquastore.com\/de\/wp-json\/wp\/v2\/product_cat?post=38219"},{"taxonomy":"product_tag","embeddable":true,"href":"https:\/\/www.myaquastore.com\/de\/wp-json\/wp\/v2\/product_tag?post=38219"}],"curies":[{"name":"wp","href":"https:\/\/api.w.org\/{rel}","templated":true}]}}