{"id":38220,"date":"2016-09-25T23:28:31","date_gmt":"2016-09-25T23:28:31","guid":{"rendered":"https:\/\/www.myaquastore.com\/product\/sunsun-2w-300l-h-aquarium-wasserpumpe-fur-aquarium-hj-311\/"},"modified":"2025-03-16T08:54:23","modified_gmt":"2025-03-16T08:54:23","slug":"sunsun-2w-300l-h-aquarium-wasserpumpe-fur-aquarium-hj-311","status":"publish","type":"product","link":"https:\/\/www.myaquastore.com\/de\/produkt\/sunsun-2w-300l-h-aquarium-wasserpumpe-fur-aquarium-hj-311\/","title":{"rendered":"SUNSUN 2W 300L\/h Aquarium Wasserpumpe f\u00fcr Aquarium HJ-311"},"content":{"rendered":"<div style=\"clear:both\"><\/div>\n<p><span style=\"font-size:24px;color:#ff0000\">SUNSUN 2W 300L\/h Aquarium Wasserpumpe f\u00fcr Aquarium <\/span><\/p>\n<table class=\"aliDataTable\" style=\"height:300px;width:598px\" cellspacing=\"0\" cellpadding=\"0\" border=\"1\">\n<tbody>\n<tr style=\"height:15.6pt\" align=\"left\">\n<td style=\"width:197.25pt\" valign=\"top\">\n<p><span style=\"font-size:12pt\">1.Item<\/span><\/p>\n<\/td>\n<td style=\"width:197.05pt\" valign=\"top\">\n<p><span style=\"font-size:12pt\">SUNSUN Multifunktions-Aquariumwasserpumpe<\/span><\/p>\n<\/td>\n<\/tr>\n<tr style=\"height:15.6pt\" align=\"left\">\n<td style=\"width:197.25pt\" valign=\"top\">\n<p><span style=\"font-size:12pt\">2.Modell<\/span><\/p>\n<\/td>\n<td style=\"width:197.05pt\" valign=\"top\">\n<p><span style=\"font-size:12pt\">HJ-311<\/span><\/p>\n<\/td>\n<\/tr>\n<tr style=\"height:15.6pt\" align=\"left\">\n<td style=\"width:197.25pt\" valign=\"top\">\n<p><span style=\"font-size:12pt\">3.Voltage<\/span><\/p>\n<\/td>\n<td style=\"width:197.05pt\" valign=\"top\">\n<p><span style=\"font-size:12pt\">110V\/220V\/240V<\/span><\/p>\n<\/td>\n<\/tr>\n<tr style=\"height:16.35pt\" align=\"left\">\n<td valign=\"top\">\n<p><span style=\"font-size:12pt\">4.Frequency<\/span><\/p>\n<\/td>\n<td valign=\"top\">\n<p><span style=\"font-size:12pt\">50Hz\/60Hz<\/span><\/p>\n<\/td>\n<\/tr>\n<tr style=\"height:15.6pt\" align=\"left\">\n<td valign=\"top\">\n<p><span style=\"font-size:12pt\">5.Power<\/span><\/p>\n<\/td>\n<td valign=\"top\">\n<p><span style=\"font-size:12pt\">2W<\/span><\/p>\n<\/td>\n<\/tr>\n<tr style=\"height:16.35pt\" align=\"left\">\n<td valign=\"top\">\n<p><span style=\"font-size:12pt\">6.Output<\/span><\/p>\n<\/td>\n<td valign=\"top\">\n<p><span style=\"font-size:12pt\">300L<\/span><span style=\"font-size:12pt\">\/h<\/span><\/p>\n<\/td>\n<\/tr>\n<tr style=\"height:15.6pt\" align=\"left\">\n<td valign=\"top\">\n<p><span style=\"font-size:12pt\">7.Gewicht<\/span><\/p>\n<\/td>\n<td valign=\"top\">\n<p><span style=\"font-size:12pt\">0,1 kg<\/span><\/p>\n<\/td>\n<\/tr>\n<tr style=\"height:16.35pt\" align=\"left\">\n<td valign=\"top\">\n<p><span style=\"font-size:12pt\">8.Abmessungen<\/span><\/p>\n<\/td>\n<td valign=\"top\">\n<p><span style=\"font-size:12pt\">50*44*36mm<\/span><\/p>\n<\/td>\n<\/tr>\n<tr style=\"height:16.35pt\" align=\"left\">\n<td valign=\"top\">\n<p><span style=\"font-size:12pt\">9,H-max<\/span><\/p>\n<\/td>\n<td valign=\"top\">\n<p><span style=\"font-size:12pt\">0,6m<\/span><\/p>\n<\/td>\n<\/tr>\n<tr style=\"height:17,25pt\" align=\"left\">\n<td valign=\"top\">\n<p><span style=\"font-size:12pt\">10.Brand<\/span><\/p>\n<\/td>\n<td valign=\"top\">\n<p><span style=\"font-size:12pt\">SUNSUN<\/span><\/p>\n<\/td>\n<\/tr>\n<tr style=\"height:15pt\" align=\"left\">\n<td valign=\"top\">\n<p><span style=\"font-size:16px\">11.Qualit\u00e4t<\/span><\/p>\n<\/td>\n<td valign=\"top\">\n<p><span style=\"font-size:16px\">Beste Qualit\u00e4t; <br \/><\/span><\/p>\n<p align=\"left\"><span style=\"font-size:16px\">Chinas gr\u00f6\u00dfter Anbieter von Wassersportausr\u00fcstung<\/span><\/p>\n<\/td>\n<\/tr>\n<tr style=\"height:4.6pt\" align=\"left\">\n<td valign=\"top\">\n<p><span style=\"font-size:16px\">12.Sell Point <\/span><\/p>\n<\/td>\n<td valign=\"top\">\n<p><span style=\"font-size:16px\">China bekannte Marke; sicher und zuverl\u00e4ssig <\/span><\/p>\n<\/td>\n<\/tr>\n<\/tbody>\n<\/table>\n<p> <img loading=\"lazy\" decoding=\"async\" alt=\"SUNSUN 2W 300L\/h Aquarium Wasserpumpe f\u00fcr Aquarium\" src=\"http:\/\/localhost\/media\/import\/detail\/532797896_990.jpg\" width=\"596\" height=\"363\"><\/p>\n<p style=\"text-align:center\"><span style=\"font-size:18px;color:#000000;text-decoration:underline;background-color:#ffff00\"><span style=\"font-family:'Verdana';text-decoration:underline\">Entworfen f\u00fcr <\/span><span style=\"font-family:'Verdana';text-decoration:underline\">untergetaucht<\/span><span style=\"font-family:'Verdana';text-decoration:underline\"> nur verwenden<\/span><\/span><\/p>\n<p style=\"text-align:center\"><span style=\"font-size:18px;color:#000000;background-color:#ffff00\"> <\/span><\/p>\n<p style=\"text-align:center\"><span style=\"font-size:18px;background-color:#ffff00\"><strong><em><span style=\"font-family:arial, helvetica, sans-serif\">Der Pumpenmotor ist hocheffizient, energiesparend und ger\u00e4uscharm, <span style=\"font-family:Arial\">bequem zu bedienen<\/span> <\/span><\/em><\/strong><\/span><\/p>\n<\/p>\n<p><span style=\"font-size:24px;color:#ff0000\">Feature:<\/span><\/p>\n<p> <span style=\"font-size:16px\">1.Es verwendet einen hochfesten, verschlei\u00dffesten Wellenkern, hat eine hocheffiziente Energieeinsparung und eine lange Lebensdauer<\/span><\/p>\n<p><span style=\"font-size:16px\">2.Es ist wasserdicht, hat eine hohe dielektrische Festigkeit, ist sicher und zuverl\u00e4ssig<\/span><\/p>\n<p><span style=\"font-size:16px\">3.Es ist mit einem Zentrifugallaufrad ausgestattet, hat einen hohen Durchfluss und einen hohen Druck<\/span><\/p>\n<p><span style=\"font-size:16px\">4.Es hat verschiedene Funktionen wie Pumpen, Filter und Sauerstoff<\/span><\/p>\n<p><span style=\"font-size:16px\">5. Auf <span style=\"font-size:24px;color:#ff0000\">Aquarien, Steing\u00e4rten, Teiche <\/span>geeignete Wasserzirkulationsger\u00e4te anwenden.<\/span><\/p>\n<\/p>\n<p> <span style=\"font-size:24px;color:#ff0000\">Andere Multifunktions-Aquarium-Wasserpumpe f\u00fcr Ihr Aquarium Referenz<\/span> <\/p>\n<p><img loading=\"lazy\" decoding=\"async\" alt=\"SUNSUN 2W 300L\/h Aquarium-Wasserpumpe f\u00fcr Aquarium\" src=\"http:\/\/localhost\/media\/import\/detail\/532840539_067.jpg\" width=\"694\" height=\"258\"><\/p>\n<p><img decoding=\"async\" alt=\"SUNSUN 2W 300L\/h Aquarium-Wasserpumpe f\u00fcr Aquarium\" src=\"http:\/\/localhost\/media\/import\/detail\/532839344_192.jpg\"><\/p>\n<p><img decoding=\"async\" alt=\"SUNSUN 2W 300L\/h Aquarium-Wasserpumpe f\u00fcr Aquarium\" src=\"http:\/\/localhost\/media\/import\/detail\/532811141_561.jpg\"><\/p>\n<p><img decoding=\"async\" alt=\"SUNSUN 2W 300L\/h Aquarium Wasserpumpe F\u00fcr Aquarium Aquarium\" src=\"http:\/\/localhost\/media\/import\/detail\/532796249_092.jpg\"><img decoding=\"async\" alt=\"SUNSUN 2W 300L\/h Aquarium Wasserpumpe f\u00fcr Aquarium Aquarium\" src=\"http:\/\/localhost\/media\/import\/detail\/532796250_550.jpg\"><img decoding=\"async\" alt=\"SUNSUN 2W 300L\/h Aquarium Wasserpumpe f\u00fcr Aquarium\" src=\"http:\/\/localhost\/media\/import\/detail\/532796252_154.jpg\"><img decoding=\"async\" alt=\"SUNSUN 2W 300L\/h Aquarium-Wasserpumpe f\u00fcr Aquarium\" src=\"http:\/\/localhost\/media\/import\/detail\/532796254_281.jpg\"><\/p>\n<\/p>\n<p><p style=\"text-align:center\"><span style=\"font-size:24pt;color:#ff0000;font-style:italic\"><\/span><\/p><\/p>\n","protected":false},"excerpt":{"rendered":"<p>SUNSUN 2W 300L\/h Aquarium Wasserpumpe f\u00fcr Aquarium HJ-311<\/p>\n","protected":false},"featured_media":5560,"comment_status":"open","ping_status":"closed","template":"","meta":[],"product_brand":[],"product_cat":[1377],"product_tag":[],"class_list":{"0":"post-38220","1":"product","2":"type-product","3":"status-publish","4":"has-post-thumbnail","6":"product_cat-wasserpumpen-kraftkopfe","8":"first","9":"instock","10":"shipping-taxable","11":"purchasable","12":"product-type-simple"},"_links":{"self":[{"href":"https:\/\/www.myaquastore.com\/de\/wp-json\/wp\/v2\/product\/38220","targetHints":{"allow":["GET"]}}],"collection":[{"href":"https:\/\/www.myaquastore.com\/de\/wp-json\/wp\/v2\/product"}],"about":[{"href":"https:\/\/www.myaquastore.com\/de\/wp-json\/wp\/v2\/types\/product"}],"replies":[{"embeddable":true,"href":"https:\/\/www.myaquastore.com\/de\/wp-json\/wp\/v2\/comments?post=38220"}],"wp:featuredmedia":[{"embeddable":true,"href":"https:\/\/www.myaquastore.com\/de\/wp-json\/wp\/v2\/media\/5560"}],"wp:attachment":[{"href":"https:\/\/www.myaquastore.com\/de\/wp-json\/wp\/v2\/media?parent=38220"}],"wp:term":[{"taxonomy":"product_brand","embeddable":true,"href":"https:\/\/www.myaquastore.com\/de\/wp-json\/wp\/v2\/product_brand?post=38220"},{"taxonomy":"product_cat","embeddable":true,"href":"https:\/\/www.myaquastore.com\/de\/wp-json\/wp\/v2\/product_cat?post=38220"},{"taxonomy":"product_tag","embeddable":true,"href":"https:\/\/www.myaquastore.com\/de\/wp-json\/wp\/v2\/product_tag?post=38220"}],"curies":[{"name":"wp","href":"https:\/\/api.w.org\/{rel}","templated":true}]}}