{"id":38222,"date":"2016-09-25T23:28:31","date_gmt":"2016-09-25T23:28:31","guid":{"rendered":"https:\/\/www.myaquastore.com\/product\/sunsun-1000l-h-energiesparende-tauchpumpe-fur-aquarien-hj-1101\/"},"modified":"2025-03-16T08:54:24","modified_gmt":"2025-03-16T08:54:24","slug":"sunsun-1000l-h-energiesparende-tauchpumpe-fur-aquarien-hj-1101","status":"publish","type":"product","link":"https:\/\/www.myaquastore.com\/de\/produkt\/sunsun-1000l-h-energiesparende-tauchpumpe-fur-aquarien-hj-1101\/","title":{"rendered":"SUNSUN 1000L\/h Energiesparende Tauchpumpe f\u00fcr Aquarien HJ-1101"},"content":{"rendered":"<div style=\"clear:both\"><\/div>\n<p><span style=\"font-size:24px;color:#ff0000\"><span style=\"color:#003366\"><strong><span style=\"font-size:16px\">SUNSUN 1000L\/h Energiesparende Tauchpumpe f\u00fcr Aquarien HJ-1101<\/span><\/strong><\/span> <\/span><\/p>\n<table class=\"aliDataTable\" style=\"height:300px;width:598px\" cellspacing=\"0\" cellpadding=\"0\" border=\"1\">\n<tbody>\n<tr style=\"height:15.6pt\" align=\"left\">\n<td style=\"width:197.25pt\" valign=\"top\">\n<p><span style=\"font-size:12px\">1.Item<\/span><\/p>\n<\/td>\n<td style=\"width:197.05pt\" valign=\"top\">\n<p>Tauchpumpen f\u00fcr Aquarien<\/p>\n<\/td>\n<\/tr>\n<tr style=\"height:15.6pt\" align=\"left\">\n<td style=\"width:197.25pt\" valign=\"top\">\n<p><span style=\"font-size:12px\">2.Model<\/span><\/p>\n<\/td>\n<td style=\"width:197.05pt\" valign=\"top\">\n<p><span style=\"font-size:12px\">HJ-1101<\/span><\/p>\n<\/td>\n<\/tr>\n<tr style=\"height:15.6pt\" align=\"left\">\n<td style=\"width:197.25pt\" valign=\"top\">\n<p><span style=\"font-size:12px\">3.Voltage<\/span><\/p>\n<\/td>\n<td style=\"width:197.05pt\" valign=\"top\">\n<p><span style=\"font-size:12px\">110V\/220V\/240V<\/span><\/p>\n<\/td>\n<\/tr>\n<tr style=\"height:16.35pt\" align=\"left\">\n<td valign=\"top\">\n<p><span style=\"font-size:12px\">4.Frequency<\/span><\/p>\n<\/td>\n<td valign=\"top\">\n<p><span style=\"font-size:12px\">50Hz\/60Hz<\/span><\/p>\n<\/td>\n<\/tr>\n<tr style=\"height:15.6pt\" align=\"left\">\n<td valign=\"top\">\n<p><span style=\"font-size:12px\">5.Power<\/span><\/p>\n<\/td>\n<td valign=\"top\">\n<p><span style=\"font-size:12px\">18W<\/span><\/p>\n<\/td>\n<\/tr>\n<tr style=\"height:16.35pt\" align=\"left\">\n<td valign=\"top\">\n<p><span style=\"font-size:12px\">6.Output<\/span><\/p>\n<\/td>\n<td valign=\"top\">\n<p><span style=\"font-size:12px\">1000L\/h<\/span><\/p>\n<\/td>\n<\/tr>\n<tr style=\"height:15.6pt\" align=\"left\">\n<td valign=\"top\">\n<p><span style=\"font-size:12px\">7.Gewicht<\/span><\/p>\n<\/td>\n<td valign=\"top\">\n<p><span style=\"font-size:12px\">0,8 kg<\/span><\/p>\n<\/td>\n<\/tr>\n<tr style=\"height:16.35pt\" align=\"left\">\n<td valign=\"top\">\n<p><span style=\"font-size:12px\">8.Abmessungen<\/span><\/p>\n<\/td>\n<td valign=\"top\">\n<p><span style=\"font-size:12px\">88*88*85mm<\/span><\/p>\n<\/td>\n<\/tr>\n<tr style=\"height:16.35pt\" align=\"left\">\n<td valign=\"top\">\n<p><span style=\"font-size:12px\">9.H-max<\/span><\/p>\n<\/td>\n<td valign=\"top\">\n<p><span style=\"font-size:12px\">1,5m<\/span><\/p>\n<\/td>\n<\/tr>\n<tr style=\"height:17.25pt\" align=\"left\">\n<td valign=\"top\">\n<p><span style=\"font-size:12px\">10.Brand<\/span><\/p>\n<\/td>\n<td valign=\"top\">\n<p><span style=\"font-size:12px\">SUNSUN<\/span><\/p>\n<\/td>\n<\/tr>\n<tr style=\"height:15pt\" align=\"left\">\n<td valign=\"top\">\n<p><span style=\"font-size:12px\">11.Quality<\/span><\/p>\n<\/td>\n<td valign=\"top\">\n<p><span style=\"font-size:12px\">Beste Qualit\u00e4t; <br \/><\/span><\/p>\n<p align=\"left\"><span style=\"font-size:12px\">Chinas gr\u00f6\u00dfter Anbieter von Wassersportausr\u00fcstung<\/span><\/p>\n<\/td>\n<\/tr>\n<tr style=\"height:4.6pt\" align=\"left\">\n<td valign=\"top\">\n<p><span style=\"font-size:12px\">12.Sell Point <\/span><\/p>\n<\/td>\n<td valign=\"top\">\n<p><span style=\"font-size:12px\">China bekannte Marke; sicher und zuverl\u00e4ssig <\/span><\/p>\n<\/td>\n<\/tr>\n<\/tbody>\n<\/table>\n<p> <img loading=\"lazy\" decoding=\"async\" alt=\"SUNSUN 1000L\/h Energiesparende Tauchpumpe f\u00fcr Aquarien HJ-1101\" src=\"http:\/\/localhost\/media\/import\/detail\/532797896_990.jpg\" width=\"596\" height=\"363\"><\/p>\n<p><span style=\"font-size:14px;font-family:arial,helvetica,sans-serif;color:#000000;text-decoration:underline\"><span style=\"text-decoration:underline\">Entworfen f\u00fcr <\/span><span style=\"text-decoration:underline\">untergetaucht<\/span><span style=\"text-decoration:underline\"> nur verwenden<\/span><\/span><\/p>\n<\/p>\n<p><span style=\"font-size:14px\"><span style=\"font-family:arial, helvetica, sans-serif\">Der Pumpenmotor ist hocheffizient, energiesparend und ger\u00e4uscharm, c<span style=\"font-family:Arial\">bequem zu verwenden<\/span> <\/span><\/span><\/p>\n<p><img decoding=\"async\" alt=\"SUNSUN 1000L\/h Energiesparende Tauchpumpe f\u00fcr Aquarien HJ-1101\" src=\"http:\/\/localhost\/media\/import\/detail\/798618819_564.jpg\"><\/p>\n<\/p>\n<p><span style=\"color:#003366\"><strong><span style=\"font-size:14px;background-color:#c0c0c0\">Eigenschaften <\/span><\/strong><\/span><\/p>\n<p><span style=\"font-size:12px\">1.Es verwendet einen hochfesten, verschlei\u00dffesten Wellenkern und ist hocheffizient Energiesparend und lange Lebensdauer<\/span><\/p>\n<p><span style=\"font-size:12px\">2.Es ist gut wasserdicht, hat eine hohe Spannungsfestigkeit, ist sicher und zuverl\u00e4ssig<\/span><\/p>\n<p><span style=\"font-size:12px\">3.Es ist mit einem Zentrifugallaufrad ausgestattet, hat einen hohen Durchfluss und einen hohen Druck<\/span><\/p>\n<p><span style=\"font-size:12px\">4.Es hat verschiedene Funktionen als Pumpe, Filter und Sauerstoff<\/span><\/p>\n<p><span style=\"font-size:12px\">5. Auf <span style=\"color:#ff0000\">Aquarien, Steing\u00e4rten, Teiche <\/span>geeignete Wasserzirkulationsger\u00e4te anwenden.<\/span> <\/p>\n<\/p>\n<p><span style=\"font-size:14px;color:#003366\"><strong><span style=\"background-color:#c0c0c0\"> Parameter f\u00fcr multifunktionale Aquarienwasserpumpen <\/span><\/strong><\/span><\/p>\n<table class=\"aliDataTable ke-zeroborder\" style=\"width:666px\" cellpadding=\"0\" border=\"0\">\n<tbody>\n<tr align=\"left\">\n<td width=\"69\">MODELL<\/td>\n<td width=\"126\">SPANNUNG<\/td>\n<td width=\"92\">FREQUENZ<\/td>\n<td width=\"66\">LEISTUNG<\/td>\n<td width=\"60\">H-MAX<\/td>\n<td width=\"81\">AUSGABE<\/td>\n<td width=\"65\">GEWICHT<\/td>\n<td width=\"107\">ABMESSUNGEN<\/td>\n<\/tr>\n<tr align=\"left\">\n<td><span style=\"color:#000000\">HJ-501<\/span><\/td>\n<td><span style=\"color:#000000\">110V\/220V\/240V<\/span><\/td>\n<td><span style=\"color:#000000\">50Hz\/60Hz<\/span><\/td>\n<td><span style=\"color:#000000\">5W<\/span><\/td>\n<td><span style=\"color:#000000\">0,6 m<\/span><\/td>\n<td><span style=\"color:#000000\">250 l\/h<\/span><\/td>\n<td><span style=\"color:#000000\">0,21 kg<\/span><\/td>\n<td><span style=\"color:#000000\">54x65x58mm<\/span><\/td>\n<\/tr>\n<tr align=\"left\">\n<td><span style=\"color:#000000\">HJ-701<\/span><\/td>\n<td><span style=\"color:#000000\">110V\/220V\/240V<\/span><\/td>\n<td><span style=\"color:#000000\">50Hz\/60Hz<\/span><\/td>\n<td><span style=\"color:#000000\">8W<\/span><\/td>\n<td><span style=\"color:#000000\">0,9m<\/span><\/td>\n<td><span style=\"color:#000000\">500L\/h<\/span><\/td>\n<td><span style=\"color:#000000\">0,4kg<\/span><\/td>\n<td><span style=\"color:#000000\">70x71x70mm<\/span><\/td>\n<\/tr>\n<tr align=\"left\">\n<td>HJ-901<\/td>\n<td>110V\/220V\/240V<\/td>\n<td>50Hz\/60Hz<\/td>\n<td>12 B<\/td>\n<td>1,2m<\/td>\n<td>800L\/h<\/td>\n<td>0,5kg<\/td>\n<td>80x79x75mm<\/td>\n<\/tr>\n<tr align=\"left\">\n<td><span style=\"color:#ff0000\">HJ-1101<\/span><\/td>\n<td><span style=\"color:#ff0000\">110V\/220V\/240V<\/span><\/td>\n<td><span style=\"color:#ff0000\">50Hz\/60Hz<\/span><\/td>\n<td><span style=\"color:#ff0000\">18W<\/span><\/td>\n<td><span style=\"color:#ff0000\">1,5m<\/span><\/td>\n<td><span style=\"color:#ff0000\">1000L\/h<\/span><\/td>\n<td><span style=\"color:#ff0000\">0,8kg<\/span><\/td>\n<td><span style=\"color:#ff0000\">88x88x85mm<\/span><\/td>\n<\/tr>\n<tr align=\"left\">\n<td>HJ-1501<\/td>\n<td>110V\/220V\/240V<\/td>\n<td>50Hz\/60Hz<\/td>\n<td>35W <\/td>\n<td>2,4m<\/td>\n<td>1350L\/h<\/td>\n<td>1,4kg<\/td>\n<td>105x126x110mm<\/td>\n<\/tr>\n<tr align=\"left\">\n<td>HJ-3701<\/td>\n<td>110V\/220V\/240V<\/td>\n<td>50Hz\/60Hz<\/td>\n<td>100W <\/td>\n<td>4,0m<\/td>\n<td>2500L\/h<\/td>\n<td>2,7kg<\/td>\n<td>141x139x137mm<\/td>\n<\/tr>\n<tr align=\"left\">\n<td>HJ-901B<\/td>\n<td>110V\/220V\/240V<\/td>\n<td>50Hz\/60Hz<\/td>\n<td>15 B<\/td>\n<td>1,3m<\/td>\n<td>1000L\/h<\/td>\n<td>0,4kg<\/td>\n<td>96x73x108mm<\/td>\n<\/tr>\n<tr align=\"left\">\n<td>HJ-901C<\/td>\n<td>110V\/220V\/240V<\/td>\n<td>50Hz\/60Hz<\/td>\n<td>15W<\/td>\n<p>1,3m<\/td>\n<td>1000L\/h<\/td>\n<td>0,4kg<\/td>\n<td>96x73x108mm<\/td>\n<\/tr>\n<\/tbody>\n<\/table>\n<div style=\"clear:both\"><\/div>\n<p><span style=\"background-color:#c0c0c0;color:#003366\"><strong><\/strong><\/span><\/p>\n","protected":false},"excerpt":{"rendered":"<p>SUNSUN 1000L\/h Energiesparende Tauchpumpe f\u00fcr Aquarien HJ-1101<\/p>\n","protected":false},"featured_media":5564,"comment_status":"open","ping_status":"closed","template":"","meta":[],"product_brand":[],"product_cat":[1377],"product_tag":[],"class_list":{"0":"post-38222","1":"product","2":"type-product","3":"status-publish","4":"has-post-thumbnail","6":"product_cat-wasserpumpen-kraftkopfe","8":"first","9":"instock","10":"shipping-taxable","11":"purchasable","12":"product-type-simple"},"_links":{"self":[{"href":"https:\/\/www.myaquastore.com\/de\/wp-json\/wp\/v2\/product\/38222","targetHints":{"allow":["GET"]}}],"collection":[{"href":"https:\/\/www.myaquastore.com\/de\/wp-json\/wp\/v2\/product"}],"about":[{"href":"https:\/\/www.myaquastore.com\/de\/wp-json\/wp\/v2\/types\/product"}],"replies":[{"embeddable":true,"href":"https:\/\/www.myaquastore.com\/de\/wp-json\/wp\/v2\/comments?post=38222"}],"wp:featuredmedia":[{"embeddable":true,"href":"https:\/\/www.myaquastore.com\/de\/wp-json\/wp\/v2\/media\/5564"}],"wp:attachment":[{"href":"https:\/\/www.myaquastore.com\/de\/wp-json\/wp\/v2\/media?parent=38222"}],"wp:term":[{"taxonomy":"product_brand","embeddable":true,"href":"https:\/\/www.myaquastore.com\/de\/wp-json\/wp\/v2\/product_brand?post=38222"},{"taxonomy":"product_cat","embeddable":true,"href":"https:\/\/www.myaquastore.com\/de\/wp-json\/wp\/v2\/product_cat?post=38222"},{"taxonomy":"product_tag","embeddable":true,"href":"https:\/\/www.myaquastore.com\/de\/wp-json\/wp\/v2\/product_tag?post=38222"}],"curies":[{"name":"wp","href":"https:\/\/api.w.org\/{rel}","templated":true}]}}