{"id":38242,"date":"2016-09-25T23:28:31","date_gmt":"2016-09-25T23:28:31","guid":{"rendered":"https:\/\/www.myaquastore.com\/product\/eco-big-flow-superleise-gartenteich-springbrunnenpumpe-cep-5000-pond\/"},"modified":"2025-03-16T08:54:29","modified_gmt":"2025-03-16T08:54:29","slug":"eco-big-flow-superleise-gartenteich-springbrunnenpumpe-cep-5000-pond","status":"publish","type":"product","link":"https:\/\/www.myaquastore.com\/de\/produkt\/eco-big-flow-superleise-gartenteich-springbrunnenpumpe-cep-5000-pond\/","title":{"rendered":"ECO Big Flow superleise Gartenteich-Springbrunnenpumpe CEP-5000 Pond"},"content":{"rendered":"<div style=\"clear:both\"><\/div>\n<p style=\"text-align:center\">\n<p style=\"text-align:center\"><span style=\"font-family:times new roman,times\"><strong><span style=\"font-size:24pt;color:black\">SunSun ECO Big Flow superleise Gartenteich-Brunnenpumpe zur Herstellung wundersch\u00f6ner Wasserfont\u00e4nen 30 W 5000 l\/h<\/span><\/strong><\/span><\/p>\n<p><span style=\"font-family:times new roman,times\"><strong><span style=\"font-size:11pt\">Hochleistungs-Gartenteich<span style=\"font-family:times new roman,times\"><strong><span style=\"font-size:11pt\">Wasser<\/span><\/strong><\/span> Pumpen f\u00fcr alle Teiche.<\/span><\/strong><\/span><\/p>\n<p><span style=\"font-size:11pt;font-family:times new roman,times\">Wenn Sie auf der Suche nach wartungsarmen Teichbrunnenpumpen sind, k\u00f6nnen wir Ihnen helfen. Egal, ob Sie bei Null anfangen oder alte Teichbrunnenpumpen ersetzen, wir sind \u00fcberzeugt, dass wir die richtigen Produkte f\u00fcr Sie haben. Starten Sie JETZT Ihre Suche nach guten <span style=\"font-size:11pt;font-family:times new roman,times\">Springbrunnenpumpen<\/span> in Ihrer Preisklasse.<\/span><\/p>\n<div style=\"height:auto;margin-top:15px\"> <\/div>\n<div id=\"ali-anchor-AliPostDhMb-r80g3\" style=\"padding-top:8px\" data-section-title=\"Kauftipps\" data-section=\"AliPostDhMb-r80g3\">\n<div id=\"ali-title-AliPostDhMb-r80g3\" style=\"border-bottom:#ddd 1px solid;padding-bottom:8px;padding-top:8px;padding-left:0px;padding-right:0px\"><span style=\"font-weight:bold;color:#333;padding-bottom:8px;padding-top:8px;padding-left:10px;line-height:12px;padding-right:10px;background-color:#ddd\">Kauftipps<\/span><\/div>\n<div style=\"padding-bottom:10px;padding-top:10px;padding-left:0px;padding-right:0px\">\n<p><span style=\"color:#ff0000\"><strong><span style=\"font-size:14px\">Tipps:<\/span><\/strong><\/span><br \/><span style=\"font-size:14px\">Wenn Sie eine bestimmte Anzahl von Produkten gekauft haben,<\/span><br \/><span style=\"font-size:14px\">Wir k\u00f6nnen Ihnen kostenlose Muster anbieten.<\/span><br \/><span style=\"font-size:14px\">F\u00fcr weitere Details wenden Sie sich bitte an uns.<\/span><\/p>\n<\/div>\n<\/div>\n<div id=\"ali-title-description\" style=\"margin-bottom:7px;margin-top:15px\">\n<div style=\"height:auto;border-bottom:#ddd 1px solid;padding-bottom:8px;padding-top:8px;padding-left:0px;padding-right:0px\">Produkt Beschreibung<\/span><\/div>\n<\/div>\n<p><span style=\"font-family:times new roman,times;background-color:#ffffff\"><strong><span style=\"font-size:14pt;color:black\">[CEP-5000 Pond Water Fountain Pump Parameter]<\/span><\/strong><\/span><\/p>\n<p><span style=\"font-family:times new roman,times\"><strong><span style=\"font-size:13.5pt;color:black\">Spannung: 110V\/220V\/240V<\/span><\/strong><\/span><\/p>\n<p><span style=\"font-family:times new roman,times\"><strong><span style=\"font-size:13.5pt;color:black\">Frequenz: 50Hz\/60Hz<\/span><\/strong><strong><span style=\"font-size:13.5pt;color:black\"> <\/span><\/strong><\/span><\/p>\n<p><span style=\"font-family:times new roman,times\"><strong><span style=\"font-size:13.5pt;color:black\">Leistung: 30 W<\/span><\/strong><\/span><\/p>\n<p><span style=\"font-family:times new roman,times\"><strong><span style=\"font-size:13.5pt;color:black\">Leistung: 5000L\/h<\/span><\/strong><\/span><\/p>\n<p><span style=\"font-family:times new roman,times\"><strong><span style=\"font-size:13.5pt;color:black\">H-max: 3,6m<\/span><\/strong><\/span><\/p>\n<p><span style=\"font-family:times new roman,times\"><strong><span style=\"font-size:13.5pt;color:black\">Kabell\u00e4nge: 5m<\/span><\/strong><\/span><\/p>\n<p><span style=\"font-family:times new roman,times\"><strong><span style=\"font-size:13.5pt;color:black\">Abmessungen: 220x115x140mm<\/span><\/strong><\/span><\/p>\n<div id=\"ali-anchor-services\" style=\"height:auto;margin-top:15px\" data-section=\"services\"> <\/div>\n<div id=\"ali-title-services\" style=\"margin-bottom:7px;margin-top:15px\">\n<div style=\"height:auto;border-bottom:#ddd 1px solid;padding-bottom:8px;padding-top:8px;padding-left:0px;padding-right:0px\"><span style=\"font-weight:bold;color:#333;padding-bottom:8px;padding-top:8px;padding-left:15px;line-height:12px;padding-right:15px;background-color:#ddd\">Unsere Dienste<\/span> <\/div>\n<\/div>\n<p><span style=\"font-family:times new roman,times\"><strong><span style=\"font-size:14pt;color:red\">KOSTENLOS<\/span><\/strong><strong><span style=\"font-size:14pt;color:red\"> 12 Monate Garantie!!!<\/span><\/strong><\/span><\/p>\n<p><span style=\"font-family:times new roman,times;background-color:#ffff00\"><span style=\"background-color:#ffffff\"><span style=\"font-size:18px\"><strong><span style=\"color:black\">[<\/span><\/strong><\/span><strong><span style=\"color:black\"><span style=\"font-family:times new roman,times\"><strong><span style=\"font-size:14pt;color:black\">Teichwasser <span style=\"font-family:times new roman,times;background-color:#ffffff\"><strong><span style=\"font-size:14pt;color:black\">Brunnen<\/span><\/strong><\/span> Pumpe<\/span><\/strong><\/span> <\/span><\/strong><strong><span style=\"font-size:14pt;color:black\">Funktionen<\/span><span style=\"font-size:medium;color:black\">]<\/span><\/strong><\/span><\/span><\/p>\n<p><strong><span style=\"font-size:medium;font-family:times new roman,times;color:black\">1. Diese Teichbrunnenpumpe verf\u00fcgt \u00fcber eine Welle aus rostfreier Keramik und h\u00e4lt Ausfransen und Rost stand. Hochleistungs-Standard-Asynchronmotor mit neuem Design erm\u00f6glicht <span style=\"color:#ff0000\">eine Energieeinsparung dieser Pumpe von bis zu 50 % als zuvor<\/span>.<\/span><\/strong><\/p>\n<p><strong><span style=\"font-size:medium;font-family:times new roman,times;color:black\">2. Beschichtet mit hochwertigem importiertem Harz; Die Wasserdichtigkeit und Isolationsleistung sind ausgezeichnet. Der Spiralpropeller dieser Teichwasserpumpe erm\u00f6glicht eine Schmutzpartikelgr\u00f6\u00dfe von bis zu 5 mm.<\/span><\/strong><\/p>\n<p><strong><span style=\"font-size:medium;font-family:times new roman,times;color:black\">3. Multifunktionales Design &#8212;&#8211; Pumpen, Filtern und Springbrunnen 3 in 1. Kann sowohl in S\u00fc\u00df- als auch in Meerwasser verwendet werden.<\/span><\/strong><\/p>\n<p><strong><span style=\"font-size:medium;font-family:times new roman,times;color:black\">4. Der Auslass dieser Teichwasserpumpe kann ein sch\u00f6nes Aussehen haben; Das Brunnenrohr ist einfach zu montieren und kann in Pumpen jeder Gr\u00f6\u00dfe verwendet werden.<\/span><\/strong><\/p>\n<p><strong><span style=\"font-size:medium;font-family:times new roman,times;color:black\">5. Das Design des Filterbildschirms mit \u00fcbergro\u00dfer Fl\u00e4che verl\u00e4ngert den Wartungszeitraum<\/span><\/strong><\/p>\n<p><strong><span style=\"font-size:medium;font-family:times new roman,times;color:black\">6. Es sind verschiedene Formen von Font\u00e4nenrohren erh\u00e4ltlich. Die Gr\u00f6\u00dfe und H\u00f6he des sch\u00f6nen Brunnens kann nach Ihren W\u00fcnschen angepasst werden.<\/span><\/strong><\/p>\n<p><span style=\"font-size:medium;font-family:times new roman,times;color:black;background-color:#ffffff\"><span style=\"font-family:times new roman,times\"><strong><span style=\"font-size:14pt;color:black\">[<\/span><\/strong><span style=\"font-size:18px\"><strong><span style=\"color:black\">Andere <span style=\"font-family:times new roman,times\"><strong><span style=\"color:black\">Teichwasser <span style=\"font-family:times new roman,times;background-color:#ffffff\"><strong><span style=\"font-size:14pt;color:black\">Brunnen<\/span><\/strong><\/span> Pumpe<\/span><\/strong><\/span>s <\/span><\/strong><\/span><strong><span style=\"font-size:14pt;color:black\"><span style=\"font-size:18px\">Parameter<\/span><\/span><\/strong><\/span><\/span><span style=\"font-size:medium;font-family:times new roman,times;color:black;background-color:#ffff00\"><img loading=\"lazy\" decoding=\"async\" style=\"margin-left:auto;margin-right:auto\" alt=\"ECO Big Flow superleise Gartenteich-Springbrunnenpumpe\" src=\"http:\/\/localhost\/media\/import\/detail\/1109833427_380.jpg\" width=\"600\" height=\"322\"><\/span><\/p>\n<p><span style=\"font-size:medium;font-family:times new roman,times;color:black;background-color:#ffffff\"><span style=\"font-size:medium;font-family:times new roman,times;color:black\"><span style=\"font-family:times new roman,times\"><strong><span style=\"font-size:14pt;color:black\">[<\/span><\/strong><span style=\"font-family:times new roman,times\"><strong><span style=\"font-size:14pt;color:black\">Teichwasser <span style=\"font-family:times new roman,times;background-color:#ffffff\"><strong><span style=\"font-size:14pt;color:black\">Brunnen<\/span><\/strong><\/span> Pumpe<\/span><\/strong><\/span> <strong><span style=\"font-size:14pt;color:black\">Funktionskurven]<\/span><\/strong><\/span><\/span> <\/span><\/p>\n<p><span style=\"font-size:medium;font-family:times new roman,times;color:black;background-color:#ffff00\"><span style=\"font-size:medium;font-family:times new roman,times;color:black;background-color:#ffff00\"><img loading=\"lazy\" decoding=\"async\" style=\"margin-left:auto;margin-right:auto\" alt=\"ECO Big Flow, superleise Springbrunnenpumpe f\u00fcr Gartenteiche\" src=\"http:\/\/localhost\/media\/import\/detail\/1109833421_103.jpg\" width=\"600\" height=\"600\"><\/span> <\/span><\/p>\n<p><span style=\"font-family:times new roman,times;background-color:#ffffff\"><span style=\"font-size:18px\"><strong><span style=\"color:black\">[<\/span><\/strong><\/span><strong><span style=\"font-size:13.5pt;color:black\"><span style=\"font-family:times new roman,times\"><strong><span style=\"font-size:14pt;color:black\">Teichwasser <span style=\"font-family:times new roman,times;background-color:#ffffff\"><strong><span style=\"font-size:14pt;color:black\">Brunnen<\/span><\/strong><\/span> Pumpe<\/span><\/strong><\/span> <\/span><\/strong><strong><span style=\"font-size:14pt;color:black\">Anwendbare Bereiche<\/span><span style=\"font-size:medium;color:black\">]<\/span><\/strong><\/span><\/p>\n<p><strong><span style=\"font-size:medium;font-family:times new roman,times\"><span style=\"color:black\">Diese Teichbrunnenpumpe<\/span> eignet sich zum Pumpen und Umw\u00e4lzen des Wassers in Aquarien, Pools und Gartenteichen; Filtern und Reinigen des Brutwassers und Bespr\u00fchen der Innen- und Au\u00dfenbrunnen.<\/span><\/strong><\/p>\n<\/p>\n<p><span style=\"font-family:times new roman,times;background-color:#ffffff\"><strong><span style=\"font-size:14pt;color:black\">[<\/span><\/strong><strong><span style=\"font-size:14pt;color:black\"><span style=\"font-family:times new roman,times\"><strong><span style=\"font-size:14pt;color:black\">Teichwasser <span style=\"font-family:times new roman,times;background-color:#ffffff\"><strong><span style=\"font-size:14pt;color:black\">Brunnen<\/span><\/strong><\/span> Pumpe<\/span><\/strong><\/span> Anzeige]<\/span><\/strong><\/span><\/p>\n<p><span style=\"font-family:times new roman,times;background-color:#ffffff\"><strong><span style=\"font-size:14pt;color:black\"><span style=\"font-size:medium;font-family:times new roman,times;color:black;background-color:#ffff00\"><img decoding=\"async\" style=\"margin-left:auto;margin-right:auto\" alt=\"ECO Big Flow superleise Gartenteich-Brunnenpumpe\" src=\"http:\/\/localhost\/media\/import\/detail\/1109833449_737.jpg\"> <span style=\"font-size:medium;font-family:times new roman,times;color:black;background-color:#ffff00\"><img decoding=\"async\" style=\"margin-left:auto;margin-right:auto\" alt=\"ECO Big Flow, superleise Springbrunnenpumpe f\u00fcr Gartenteiche\" src=\"http:\/\/localhost\/media\/import\/detail\/1109833442_985.jpg\"><\/span> <\/span><\/span><\/strong><\/span><\/p>\n<p><span style=\"font-family:times new roman,times;background-color:#ffff00\"><strong><span style=\"font-size:14pt;color:black\"><span style=\"font-size:medium;font-family:times new roman,times;color:black;background-color:#ffff00\"><img decoding=\"async\" style=\"margin-left:auto;margin-right:auto\" alt=\"ECO Big Flow superleise Gartenteich-Brunnenpumpe\" src=\"http:\/\/localhost\/media\/import\/detail\/1109833407_800.jpg\"> <span style=\"font-size:medium;font-family:times new roman,times;color:black;background-color:#ffff00\"><img decoding=\"async\" style=\"margin-left:auto;margin-right:auto\" alt=\"ECO Big Flow superleise Gartenteich-Brunnenpumpe\" src=\"http:\/\/localhost\/media\/import\/detail\/1109833433_764.jpg\"><\/span><\/span><\/span><\/strong><\/span><\/p>\n<div id=\"ali-anchor-AliPostDhMb-b5yla\" style=\"padding-top:8px\" data-section-title=\"Unternehmensinformationen\" data-section=\"AliPostDhMb-b5yla\"><strong><span style=\"background-color:#dddddd;color:#333333\"><\/span><\/strong> <\/div>\n","protected":false},"excerpt":{"rendered":"<p>ECO Big Flow superleise Gartenteich-Springbrunnenpumpe CEP-5000 Pond<\/p>\n","protected":false},"featured_media":5603,"comment_status":"open","ping_status":"closed","template":"","meta":[],"product_brand":[],"product_cat":[1377],"product_tag":[],"class_list":{"0":"post-38242","1":"product","2":"type-product","3":"status-publish","4":"has-post-thumbnail","6":"product_cat-wasserpumpen-kraftkopfe","8":"first","9":"instock","10":"shipping-taxable","11":"purchasable","12":"product-type-simple"},"_links":{"self":[{"href":"https:\/\/www.myaquastore.com\/de\/wp-json\/wp\/v2\/product\/38242","targetHints":{"allow":["GET"]}}],"collection":[{"href":"https:\/\/www.myaquastore.com\/de\/wp-json\/wp\/v2\/product"}],"about":[{"href":"https:\/\/www.myaquastore.com\/de\/wp-json\/wp\/v2\/types\/product"}],"replies":[{"embeddable":true,"href":"https:\/\/www.myaquastore.com\/de\/wp-json\/wp\/v2\/comments?post=38242"}],"wp:featuredmedia":[{"embeddable":true,"href":"https:\/\/www.myaquastore.com\/de\/wp-json\/wp\/v2\/media\/5603"}],"wp:attachment":[{"href":"https:\/\/www.myaquastore.com\/de\/wp-json\/wp\/v2\/media?parent=38242"}],"wp:term":[{"taxonomy":"product_brand","embeddable":true,"href":"https:\/\/www.myaquastore.com\/de\/wp-json\/wp\/v2\/product_brand?post=38242"},{"taxonomy":"product_cat","embeddable":true,"href":"https:\/\/www.myaquastore.com\/de\/wp-json\/wp\/v2\/product_cat?post=38242"},{"taxonomy":"product_tag","embeddable":true,"href":"https:\/\/www.myaquastore.com\/de\/wp-json\/wp\/v2\/product_tag?post=38242"}],"curies":[{"name":"wp","href":"https:\/\/api.w.org\/{rel}","templated":true}]}}