{"id":38247,"date":"2016-09-25T23:28:31","date_gmt":"2016-09-25T23:28:31","guid":{"rendered":"https:\/\/www.myaquastore.com\/product\/150-w-dekoration-koiteich-wasserpumpe-jtp-18000r\/"},"modified":"2025-03-16T08:54:30","modified_gmt":"2025-03-16T08:54:30","slug":"150-w-dekoration-koiteich-wasserpumpe-jtp-18000r","status":"publish","type":"product","link":"https:\/\/www.myaquastore.com\/de\/produkt\/150-w-dekoration-koiteich-wasserpumpe-jtp-18000r\/","title":{"rendered":"150 W Dekoration Koiteich-Wasserpumpe JTP-18000R"},"content":{"rendered":"<div style=\"clear:both\"><\/div>\n<p style=\"text-align:center\"><span style=\"font-size:24px;font-family:tahoma,arial,helvetica,sans-serif;color:#ff6600\"><em><strong><span style=\"color:#ff0000\"><span style=\"color:#000080\"><span style=\"color:#0000ff\">150w Dekoration Koiteich-Wasserpumpe <\/span> <\/span><\/span><\/strong><\/em><\/span><\/p>\n<div id=\"ali-anchor-AliPostDhMb-s4jtq\" style=\"padding-top:8px\" data-section-title=\"Produktbeschreibung\" data-section=\"AliPostDhMb-s4jtq\">\n<div id=\"ali-title-AliPostDhMb-s4jtq\" style=\"border-bottom:#ddd 1px solid;padding-bottom:8px;padding-top:8px;padding-left:0px;padding-right:0px\"><span style=\"font-weight:bold;color:#333;padding-bottom:8px;padding-top:8px;padding-left:10px;line-height:12px;padding-right:10px;background-color:#ddd\">Produktbeschreibung<\/span><\/div>\n<div style=\"padding-bottom:10px;padding-top:10px;padding-left:0px;padding-right:0px\">\n<p style=\"text-align:center\">\n<\/div>\n<\/div>\n<p style=\"text-align:center\"><span style=\"font-size:14px;font-family:tahoma,arial,helvetica,sans-serif;color:#ff6600\"><em><strong>Spezifikationen<\/strong><\/em><\/span><\/p>\n<p style=\"text-align:center\"><span style=\"font-size:14px;font-family:tahoma,arial,helvetica,sans-serif;color:#ff6600\"><em><strong>1.Neuartiges Design und gro\u00dfz\u00fcgig, verwenden Sie die Technologie mit variabler Frequenz; kleine Leistung, gro\u00dfer Durchfluss, hohe F\u00f6rderh\u00f6he, super leise und kann im Meer oder an Land verwendet werden.<\/strong><\/em><\/span><\/p>\n<p style=\"text-align:center\">\n<p style=\"text-align:center\"><span style=\"font-size:14px;font-family:tahoma,arial,helvetica,sans-serif;color:#ff6600\"><em><strong>2. Verwenden Sie einen Keramikschaft, verschlei\u00dffest, rostet nicht, lange Lebensdauer, sowohl f\u00fcr S\u00fc\u00df- als auch Meerwasser geeignet, enth\u00e4lt kein Kupferelement.<\/strong><\/em><\/span><\/p>\n<p style=\"text-align:center\">\n<p style=\"text-align:center\"><span style=\"font-size:14px;font-family:tahoma,arial,helvetica,sans-serif;color:#ff6600\"><em><strong>3. Dieses Produkt erm\u00f6glicht einen kostenlosen Werkzeugabbruch und ist leicht zu reinigen.<\/strong><\/em><\/span><\/p>\n<p style=\"text-align:center\">\n<p style=\"text-align:center\"><span style=\"font-size:14px;font-family:tahoma,arial,helvetica,sans-serif;color:#ff6600\"><em><strong>4.Der Auslass ist mehrstufig ausgef\u00fchrt und f\u00fcr eine Vielzahl von Rohrdurchmessern geeignet Verbindung.<\/strong><\/em><\/span><\/p>\n<p style=\"text-align:center\">\n<p style=\"text-align:center\"><span style=\"font-size:14px;font-family:tahoma,arial,helvetica,sans-serif;color:#ff6600\"><em><strong>5.Die Funktion zum Schutz des blockierten Rotors (die Stromversorgung wird sofort abgeschaltet, nachdem das Wasserblatt entfernt wurde gesperrt)<\/strong><\/em><\/span><\/p>\n<p style=\"text-align:center\">\n<p style=\"text-align:center\"><span style=\"color:#000080\"><em><span style=\"font-size:14px\"><strong>Hier gibt es so viele Typen, dass Sie den richtigen ausw\u00e4hlen k\u00f6nnen!<\/strong><\/span><\/em><\/span><\/p>\n<p style=\"text-align:center\">\n<table class=\"aliDataTable\" style=\"height:403px;margin-left:auto;width:652px;margin-right:auto\">\n<tbody>\n<tr align=\"left\">\n<td style=\"width:53.25pt\" valign=\"top\">\n<p><span style=\"font-size:10.5pt\">Modell<\/span><\/p>\n<\/td>\n<td style=\"width:53.25pt\" valign=\"top\">\n<p><span style=\"font-size:10.5pt\">Spannung<\/span><\/p>\n<\/td>\n<td style=\"width:53.25pt\" valign=\"top\">\n<p><span style=\"font-size:10.5pt\">H\u00e4ufigkeit<\/span><\/p>\n<\/td>\n<td style=\"width:53.25pt\" valign=\"top\">\n<p><span style=\"font-size:10.5pt\">Power<\/span><\/p>\n<\/td>\n<td style=\"width:53.25pt\" valign=\"top\">\n<p><span style=\"font-size:10.5pt\">H-max<\/span><\/p>\n<\/td>\n<td style=\"width:53.25pt\" valign=\"top\">\n<p><span style=\"font-size:10.5pt\">Ausgabe<\/span><\/p>\n<\/td>\n<td style=\"width:53.3pt\" valign=\"top\">\n<p><span style=\"font-size:10.5pt\">Einlassh\u00f6he<\/span><\/p>\n<\/td>\n<td style=\"width:53.3pt\" valign=\"top\">\n<p><span style=\"font-size:10.5pt\">Abmessungen<\/span><\/p>\n<\/td>\n<\/tr>\n<tr align=\"left\">\n<td valign=\"top\">\n<p><span style=\"font-size:10.5pt\">JTP-4000R<\/span><\/p>\n<\/td>\n<td valign=\"top\">\n<p><span style=\"font-size:10.5pt\">110V\/220V\/240V<\/span><\/p>\n<\/td>\n<td valign=\"top\">\n<p><span style=\"font-size:9pt;font-family:'Verdana';background:#ffffff;color:#000000\">50Hz\/60Hz<\/span><\/p>\n<\/td>\n<td valign=\"top\">\n<p><span style=\"font-size:10.5pt\">25W<\/span><\/p>\n<\/td>\n<td valign=\"top\">\n<p><span style=\"font-size:10.5pt\">3,2m<\/span><\/p>\n<\/td>\n<td valign=\"top\">\n<p><span style=\"font-size:10.5pt\">4000L\/h<\/span><\/p>\n<\/td>\n<td valign=\"top\">\n<p><span style=\"font-size:10.5pt\">65mm<\/span><\/p>\n<\/td>\n<td valign=\"top\">\n<p><span style=\"font-size:10.5pt\">252*123*137mm<\/span><\/p>\n<\/td>\n<\/tr>\n<tr align=\"left\">\n<td valign=\"top\">\n<p><span style=\"font-size:10.5pt\">JTP-5000R<\/span><\/p>\n<\/td>\n<td valign=\"top\">\n<p><span style=\"font-size:10.5pt\">110V\/220V\/240V<\/span><\/p>\n<\/td>\n<td valign=\"top\">\n<p><span style=\"font-size:9pt;font-family:'Verdana';background:#ffffff;color:#000000\">50Hz\/60Hz<\/span><\/p>\n<\/td>\n<td valign=\"top\">\n<p><span style=\"font-size:10.5pt\">30W<\/span><\/p>\n<\/td>\n<td valign=\"top\">\n<p><span style=\"font-size:10.5pt\">3,6m<\/span><\/p>\n<\/td>\n<td valign=\"top\">\n<p><span style=\"font-size:10.5pt\">5000L\/h<\/span><\/p>\n<\/td>\n<td valign=\"top\">\n<p><span style=\"font-size:10.5pt\">65mm<\/span><\/p>\n<\/td>\n<td valign=\"top\">\n<p><span style=\"font-size:10.5pt\">252*123*137mm<\/span><\/p>\n<\/td>\n<\/tr>\n<tr align=\"left\">\n<td valign=\"top\">\n<p><span style=\"font-size:10.5pt\">JTP-6000R<\/span><\/p>\n<\/td>\n<td valign=\"top\">\n<p><span style=\"font-size:10.5pt\">110V\/220V\/240V<\/span><\/p>\n<\/td>\n<td valign=\"top\">\n<p><span style=\"font-size:9pt;font-family:'Verdana';background:#ffffff;color:#000000\">50Hz\/60Hz<\/span><\/p>\n<\/td>\n<td valign=\"top\">\n<p><span style=\"font-size:10.5pt\">40W<\/span><\/p>\n<\/td>\n<td valign=\"top\">\n<p><span style=\"font-size:10.5pt\">4,0m<\/span><\/p>\n<\/td>\n<td valign=\"top\">\n<p><span style=\"font-size:10.5pt\">6000L\/h<\/span><\/p>\n<\/td>\n<td valign=\"top\">\n<p><span style=\"font-size:10.5pt\">65mm<\/span><\/p>\n<\/td>\n<td valign=\"top\">\n<p><span style=\"font-size:10.5pt\">252*123*137mm<\/span><\/p>\n<\/td>\n<\/tr>\n<tr align=\"left\">\n<td valign=\"top\">\n<p><span style=\"font-size:10.5pt\">JTP-7000R<\/span><\/p>\n<\/td>\n<td valign=\"top\">\n<p><span style=\"font-size:10.5pt\">110V\/220V\/240V<\/span><\/p>\n<\/td>\n<td valign=\"top\">\n<p><span style=\"font-size:9pt;font-family:'Verdana';background:#ffffff;color:#000000\">50Hz\/60Hz<\/span><\/p>\n<\/td>\n<td valign=\"top\">\n<p><span style=\"font-size:10.5pt\">50W<\/span><\/p>\n<\/td>\n<td valign=\"top\">\n<p><span style=\"font-size:10.5pt\">4,4m<\/span><\/p>\n<\/td>\n<td valign=\"top\">\n<p><span style=\"font-size:10.5pt\">7000L\/h<\/span><\/p>\n<\/td>\n<td valign=\"top\">\n<p><span style=\"font-size:10.5pt\">65mm<\/span><\/p>\n<\/td>\n<td valign=\"top\">\n<p><span style=\"font-size:10.5pt\">252*123*137mm<\/span><\/p>\n<\/td>\n<\/tr>\n<tr align=\"left\">\n<td valign=\"top\">\n<p><span style=\"font-size:10.5pt\">JTP-8000R<\/span><\/p>\n<\/td>\n<td valign=\"top\">\n<p><span style=\"font-size:10.5pt\">110V\/220V\/240V<\/span><\/p>\n<\/td>\n<td valign=\"top\">\n<p><span style=\"font-size:9pt;font-family:'Verdana';background:#ffffff;color:#000000\">50Hz\/60Hz<\/span><\/p>\n<\/td>\n<td valign=\"top\">\n<p><span style=\"font-size:10.5pt\">60W<\/span><\/p>\n<\/td>\n<td valign=\"top\">\n<p><span style=\"font-size:10.5pt\">4,8m<\/span><\/p>\n<\/td>\n<td valign=\"top\">\n<p><span style=\"font-size:10.5pt\">8000L\/h<\/span><\/p>\n<\/td>\n<td valign=\"top\">\n<p><span style=\"font-size:10.5pt\">65mm<\/span><\/p>\n<\/td>\n<td valign=\"top\">\n<p><span style=\"font-size:10.5pt\">252*123*137mm<\/span><\/p>\n<\/td>\n<\/tr>\n<tr align=\"left\">\n<td valign=\"top\">\n<p><span style=\"font-size:10.5pt\">JTP-9000R<\/span><\/p>\n<\/td>\n<td valign=\"top\">\n<p><span style=\"font-size:10.5pt\">110V\/220V\/240V<\/span><\/p>\n<\/td>\n<td valign=\"top\">\n<p><span style=\"font-size:9pt;font-family:'Verdana';background:#ffffff;color:#000000\">50Hz\/60Hz<\/span><\/p>\n<\/td>\n<td valign=\"top\">\n<p><span style=\"font-size:10.5pt\">70W<\/span><\/p>\n<\/td>\n<td valign=\"top\">\n<p><span style=\"font-size:10.5pt\">5,2m<\/span><\/p>\n<\/td>\n<td valign=\"top\">\n<p><span style=\"font-size:10.5pt\">9000L\/h<\/span><\/p>\n<\/td>\n<td valign=\"top\">\n<p><span style=\"font-size:10.5pt\">65mm<\/span><\/p>\n<\/td>\n<td valign=\"top\">\n<p><span style=\"font-size:10.5pt\">252*123*137mm<\/span><\/p>\n<\/td>\n<\/tr>\n<tr align=\"left\">\n<td valign=\"top\">\n<p><span style=\"font-size:10.5pt\">JTP-10000R<\/span><\/p>\n<\/td>\n<td valign=\"top\">\n<p><span style=\"font-size:10.5pt\">110V\/220V\/240V<\/span><\/p>\n<\/td>\n<td valign=\"top\">\n<p><span style=\"font-size:9pt;font-family:'Verdana';background:#ffffff;color:#000000\">50Hz\/60Hz<\/span><\/p>\n<\/td>\n<td valign=\"top\">\n<p><span style=\"font-size:10.5pt\">85W<\/span><\/p>\n<\/td>\n<td valign=\"top\">\n<p><span style=\"font-size:10.5pt\">5,8m<\/span><\/p>\n<\/td>\n<td valign=\"top\">\n<p><span style=\"font-size:10.5pt\">10000L\/h<\/span><\/p>\n<\/td>\n<td valign=\"top\">\n<p><span style=\"font-size:10.5pt\">72mm<\/span><\/p>\n<\/td>\n<td valign=\"top\">\n<p><span style=\"font-size:10.5pt\">285*142*138mm<\/span><\/p>\n<\/td>\n<\/tr>\n<tr align=\"left\">\n<td valign=\"top\">\n<p><span style=\"font-size:10.5pt\">JTP-12000R<\/span><\/p>\n<\/td>\n<td valign=\"top\">\n<p><span style=\"font-size:10.5pt\">110V\/220V\/240V<\/span><\/p>\n<\/td>\n<td valign=\"top\">\n<p><span style=\"font-size:9pt;font-family:'Verdana';background:#ffffff;color:#000000\">50Hz\/60Hz<\/span><\/p>\n<\/td>\n<td valign=\"top\">\n<p><span style=\"font-size:10.5pt\">100W<\/span><\/p>\n<\/td>\n<td valign=\"top\">\n<p><span style=\"font-size:10.5pt\">6,2m<\/span><\/p>\n<\/td>\n<td valign=\"top\">\n<p><span style=\"font-size:10.5pt\">12000L\/h<\/span><\/p>\n<\/td>\n<td valign=\"top\">\n<p><span style=\"font-size:10.5pt\">72mm<\/span><\/p>\n<\/td>\n<td valign=\"top\">\n<p><span style=\"font-size:10.5pt\">285*142*138mm<\/span><\/p>\n<\/td>\n<\/tr>\n<tr align=\"left\">\n<td valign=\"top\">\n<p><span style=\"font-size:10.5pt\">JTP-15000R<\/span><\/p>\n<\/td>\n<td valign=\"top\">\n<p><span style=\"font-size:10.5pt\">110V\/220V\/240V<\/span><\/p>\n<\/td>\n<td valign=\"top\">\n<p><span style=\"font-size:9pt;font-family:'Verdana';background:#ffffff;color:#000000\">50Hz\/60Hz<\/span><\/p>\n<\/td>\n<td valign=\"top\">\n<p><span style=\"font-size:10.5pt\">120W<\/span><\/p>\n<\/td>\n<td valign=\"top\">\n<p><span style=\"font-size:10.5pt\">6,6m<\/span><\/p>\n<\/td>\n<td valign=\"top\">\n<p><span style=\"font-size:10.5pt\">15000L\/h<\/span><\/p>\n<\/td>\n<td valign=\"top\">\n<p><span style=\"font-size:10.5pt\">72mm<\/span><\/p>\n<\/td>\n<td valign=\"top\">\n<p><span style=\"font-size:10.5pt\">285*142*138mm<\/span><\/p>\n<\/td>\n<\/tr>\n<tr align=\"left\">\n<td valign=\"top\">\n<p><span style=\"font-size:10.5pt\">JTP-18000R<\/span><\/p>\n<\/td>\n<td valign=\"top\">\n<p><span style=\"font-size:10.5pt\">110V\/220V\/240V<\/span><\/p>\n<\/td>\n<td valign=\"top\">\n<p><span style=\"font-size:9pt;font-family:'Verdana';background:#ffffff;color:#000000\">50Hz\/60Hz<\/span><\/p>\n<\/td>\n<td valign=\"top\">\n<p><span style=\"font-size:10.5pt\">150W<\/span><\/p>\n<\/td>\n<td valign=\"top\">\n<p><span style=\"font-size:10.5pt\">7,0m<\/span><\/p>\n<\/td>\n<td valign=\"top\">\n<p><span style=\"font-size:10.5pt\">18000L\/h<\/span><\/p>\n<\/td>\n<td valign=\"top\">\n<p><span style=\"font-size:10.5pt\">72mm<\/span><\/p>\n<\/td>\n<td valign=\"top\">\n<p><span style=\"font-size:10.5pt\">285*142*138mm<\/span><\/p>\n<\/td>\n<\/tr>\n<\/tbody>\n<\/table>\n<p style=\"text-align:center\"><span style=\"font-size:14px\"><strong><em><span style=\"color:#000080\">JTP R<\/span><\/em><\/strong><span style=\"color:#000080\"><em><strong> Typen Frequenz-Wasserpumpen<\/strong><\/em><\/span><\/span><\/p>\n<p style=\"text-align:center\"><span style=\"font-size:14px\"><em><strong><span style=\"color:#3366ff\"><img loading=\"lazy\" decoding=\"async\" alt=\"150w Dekoration Koiteich-Wasserpumpe\" src=\"http:\/\/localhost\/media\/import\/detail\/532270903_677.jpg\" width=\"611\" height=\"378\"><img loading=\"lazy\" decoding=\"async\" alt=\"150w Dekoration Koiteich-Wasserpumpe\" src=\"http:\/\/localhost\/media\/import\/detail\/532270904_450.jpg\" width=\"606\" height=\"346\"><img loading=\"lazy\" decoding=\"async\" alt=\"150w Dekoration Koiteich-Wasserpumpe\" src=\"http:\/\/localhost\/media\/import\/detail\/532270907_757.jpg\" width=\"605\" height=\"352\"><\/span><\/strong><\/em><\/span><\/p>\n<p style=\"text-align:center\">\n<p style=\"text-align:center\"><span style=\"font-size:14px\"><em><strong><span style=\"color:#000080\">Frequenzwasserpumpen der JTP-Serie<\/span><\/strong><\/em><\/span><\/p>\n<p style=\"text-align:center\">\n<p style=\"text-align:center\"><img loading=\"lazy\" decoding=\"async\" alt=\"150w Deko-Wasserpumpe f\u00fcr Koi-Teiche\" src=\"http:\/\/localhost\/media\/import\/detail\/532306714_528.jpg\" width=\"606\" height=\"438\"><img loading=\"lazy\" decoding=\"async\" alt=\"150w Deko-Wasserpumpe f\u00fcr Koi-Teiche\" src=\"http:\/\/localhost\/media\/import\/detail\/532306715_563.jpg\" width=\"604\" height=\"355\"><img loading=\"lazy\" decoding=\"async\" alt=\"150w Dekoration Koiteich-Wasserpumpe\" src=\"http:\/\/localhost\/media\/import\/detail\/532306716_565.jpg\" width=\"610\" height=\"357\"><\/p>\n<p style=\"text-align:center\"><img loading=\"lazy\" decoding=\"async\" alt=\"150w Dekoration Koiteich-Wasserpumpe\" src=\"http:\/\/localhost\/media\/import\/detail\/532343753_964.jpg\" width=\"625\" height=\"267\"><\/p>\n<p style=\"text-align:center\">\n<p style=\"text-align:center\"><span style=\"font-size:14px;color:#000080\"><em><strong>Praktische Anwendungen: so viele Funktionen, dass Sie es zun\u00e4chst im Wasser oder auf <\/strong><\/em><\/span><span style=\"font-size:14px;color:#000080\"><em><strong>Land.<\/strong><\/em><\/span><\/p>\n<p style=\"text-align:center\"><span style=\"font-size:14px;color:#000080\"><em><strong> Zweitens, im Gartendekorationsteich oder Koi-Fischteich, Hinzuf\u00fcgen von <\/strong><\/em><\/span><\/p>\n<p style=\"text-align:center\"><span style=\"font-size:14px;color:#000080\"><em><strong> Weitere Spezifikationen f\u00fcr Ihren sch\u00f6nen Garten!!!<\/strong><\/em><\/span><\/p>\n<p style=\"text-align:center\"><span style=\"font-size:14px;color:#000080\"><em><strong> <img loading=\"lazy\" decoding=\"async\" alt=\"150w Dekoration Koiteich-Wasserpumpe\" src=\"http:\/\/localhost\/media\/import\/detail\/532151758_563.jpg\" width=\"591\" height=\"359\"> <\/strong><\/em><\/span><\/p>\n<p style=\"text-align:center\"><span style=\"font-size:14px;color:#000080\"><em><strong> <img decoding=\"async\" alt=\"150w Dekoration Koiteich-Wasserpumpe\" src=\"http:\/\/localhost\/media\/import\/detail\/532151751_498.jpg\"><\/strong><\/em><\/span><\/p>\n<p style=\"text-align:center\">\n<div id=\"ali-anchor-AliPostDhMb-1rqvl\" style=\"padding-top:8px\" data-section-title=\"Unternehmensinformationen\" data-section=\"AliPostDhMb-1rqvl\"> <\/div>\n","protected":false},"excerpt":{"rendered":"<p>150 W Dekoration Koiteich-Wasserpumpe JTP-18000R<\/p>\n","protected":false},"featured_media":5613,"comment_status":"open","ping_status":"closed","template":"","meta":[],"product_brand":[],"product_cat":[1377],"product_tag":[],"class_list":{"0":"post-38247","1":"product","2":"type-product","3":"status-publish","4":"has-post-thumbnail","6":"product_cat-wasserpumpen-kraftkopfe","8":"first","9":"instock","10":"shipping-taxable","11":"purchasable","12":"product-type-simple"},"_links":{"self":[{"href":"https:\/\/www.myaquastore.com\/de\/wp-json\/wp\/v2\/product\/38247","targetHints":{"allow":["GET"]}}],"collection":[{"href":"https:\/\/www.myaquastore.com\/de\/wp-json\/wp\/v2\/product"}],"about":[{"href":"https:\/\/www.myaquastore.com\/de\/wp-json\/wp\/v2\/types\/product"}],"replies":[{"embeddable":true,"href":"https:\/\/www.myaquastore.com\/de\/wp-json\/wp\/v2\/comments?post=38247"}],"wp:featuredmedia":[{"embeddable":true,"href":"https:\/\/www.myaquastore.com\/de\/wp-json\/wp\/v2\/media\/5613"}],"wp:attachment":[{"href":"https:\/\/www.myaquastore.com\/de\/wp-json\/wp\/v2\/media?parent=38247"}],"wp:term":[{"taxonomy":"product_brand","embeddable":true,"href":"https:\/\/www.myaquastore.com\/de\/wp-json\/wp\/v2\/product_brand?post=38247"},{"taxonomy":"product_cat","embeddable":true,"href":"https:\/\/www.myaquastore.com\/de\/wp-json\/wp\/v2\/product_cat?post=38247"},{"taxonomy":"product_tag","embeddable":true,"href":"https:\/\/www.myaquastore.com\/de\/wp-json\/wp\/v2\/product_tag?post=38247"}],"curies":[{"name":"wp","href":"https:\/\/api.w.org\/{rel}","templated":true}]}}