{"id":38251,"date":"2016-09-25T23:28:32","date_gmt":"2016-09-25T23:28:32","guid":{"rendered":"https:\/\/www.myaquastore.com\/product\/sunsun-gartenbrunnenpumpe-tank-tauchwasserpumpe-tauchpumpe\/"},"modified":"2025-03-16T08:54:31","modified_gmt":"2025-03-16T08:54:31","slug":"sunsun-gartenbrunnenpumpe-tank-tauchwasserpumpe-tauchpumpe","status":"publish","type":"product","link":"https:\/\/www.myaquastore.com\/de\/produkt\/sunsun-gartenbrunnenpumpe-tank-tauchwasserpumpe-tauchpumpe\/","title":{"rendered":"SUNSUN Gartenbrunnenpumpe Tank Tauchwasserpumpe Tauchpumpe&#8230;"},"content":{"rendered":"<div style=\"clear:both\"><\/div>\n<p><em><span style=\"font-size:32px;color:#ff0000;background-color:#ffffff\"><strong>70w 9000L\/h SUNSUN Gartenbrunnenpumpe Tank Tauchwasserpumpe Tauchpumpe Teichwasserpumpen<\/strong><\/span><\/em><\/p>\n<\/p>\n<p><span style=\"color:#000000;background-color:#ffffff\"><strong><span style=\"font-size:24px\">1.<strong><span style=\"font-size:24px\">Merkmale zu den Teichwasserpumpen <\/span><\/strong><\/span><\/strong><\/span><\/p>\n<p><span style=\"font-size:18px\">Stromlinienf\u00f6rmiges Erscheinungsbild, angemessene Struktur und hohe Effizienz;<\/span><\/p>\n<p><span style=\"font-size:large\">Es verwendet einen hochfesten, verschlei\u00dffesten Wellenkern, hat eine hocheffiziente Energieeinsparung und eine lange Lebensdauer;<\/span><\/p>\n<p><span style=\"font-size:large\">Sie k\u00f6nnen es als Pumpe und Springbrunnen verwenden.<\/span><\/p>\n<\/p>\n<p><span style=\"color:#000000;background-color:#ffffff\"><strong><span style=\"font-size:24px\">2.Produktbeschreibung<\/span><\/strong><span style=\"font-size:18px\"> <\/span><\/span><\/p>\n<p><span style=\"font-size:18px\">Diese Teichwasserpumpen werden mit einer gro\u00dfen Auswahl an alternativen Springbrunnenk\u00f6pfen geliefert und verleihen jedem Teich eine professionelle Note. Mit dieser Pumpe k\u00f6nnen Sie Wasser direkt in Ihr Filtersystem oder alternativ in ein Wasserspiel sowie in das mitgelieferte Springbrunnensystem pumpen, sodass Sie bei Bedarf mit der Pumpe gleichzeitig Wasser in beide Systeme pumpen k\u00f6nnen.<\/span><\/p>\n<\/p>\n<p><span style=\"font-size:24px;color:#000000;background-color:#ffffff\"><strong>3.Die Teichwasserpumpen werden angezeigt<\/strong><\/span><\/p>\n<\/p>\n<p><span style=\"font-size:24px;color:#ffffff;background-color:#0000ff\"><strong><img decoding=\"async\" alt=\"SUNSUN Gartenbrunnenpumpe Tank Tauchwasserpumpe Tauchteichwasserpumpen 70w 9000L\/h\" src=\"http:\/\/localhost\/media\/import\/detail\/755000948_399.jpg\"><img loading=\"lazy\" decoding=\"async\" alt=\"SUNSUN Gartenbrunnenpumpe Tank Tauchwasserpumpe Tauchf\u00e4hige Teichwasserpumpen 70 W 9000 l\/h\" src=\"http:\/\/localhost\/media\/import\/detail\/755290608_902.jpg\" width=\"600\" height=\"600\"><\/strong><\/span><\/p>\n<\/p>\n<p><img loading=\"lazy\" decoding=\"async\" alt=\"SUNSUN Gartenbrunnenpumpe Tank Tauchwasserpumpe Tauchteichwasserpumpen 70 W 9000 l\/h\" src=\"http:\/\/localhost\/media\/import\/detail\/747985555_930.jpg\" width=\"600\" height=\"600\"><img decoding=\"async\" alt=\"SUNSUN Gartenbrunnenpumpe Tank Tauchwasserpumpe Tauchteichwasserpumpen 70 W 9000 l\/h\" src=\"http:\/\/localhost\/media\/import\/detail\/561501565_957.jpg\"><\/p>\n<\/p>\n<p><span style=\"color:#000000;background-color:#ffffff\"><strong><span style=\"font-size:24px\">4.Andere Teichwasserpumpen <\/span><\/strong><\/span><\/p>\n<\/p>\n<p><img loading=\"lazy\" decoding=\"async\" alt=\"SUNSUN Gartenbrunnenpumpe, Tank, Tauchwasserpumpe, Tauchpumpe f\u00fcr Teichwasser, 70 W, 9000 l\/h\" src=\"http:\/\/localhost\/media\/import\/detail\/754980567_483.jpg\" width=\"600\" height=\"600\"><img decoding=\"async\" alt=\"SUNSUN Gartenbrunnenpumpe, Tank, Tauchwasserpumpe, Tauchpumpe f\u00fcr Teichwasser, 70 W, 9000 l\/h\" src=\"http:\/\/localhost\/media\/import\/detail\/755849335_559.jpg\"><\/p>\n<p><img loading=\"lazy\" decoding=\"async\" alt=\"SUNSUN Gartenbrunnenpumpe, Tank, Tauchwasserpumpe, Tauchpumpe f\u00fcr Teichwasser, 70 W, 9000 l\/h\" src=\"http:\/\/localhost\/media\/import\/detail\/755008213_667.jpg\" width=\"600\" height=\"600\"><img decoding=\"async\" alt=\"SUNSUN Gartenbrunnenpumpe, Tank, Tauchwasserpumpe, Tauchpumpe f\u00fcr Teichwasser, 70 W, 9000 l\/h\" src=\"http:\/\/localhost\/media\/import\/detail\/755849338_599.jpg\"> <\/p>\n<\/p>\n<p><span style=\"color:#000000;background-color:#ffffff\"><strong><span style=\"font-size:24px\">5.Die Teichwasserpumpen paremeter<\/span><\/strong><\/span><\/p>\n<p> <img loading=\"lazy\" decoding=\"async\" alt=\"SUNSUN Gartenbrunnenpumpe Tank Tauchwasserpumpe Tauchteichwasserpumpen 70w 9000L\/h\" src=\"http:\/\/localhost\/media\/import\/detail\/750391357_683.jpg\" width=\"704\" height=\"285\"><\/p>\n<p style=\"background:white\" align=\"left\">\n<div id=\"ali-anchor-AliPostDhMb-1nmuv\" style=\"padding-top:8px\" data-section-title=\"Unternehmensinformationen\" data-section=\"AliPostDhMb-1nmuv\"> <\/div>\n","protected":false},"excerpt":{"rendered":"<p>SUNSUN Gartenbrunnenpumpe Tank Tauchwasserpumpe Tauchpumpe&#8230;<\/p>\n","protected":false},"featured_media":5621,"comment_status":"open","ping_status":"closed","template":"","meta":[],"product_brand":[],"product_cat":[1377],"product_tag":[],"class_list":{"0":"post-38251","1":"product","2":"type-product","3":"status-publish","4":"has-post-thumbnail","6":"product_cat-wasserpumpen-kraftkopfe","8":"first","9":"instock","10":"shipping-taxable","11":"purchasable","12":"product-type-simple"},"_links":{"self":[{"href":"https:\/\/www.myaquastore.com\/de\/wp-json\/wp\/v2\/product\/38251","targetHints":{"allow":["GET"]}}],"collection":[{"href":"https:\/\/www.myaquastore.com\/de\/wp-json\/wp\/v2\/product"}],"about":[{"href":"https:\/\/www.myaquastore.com\/de\/wp-json\/wp\/v2\/types\/product"}],"replies":[{"embeddable":true,"href":"https:\/\/www.myaquastore.com\/de\/wp-json\/wp\/v2\/comments?post=38251"}],"wp:featuredmedia":[{"embeddable":true,"href":"https:\/\/www.myaquastore.com\/de\/wp-json\/wp\/v2\/media\/5621"}],"wp:attachment":[{"href":"https:\/\/www.myaquastore.com\/de\/wp-json\/wp\/v2\/media?parent=38251"}],"wp:term":[{"taxonomy":"product_brand","embeddable":true,"href":"https:\/\/www.myaquastore.com\/de\/wp-json\/wp\/v2\/product_brand?post=38251"},{"taxonomy":"product_cat","embeddable":true,"href":"https:\/\/www.myaquastore.com\/de\/wp-json\/wp\/v2\/product_cat?post=38251"},{"taxonomy":"product_tag","embeddable":true,"href":"https:\/\/www.myaquastore.com\/de\/wp-json\/wp\/v2\/product_tag?post=38251"}],"curies":[{"name":"wp","href":"https:\/\/api.w.org\/{rel}","templated":true}]}}