{"id":38252,"date":"2016-09-25T23:28:32","date_gmt":"2016-09-25T23:28:32","guid":{"rendered":"https:\/\/www.myaquastore.com\/product\/60-w-8000-l-h-sunsun-teichwasserpumpe-tauchwasser-und-springbrunnenpumpe-gartenwasserpumpe-jtp-8000\/"},"modified":"2025-03-16T08:54:31","modified_gmt":"2025-03-16T08:54:31","slug":"60-w-8000-l-h-sunsun-teichwasserpumpe-tauchwasser-und-springbrunnenpumpe-gartenwasserpumpe-jtp-8000","status":"publish","type":"product","link":"https:\/\/www.myaquastore.com\/de\/produkt\/60-w-8000-l-h-sunsun-teichwasserpumpe-tauchwasser-und-springbrunnenpumpe-gartenwasserpumpe-jtp-8000\/","title":{"rendered":"60 W 8000 l\/h SUNSUN Teichwasserpumpe Tauchwasser- und Springbrunnenpumpe Gartenwasserpumpe JTP-8000"},"content":{"rendered":"<div style=\"clear:both\"><\/div>\n<p><span style=\"color:#ff0000\"><strong><em><span style=\"font-size:24px\">60w 8000L\/h SUNSUN Teichwasserpumpe Tauchwasser- und Brunnenpumpe Gartenwasserpumpe<\/span><\/em><\/strong><\/span><\/p>\n<\/p>\n<p><span style=\"color:#000000;background-color:#ffffff\"><strong><span style=\"font-size:24px\">1.<strong><span style=\"font-size:24px\">Merkmale der Gartenwasserpumpe <\/span><\/strong><\/span><\/strong><\/span><\/p>\n<p><span style=\"font-size:18px\">Stromlinienf\u00f6rmiges Erscheinungsbild, angemessene Struktur und hohe Effizienz;<\/span><\/p>\n<p><span style=\"font-size:large\">Es verwendet einen hochfesten, verschlei\u00dffesten Wellenkern, hat eine hocheffiziente Energieeinsparung und eine lange Lebensdauer;<\/span><\/p>\n<p><span style=\"font-size:large\">Sie k\u00f6nnen es als Pumpe und Springbrunnen verwenden.<\/span><\/p>\n<\/p>\n<p><span style=\"color:#000000;background-color:#ffffff\"><strong><span style=\"font-size:24px\">2.Produktbeschreibung<\/span><\/strong><span style=\"font-size:18px\"> <\/span><\/span><\/p>\n<p><span style=\"font-size:18px\">Diese Gartenwasserpumpe wird mit einer gro\u00dfen Auswahl an alternativen Springbrunnenk\u00f6pfen geliefert und verleiht jedem Teich eine professionelle Note. Mit dieser Pumpe k\u00f6nnen Sie Wasser direkt in Ihr Filtersystem oder alternativ in ein Wasserspiel sowie in das mitgelieferte Springbrunnensystem pumpen, sodass Sie bei Bedarf mit der Pumpe gleichzeitig Wasser in beide Systeme pumpen k\u00f6nnen.<\/span><\/p>\n<\/p>\n<p><span style=\"font-size:24px;color:#000000;background-color:#ffffff\"><strong>3.Die Gartenwasserpumpe wird angezeigt<\/strong><\/span><\/p>\n<p> <img loading=\"lazy\" decoding=\"async\" alt=\"60w 8000L\/h SUNSUN Teichwasserpumpe Tauchwasser- und Springbrunnenpumpe Gartenwasserpumpe\" src=\"http:\/\/localhost\/media\/import\/detail\/754957034_499.jpg\" width=\"600\" height=\"600\"><img loading=\"lazy\" decoding=\"async\" alt=\"60w 8000L\/h SUNSUN Teichwasserpumpe, Tauchwasser- und Springbrunnenpumpe, Gartenwasserpumpe\" src=\"http:\/\/localhost\/media\/import\/detail\/754947649_426.jpg\" width=\"600\" height=\"600\"><\/p>\n<p><img loading=\"lazy\" decoding=\"async\" alt=\"60w 8000L\/h SUNSUN Teichwasserpumpe, Tauchwasser- und Springbrunnenpumpe Gartenwasserpumpe\" src=\"http:\/\/localhost\/media\/import\/detail\/747985555_930.jpg\" width=\"600\" height=\"600\"><img decoding=\"async\" alt=\"60w 8000L\/h SUNSUN Teichwasserpumpe Tauchwasser- und Springbrunnenpumpe Gartenwasserpumpe\" src=\"http:\/\/localhost\/media\/import\/detail\/561501565_957.jpg\"><\/p>\n<\/p>\n<p><span style=\"color:#000000;background-color:#ffffff\"><strong><span style=\"font-size:24px\">4.Andere Gartenwasserpumpe <\/span><\/strong><\/span><\/p>\n<\/p>\n<\/p>\n<p> <img loading=\"lazy\" decoding=\"async\" alt=\"60w 8000L\/h SUNSUN Teichwasserpumpe Tauchwasser- und Springbrunnenpumpe Gartenwasserpumpe\" src=\"http:\/\/localhost\/media\/import\/detail\/755015397_968.jpg\" width=\"600\" height=\"600\"><img loading=\"lazy\" decoding=\"async\" alt=\"60w 8000L\/h SUNSUN Teichwasserpumpe Tauchwasser- und Springbrunnenpumpe Gartenwasserpumpe\" src=\"http:\/\/localhost\/media\/import\/detail\/754992679_960.jpg\" width=\"600\" height=\"600\"><img decoding=\"async\" alt=\"60w 8000L\/h SUNSUN Teichwasserpumpe Tauchwasser- und Springbrunnenpumpe Gartenwasserpumpe\" src=\"http:\/\/localhost\/media\/import\/detail\/755022132_174.jpg\"><img decoding=\"async\" alt=\"60w 8000L\/h SUNSUN Teichwasserpumpe, Tauchwasser- und Springbrunnenpumpe, Gartenwasserpumpe\" src=\"http:\/\/localhost\/media\/import\/detail\/755022144_614.jpg\"><\/p>\n<p><span style=\"color:#000000;background-color:#ffffff\"><strong><span style=\"font-size:24px\">5.Der Parameter der Gartenwasserpumpe<\/span><\/strong><\/span><\/p>\n<p> <img loading=\"lazy\" decoding=\"async\" alt=\"60w 8000L\/h SUNSUN Teichwasserpumpe Tauchwasser- und Brunnenpumpe Gartenwasserpumpe\" src=\"http:\/\/localhost\/media\/import\/detail\/750049600_258.jpg\" width=\"702\" height=\"295\"><\/p>\n<p style=\"background:white\" align=\"left\">\n<div id=\"ali-anchor-AliPostDhMb-10r46\" style=\"padding-top:8px\" data-section-title=\"Unternehmensinformationen\" data-section=\"AliPostDhMb-10r46\"><strong><span style=\"background-color:#dddddd;color:#333333\"><\/span><\/strong> <\/div>\n","protected":false},"excerpt":{"rendered":"<p>60 W 8000 l\/h SUNSUN Teichwasserpumpe Tauchwasser- und Springbrunnenpumpe Gartenwasserpumpe JTP-8000<\/p>\n","protected":false},"featured_media":5623,"comment_status":"open","ping_status":"closed","template":"","meta":[],"product_brand":[],"product_cat":[1377],"product_tag":[],"class_list":{"0":"post-38252","1":"product","2":"type-product","3":"status-publish","4":"has-post-thumbnail","6":"product_cat-wasserpumpen-kraftkopfe","8":"first","9":"instock","10":"shipping-taxable","11":"purchasable","12":"product-type-simple"},"_links":{"self":[{"href":"https:\/\/www.myaquastore.com\/de\/wp-json\/wp\/v2\/product\/38252","targetHints":{"allow":["GET"]}}],"collection":[{"href":"https:\/\/www.myaquastore.com\/de\/wp-json\/wp\/v2\/product"}],"about":[{"href":"https:\/\/www.myaquastore.com\/de\/wp-json\/wp\/v2\/types\/product"}],"replies":[{"embeddable":true,"href":"https:\/\/www.myaquastore.com\/de\/wp-json\/wp\/v2\/comments?post=38252"}],"wp:featuredmedia":[{"embeddable":true,"href":"https:\/\/www.myaquastore.com\/de\/wp-json\/wp\/v2\/media\/5623"}],"wp:attachment":[{"href":"https:\/\/www.myaquastore.com\/de\/wp-json\/wp\/v2\/media?parent=38252"}],"wp:term":[{"taxonomy":"product_brand","embeddable":true,"href":"https:\/\/www.myaquastore.com\/de\/wp-json\/wp\/v2\/product_brand?post=38252"},{"taxonomy":"product_cat","embeddable":true,"href":"https:\/\/www.myaquastore.com\/de\/wp-json\/wp\/v2\/product_cat?post=38252"},{"taxonomy":"product_tag","embeddable":true,"href":"https:\/\/www.myaquastore.com\/de\/wp-json\/wp\/v2\/product_tag?post=38252"}],"curies":[{"name":"wp","href":"https:\/\/api.w.org\/{rel}","templated":true}]}}