{"id":38253,"date":"2016-09-25T23:28:32","date_gmt":"2016-09-25T23:28:32","guid":{"rendered":"https:\/\/www.myaquastore.com\/product\/50-w-7000-l-h-sunsun-gartenwasserpumpe-teichwasser-und-springbrunnenpumpe-tauchpumpe-fur-aquariumteich-jtp-7000\/"},"modified":"2025-03-16T08:54:31","modified_gmt":"2025-03-16T08:54:31","slug":"50-w-7000-l-h-sunsun-gartenwasserpumpe-teichwasser-und-springbrunnenpumpe-tauchpumpe-fur-aquariumteich-jtp-7000","status":"publish","type":"product","link":"https:\/\/www.myaquastore.com\/de\/produkt\/50-w-7000-l-h-sunsun-gartenwasserpumpe-teichwasser-und-springbrunnenpumpe-tauchpumpe-fur-aquariumteich-jtp-7000\/","title":{"rendered":"50 W 7000 l\/h SUNSUN Gartenwasserpumpe Teichwasser- und Springbrunnenpumpe Tauchpumpe f\u00fcr Aquariumteich JTP-7000"},"content":{"rendered":"<div style=\"clear:both\"><\/div>\n<div id=\"ali-anchor-AliPostDhMb-medwx\" style=\"padding-top:8px\" data-section-title=\"start\" data-section=\"AliPostDhMb-medwx\">\n<div id=\"ali-title-AliPostDhMb-medwx\" style=\"border-bottom:#ddd 1px solid;padding-bottom:8px;padding-top:8px;padding-left:0px;padding-right:0px\"> <\/div>\n<p><span><\/span><\/p>\n<\/div>\n<p><em><strong><span style=\"font-size:24px\"><span style=\"background-color:#ffff00\">50w 7000L\/h SUNSUN Gartenwasserpumpe Teichwasser- und Springbrunnenpumpe Tauchpumpe f\u00fcr Aquariumteich<\/span><\/span><\/strong><\/em><\/p>\n<\/p>\n<p><span style=\"color:#00ccff;background-color:#ffffff\"><strong><span style=\"font-size:24px\">1.<strong><span style=\"font-size:24px\">Merkmale der Aquarium-Teichpumpe <\/span><\/strong><\/span><\/strong><\/span><\/p>\n<p><span style=\"font-size:18px\">Stromlinienf\u00f6rmiges Erscheinungsbild, angemessene Struktur und hohe Effizienz;<\/span><\/p>\n<p><span style=\"font-size:large\">Es verwendet einen hochfesten, verschlei\u00dffesten Wellenkern, hat eine hocheffiziente Energieeinsparung und eine lange Lebensdauer;<\/span><\/p>\n<p><span style=\"font-size:large\">Sie k\u00f6nnen es als Pumpe und Springbrunnen verwenden.<\/span><\/p>\n<\/p>\n<p><span style=\"color:#00ccff;background-color:#ffffff\"><strong><span style=\"font-size:24px\">2.Produktbeschreibung<\/span><\/strong><span style=\"font-size:18px\"> <\/span><\/span><\/p>\n<p><span style=\"font-size:18px\">Diese Aquarium-Teichpumpe wird mit einer gro\u00dfen Auswahl an alternativen Springbrunnenk\u00f6pfen geliefert und verleiht jedem Teich eine professionelle Note. Mit dieser Pumpe k\u00f6nnen Sie Wasser direkt in Ihr Filtersystem oder alternativ in ein Wasserspiel sowie in das mitgelieferte Springbrunnensystem pumpen, sodass Sie bei Bedarf mit der Pumpe gleichzeitig Wasser in beide Systeme pumpen k\u00f6nnen.<\/span><\/p>\n<\/p>\n<p><span style=\"font-size:24px;color:#00ccff;background-color:#ffffff\"><strong>3.Die Aquarienteichpumpe wird angezeigt<\/strong><\/span><\/p>\n<p><img loading=\"lazy\" decoding=\"async\" alt=\"50w 7000L\/h SUNSUN Gartenwasserpumpe Teichwasser- und Springbrunnenpumpe Tauchpumpe f\u00fcr Aquariumteich\" src=\"http:\/\/localhost\/media\/import\/detail\/754947644_715.jpg\" width=\"600\" height=\"600\"><img loading=\"lazy\" decoding=\"async\" alt=\"50w 7000L\/h SUNSUN Garden Wasserpumpe, Teichwasser- und Springbrunnenpumpe, tauchf\u00e4hige Aquarium-Teichpumpe\" src=\"http:\/\/localhost\/media\/import\/detail\/754947649_426.jpg\" width=\"600\" height=\"600\"><\/p>\n<p><img loading=\"lazy\" decoding=\"async\" alt=\"50w 7000L\/h SUNSUN Gartenwasserpumpe, Teichwasser- und Springbrunnenpumpe, tauchbarer Aquariumteich Pumpe\" src=\"http:\/\/localhost\/media\/import\/detail\/747985555_930.jpg\" width=\"600\" height=\"600\"><img decoding=\"async\" alt=\"50w 7000L\/h SUNSUN Gartenwasserpumpe Teichwasser- und Springbrunnenpumpe Tauchpumpe f\u00fcr Aquariumteich\" src=\"http:\/\/localhost\/media\/import\/detail\/561501565_957.jpg\"><\/p>\n<\/p>\n<p><span style=\"color:#00ccff;background-color:#ffffff\"><strong><span style=\"font-size:24px\">4.Andere Aquarium-Teichpumpe <\/span><\/strong><\/span><\/p>\n<\/p>\n<p> <img loading=\"lazy\" decoding=\"async\" alt=\"50w 7000L\/h SUNSUN Gartenwasserpumpe Teichwasser- und Springbrunnenpumpe Tauchpumpe f\u00fcr Aquariumteich\" src=\"http:\/\/localhost\/media\/import\/detail\/754997723_559.jpg\" width=\"600\" height=\"600\"><img decoding=\"async\" alt=\"50w 7000L\/h SUNSUN Gartenwasserpumpe Teichwasser- und Springbrunnenpumpe Tauchpumpe f\u00fcr Aquariumteich\" src=\"http:\/\/localhost\/media\/import\/detail\/755064972_483.jpg\"><img loading=\"lazy\" decoding=\"async\" alt=\"50w 7000L\/h SUNSUN Gartenwasserpumpe, Teichwasser- und Springbrunnenpumpe, tauchf\u00e4hige Aquarium-Teichpumpe\" src=\"http:\/\/localhost\/media\/import\/detail\/754980572_171.jpg\" width=\"600\" height=\"600\"><\/p>\n<\/p>\n<p><span style=\"color:#00ccff;background-color:#ffffff\"><strong><span style=\"font-size:24px\">5.Der Parameter der Aquarium-Teichpumpe<\/span><\/strong><\/span><\/p>\n<p> <img loading=\"lazy\" decoding=\"async\" alt=\"50w 7000L\/h SUNSUN Gartenwasserpumpe Teichwasser- und Brunnenpumpe Tauchpumpe f\u00fcr Aquariumteich\" src=\"http:\/\/localhost\/media\/import\/detail\/750049600_258.jpg\" width=\"687\" height=\"295\"><\/p>\n<p style=\"background:white\" align=\"left\">\n<div id=\"ali-anchor-AliPostDhMb-emwv3\" style=\"padding-top:8px\" data-section-title=\"Unternehmensinformationen\" data-section=\"AliPostDhMb-emwv3\"> <\/div>\n","protected":false},"excerpt":{"rendered":"<p>50 W 7000 l\/h SUNSUN Gartenwasserpumpe Teichwasser- und Springbrunnenpumpe Tauchpumpe f\u00fcr Aquariumteich JTP-7000<\/p>\n","protected":false},"featured_media":5625,"comment_status":"open","ping_status":"closed","template":"","meta":[],"product_brand":[],"product_cat":[1377],"product_tag":[],"class_list":{"0":"post-38253","1":"product","2":"type-product","3":"status-publish","4":"has-post-thumbnail","6":"product_cat-wasserpumpen-kraftkopfe","8":"first","9":"instock","10":"shipping-taxable","11":"purchasable","12":"product-type-simple"},"_links":{"self":[{"href":"https:\/\/www.myaquastore.com\/de\/wp-json\/wp\/v2\/product\/38253","targetHints":{"allow":["GET"]}}],"collection":[{"href":"https:\/\/www.myaquastore.com\/de\/wp-json\/wp\/v2\/product"}],"about":[{"href":"https:\/\/www.myaquastore.com\/de\/wp-json\/wp\/v2\/types\/product"}],"replies":[{"embeddable":true,"href":"https:\/\/www.myaquastore.com\/de\/wp-json\/wp\/v2\/comments?post=38253"}],"wp:featuredmedia":[{"embeddable":true,"href":"https:\/\/www.myaquastore.com\/de\/wp-json\/wp\/v2\/media\/5625"}],"wp:attachment":[{"href":"https:\/\/www.myaquastore.com\/de\/wp-json\/wp\/v2\/media?parent=38253"}],"wp:term":[{"taxonomy":"product_brand","embeddable":true,"href":"https:\/\/www.myaquastore.com\/de\/wp-json\/wp\/v2\/product_brand?post=38253"},{"taxonomy":"product_cat","embeddable":true,"href":"https:\/\/www.myaquastore.com\/de\/wp-json\/wp\/v2\/product_cat?post=38253"},{"taxonomy":"product_tag","embeddable":true,"href":"https:\/\/www.myaquastore.com\/de\/wp-json\/wp\/v2\/product_tag?post=38253"}],"curies":[{"name":"wp","href":"https:\/\/api.w.org\/{rel}","templated":true}]}}