{"id":38262,"date":"2016-09-25T23:28:32","date_gmt":"2016-09-25T23:28:32","guid":{"rendered":"https:\/\/www.myaquastore.com\/product\/sunsun-2016-hochwertige-luftpumpe-fur-aquarien-185-w-150-l-min-aco-012\/"},"modified":"2025-03-16T08:54:34","modified_gmt":"2025-03-16T08:54:34","slug":"sunsun-2016-hochwertige-luftpumpe-fur-aquarien-185-w-150-l-min-aco-012","status":"publish","type":"product","link":"https:\/\/www.myaquastore.com\/de\/produkt\/sunsun-2016-hochwertige-luftpumpe-fur-aquarien-185-w-150-l-min-aco-012\/","title":{"rendered":"SUNSUN 2016 Hochwertige Luftpumpe f\u00fcr Aquarien (185 W, 150 l\/min) ACO-012"},"content":{"rendered":"<div style=\"clear:both\"><\/div>\n<div style=\"font-size:13px;font-family:Arial, Helvetica, sans-serif;color:#000000;width:726px\">\n<div>\n<p style=\"font-size:13px;font-family:Arial, Helvetica, sans-serif;background-color:#f5f5f5\"><span style=\"font-size:16px;font-family:'arial black', 'avant garde';line-height:24px\"> <span style=\"font-size:24px;line-height:36px\"> <\/span><\/span><\/p>\n<\/p>\n<\/p>\n<p><span style=\"font-size:18pt;color:#000000\"><strong>SUNSUN 2016 Hochwertige Luftpumpe f\u00fcr Aquarien (185 W, 150 l\/min) <\/strong><\/span><\/p>\n<\/p>\n<p><strong><span style=\"font-size:16px\">EIGENSCHAFTEN: <\/span><\/strong><\/p>\n<p><span style=\"font-family:'Arial'\">1. Das Produkt verf\u00fcgt \u00fcber einen elektrischen Magnetmotor, und die Luft wird durch einen Kolben in der Art der geradlinigen und hin- und hergehenden Bewegung erzeugt und verf\u00fcgt \u00fcber eine vern\u00fcnftigere Struktur. <\/span><\/p>\n<p><span style=\"font-family:'Arial'\">2. \u00d6lfreie Schmierung und reine Druckluft. <\/span><\/p>\n<p><span style=\"font-family:'Arial'\">3. F\u00fcr Kolben und Zylinder wird das neuartige, verschlei\u00dffeste SF1-Material verwendet, das sich durch geringen Stromverbrauch, gro\u00dfe Luftleistung und hohen Luftdruck auszeichnet. <\/span><\/p>\n<p><span style=\"font-family:'Arial'\">4. Das Geh\u00e4use besteht aus einer hochwertigen ZL 102-Aluminiumlegierung mit stromlinienf\u00f6rmigem Design und <\/span><\/p>\n<p style=\"text-align:left\"><span style=\"font-family:'Arial'\">W\u00e4rmeableitung ist effektiver. <\/span><\/p>\n<p><span style=\"font-family:'Arial'\">5. Phosphorisierungsverhalten, gleichm\u00e4\u00dfige F\u00e4rbung und Klebekraft. <\/span><\/p>\n<\/p>\n<p><span style=\"font-size:16px\"><strong>PARAMETER: <\/strong><\/span><\/p>\n<table style=\"height:262px;width:701px\" border=\"4\">\n<tbody>\n<tr>\n<td style=\"text-align:center\">Modell<\/td>\n<td style=\"text-align:center\">Spannung<\/td>\n<td style=\"text-align:center\">Leistung<\/td>\n<td style=\"text-align:center\">Druck<\/td>\n<td style=\"text-align:center\">Ausgang<\/td>\n<td style=\"text-align:center\">Gewicht<\/td>\n<td style=\"text-align:center\">Abmessungen<\/td>\n<\/tr>\n<tr>\n<td style=\"text-align:center\">ACO-001<\/td>\n<td style=\"text-align:center\">220V\/50Hz<\/td>\n<td style=\"text-align:center\">20W<\/td>\n<td style=\"text-align:center\">0,016 MPa<\/td>\n<td style=\"text-align:center\">20L\/min<\/td>\n<td style=\"text-align:center\">1kg<\/td>\n<td style=\"text-align:center\">156*82*104mm<\/td>\n<\/tr>\n<tr>\n<td style=\"text-align:center\">ACO-002<\/td>\n<td style=\"text-align:center\">220V\/50Hz<\/td>\n<td style=\"text-align:center\">35W<\/td>\n<td style=\"text-align:center\">0,03MPa<\/td>\n<td style=\"text-align:center\">40L\/min<\/td>\n<td style=\"text-align:center\">1,2kg<\/td>\n<td style=\"text-align:center\">161*94*112mm<\/td>\n<\/tr>\n<tr>\n<td style=\"text-align:center\">ACO-003<\/td>\n<td style=\"text-align:center\">220V\/50Hz<\/td>\n<td style=\"text-align:center\">45W<\/td>\n<td style=\"text-align:center\">0,03 MPa<\/td>\n<td style=\"text-align:center\">50L\/min<\/td>\n<td style=\"text-align:center\">1,6 kg<\/td>\n<td style=\"text-align:center\">181*94*118mm<\/td>\n<\/tr>\n<tr>\n<td style=\"text-align:center\">ACO-004<\/td>\n<td style=\"text-align:center\">220V\/50Hz<\/td>\n<td style=\"text-align:center\">55W<\/td>\n<td style=\"text-align:center\">0,035MPa<\/td>\n<td style=\"text-align:center\">60L\/min<\/td>\n<td style=\"text-align:center\">2,4kg<\/td>\n<td style=\"text-align:center\">198*99*132mm<\/td>\n<\/tr>\n<tr>\n<td style=\"text-align:center\">ACO-005<\/td>\n<td style=\"text-align:center\">220V\/50Hz<\/td>\n<td style=\"text-align:center\">80W<\/td>\n<td style=\"text-align:center\">0,035 MPa<\/td>\n<td style=\"text-align:center\">70L\/min<\/td>\n<td style=\"text-align:center\">2,8 kg<\/td>\n<td style=\"text-align:center\">212*99*132mm<\/td>\n<\/tr>\n<tr>\n<td style=\"text-align:center\">ACO-006<\/td>\n<td style=\"text-align:center\">220V\/50Hz<\/td>\n<td style=\"text-align:center\">105W<\/td>\n<td style=\"text-align:center\">0,04MPa<\/td>\n<td style=\"text-align:center\">85 L\/min<\/td>\n<td style=\"text-align:center\">3,3kg<\/td>\n<td style=\"text-align:center\">223*101*152mm<\/td>\n<\/tr>\n<tr>\n<td style=\"text-align:center\">ACO-007<\/td>\n<td style=\"text-align:center\">220V\/50Hz<\/td>\n<td style=\"text-align:center\">120W<\/td>\n<td style=\"text-align:center\">0,04 MPa<\/td>\n<td style=\"text-align:center\">90L\/min<\/td>\n<td style=\"text-align:center\">3,8 kg<\/td>\n<td style=\"text-align:center\">248*101*152mm<\/td>\n<\/tr>\n<tr>\n<td style=\"text-align:center\">ACO-008<\/td>\n<td style=\"text-align:center\">220V\/50Hz<\/td>\n<td style=\"text-align:center\">138W<\/td>\n<td style=\"text-align:center\">0,04Mpa<\/td>\n<td style=\"text-align:center\">100L\/min<\/td>\n<td style=\"text-align:center\">4,5kg<\/td>\n<td style=\"text-align:center\">259*135*167mm<\/td>\n<\/tr>\n<tr>\n<td style=\"text-align:center\"><span style=\"color:#ff0000\">ACO-012<\/span><\/td>\n<td style=\"text-align:center\"><span style=\"color:#ff0000\">220V\/50Hz<\/span><\/td>\n<td style=\"text-align:center\"><span style=\"color:#ff0000\">185W<\/span><\/td>\n<td style=\"text-align:center\"><span style=\"color:#ff0000\">0,042Mpa<\/span><\/td>\n<td style=\"text-align:center\"><span style=\"color:#ff0000\">150L\/min<\/span><\/td>\n<td style=\"text-align:center\"><span style=\"color:#ff0000\">4,8 kg<\/span><\/td>\n<td style=\"text-align:center\"><span style=\"color:#ff0000\">278*136*171mm<\/span><\/td>\n<\/tr>\n<tr>\n<td style=\"text-align:center\">ACO-818<\/td>\n<td style=\"text-align:center\">220V\/50Hz<\/td>\n<td style=\"text-align:center\">385W<\/td>\n<td style=\"text-align:center\">0,05Mpa<\/td>\n<td style=\"text-align:center\">300L\/min<\/td>\n<td style=\"text-align:center\">6,5kg<\/td>\n<td style=\"text-align:center\">305*155*188mm<\/td>\n<\/tr>\n<tr>\n<td style=\"text-align:center\">ACO-016<\/td>\n<td style=\"text-align:center\">220V\/50Hz<\/td>\n<td style=\"text-align:center\">520W<\/td>\n<td style=\"text-align:center\">0,05 MPa<\/td>\n<td style=\"text-align:center\">450L\/min<\/td>\n<td style=\"text-align:center\">8,8kg<\/td>\n<td style=\"text-align:center\">340*170*202mm<\/td>\n<\/tr>\n<\/tbody>\n<\/table>\n<p data-section-blank=\"AliPostDhMb-xlv1e\"><span style=\"color:#ffffff\"> Luftpumpe<\/span><\/p>\n<\/div>\n<\/div>\n<div id=\"ali-anchor-AliPostDhMb-xlv1e\" style=\"padding-top:8px\" data-section-title=\"Produktbeschreibung\" data-section=\"AliPostDhMb-xlv1e\">\n<div id=\"ali-title-AliPostDhMb-xlv1e\" style=\"border-bottom:#ddd 1px solid;padding-bottom:8px;padding-top:8px;padding-left:0px;padding-right:0px\"><span style=\"font-weight:bold;color:#333;padding-bottom:8px;padding-top:8px;padding-left:10px;line-height:12px;padding-right:10px;background-color:#ddd\">Produktbeschreibung<\/span><\/div>\n<div style=\"padding-bottom:10px;padding-top:10px;padding-left:0px;padding-right:0px\">\n<div style=\"height:42px;width:750px\">\n<div style=\"height:42px;float:left;width:25px;background-color:#00ccff\"> <\/div>\n<div style=\"height:30px;float:right;color:#ffffff;padding-bottom:5px;padding-top:5px;padding-left:0px;padding-right:0px;width:720px;background-color:#0099ff\">\n<div style=\"font-size:24px;border-top:#ffffff 1px solid;height:30px;font-family:Arial;border-bottom:#ffffff 1px solid;font-weight:bold;font-style:italic;padding-left:10px;line-height:30px;width:720px\">Product Display<\/div>\n<\/div>\n<\/div>\n<\/div>\n<\/div>\n<p data-section-blank=\"AliPostDhMb-xlv1e\"> <span style=\"color:#ffffff\"> Luftpumpe<\/span><\/p>\n<p><img decoding=\"async\" alt=\".jpg\" src=\"http:\/\/localhost\/media\/import\/detail\/HTB1p1ttGpXXXXczaXXXq6xXFXXX3.jpg\"><\/p>\n<p><span style=\"font-size:14px\"><strong><span style=\"color:#00ffff;background-color:#333333\"><span style=\"font-family:'Arial'\"><img decoding=\"async\" alt=\"01 (4).jpg\" src=\"http:\/\/localhost\/media\/import\/detail\/HTB1LSDxGXXXXXafaXXXq6xXFXXXm.jpg\"><\/span><\/span><\/strong><\/span><\/p>\n<p><img decoding=\"async\" alt=\"01 (1).jpg\" src=\"http:\/\/localhost\/media\/import\/detail\/HTB1746JGXXXXXbpXVXXq6xXFXXXK.jpg\"><\/p>\n<p><img decoding=\"async\" alt=\"01 (2).jpg\" src=\"http:\/\/localhost\/media\/import\/detail\/HTB1zQLuGXXXXXbHaXXXq6xXFXXX0.jpg\"><\/p>\n<p><img decoding=\"async\" alt=\"01 (3).jpg\" src=\"http:\/\/localhost\/media\/import\/detail\/HTB1Y2TKGXXXXXbpaXXXq6xXFXXXP.jpg\"><\/p>\n<div id=\"ali-anchor-AliPostDhMb-6yybl\" style=\"padding-top:8px\" data-section-title=\"Firmeninformationen\" data-section=\"AliPostDhMb-6yybl\">\n<div id=\"ali-title-AliPostDhMb-6yybl\" style=\"border-bottom:#ddd 1px solid;padding-bottom:8px;padding-top:8px;padding-left:0px;padding-right:0px\"> <\/div>\n<p><strong><span style=\"background-color:#dddddd;color:#333333\"><\/span><\/strong><\/div>\n","protected":false},"excerpt":{"rendered":"<p>SUNSUN 2016 Hochwertige Luftpumpe f\u00fcr Aquarien (185 W, 150 l\/min) ACO-012<\/p>\n","protected":false},"featured_media":5643,"comment_status":"open","ping_status":"closed","template":"","meta":[],"product_brand":[],"product_cat":[1379],"product_tag":[],"class_list":{"0":"post-38262","1":"product","2":"type-product","3":"status-publish","4":"has-post-thumbnail","6":"product_cat-luftpumpen-lieferungen","8":"first","9":"instock","10":"shipping-taxable","11":"purchasable","12":"product-type-simple"},"_links":{"self":[{"href":"https:\/\/www.myaquastore.com\/de\/wp-json\/wp\/v2\/product\/38262","targetHints":{"allow":["GET"]}}],"collection":[{"href":"https:\/\/www.myaquastore.com\/de\/wp-json\/wp\/v2\/product"}],"about":[{"href":"https:\/\/www.myaquastore.com\/de\/wp-json\/wp\/v2\/types\/product"}],"replies":[{"embeddable":true,"href":"https:\/\/www.myaquastore.com\/de\/wp-json\/wp\/v2\/comments?post=38262"}],"wp:featuredmedia":[{"embeddable":true,"href":"https:\/\/www.myaquastore.com\/de\/wp-json\/wp\/v2\/media\/5643"}],"wp:attachment":[{"href":"https:\/\/www.myaquastore.com\/de\/wp-json\/wp\/v2\/media?parent=38262"}],"wp:term":[{"taxonomy":"product_brand","embeddable":true,"href":"https:\/\/www.myaquastore.com\/de\/wp-json\/wp\/v2\/product_brand?post=38262"},{"taxonomy":"product_cat","embeddable":true,"href":"https:\/\/www.myaquastore.com\/de\/wp-json\/wp\/v2\/product_cat?post=38262"},{"taxonomy":"product_tag","embeddable":true,"href":"https:\/\/www.myaquastore.com\/de\/wp-json\/wp\/v2\/product_tag?post=38262"}],"curies":[{"name":"wp","href":"https:\/\/api.w.org\/{rel}","templated":true}]}}