{"id":38275,"date":"2016-09-25T23:28:33","date_gmt":"2016-09-25T23:28:33","guid":{"rendered":"https:\/\/www.myaquastore.com\/product\/sunsun-yt-301c-0012-mpa-015-l-min-mikro-aquarium-luftpumpe\/"},"modified":"2025-03-16T08:54:37","modified_gmt":"2025-03-16T08:54:37","slug":"sunsun-yt-301c-0012-mpa-015-l-min-mikro-aquarium-luftpumpe","status":"publish","type":"product","link":"https:\/\/www.myaquastore.com\/de\/produkt\/sunsun-yt-301c-0012-mpa-015-l-min-mikro-aquarium-luftpumpe\/","title":{"rendered":"SUNSUN YT-301C 0,012 MPa 0,15 l\/min Mikro-Aquarium-Luftpumpe"},"content":{"rendered":"<div style=\"clear:both\"><\/div>\n<div style=\"font-size:13px;font-family:Arial, Helvetica, sans-serif;color:#000000;width:726px\">\n<div>\n<p style=\"text-align:center\">\n<table class=\"ke-zeroborder\" style=\"width:750px\" cellspacing=\"0\" cellpadding=\"0\" border=\"0\">\n<tbody>\n<tr>\n<td><a href=\"http:\/\/preview.alibaba.com\/product\/60063538041-0\/SUNSUN_LT_201S_AC_DC_small_air_pump_aquarium_accessories_china.html\" target=\"_blank\"><\/a><\/td>\n<td><a href=\"http:\/\/preview.alibaba.com\/product\/699053747-215139368\/SUNSUN_High_Quality_Magnetic_Vibration_Air_pump_for_medical_YT_8000.html\" target=\"_blank\"><\/a><\/td>\n<td><a href=\"http:\/\/preview.alibaba.com\/product\/60052355602-215139368\/SUNSUN_YT_301C_0_012MPa_0_15L_min_aquarium_mini_air_pump_compressor_aquarium.html\" target=\"_blank\"><\/a><\/td>\n<td><a href=\"http:\/\/preview.alibaba.com\/product\/60052331307-215139368\/SUNSUN_JRB_Series_fish_aquarium_heater.html\" target=\"_blank\"><\/a><\/td>\n<\/tr>\n<\/tbody>\n<\/table>\n<\/div>\n<\/div>\n<p style=\"text-align:center\"><span style=\"font-size:24px\"><strong>SUNSUN YT-301C 0,012 MPa 0,15 l\/min Mikro-Aquarium-Luftpumpe<\/strong><\/span><\/p>\n<p style=\"text-align:center\">\n<div id=\"ali-anchor-AliPostDhMb-pb0wt\" style=\"padding-top:8px\" data-section=\"AliPostDhMb-pb0wt\" data-section-title=\"Produktbeschreibung\">\n<div id=\"ali-title-AliPostDhMb-pb0wt\" style=\"border-bottom:#ddd 1px solid;padding-bottom:8px;padding-top:8px;padding-left:0px;padding-right:0px\"><span style=\"font-weight:bold;color:#333;padding-bottom:8px;padding-top:8px;padding-left:10px;line-height:12px;padding-right:10px;background-color:#ddd\">Produktbeschreibung<\/span><\/div>\n<div style=\"padding-bottom:10px;padding-top:10px;padding-left:0px;padding-right:0px\">\n<p> <span style=\"font-family:Verdana, Arial, Helvetica, sans-serif;text-align:center\"> <\/span><\/p>\n<\/div>\n<\/div>\n<table class=\"ke-zeroborder\" style=\"height:161px;width:750px\" border=\"0\">\n<tbody>\n<tr>\n<td>\n<p><strong><span style=\"font-size:18px\"> EIGENSCHAFTEN<\/span><\/strong><\/p>\n<p><span style=\"font-size:18px\"><span style=\"font-size:14px\">1.Ger\u00e4uscharmes System<\/span><br \/><span style=\"font-size:14px\">2.Reine Druckluft<\/span><br \/><span style=\"font-size:14px\">3.Hohe Effizienz und au\u00dfergew\u00f6hnliche Leistung<\/span><br \/><span style=\"font-size:14px\">4.Geringer Stromverbrauch, niedrige Kosten<\/span><br \/><span style=\"font-size:14px\">5.Kontinuierlicher Betrieb und lange Lebensdauer,<\/span><\/span><\/p>\n<\/td>\n<td><span style=\"font-size:18px\"><strong>ANWENDUNGEN<\/strong><br \/><span style=\"font-size:14px\">Sauerstoffversorgung in Aquarien und Restaurants.<\/span><br \/><span style=\"font-size:14px\">Wird als Zubeh\u00f6r f\u00fcr Lebensmittelauftauger\u00e4te verwendet.<\/span><br \/><span style=\"font-size:14px\">&#8218;iquidmizers. und FisFi-Unterlegscheiben<\/span><br \/><span style=\"font-size:14px\">Wird f\u00fcr Badewannen verwendet.<\/span><br \/><span style=\"font-size:14px\">Wird f\u00fcr Luftversorgungs-Ersatzteile von medizinischen Instrumenten<\/span><br \/><span style=\"font-size:14px\">und neuen Fl\u00fcssiggasger\u00e4ten verwendet<\/span><\/span><\/td>\n<\/tr>\n<\/tbody>\n<\/table>\n<p><strong><span style=\"font-size:16px\">PARAMETER<\/span><\/strong><\/p>\n<\/p>\n<table class=\"aliDataTable\" style=\"height:154px;width:751px\" border=\"1\">\n<tbody>\n<tr>\n<td style=\"text-align:center\"><strong>MODELL<\/strong><\/td>\n<td style=\"text-align:center\"><strong>SPANNUNG<\/strong><\/td>\n<td style=\"text-align:center\"><strong>LEISTUNG<\/strong><\/td>\n<td style=\"text-align:center\"><strong>DRUCK<\/strong><\/td>\n<td style=\"text-align:center\"><strong>AUSGABE<\/strong><\/td>\n<td style=\"text-align:center\"><strong>GEWICHT<\/strong><\/td>\n<td style=\"text-align:center\"><strong>L*B*H<\/strong><\/td>\n<\/tr>\n<tr>\n<td style=\"text-align:center\">YT-301<\/td>\n<td style=\"text-align:center\">220V\/50Hz<\/td>\n<td style=\"text-align:center\">2,5w<\/td>\n<td style=\"text-align:center\">0,012MPa<\/td>\n<td style=\"text-align:center\">1,5L\/min<\/td>\n<td style=\"text-align:center\">0,27kg<\/td>\n<td style=\"text-align:center\">105*70*55mm<\/td>\n<\/tr>\n<tr>\n<td style=\"text-align:center\">YT-301C<\/td>\n<td style=\"text-align:center\">220V\/50Hz<\/td>\n<td style=\"text-align:center\">3w<\/td>\n<td style=\"text-align:center\">0,012 MPa<\/td>\n<td style=\"text-align:center\">1,5 l\/min<\/td>\n<td style=\"text-align:center\">0,29 kg<\/td>\n<td style=\"text-align:center\">135*70*55mm<\/td>\n<\/tr>\n<tr>\n<td style=\"text-align:center\">YT-302<\/td>\n<td style=\"text-align:center\">220V\/50Hz<\/td>\n<td style=\"text-align:center\">2,5w<\/td>\n<td style=\"text-align:center\">0,015MPa<\/td>\n<td style=\"text-align:center\">2*1,5L\/min<\/td>\n<td style=\"text-align:center\">0,29 kg<\/td>\n<td style=\"text-align:center\">105*70*55mm<\/td>\n<\/tr>\n<tr>\n<td style=\"text-align:center\">YT-302C<\/td>\n<td style=\"text-align:center\">220V\/50Hz<\/td>\n<td style=\"text-align:center\">3w<\/td>\n<td style=\"text-align:center\">0,015 MPa<\/td>\n<td style=\"text-align:center\">2*1,5L\/min<\/td>\n<td style=\"text-align:center\">0,31 kg<\/td>\n<td style=\"text-align:center\">135*70*55mm<\/td>\n<\/tr>\n<tr>\n<td style=\"text-align:center\">YT-304<\/td>\n<td style=\"text-align:center\">220V\/50Hz<\/td>\n<td style=\"text-align:center\">8,5w<\/td>\n<td style=\"text-align:center\">0,013MPa<\/td>\n<td style=\"text-align:center\">4*1,5L\/min<\/td>\n<td style=\"text-align:center\">0,93 kg<\/td>\n<td style=\"text-align:center\">198*145*96mm<\/td>\n<\/tr>\n<tr>\n<td style=\"text-align:center\">YT-502<\/td>\n<td style=\"text-align:center\">220V\/50Hz<\/td>\n<td style=\"text-align:center\">4,5 W<\/td>\n<td style=\"text-align:center\">0,013 MPa<\/td>\n<td style=\"text-align:center\">2*1,5 l\/min<\/td>\n<td style=\"text-align:center\">0,5 kg<\/td>\n<td style=\"text-align:center\">165*86*77mm<\/td>\n<\/tr>\n<\/tbody>\n<\/table>\n<p><img decoding=\"async\" alt=\"YT-301C Mini elektrische Aquarium-Luftkompressorpumpe (1).jpg\" src=\"http:\/\/localhost\/media\/import\/detail\/HTB143qtFVXXXXXTXpXXq6xXFXXX5.jpg\"><img decoding=\"async\" alt=\"YT-301C Mini-Elektro-Aquarium-Luftkompressorpumpe (2).jpg\" src=\"http:\/\/localhost\/media\/import\/detail\/HTB15.KxFVXXXXXeXFXXq6xXFXXX4.jpg\"><img decoding=\"async\" alt=\"YT-301C Mini-Elektro-Aquarium-Luftkompressorpumpe (4).jpg\" src=\"http:\/\/localhost\/media\/import\/detail\/HTB1mEGxFVXXXXczXXXXq6xXFXXX5.jpg\"><\/p>\n<p><img decoding=\"async\" alt=\"_01.jpg\" src=\"http:\/\/localhost\/media\/import\/detail\/HTB1hLRfGXXXXXa2XXXXq6xXFXXXY.jpg\"><img decoding=\"async\" alt=\"_02.jpg\" src=\"http:\/\/localhost\/media\/import\/detail\/HTB1DEg5FVXXXXXLXVXXq6xXFXXX1.jpg\"><img decoding=\"async\" alt=\"_03.jpg\" src=\"http:\/\/localhost\/media\/import\/detail\/HTB12hE6FVXXXXaiXVXXq6xXFXXXk.jpg\"><img decoding=\"async\" alt=\"_04.jpg\" src=\"http:\/\/localhost\/media\/import\/detail\/HTB1FldhGXXXXXX3XXXXq6xXFXXXT.jpg\"><img decoding=\"async\" alt=\"YT-301C Mini elektrische Aquarium-Luftkompressorpumpe (5).jpg\" src=\"http:\/\/localhost\/media\/import\/detail\/HTB1js9wFVXXXXXVXpXXq6xXFXXXe.jpg\"><\/p>\n<div id=\"ali-anchor-AliPostDhMb-oxums\" style=\"padding-top:8px\" data-section=\"AliPostDhMb-oxums\" data-section-title=\"Unternehmensinformationen\"><strong><span style=\"background-color:#dddddd;color:#333333\"><\/span><\/strong> <\/div>\n<div style=\"clear:both\"><\/div>\n","protected":false},"excerpt":{"rendered":"<p>SUNSUN YT-301C 0,012 MPa 0,15 l\/min Mikro-Aquarium-Luftpumpe<\/p>\n","protected":false},"featured_media":5669,"comment_status":"open","ping_status":"closed","template":"","meta":[],"product_brand":[],"product_cat":[1379],"product_tag":[],"class_list":{"0":"post-38275","1":"product","2":"type-product","3":"status-publish","4":"has-post-thumbnail","6":"product_cat-luftpumpen-lieferungen","8":"first","9":"instock","10":"shipping-taxable","11":"purchasable","12":"product-type-simple"},"_links":{"self":[{"href":"https:\/\/www.myaquastore.com\/de\/wp-json\/wp\/v2\/product\/38275","targetHints":{"allow":["GET"]}}],"collection":[{"href":"https:\/\/www.myaquastore.com\/de\/wp-json\/wp\/v2\/product"}],"about":[{"href":"https:\/\/www.myaquastore.com\/de\/wp-json\/wp\/v2\/types\/product"}],"replies":[{"embeddable":true,"href":"https:\/\/www.myaquastore.com\/de\/wp-json\/wp\/v2\/comments?post=38275"}],"wp:featuredmedia":[{"embeddable":true,"href":"https:\/\/www.myaquastore.com\/de\/wp-json\/wp\/v2\/media\/5669"}],"wp:attachment":[{"href":"https:\/\/www.myaquastore.com\/de\/wp-json\/wp\/v2\/media?parent=38275"}],"wp:term":[{"taxonomy":"product_brand","embeddable":true,"href":"https:\/\/www.myaquastore.com\/de\/wp-json\/wp\/v2\/product_brand?post=38275"},{"taxonomy":"product_cat","embeddable":true,"href":"https:\/\/www.myaquastore.com\/de\/wp-json\/wp\/v2\/product_cat?post=38275"},{"taxonomy":"product_tag","embeddable":true,"href":"https:\/\/www.myaquastore.com\/de\/wp-json\/wp\/v2\/product_tag?post=38275"}],"curies":[{"name":"wp","href":"https:\/\/api.w.org\/{rel}","templated":true}]}}