{"id":38299,"date":"2016-09-25T23:28:35","date_gmt":"2016-09-25T23:28:35","guid":{"rendered":"https:\/\/www.myaquastore.com\/product\/fabrikgroshandel-beste-meerwasserpumpe-fur-meerwasserfische-ctp-8000\/"},"modified":"2025-03-16T08:54:44","modified_gmt":"2025-03-16T08:54:44","slug":"fabrikgroshandel-beste-meerwasserpumpe-fur-meerwasserfische-ctp-8000","status":"publish","type":"product","link":"https:\/\/www.myaquastore.com\/de\/produkt\/fabrikgroshandel-beste-meerwasserpumpe-fur-meerwasserfische-ctp-8000\/","title":{"rendered":"Fabrikgro\u00dfhandel beste Meerwasserpumpe f\u00fcr Meerwasserfische CTP-8000"},"content":{"rendered":"<div style=\"clear:both\"><\/div>\n<div style=\"font-size:13px;font-family:Arial, Helvetica, sans-serif;color:#000000;width:726px\"> <\/div>\n<div id=\"ali-anchor-AliPostDhMb-9hvw8\" style=\"padding-top:8px\" data-section-title=\"signboard\" data-section=\"AliPostDhMb-9hvw8\">\n<div id=\"ali-title-AliPostDhMb-9hvw8\" style=\"border-bottom:#ddd 1px solid;padding-bottom:8px;padding-top:8px;padding-left:0px;padding-right:0px\"> <\/div>\n<p><span><\/span><\/p>\n<\/div>\n<p style=\"text-align:center\"><span style=\"font-size:24px;font-family:arial, helvetica, sans-serif\"><strong>Beste \u00d6ko-Meerwasserpumpe im Fabrikgro\u00dfhandel f\u00fcr Meerwasserfische<\/strong><\/span><\/p>\n<div id=\"ali-anchor-AliPostDhMb-n1s4a\" style=\"padding-top:8px\" data-section-title=\"Produktbeschreibung\" data-section=\"AliPostDhMb-n1s4a\">\n<div id=\"ali-title-AliPostDhMb-n1s4a\" style=\"border-bottom:#ddd 1px solid;padding-bottom:8px;padding-top:8px;padding-left:0px;padding-right:0px\"><span style=\"font-weight:bold;color:#333;padding-bottom:8px;padding-top:8px;padding-left:10px;line-height:12px;padding-right:10px;background-color:#ddd\">Produktbeschreibung<\/span><\/div>\n<div style=\"padding-bottom:10px;padding-top:10px;padding-left:0px;padding-right:0px\">\n<p> <strong>CTP Meerwasserpumpen Eigenschaften:<\/strong><\/p>\n<\/div>\n<\/div>\n<p><span style=\"font-size:18px;font-family:Calibri,zapf dingbats\"><span style=\"font-size:16px;color:#000000\"><strong>1) <\/strong><span style=\"font-size:16px;font-family:Calibri,zapf dingbats;color:#000000;line-height:21px\">Hochleistungs-Standard-Asynchronmotor mit neuem Design und<strong> Energieeinsparung dieser Meerwasserpumpe bis zu 60 %<\/strong> als zuvor.<\/span> <br \/><strong>2) <\/strong>Verwendung von <span style=\"font-size:16px;font-family:Calibri,zapf dingbats;color:#000000;line-height:21px\">Hochfester Keramikschaft und -verschlei\u00df,<\/span> und sowohl f\u00fcr Meerwasser als auch f\u00fcr S\u00fc\u00dfwasser geeignet; <span style=\"font-size:16px;font-family:Calibri,zapf dingbats;color:#000000;line-height:21px\"><em><strong>lange Lebensdauer<\/strong><\/em><strong><em>.<\/em><\/strong><\/span><br \/><\/span><\/span><\/p>\n<p><span style=\"font-size:16px;font-family:Calibri,zapf dingbats;color:#000000\"><span style=\"line-height:21px\"><strong>3)<\/strong> Gilt f\u00fcr <strong><em>Garten<\/em><\/strong>, <em><strong>Teiche, Felsen-, Bourn- und Aquarienfischbecken<\/strong>,<\/em> <em><strong>Meeresfr\u00fcchtebecken<\/strong> und<strong> \u00fcberall<\/strong><\/em><strong>mit Wasserrecycling<\/strong><\/span><span style=\"line-height:21px\">Ger\u00e4teanpassung.<\/span><\/span><\/p>\n<p><span style=\"font-size:16px;font-family:Calibri,zapf dingbats;color:#000000;line-height:21px\"><strong>4) <\/strong><em><strong>Geringe Saugkraft<\/strong> <\/em>und<em><strong>geringer Ger\u00e4uschpegel<\/strong><\/em> . Der Wasserdurchfluss kann angepasst werden!<\/span><\/p>\n<p><span style=\"font-size:16px;font-family:Calibri,zapf dingbats;color:#000000;line-height:21px\"><strong>5) <\/strong>Das Design des gro\u00dfen Filterkorbs macht<em><strong>die Wartung viel l\u00e4nger<\/strong><\/em> .<\/span><\/p>\n<p><span style=\"font-size:16px;font-family:Calibri,zapf dingbats;color:#000000;line-height:21px\"><strong>6) <\/strong>Doppelte Versiegelung aus Harz und Gummiring machen es<em><strong>sicherer f\u00fcr die Verwendung<\/strong><\/em> .<\/span><\/p>\n<p><strong><span style=\"font-size:16px;font-family:Calibri,zapf dingbats;color:#000000;line-height:21px\">7)<span style=\"background-color:#339966\"> Kostenlose Garantie 12 Monate!<\/span><br \/><\/span><\/strong><\/p>\n<p style=\"text-align:left\">\n<p style=\"text-align:left\"><span style=\"font-family:Calibri,zapf dingbats\"><span style=\"font-size:14pt;font-family:Calibri,zapf dingbats\"><strong>Parameter und Details der CTP-Meerwasserpumpen anzeigen:<\/strong><\/span> <\/span><\/p>\n<p style=\"text-align:left\"><span style=\"font-size:18px;font-family:Calibri,zapf dingbats\"><strong><span style=\"color:#993300\"><img decoding=\"async\" alt=\"CTP_01.jpg\" src=\"http:\/\/localhost\/media\/import\/detail\/HTB1pYJHFVXXXXarXFXXq6xXFXXXH.jpg\"><img decoding=\"async\" alt=\"CTP_02.jpg\" src=\"http:\/\/localhost\/media\/import\/detail\/HTB1kyXGFVXXXXcDXpXXq6xXFXXX0.jpg\"><img decoding=\"async\" alt=\"CTP_03.jpg\" src=\"http:\/\/localhost\/media\/import\/detail\/HTB1YYlFFVXXXXb9XVXXq6xXFXXXL.jpg\"><img decoding=\"async\" alt=\"CTP_04.jpg\" src=\"http:\/\/localhost\/media\/import\/detail\/HTB1C8XJFVXXXXaBXpXXq6xXFXXXf.jpg\"><img decoding=\"async\" alt=\"CTP_05.jpg\" src=\"http:\/\/localhost\/media\/import\/detail\/HTB1eopBFVXXXXbBXVXXq6xXFXXXw.jpg\"><a href=\"http:\/\/gzweierma.en.alibaba.com\/productgrouplist-215139685-2\/UV_C_Clarifying.html?isGallery=Y\" target=\"_blank\"><img decoding=\"async\" alt=\"CTP_06.jpg\" src=\"http:\/\/localhost\/media\/import\/detail\/HTB1BC0GFVXXXXXXXVXXq6xXFXXXu.jpg\"><\/a><\/span><\/strong><\/span><\/p>\n<p><span style=\"font-family:Calibri,zapf dingbats\"><\/span> <\/p>\n<table class=\"ke-zeroborder\" Cellspacing=\"0\" Cellpadding=\"0\" border=\"0\">\n<tbody>\n<tr>\n<td><a href=\"http:\/\/preview.alibaba.com\/product\/1940320417-215139431\/SUNSUN_Newly_ECO_Low_Power_Super_Quiet_Pond_Fountain_Submersible_Water_Pump_CTF_3800.html\" target=\"_blank\"><\/a><\/td>\n<td><span style=\"font-family:Calibri,zapf dingbats\"><a href=\"http:\/\/preview.alibaba.com\/product\/60073570801-215139431\/SUNSUN_JTP_4000_16000_garden_hose_water_pump.html\" target=\"_blank\"><\/a><\/span><\/td>\n<td><span style=\"font-family:Calibri,zapf dingbats\"><a href=\"http:\/\/preview.alibaba.com\/product\/60041935615-215139431\/SUNSUN_CTP_5000_ECO_30w_5000L_h_water_pump_home_use.html\" target=\"_blank\"><\/a><\/span><\/td>\n<td><span style=\"font-family:Calibri,zapf dingbats\"><a href=\"http:\/\/preview.alibaba.com\/product\/60011545865-215139431\/SUNSUN_HJ_series_Plastic_Circulation_Mini_Auto_Water_Pump.html\" target=\"_blank\"><\/a><\/span><\/td>\n<\/tr>\n<\/tbody>\n<\/table>\n<div id=\"ali-anchor-AliPostDhMb-akkwi\" style=\"padding-top:8px\" data-section-title=\"Unternehmensinformationen\" data-section=\"AliPostDhMb-akkwi\">\n<div id=\"ali-title-AliPostDhMb-akkwi\" style=\"border-bottom:#ddd 1px solid;padding-bottom:8px;padding-top:8px;padding-left:0px;padding-right:0px\"><span style=\"font-weight:bold;color:#333;padding-bottom:8px;padding-top:8px;padding-left:10px;line-height:12px;padding-right:10px;background-color:#ddd\"><\/span> <\/div>\n<div style=\"border-bottom:#ddd 1px solid;padding-bottom:8px;padding-top:8px;padding-left:0px;padding-right:0px\"><span style=\"font-weight:bold;color:#333;padding-bottom:8px;padding-top:8px;padding-left:10px;line-height:12px;padding-right:10px;background-color:#ddd\"><\/span> <\/div>\n<\/div>\n<div style=\"clear:both\"><\/div>\n","protected":false},"excerpt":{"rendered":"<p>Fabrikgro\u00dfhandel beste Meerwasserpumpe f\u00fcr Meerwasserfische CTP-8000<\/p>\n","protected":false},"featured_media":5717,"comment_status":"open","ping_status":"closed","template":"","meta":[],"product_brand":[],"product_cat":[1377],"product_tag":[],"class_list":{"0":"post-38299","1":"product","2":"type-product","3":"status-publish","4":"has-post-thumbnail","6":"product_cat-wasserpumpen-kraftkopfe","8":"first","9":"instock","10":"shipping-taxable","11":"purchasable","12":"product-type-simple"},"_links":{"self":[{"href":"https:\/\/www.myaquastore.com\/de\/wp-json\/wp\/v2\/product\/38299","targetHints":{"allow":["GET"]}}],"collection":[{"href":"https:\/\/www.myaquastore.com\/de\/wp-json\/wp\/v2\/product"}],"about":[{"href":"https:\/\/www.myaquastore.com\/de\/wp-json\/wp\/v2\/types\/product"}],"replies":[{"embeddable":true,"href":"https:\/\/www.myaquastore.com\/de\/wp-json\/wp\/v2\/comments?post=38299"}],"wp:featuredmedia":[{"embeddable":true,"href":"https:\/\/www.myaquastore.com\/de\/wp-json\/wp\/v2\/media\/5717"}],"wp:attachment":[{"href":"https:\/\/www.myaquastore.com\/de\/wp-json\/wp\/v2\/media?parent=38299"}],"wp:term":[{"taxonomy":"product_brand","embeddable":true,"href":"https:\/\/www.myaquastore.com\/de\/wp-json\/wp\/v2\/product_brand?post=38299"},{"taxonomy":"product_cat","embeddable":true,"href":"https:\/\/www.myaquastore.com\/de\/wp-json\/wp\/v2\/product_cat?post=38299"},{"taxonomy":"product_tag","embeddable":true,"href":"https:\/\/www.myaquastore.com\/de\/wp-json\/wp\/v2\/product_tag?post=38299"}],"curies":[{"name":"wp","href":"https:\/\/api.w.org\/{rel}","templated":true}]}}