{"id":38316,"date":"2016-09-25T23:28:35","date_gmt":"2016-09-25T23:28:35","guid":{"rendered":"https:\/\/www.myaquastore.com\/product\/beste-leise-mehrzweck-tauchwasserpumpe-24-w-1400-l-h-hqb-2000\/"},"modified":"2025-03-16T08:54:48","modified_gmt":"2025-03-16T08:54:48","slug":"beste-leise-mehrzweck-tauchwasserpumpe-24-w-1400-l-h-hqb-2000","status":"publish","type":"product","link":"https:\/\/www.myaquastore.com\/de\/produkt\/beste-leise-mehrzweck-tauchwasserpumpe-24-w-1400-l-h-hqb-2000\/","title":{"rendered":"Beste leise Mehrzweck-Tauchwasserpumpe 24 W 1400 l\/h HQB-2000"},"content":{"rendered":"<div style=\"clear:both\"><\/div>\n<div style=\"font-size:13px;font-family:Arial, Helvetica, sans-serif;color:#000000;width:726px\">\n<div>\n<p style=\"text-align:center\"><strong><span style=\"font-size:24px\">Beste Mehrzweck-Tauchpumpe 24 W 1400L\/h HQB-2000<\/span><\/strong><\/p>\n<p style=\"text-align:center\">\n<p data-section-blank=\"AliPostDhMb-dov1u\">\n<p style=\"text-align:center\">\n<\/div>\n<\/div>\n<div id=\"ali-anchor-AliPostDhMb-dov1u\" style=\"padding-top:8px\" data-section=\"AliPostDhMb-dov1u\" data-section-title=\"Produktbeschreibung\">\n<div id=\"ali-title-AliPostDhMb-dov1u\" style=\"border-bottom:#ddd 1px solid;padding-bottom:8px;padding-top:8px;padding-left:0px;padding-right:0px\"><span style=\"font-weight:bold;color:#333;padding-bottom:8px;padding-top:8px;padding-left:10px;line-height:12px;padding-right:10px;background-color:#ddd\">Produktbeschreibung<\/span><\/div>\n<div style=\"padding-bottom:10px;padding-top:10px;padding-left:0px;padding-right:0px\">\n<div style=\"height:42px;width:750px\">\n<div style=\"height:42px;float:left;width:25px;background-color:#00ccff\"> <\/div>\n<div style=\"height:30px;float:right;color:#ffffff;padding-bottom:5px;padding-top:5px;padding-left:0px;padding-right:0px;width:720px;background-color:#0099ff\">\n<div style=\"font-size:24px;border-top:#ffffff 1px solid;height:30px;font-family:Arial;border-bottom:#ffffff 1px solid;font-weight:bold;font-style:italic;padding-left:10px;line-height:30px;width:720px\">Product Display<\/div>\n<\/div>\n<\/div>\n<\/div>\n<\/div>\n<p style=\"text-align:center\"><strong><span style=\"font-size:24px\"><img decoding=\"async\" alt=\"SUNSUN HQB-2200 Gartenwasserpumpe mit elektrischer Wasserpumpe.jpg\" src=\"http:\/\/localhost\/media\/import\/detail\/HTB1c5XgFVXXXXbgaXXXq6xXFXXXx.jpg\"><img decoding=\"async\" alt=\"SUNSUN HQB-2200 1900Lh kleine Wasserpumpe f\u00fcr Gartenbrunnen (2).jpg\" src=\"http:\/\/localhost\/media\/import\/detail\/HTB11T0hFVXXXXczXVXXq6xXFXXXC.jpg\"><\/span><\/strong><\/p>\n<p style=\"text-align:left\"><span style=\"font-size:16px\"><strong>Eigenschaften:<\/strong><\/span><\/p>\n<p style=\"text-align:left\"><span style=\"font-size:14px\">1.Es verwendet einen hochfesten, verschlei\u00dffesten Schaft<\/span><br \/><span style=\"font-size:14px\">Kern, verf\u00fcgt \u00fcber eine hocheffiziente Energieeinsparung und<\/span><br \/><span style=\"font-size:14px\">lange Lebensdauer;<\/span><br \/><span style=\"font-size:14px\">2.Es verf\u00fcgt \u00fcber eine gute Wasserdichtigkeit, hohe Dielektrizit\u00e4tskonstante<\/span><br \/><span style=\"font-size:14px\">strength; es ist sicher und zuverl\u00e4ssig;<\/span><br \/><span style=\"font-size:14px\">3.Sie k\u00f6nnen es als Pumpe und Springbrunnen verwenden;<\/span><br \/><span style=\"font-size:14px\">4.Auf Aquarien und Teiche anwenden, Wasserrecycling<\/span><br \/><span style=\"font-size:14px\">passende Ausr\u00fcstung.<\/span><\/p>\n<p style=\"text-align:left\"><span style=\"font-size:14px\"> <\/span><\/p>\n<p style=\"text-align:left\"><strong><span style=\"font-size:16px\">Parameter:<\/span><\/strong><\/p>\n<table class=\"aliDataTable\" style=\"height:291px;width:767px\" border=\"1\">\n<tbody>\n<tr>\n<td style=\"text-align:center\"><strong>Modell<\/strong><\/td>\n<td style=\"text-align:center\"><strong>Spannung<\/strong><\/td>\n<td style=\"text-align:center\"><strong>Frequenz<\/strong><\/td>\n<td style=\"text-align:center\"><strong>Leistung<\/strong><\/td>\n<td style=\"text-align:center\"><strong>H-max<\/strong><\/td>\n<td style=\"text-align:center\"><strong>Ausgang (L\/h)<\/strong><\/td>\n<td style=\"text-align:center\"><strong>Hausadapter (mm)<\/strong><\/td>\n<td style=\"text-align:center\"><strong>Kabell\u00e4nge<\/strong><\/td>\n<td style=\"text-align:center\"><strong>Gewicht<\/strong><\/td>\n<td style=\"text-align:center\"><strong>Abmessungen L*B*H(mm)<\/strong><\/td>\n<\/tr>\n<tr>\n<td style=\"text-align:center\"><span style=\"background-color:#ffff00\">HQB-2000<\/span><\/td>\n<td style=\"text-align:center\"><span style=\"background-color:#ffff00\">110V\/220V\/240V<\/span><\/td>\n<td style=\"text-align:center\"><span style=\"background-color:#ffff00\">50Hz\/60Hz<\/span><\/td>\n<td style=\"text-align:center\"><span style=\"background-color:#ffff00\">24w<\/span><\/td>\n<td style=\"text-align:center\"><span style=\"background-color:#ffff00\">1,8m<\/span><\/td>\n<td style=\"text-align:center\"><span style=\"background-color:#ffff00\">1400<\/span><\/td>\n<td style=\"text-align:center\"><span style=\"background-color:#ffff00\">18<\/span><\/td>\n<td style=\"text-align:center\"><span style=\"background-color:#ffff00\">3m<\/span><\/td>\n<td style=\"text-align:center\"><span style=\"background-color:#ffff00\">0,8kg<\/span><\/td>\n<td style=\"text-align:center\"><span style=\"background-color:#ffff00\">120*95*90<\/span><\/td>\n<\/tr>\n<tr>\n<td style=\"text-align:center\"><span style=\"background-color:#ffff00\">HQB-2200<\/span><\/td>\n<td style=\"text-align:center\"><span style=\"background-color:#ffff00\">110V\/220V\/240V<\/span><\/td>\n<td style=\"text-align:center\"><span style=\"background-color:#ffff00\">50Hz\/60Hz<\/span><\/td>\n<td style=\"text-align:center\"><span style=\"background-color:#ffff00\">40w<\/span><\/td>\n<td style=\"text-align:center\"><span style=\"background-color:#ffff00\">2,3m<\/span><\/td>\n<td style=\"text-align:center\"><span style=\"background-color:#ffff00\">1900<\/span><\/td>\n<td style=\"text-align:center\"><span style=\"background-color:#ffff00\">18<\/span><\/td>\n<td style=\"text-align:center\"><span style=\"background-color:#ffff00\">3m<\/span><\/td>\n<td style=\"text-align:center\"><span style=\"background-color:#ffff00\">1,2kg<\/span><\/td>\n<td style=\"text-align:center\"><span style=\"background-color:#ffff00\">135*105*115<\/span><\/td>\n<\/tr>\n<tr>\n<td style=\"text-align:center\">HQB-2500<\/td>\n<td style=\"text-align:center\">110V\/220V\/240V<\/td>\n<td style=\"text-align:center\">50Hz\/60Hz<\/td>\n<td style=\"text-align:center\">55w<\/td>\n<td style=\"text-align:center\">2,5m<\/td>\n<td style=\"text-align:center\">2000<\/td>\n<td style=\"text-align:center\">22\/27<\/td>\n<td style=\"text-align:center\">3m<\/td>\n<td style=\"text-align:center\">1,2kg<\/td>\n<td style=\"text-align:center\">153*105*135<\/td>\n<\/tr>\n<tr>\n<td style=\"text-align:center\">HQB-3000<\/td>\n<td style=\"text-align:center\">110V\/220V\/240V<\/td>\n<td style=\"text-align:center\">50Hz\/60Hz<\/td>\n<td style=\"text-align:center\">60w<\/td>\n<td style=\"text-align:center\">3,0m<\/td>\n<td style=\"text-align:center\">2500<\/td>\n<td style=\"text-align:center\">22\/27<\/td>\n<td style=\"text-align:center\">3m<\/td>\n<td style=\"text-align:center\">1,6kg<\/td>\n<td style=\"text-align:center\">153*105*135<\/td>\n<\/tr>\n<tr>\n<td style=\"text-align:center\">HQB-3500<\/td>\n<td style=\"text-align:center\">110V\/220V\/240V<\/td>\n<td style=\"text-align:center\">50Hz\/60Hz<\/td>\n<td style=\"text-align:center\">85w<\/td>\n<td style=\"text-align:center\">3,5m<\/td>\n<td style=\"text-align:center\">3000<\/td>\n<td style=\"text-align:center\">22\/27<\/td>\n<td style=\"text-align:center\">3m<\/td>\n<td style=\"text-align:center\">1,25 kg<\/td>\n<td style=\"text-align:center\">153*105*135<\/td>\n<\/tr>\n<tr>\n<td style=\"text-align:center\">HQB-4500<\/td>\n<td style=\"text-align:center\">110V\/220V\/240V<\/td>\n<td style=\"text-align:center\">50Hz\/60Hz<\/td>\n<td style=\"text-align:center\">100W<\/td>\n<td style=\"text-align:center\">4,0m<\/td>\n<td style=\"text-align:center\">4500<\/td>\n<td style=\"text-align:center\">22\/27<\/td>\n<td style=\"text-align:center\">3m<\/td>\n<td style=\"text-align:center\">2,7kg<\/td>\n<td style=\"text-align:center\">175*112*133<\/td>\n<\/tr>\n<tr>\n<td style=\"text-align:center\">HQB-5000<\/td>\n<td style=\"text-align:center\">110V\/220V\/240V<\/td>\n<td style=\"text-align:center\">50Hz\/60Hz<\/td>\n<td style=\"text-align:center\">150w<\/td>\n<td style=\"text-align:center\">5,0m<\/td>\n<td style=\"text-align:center\">5500<\/td>\n<td style=\"text-align:center\">25\/30<\/td>\n<td style=\"text-align:center\">3m<\/td>\n<td style=\"text-align:center\">2,8kg<\/td>\n<td style=\"text-align:center\">175*112*133<\/td>\n<\/tr>\n<tr>\n<td style=\"text-align:center\">HQB-5500<\/td>\n<td style=\"text-align:center\">110V\/220V\/240V<\/td>\n<td style=\"text-align:center\">50Hz\/60Hz<\/td>\n<td style=\"text-align:center\">200w<\/td>\n<td style=\"text-align:center\">5,5m<\/td>\n<td style=\"text-align:center\">6800<\/td>\n<td style=\"text-align:center\">25\/30<\/td>\n<td style=\"text-align:center\">3m<\/td>\n<td style=\"text-align:center\">4,0kg<\/td>\n<td style=\"text-align:center\">\n<p>200*140*160<\/p>\n<\/td>\n<\/tr>\n<\/tbody>\n<\/table>\n<p style=\"text-align:left\">\n<p style=\"text-align:left\"><span style=\"font-size:16px\"><strong>Produktanzeige:<\/strong> (DIE HQB-SERIE)<strong><br \/><\/strong><\/span><\/p>\n<p style=\"text-align:left\"><img decoding=\"async\" alt=\"IMG_7555.jpg\" src=\"http:\/\/localhost\/media\/import\/detail\/HTB1_UxjFVXXXXb9XVXXq6xXFXXXn.jpg\"><\/p>\n<p style=\"text-align:left\">\n<p style=\"text-align:left\"><span style=\"font-size:24px\"><strong>Modell:<\/strong><\/span><\/p>\n<p style=\"text-align:left\"><em><span style=\"font-size:16px\"><strong>HQB-2000~2200:<\/strong><\/span><\/em><\/p>\n<p style=\"text-align:left\"><img decoding=\"async\" alt=\"SUNSUN HQB-2200 1900Lh kleine Wasserpumpe f\u00fcr Gartenbrunnen 01 (1).jpg\" src=\"http:\/\/localhost\/media\/import\/detail\/HTB1zCd5FVXXXXbXaXXXq6xXFXXXi.jpg\"><img decoding=\"async\" alt=\"SUNSUN HQB-2200 1900Lh kleine Wasserpumpe f\u00fcr Gartenbrunnen 01 (2).jpg\" src=\"http:\/\/localhost\/media\/import\/detail\/HTB1KgA8FFXXXXbkaVXXq6xXFXXXX.jpg\"><img decoding=\"async\" alt=\"SUNSUN HQB-2200 1900Lh kleine Wasserpumpe f\u00fcr Gartenbrunnen 01 (3).jpg\" src=\"http:\/\/localhost\/media\/import\/detail\/HTB1mAVEFVXXXXcaXVXXq6xXFXXXS.jpg\"><\/p>\n<p style=\"text-align:left\"><img decoding=\"async\" alt=\"LW0A9520.jpg\" src=\"http:\/\/localhost\/media\/import\/detail\/HTB10qCrFVXXXXceaXXXq6xXFXXXv.jpg\"><\/p>\n<p style=\"text-align:left\">\n<\/p>\n<p style=\"text-align:left\"><span style=\"font-size:24px\"><strong>Modell:<\/strong><\/span><\/p>\n<\/p>\n<p style=\"text-align:left\"><em><span style=\"font-size:16px\"><strong>HQB-2500~5500:<\/strong><\/span><\/em><\/p>\n<\/p>\n<p> <img decoding=\"async\" alt=\"01.jpg\" src=\"http:\/\/localhost\/media\/import\/detail\/HTB1u3mhGVXXXXcKXXXXq6xXFXXXA.jpg\"><img decoding=\"async\" alt=\"02.jpg\" src=\"http:\/\/localhost\/media\/import\/detail\/HTB1TMmfGVXXXXa4XpXXq6xXFXXXl.jpg\"><img decoding=\"async\" alt=\"03.jpg\" src=\"http:\/\/localhost\/media\/import\/detail\/HTB1SY05GVXXXXaPXVXXq6xXFXXXN.jpg\"><img decoding=\"async\" alt=\"04.jpg\" src=\"http:\/\/localhost\/media\/import\/detail\/HTB1_E3pGFXXXXa8XVXXq6xXFXXXU.jpg\"><\/p>\n<p data-section-blank=\"AliPostDhMb-molvx\">\n<div id=\"ali-anchor-AliPostDhMb-molvx\" style=\"padding-top:8px\" data-section=\"AliPostDhMb-molvx\" data-section-title=\"Unternehmensinformationen\"><strong><span style=\"background-color:#dddddd;color:#333333\"><\/span><\/strong> <\/div>\n","protected":false},"excerpt":{"rendered":"<p>Beste leise Mehrzweck-Tauchwasserpumpe 24 W 1400 l\/h HQB-2000<\/p>\n","protected":false},"featured_media":5751,"comment_status":"open","ping_status":"closed","template":"","meta":[],"product_brand":[],"product_cat":[1377],"product_tag":[],"class_list":{"0":"post-38316","1":"product","2":"type-product","3":"status-publish","4":"has-post-thumbnail","6":"product_cat-wasserpumpen-kraftkopfe","8":"first","9":"instock","10":"shipping-taxable","11":"purchasable","12":"product-type-simple"},"_links":{"self":[{"href":"https:\/\/www.myaquastore.com\/de\/wp-json\/wp\/v2\/product\/38316","targetHints":{"allow":["GET"]}}],"collection":[{"href":"https:\/\/www.myaquastore.com\/de\/wp-json\/wp\/v2\/product"}],"about":[{"href":"https:\/\/www.myaquastore.com\/de\/wp-json\/wp\/v2\/types\/product"}],"replies":[{"embeddable":true,"href":"https:\/\/www.myaquastore.com\/de\/wp-json\/wp\/v2\/comments?post=38316"}],"wp:featuredmedia":[{"embeddable":true,"href":"https:\/\/www.myaquastore.com\/de\/wp-json\/wp\/v2\/media\/5751"}],"wp:attachment":[{"href":"https:\/\/www.myaquastore.com\/de\/wp-json\/wp\/v2\/media?parent=38316"}],"wp:term":[{"taxonomy":"product_brand","embeddable":true,"href":"https:\/\/www.myaquastore.com\/de\/wp-json\/wp\/v2\/product_brand?post=38316"},{"taxonomy":"product_cat","embeddable":true,"href":"https:\/\/www.myaquastore.com\/de\/wp-json\/wp\/v2\/product_cat?post=38316"},{"taxonomy":"product_tag","embeddable":true,"href":"https:\/\/www.myaquastore.com\/de\/wp-json\/wp\/v2\/product_tag?post=38316"}],"curies":[{"name":"wp","href":"https:\/\/api.w.org\/{rel}","templated":true}]}}