{"id":38318,"date":"2016-09-25T23:28:35","date_gmt":"2016-09-25T23:28:35","guid":{"rendered":"https:\/\/www.myaquastore.com\/product\/sunsun-gs-ce-145-w-6500-l-h-gartenteich-tauchpumpe-clb-6500\/"},"modified":"2025-03-16T08:54:49","modified_gmt":"2025-03-16T08:54:49","slug":"sunsun-gs-ce-145-w-6500-l-h-gartenteich-tauchpumpe-clb-6500","status":"publish","type":"product","link":"https:\/\/www.myaquastore.com\/de\/produkt\/sunsun-gs-ce-145-w-6500-l-h-gartenteich-tauchpumpe-clb-6500\/","title":{"rendered":"SUNSUN GS\/CE 145 W 6500 l\/h Gartenteich-Tauchpumpe CLB-6500"},"content":{"rendered":"<div style=\"clear:both\"><\/div>\n<div style=\"padding-bottom:10px;padding-top:10px;padding-left:0px;padding-right:0px\">\n<p><span><\/span><\/p>\n<\/div>\n<p><span style=\"color:#000000\"><strong><span style=\"font-size:24px\">SUNSUN GS\/CE 145 W 6500 l\/h Gartenteich-Tauchpumpe<\/span><\/strong><\/span><\/p>\n<div id=\"ali-anchor-AliPostDhMb-7sxfz\" style=\"padding-top:8px\" data-section=\"AliPostDhMb-7sxfz\" data-section-title=\"Produktbeschreibung\">\n<div id=\"ali-title-AliPostDhMb-7sxfz\" style=\"border-bottom:#ddd 1px solid;padding-bottom:8px;padding-top:8px;padding-left:0px;padding-right:0px\"><span style=\"font-weight:bold;color:#333;padding-bottom:8px;padding-top:8px;padding-left:10px;line-height:12px;padding-right:10px;background-color:#ddd\">Produktbeschreibung<\/span><\/div>\n<div style=\"padding-bottom:10px;padding-top:10px;padding-left:0px;padding-right:0px\">\n<\/div>\n<\/div>\n<table class=\"aliDataTable\" style=\"height:300px;width:598px\" cellspacing=\"0\" cellpadding=\"0\" border=\"1\">\n<tbody>\n<tr style=\"height:15.6pt\" align=\"left\">\n<td style=\"width:197.25pt\" valign=\"top\">\n<p><span style=\"font-size:12pt\">1.Item<\/span><\/p>\n<\/td>\n<td style=\"width:197.05pt\" valign=\"top\">\n<p><span style=\"font-size:12pt\">SUNSUN Teichpumpe<\/span><\/p>\n<\/td>\n<\/tr>\n<tr style=\"height:15.6pt\" align=\"left\">\n<td style=\"width:197.25pt\" valign=\"top\">\n<p><span style=\"font-size:12pt\">2.Modell<\/span><\/p>\n<\/td>\n<td style=\"width:197.05pt\" valign=\"top\">\n<p><span style=\"font-size:12pt\">CLB-6500<\/span><\/p>\n<\/td>\n<\/tr>\n<tr style=\"height:15.6pt\" align=\"left\">\n<td valign=\"top\">\n<p><span style=\"font-size:12pt\">3.Voltage<\/span><\/p>\n<\/td>\n<td valign=\"top\">\n<p><span style=\"font-size:12pt\">110V\/220V\/240V<\/span><\/p>\n<\/td>\n<\/tr>\n<tr style=\"height:16.35pt\" align=\"left\">\n<td valign=\"top\">\n<p><span style=\"font-size:12pt\">4.Frequency<\/span><\/p>\n<\/td>\n<td valign=\"top\">\n<p><span style=\"font-size:12pt\">50Hz\/60Hz<\/span><\/p>\n<\/td>\n<\/tr>\n<tr style=\"height:15.6pt\" align=\"left\">\n<td valign=\"top\">\n<p><span style=\"font-size:12pt\">5.Power<\/span><\/p>\n<\/td>\n<td valign=\"top\">\n<p><span style=\"font-size:12pt\">145W<\/span><\/p>\n<\/td>\n<\/tr>\n<tr style=\"height:16.35pt\" align=\"left\">\n<td valign=\"top\">\n<p><span style=\"font-size:12pt\">6.H-max<\/span><\/p>\n<\/td>\n<td valign=\"top\">\n<p><span style=\"font-size:12pt\">5,0m<\/span><\/p>\n<\/td>\n<\/tr>\n<tr style=\"height:16.35pt\" align=\"left\">\n<td valign=\"top\">\n<p><span style=\"font-size:12pt\">7.Ausgabe<\/span><\/p>\n<\/td>\n<td valign=\"top\">\n<p><span style=\"font-size:12pt\">6500L\/h<\/span><\/p>\n<\/td>\n<\/tr>\n<tr style=\"height:16.35pt\" align=\"left\">\n<td valign=\"top\">\n<p><span style=\"font-size:12pt\">8.Kabell\u00e4nge<\/span><\/p>\n<\/td>\n<td valign=\"top\">\n<p><span style=\"font-size:12pt\">5m<\/span><\/p>\n<\/td>\n<\/tr>\n<tr style=\"height:16.35pt\" align=\"left\">\n<td valign=\"top\">\n<p><span style=\"font-size:12pt\">9.Abmessung in mm<\/span><\/p>\n<\/td>\n<td valign=\"top\">\n<p><span style=\"font-size:12pt\">H:232;B:185<\/span><\/p>\n<\/td>\n<\/tr>\n<tr style=\"height:17.25pt\" align=\"left\">\n<td valign=\"top\">\n<p><span style=\"font-size:12pt\">10.Brand<\/span><\/p>\n<\/td>\n<td valign=\"top\">\n<p><span style=\"font-size:12pt\">SUNSUN<\/span><\/p>\n<\/td>\n<\/tr>\n<tr style=\"height:15pt\" align=\"left\">\n<td valign=\"top\">\n<p><span style=\"font-size:16px\">11.Qualit\u00e4t<\/span><\/p>\n<\/td>\n<td valign=\"top\">\n<p><span style=\"font-size:16px\">Beste Qualit\u00e4t;<br \/><\/span><\/p>\n<p align=\"left\"><span style=\"font-size:16px\">das gr\u00f6\u00dfte Unternehmen f\u00fcr Wasserprodukte in China.<\/span><\/p>\n<\/td>\n<\/tr>\n<tr style=\"height:4.6pt\" align=\"left\">\n<td valign=\"top\">\n<p><span style=\"font-size:16px\">12. Verkaufsargument<\/span><\/p>\n<\/td>\n<td valign=\"top\">\n<p><span style=\"font-size:16px\">China bekannte Marke; sicher und zuverl\u00e4ssig; Zugelassen durch CE, GS<\/span><\/p>\n<\/td>\n<\/tr>\n<\/tbody>\n<\/table>\n<p><img decoding=\"async\" alt=\"SUNSUN GS\/CE 145W 6500L\/h Gartenteich-Tauchpumpe\" src=\"http:\/\/localhost\/media\/import\/detail\/564018593_248.jpg\"> <\/p>\n<\/p>\n<p><span style=\"color:#000000;background-color:#ffff00\"><span style=\"font-size:24px\">1.Gartenteich<\/span><span style=\"font-size:24px\">Pumpendetails:<\/span><\/span><\/p>\n<\/p>\n<p><img loading=\"lazy\" decoding=\"async\" alt=\"SUNSUN GS\/CE 145W 6500L\/h Gartenteich-Tauchpumpe\" src=\"http:\/\/localhost\/media\/import\/detail\/564018742_141.jpg\" width=\"615\" height=\"528\"><\/p>\n<p><img loading=\"lazy\" decoding=\"async\" alt=\"SUNSUN GS\/CE 145W 6500L\/h Gartenteich Tauchpumpe\" src=\"http:\/\/localhost\/media\/import\/detail\/564019126_044.jpg\" width=\"615\" height=\"409\"><\/p>\n<\/p>\n<p><span style=\"color:#000000;background-color:#ffff00\"><span style=\"font-size:24px\">2.Technische Parameter der Gartenteichpumpe Details:<\/span> <\/span><\/p>\n<p><img loading=\"lazy\" decoding=\"async\" alt=\"SUNSUN GS\/CE 145W 6500L\/h Gartenteich-Tauchpumpe\" src=\"http:\/\/localhost\/media\/import\/detail\/564019209_663.jpg\" width=\"614\" height=\"218\"><\/p>\n<p><img decoding=\"async\" alt=\"SUNSUN GS\/CE 145W 6500L\/h Gartenteich-Tauchpumpe\" src=\"http:\/\/localhost\/media\/import\/detail\/564019487_825.jpg\"><\/p>\n<\/p>\n<p><span style=\"color:#000000;background-color:#ffff00\"><span style=\"font-size:24px\"><span style=\"font-family:'Times New Roman'\"><strong>3.Garden<\/strong><\/span><\/span><span style=\"font-size:24px\"><span style=\"font-family:'Times New Roman'\"><strong>Eigenschaften der Teichpumpe:<\/strong><\/span> <\/span> <\/span><\/p>\n<\/p>\n<p><span style=\"font-size:18px\"><span style=\"font-size:14px\">1<\/span><\/span><span style=\"font-size:18px\"><span style=\"font-size:14px\">)<\/span><\/span><span style=\"font-size:18px\"><span style=\"font-size:14px\"><span style=\"color:#000000\">Der Rotor ist aus speziellem Material, leicht zu starten und geringer Energieverbrauch;<\/span><\/span><\/span><\/p>\n<p><span style=\"font-size:18px;color:#000000\"><span style=\"font-size:14px\">2)Hochwertiger Keramikschaft und Wellenpositionierung, langlebig und ger\u00e4uscharm;<\/span><\/span><\/p>\n<p><span style=\"font-size:18px;color:#000000\"><span style=\"font-size:14px\">3)Vollst\u00e4ndig versiegelter und wasserdichter Motor, sicher und zuverl\u00e4ssig;<\/span><\/span><\/p>\n<p><span style=\"font-size:18px;color:#000000\"><span style=\"font-size:14px\">4)Hochleistungs-Standard-Asynchronmotor mit neuem Design und Energieeinsparung<\/span><\/span><\/p>\n<p><span style=\"font-size:18px;color:#000000\"><span style=\"font-size:14px\">auf 50 % als zuvor.<\/span><\/span><\/p>\n<p><span style=\"font-size:18px;color:#000000\"><span style=\"font-size:14px\">5)Garten bew\u00e4ssern, Wasser im Steingarten zirkulieren lassen, Wasser im Schwimmbad zuf\u00fchren und ableiten;<\/span><\/span><\/p>\n<p><span style=\"font-size:18px;color:#000000\"><span style=\"font-size:14px\">6)Nachdem Wasser entnommen wurde, geht es einfach weg 5 mm Tiefe, wodurch die Entw\u00e4sserung vollst\u00e4ndig m\u00f6glich ist.<\/span><\/span><\/p>\n<p style=\"font-size:16px\"><span style=\"font-size:16px;font-family:arial,helvetica,sans-serif\"> <\/span><\/p>\n<p><span style=\"font-size:24px;color:#000000;background-color:#ffff00\">4.Anderer Gartenteich Pumpe<\/span><\/p>\n<p><img loading=\"lazy\" decoding=\"async\" alt=\"SUNSUN GS\/CE 145W 6500L\/h Gartenteich-Tauchpumpe\" src=\"http:\/\/localhost\/media\/import\/detail\/537674924_045.jpg\" width=\"609\" height=\"322\"><\/p>\n<p> <img decoding=\"async\" alt=\"SUNSUN GS\/CE 145W 6500L\/h Gartenteich-Tauchpumpe\" src=\"http:\/\/localhost\/media\/import\/detail\/537633735_544.jpg\"><\/p>\n<p><img loading=\"lazy\" decoding=\"async\" alt=\"SUNSUN GS\/CE 145W 6500L\/h Gartenteich-Tauchpumpe Pump\" src=\"http:\/\/localhost\/media\/import\/detail\/537636499_010.jpg\" width=\"610\" height=\"478\"><\/p>\n<\/p>\n<div id=\"ali-anchor-AliPostDhMb-hlll2\" style=\"padding-top:8px\" data-section=\"AliPostDhMb-hlll2\" data-section-title=\"Firmeninformationen\">\n<div id=\"ali-title-AliPostDhMb-hlll2\" style=\"border-bottom:#ddd 1px solid;padding-bottom:8px;padding-top:8px;padding-left:0px;padding-right:0px\"> <\/div>\n<\/div>\n<div style=\"clear:both\"><\/div>\n","protected":false},"excerpt":{"rendered":"<p>SUNSUN GS\/CE 145 W 6500 l\/h Gartenteich-Tauchpumpe CLB-6500<\/p>\n","protected":false},"featured_media":5755,"comment_status":"open","ping_status":"closed","template":"","meta":[],"product_brand":[],"product_cat":[1377],"product_tag":[],"class_list":{"0":"post-38318","1":"product","2":"type-product","3":"status-publish","4":"has-post-thumbnail","6":"product_cat-wasserpumpen-kraftkopfe","8":"first","9":"instock","10":"shipping-taxable","11":"purchasable","12":"product-type-simple"},"_links":{"self":[{"href":"https:\/\/www.myaquastore.com\/de\/wp-json\/wp\/v2\/product\/38318","targetHints":{"allow":["GET"]}}],"collection":[{"href":"https:\/\/www.myaquastore.com\/de\/wp-json\/wp\/v2\/product"}],"about":[{"href":"https:\/\/www.myaquastore.com\/de\/wp-json\/wp\/v2\/types\/product"}],"replies":[{"embeddable":true,"href":"https:\/\/www.myaquastore.com\/de\/wp-json\/wp\/v2\/comments?post=38318"}],"wp:featuredmedia":[{"embeddable":true,"href":"https:\/\/www.myaquastore.com\/de\/wp-json\/wp\/v2\/media\/5755"}],"wp:attachment":[{"href":"https:\/\/www.myaquastore.com\/de\/wp-json\/wp\/v2\/media?parent=38318"}],"wp:term":[{"taxonomy":"product_brand","embeddable":true,"href":"https:\/\/www.myaquastore.com\/de\/wp-json\/wp\/v2\/product_brand?post=38318"},{"taxonomy":"product_cat","embeddable":true,"href":"https:\/\/www.myaquastore.com\/de\/wp-json\/wp\/v2\/product_cat?post=38318"},{"taxonomy":"product_tag","embeddable":true,"href":"https:\/\/www.myaquastore.com\/de\/wp-json\/wp\/v2\/product_tag?post=38318"}],"curies":[{"name":"wp","href":"https:\/\/api.w.org\/{rel}","templated":true}]}}