{"id":38329,"date":"2016-09-25T23:28:36","date_gmt":"2016-09-25T23:28:36","guid":{"rendered":"https:\/\/www.myaquastore.com\/product\/brunnenpumpenlieferant-aus-china-sunsun-hot-sale-cqb-2503\/"},"modified":"2025-03-16T08:54:52","modified_gmt":"2025-03-16T08:54:52","slug":"brunnenpumpenlieferant-aus-china-sunsun-hot-sale-cqb-2503","status":"publish","type":"product","link":"https:\/\/www.myaquastore.com\/de\/produkt\/brunnenpumpenlieferant-aus-china-sunsun-hot-sale-cqb-2503\/","title":{"rendered":"Brunnenpumpenlieferant aus China SUNSUN Hot-Sale CQB-2503"},"content":{"rendered":"<div style=\"clear:both\"><\/div>\n<p style=\"text-align:center\"> <span style=\"color:#000080\"> <\/span><span style=\"font-size:18px\"><strong><span style=\"color:#333399\"> <span style=\"color:#000080\"><span style=\"font-size:24px\"><span style=\"font-family:georgia,palatino\"> Brunnenpumpenlieferant aus China SUNSUN Hot-Sale <\/span> <\/span> <\/span> <span style=\"color:#ff0000\"> <\/span><\/span> <\/strong><\/span><span style=\"font-size:18px;font-family:georgia,palatino;color:#003300\"><strong> <\/strong><\/span><span style=\"color:#000080\"><strong><span style=\"font-size:16px\"><span style=\"font-size:18px;color:#003300\"><strong> <\/strong><\/span> <br \/><\/span><\/strong><\/span><\/p>\n<p style=\"text-align:center\"><span style=\"color:#000000\"> <\/span><\/p>\n<div id=\"ali-anchor-AliPostDhMb-e1axy\" style=\"padding-top:8px\" data-section=\"AliPostDhMb-e1axy\" data-section-title=\"Produktbeschreibung\">\n<div id=\"ali-title-AliPostDhMb-e1axy\" style=\"border-bottom:#ddd 1px solid;padding-bottom:8px;padding-top:8px;padding-left:0px;padding-right:0px\"><span style=\"font-weight:bold;color:#333;padding-bottom:8px;padding-top:8px;padding-left:10px;line-height:12px;padding-right:10px;background-color:#ddd\">Produktbeschreibung<\/span><\/div>\n<div style=\"padding-bottom:10px;padding-top:10px;padding-left:0px;padding-right:0px\">\n<\/div>\n<\/div>\n<p style=\"text-align:center\">\n<p style=\"text-align:center\"><span style=\"font-size:14px;color:#000000\"><strong>Spezifikationen des SUNSUN-Brunnens Pumpen<br \/><\/strong><\/span><\/p>\n<p style=\"text-align:center\"><span style=\"font-size:14px;color:#000000\">1. Auf Teiche, Steing\u00e4rten, Teiche, Aquarien und Meeresfr\u00fcchtetanks mit passender Wasserrecyclingausr\u00fcstung anwenden.<\/span><\/p>\n<p style=\"text-align:center\"><span style=\"color:#000000\"><span style=\"font-size:14px\">2. Geringe Saugleistung und geringe Ger\u00e4uschentwicklung<\/span><span style=\"font-size:14px\">.<\/span><\/span><\/p>\n<p style=\"text-align:center\"><span style=\"color:#000000\"> <\/span><\/p>\n<p style=\"text-align:center\"><span style=\"font-size:14px;color:#000000\">3. Hochleistungs-Standard-Asynchronmotor mit neuem Design und bis zu 50 % Energieeinsparung als zuvor.<\/span><\/p>\n<p style=\"text-align:center\"><span style=\"font-size:14px;color:#000000\">4. Das Design des gro\u00dfen Filterkorbs verl\u00e4ngert die Wartung deutlich. Die doppelte Abdichtung aus Harz und Gummiring macht die Verwendung sicherer.<\/span><\/p>\n<p style=\"text-align:center\"><span style=\"color:#000000\"> <\/span><\/p>\n<p style=\"text-align:center\"><span style=\"font-size:14px;color:#000000\">5. Hochfester Keramikschaft und Verschlei\u00df, lange Lebensdauer.<\/span><\/p>\n<p style=\"text-align:center\"><span style=\"font-size:14px;color:#000000\">6. Der Spiralpropeller erm\u00f6glicht die Schmutzpartikelgr\u00f6\u00dfe bis zu 6 mm.<\/span><\/p>\n<p style=\"text-align:center\">\n<p style=\"text-align:center\"><strong><span style=\"font-size:14px;color:#000000\">Parameter der SUNSUN Springbrunnen-Teichpumpen<\/span><\/strong><\/p>\n<table class=\"aliDataTable\" style=\"height:218px;width:696px\">\n<tbody>\n<tr align=\"left\">\n<td style=\"width:53.25pt\" valign=\"top\">\n<p><span style=\"font-size:12px\">Modell<\/span><\/p>\n<\/td>\n<td style=\"width:53.25pt\" valign=\"top\">\n<p><span style=\"font-size:12px\">Spannung<\/span><\/p>\n<\/td>\n<td style=\"width:53.25pt\" valign=\"top\">\n<p><span style=\"font-size:12px\">H\u00e4ufigkeit<\/span><\/p>\n<\/td>\n<td style=\"width:53.25pt\" valign=\"top\">\n<p><span style=\"font-size:12px\">Power<\/span><\/p>\n<\/td>\n<td style=\"width:53.25pt\" valign=\"top\">\n<p><span style=\"font-size:12px\">H-max<\/span><\/p>\n<\/td>\n<td style=\"width:53.25pt\" valign=\"top\">\n<p><span style=\"font-size:12px\">Ausgabe<\/span><\/p>\n<\/td>\n<td style=\"width:53.25pt\" valign=\"top\">\n<p><span style=\"font-size:12px\">Schlauchadapter<\/span><\/p>\n<\/td>\n<td style=\"width:53.25pt\" valign=\"top\">\n<p><span style=\"font-size:12px\"> Kabell\u00e4nge<\/span><\/p>\n<\/td>\n<td style=\"width:53.3pt\" valign=\"top\">\n<p><span style=\"font-size:12px\">Abmessungen<\/span><\/p>\n<\/td>\n<\/tr>\n<tr align=\"left\">\n<td valign=\"top\"><span style=\"font-size:12px\">CQB-2003<\/span><\/td>\n<td valign=\"top\">\n<p><span style=\"font-size:12px\">110V\/220V\/240V<\/span><\/p>\n<\/td>\n<td valign=\"top\">\n<p><span style=\"font-size:12px;font-family:'Verdana';background:#ffffff;color:#000000\">50Hz\/60Hz<\/span><\/p>\n<\/td>\n<td valign=\"top\">\n<p><span style=\"font-size:12px\">35W<\/span><\/p>\n<\/td>\n<td valign=\"top\">\n<p><span style=\"font-size:12px\">2,0m<\/span><\/p>\n<\/td>\n<td valign=\"top\">\n<p><span style=\"font-size:12px\">2300L\/h<\/span><\/p>\n<\/td>\n<td valign=\"top\">\n<p><span style=\"font-size:12px\">3\/4~1<\/span><\/p>\n<\/td>\n<td valign=\"top\">\n<p><span style=\"font-size:12px\"> 10m<\/span><\/p>\n<\/td>\n<td valign=\"top\">\n<p><span style=\"font-size:12px\">193*99*99mm<\/span><\/p>\n<\/td>\n<\/tr>\n<tr align=\"left\">\n<td valign=\"top\"><span style=\"font-size:12px\">CQB-2503<\/span><\/td>\n<td valign=\"top\">\n<p><span style=\"font-size:12px\">110V\/220V\/240V<\/span><\/p>\n<\/td>\n<td valign=\"top\">\n<p><span style=\"font-size:12px;font-family:'Verdana';background:#ffffff;color:#000000\">50Hz\/60Hz<\/span><\/p>\n<\/td>\n<td valign=\"top\">\n<p><span style=\"font-size:12px\">45W<\/span><\/p>\n<\/td>\n<td valign=\"top\">\n<p><span style=\"font-size:12px\">10m<\/span><\/p>\n<\/td>\n<td valign=\"top\">\n<p><span style=\"font-size:12px\">193*99*99mm<\/span><\/p>\n<\/td>\n<\/tr>\n<tr align=\"left\">\n<td valign=\"top\"><span style=\"font-size:12px\">CQB-4003<\/span><\/td>\n<td valign=\"top\">\n<p><span style=\"font-size:12px\">110V\/220V\/240V<\/span><\/p>\n<\/td>\n<td valign=\"top\">\n<p><span style=\"font-size:12px;font-family:'Verdana';background:#ffffff;color:#000000\">50Hz\/60Hz<\/span><\/p>\n<\/td>\n<td valign=\"top\">\n<p><span style=\"font-size:12px\">55W<\/span><\/p>\n<\/td>\n<td valign=\"top\">\n<p><span style=\"font-size:12px\">2,8m<\/span><\/p>\n<\/td>\n<td valign=\"top\">\n<p><span style=\"font-size:12px\">3800L\/h<\/span><\/p>\n<\/td>\n<td valign=\"top\"><span style=\"font-size:12px\">3\/4~1<\/span><\/td>\n<td valign=\"top\"><span style=\"font-size:12px\">10m<\/span><\/td>\n<td valign=\"top\">\n<p><span style=\"font-size:12px\">175*100*100mm<\/span><\/p>\n<\/td>\n<\/tr>\n<tr align=\"left\">\n<td valign=\"top\"><span style=\"font-size:12px\">CQB-5003<\/span><\/td>\n<td valign=\"top\">\n<p><span style=\"font-size:12px\">110V\/220V\/240V<\/span><\/p>\n<\/td>\n<td valign=\"top\">\n<p><span style=\"font-size:12px;font-family:'Verdana';background:#ffffff;color:#000000\">50Hz\/60Hz<\/span><\/p>\n<\/td>\n<td valign=\"top\">\n<p><span style=\"font-size:12px\">70W<\/span><\/p>\n<\/td>\n<td valign=\"top\">\n<p><span style=\"font-size:12px\">10m<\/span><\/p>\n<\/td>\n<td valign=\"top\">\n<p><span style=\"font-size:12px\">175*100*100mm<\/span><\/p>\n<\/td>\n<\/tr>\n<tr align=\"left\">\n<td valign=\"top\"><span style=\"font-size:12px\">CQB-6003<\/span><\/td>\n<td valign=\"top\">\n<p><span style=\"font-size:12px\">110V\/220V\/240V<\/span><\/p>\n<\/td>\n<td valign=\"top\">\n<p><span style=\"font-size:12px;font-family:'Verdana';background:#ffffff;color:#000000\">50Hz\/60Hz<\/span><\/p>\n<\/td>\n<td valign=\"top\">\n<p><span style=\"font-size:12px\"> 95W<\/span><\/p>\n<\/td>\n<td valign=\"top\">\n<p><span style=\"font-size:12px\"> 10m<\/span><\/p>\n<\/td>\n<td valign=\"top\">\n<p><span style=\"font-size:12px\"> 175*100*100mm<\/span><\/p>\n<\/td>\n<\/tr>\n<tr align=\"left\">\n<td valign=\"top\"><span style=\"font-size:12px\">CQB-8003<\/span><\/td>\n<td valign=\"top\">\n<p><span style=\"font-size:12px\">110V\/220V\/240V<\/span><\/p>\n<\/td>\n<td valign=\"top\">\n<p><span style=\"font-size:12px;font-family:'Verdana';background:#ffffff;color:#000000\">50Hz\/60Hz<\/span><\/p>\n<\/td>\n<td valign=\"top\">\n<p><span style=\"font-size:12px\"> 140W<\/span><\/p>\n<\/td>\n<td valign=\"top\">\n<p><span style=\"font-size:12px\">5,0m<\/span><\/p>\n<\/td>\n<td valign=\"top\">\n<p><span style=\"font-size:12px\">6500L\/h<\/span><\/p>\n<\/td>\n<td valign=\"top\">\n<p><span style=\"font-size:12px\">3\/4~5\/4<\/span><\/p>\n<\/td>\n<td valign=\"top\">\n<p><span style=\"font-size:12px\"> 10m<\/span><\/p>\n<\/td>\n<td valign=\"top\">\n<p><span style=\"font-size:12px\"> 195*100*100mm<\/span><\/p>\n<\/td>\n<\/tr>\n<\/tbody>\n<\/table>\n<p style=\"text-align:center\"><span style=\"font-size:14px;color:#008000\"><strong><span style=\"color:#000000\">Tauchbrunnen-Teichpumpen der CQB-Serie<\/span><\/strong><\/span><\/p>\n<p style=\"text-align:center\"><img decoding=\"async\" alt=\"Brunnenpumpenlieferant aus China SUNSUN Hot-Sale\" src=\"http:\/\/localhost\/media\/import\/detail\/824225083_385.jpg\"><span style=\"font-size:14px;color:#008000\"><strong><br \/><\/strong><\/span><\/p>\n<p style=\"text-align:center\"><span style=\"font-size:14px;color:#008000\"><strong><img loading=\"lazy\" decoding=\"async\" alt=\"Brunnenpumpenlieferant aus China SUNSUN Hot-Sale\" src=\"http:\/\/localhost\/media\/import\/detail\/532807974_786.jpg\" width=\"600\" height=\"588\"><\/strong><\/span><\/p>\n<p style=\"text-align:center\">\n<p style=\"text-align:center\"><span style=\"color:#000000\"><strong><span style=\"font-size:14px\">Andere \u00e4hnliche Springbrunnen-Teichpumpen<\/span><\/strong><\/span><\/p>\n<p style=\"text-align:center\"><img loading=\"lazy\" decoding=\"async\" alt=\"Brunnenpumpenlieferant von China SUNSUN Hot-Sale\" src=\"http:\/\/localhost\/media\/import\/detail\/532653877_134.jpg\" width=\"611\" height=\"397\"><img loading=\"lazy\" decoding=\"async\" alt=\"Brunnenpumpenlieferant aus China SUNSUN Hot-Sale\" src=\"http:\/\/localhost\/media\/import\/detail\/532653878_483.jpg\" width=\"609\" height=\"443\"><\/p>\n<p style=\"text-align:center\"><img loading=\"lazy\" decoding=\"async\" alt=\"Brunnenpumpenlieferant aus China SUNSUN Hot-Sale\" src=\"http:\/\/localhost\/media\/import\/detail\/532653505_848.jpg\" width=\"614\" height=\"379\"><\/p>\n<p style=\"text-align:center\">\n<p style=\"text-align:center\"><span style=\"font-size:14px;color:#ff6600\"><strong>Unterschiedlicher Brunnenkopf f\u00fchrt zu unterschiedlichen Brunnenfunktionen:<\/strong><\/span><\/p>\n<p style=\"text-align:center\"><img loading=\"lazy\" decoding=\"async\" alt=\"Brunnenpumpenlieferant aus China SUNSUN Hot-Sale\" src=\"http:\/\/localhost\/media\/import\/detail\/532657093_117.jpg\" width=\"584\" height=\"321\"><\/p>\n<p style=\"text-align:center\"><img loading=\"lazy\" decoding=\"async\" alt=\"Brunnenpumpenlieferant aus China SUNSUN Hot-Sale\" src=\"http:\/\/localhost\/media\/import\/detail\/532808285_368.jpg\" width=\"591\" height=\"98\"><\/p>\n<p style=\"text-align:center\"><img decoding=\"async\" alt=\"Brunnenpumpenlieferant aus China SUNSUN Hot-Sale\" src=\"http:\/\/localhost\/media\/import\/detail\/532655079_607.jpg\"><img decoding=\"async\" alt=\"Brunnenpumpenlieferant aus China SUNSUN Hot-Sale\" src=\"http:\/\/localhost\/media\/import\/detail\/532655082_060.jpg\"> <\/p>\n<p style=\"text-align:center\"> <span style=\"font-size:14px\"><strong><span style=\"color:#0000ff\">Foam Style Rocket Stil<\/span><\/strong><\/span><\/p>\n<p style=\"text-align:center\"><img decoding=\"async\" alt=\"Brunnenpumpenlieferant aus China SUNSUN Hot-Sale\" src=\"http:\/\/localhost\/media\/import\/detail\/532655084_174.jpg\"><img decoding=\"async\" alt=\"Brunnenpumpenlieferant aus China SUNSUN Hot-sale\" src=\"http:\/\/localhost\/media\/import\/detail\/532655086_916.jpg\"><\/p>\n<p style=\"text-align:center\"> <span style=\"font-size:14px\"><strong><span style=\"color:#0000ff\">Shampagne-Stil<\/span><\/strong><\/span> <span style=\"font-size:14px\"><strong><span style=\"color:#0000ff\"> Zeltstil<\/span><\/strong><\/span><\/p>\n<p style=\"text-align:center\">\n<p style=\"text-align:center\"><span style=\"font-size:14px\"><strong><span style=\"color:#0000ff\"><br \/><\/span><\/strong><\/span><\/p>\n<\/p>\n<p style=\"text-align:center\">\n<div id=\"ali-anchor-AliPostDhMb-1iu0w\" style=\"padding-top:8px\" data-section=\"AliPostDhMb-1iu0w\" data-section-title=\"Unternehmensinformationen\">\n<div style=\"clear:both\"><\/div>\n<p><strong><span style=\"color:#ff9900;font-family:Arial\"><\/span><\/strong><\/div>\n","protected":false},"excerpt":{"rendered":"<p>Brunnenpumpenlieferant aus China SUNSUN Hot-Sale CQB-2503<\/p>\n","protected":false},"featured_media":5777,"comment_status":"open","ping_status":"closed","template":"","meta":[],"product_brand":[],"product_cat":[1377],"product_tag":[],"class_list":{"0":"post-38329","1":"product","2":"type-product","3":"status-publish","4":"has-post-thumbnail","6":"product_cat-wasserpumpen-kraftkopfe","8":"first","9":"instock","10":"shipping-taxable","11":"purchasable","12":"product-type-simple"},"_links":{"self":[{"href":"https:\/\/www.myaquastore.com\/de\/wp-json\/wp\/v2\/product\/38329","targetHints":{"allow":["GET"]}}],"collection":[{"href":"https:\/\/www.myaquastore.com\/de\/wp-json\/wp\/v2\/product"}],"about":[{"href":"https:\/\/www.myaquastore.com\/de\/wp-json\/wp\/v2\/types\/product"}],"replies":[{"embeddable":true,"href":"https:\/\/www.myaquastore.com\/de\/wp-json\/wp\/v2\/comments?post=38329"}],"wp:featuredmedia":[{"embeddable":true,"href":"https:\/\/www.myaquastore.com\/de\/wp-json\/wp\/v2\/media\/5777"}],"wp:attachment":[{"href":"https:\/\/www.myaquastore.com\/de\/wp-json\/wp\/v2\/media?parent=38329"}],"wp:term":[{"taxonomy":"product_brand","embeddable":true,"href":"https:\/\/www.myaquastore.com\/de\/wp-json\/wp\/v2\/product_brand?post=38329"},{"taxonomy":"product_cat","embeddable":true,"href":"https:\/\/www.myaquastore.com\/de\/wp-json\/wp\/v2\/product_cat?post=38329"},{"taxonomy":"product_tag","embeddable":true,"href":"https:\/\/www.myaquastore.com\/de\/wp-json\/wp\/v2\/product_tag?post=38329"}],"curies":[{"name":"wp","href":"https:\/\/api.w.org\/{rel}","templated":true}]}}