{"id":38330,"date":"2016-09-25T23:28:36","date_gmt":"2016-09-25T23:28:36","guid":{"rendered":"https:\/\/www.myaquastore.com\/product\/sunsun-ce-gs-dekorative-teichpumpe-fur-aquarium-garten-cfp-9000-95-w-36-m-9000-l-h\/"},"modified":"2025-03-16T08:54:52","modified_gmt":"2025-03-16T08:54:52","slug":"sunsun-ce-gs-dekorative-teichpumpe-fur-aquarium-garten-cfp-9000-95-w-36-m-9000-l-h","status":"publish","type":"product","link":"https:\/\/www.myaquastore.com\/de\/produkt\/sunsun-ce-gs-dekorative-teichpumpe-fur-aquarium-garten-cfp-9000-95-w-36-m-9000-l-h\/","title":{"rendered":"SUNSUN CE\/GS dekorative Teichpumpe f\u00fcr Aquarium\/Garten CFP-9000 (95 W 3,6 m 9000 l\/h)"},"content":{"rendered":"<div style=\"clear:both\"><\/div>\n<div id=\"ali-anchor-AliPostDhMb-s2iaa\" style=\"padding-top:8px\" data-section=\"AliPostDhMb-s2iaa\" data-section-title=\"signboard\">\n<div id=\"ali-title-AliPostDhMb-s2iaa\" style=\"border-bottom:#ddd 1px solid;padding-bottom:8px;padding-top:8px;padding-left:0px;padding-right:0px\"> <\/div>\n<p><span><\/span><\/p>\n<\/div>\n<p style=\"text-align:center\"><span style=\"font-size:24px\"><strong>SUNSUN CE\/GS dekorative Teichpumpe f\u00fcr Aquarium\/Garten CFP-9000 (95W 3,6m 9000L\/h)<\/strong><\/span><\/p>\n<div id=\"ali-anchor-AliPostDhMb-pxw28\" style=\"padding-top:8px\" data-section=\"AliPostDhMb-pxw28\" data-section-title=\"Produktbeschreibung\">\n<div id=\"ali-title-AliPostDhMb-pxw28\" style=\"border-bottom:#ddd 1px solid;padding-bottom:8px;padding-top:8px;padding-left:0px;padding-right:0px\"><span style=\"font-weight:bold;color:#333;padding-bottom:8px;padding-top:8px;padding-left:10px;line-height:12px;padding-right:10px;background-color:#ddd\">Produktbeschreibung<\/span><\/div>\n<div style=\"padding-bottom:10px;padding-top:10px;padding-left:0px;padding-right:0px\">\n<p><strong><span style=\"font-size:11pt\">Hochleistungs-Teichpumpen f\u00fcr alle Teichl\u00f6sungen.<\/span><\/strong><\/p>\n<\/div>\n<\/div>\n<p><span style=\"font-size:11pt;font-family:times new roman,times\"> <\/span><\/p>\n<p><span style=\"font-size:11pt;font-family:times new roman,times\">Wenn Sie auf der Suche nach wartungsarmen Teichpumpen sind, k\u00f6nnen wir Ihnen helfen. Egal, ob Sie bei Null anfangen oder alte Teichpumpen ersetzen, wir sind \u00fcberzeugt, dass wir die richtigen Produkte f\u00fcr Sie haben. Beginnen Sie noch heute mit der Suche nach einer dekorativen Teichpumpe in Ihrer Preisklasse.<\/span><\/p>\n<\/p>\n<p><span style=\"font-family:'times new roman', times;background-color:#ffff00\"><strong><span style=\"font-size:14pt;color:black\">[Parameter der dekorativen Teichpumpe CFP-9000]<\/span><\/strong><\/span><\/p>\n<p><span style=\"font-family:times new roman,times\"><strong><span style=\"font-size:13.5pt;color:black\">Spannung: 110V\/220V\/240V<\/span><\/strong><\/span><\/p>\n<p><span style=\"font-family:times new roman,times\"><strong><span style=\"font-size:13.5pt;color:black\">Frequenz: 50Hz\/60Hz<\/span><\/strong><strong><span style=\"font-size:13.5pt;color:black\"> <\/span><\/strong><\/span><\/p>\n<p><span style=\"font-family:times new roman,times\"><strong><span style=\"font-size:13.5pt;color:black\">Leistung: 95W<\/span><\/strong><\/span><\/p>\n<p><span style=\"font-family:times new roman,times\"><strong><span style=\"font-size:13.5pt;color:black\">Leistung: 9000L\/h<\/span><\/strong><\/span><\/p>\n<p><span style=\"font-family:times new roman,times\"><strong><span style=\"font-size:13.5pt;color:black\">H-max: 3,6 m<\/span><\/strong><\/span><\/p>\n<p><span style=\"font-family:times new roman,times\"><strong><span style=\"font-size:13.5pt;color:black\">Kabell\u00e4nge: 10 m<\/span><\/strong><\/span><\/p>\n<p><span style=\"font-family:times new roman,times\"><strong><span style=\"font-size:13.5pt;color:black\">Abmessungen: 310x300x150mm<\/span><\/strong><\/span><\/p>\n<p><span style=\"font-family:times new roman,times\"><strong><span style=\"font-size:14pt;color:red\">KOSTENLOS<\/span><\/strong><strong><span style=\"font-size:14pt;color:red\"> 12 Monate Garantie! Pumpe<\/span><\/strong><strong><span style=\"font-size:14pt;color:black\">Eigenschaften<\/span><span style=\"font-size:medium;color:black\">]<\/span><\/strong><strong><\/strong><\/span><\/p>\n<p><span style=\"font-size:medium;font-family:times new roman,times;color:black\">1. Diese dekorative Teichpumpe verf\u00fcgt \u00fcber eine Welle aus rostfreier Keramik und h\u00e4lt Ausfransen und Rost stand. Hochleistungs-Standard-Asynchronmotor mit neuem Design sorgt f\u00fcr eine Energieeinsparung von bis zu 50 % dieser Pumpe im Vergleich zu zuvor.<\/span><\/p>\n<p><span style=\"font-size:medium;font-family:times new roman,times;color:black\">2. Beschichtet mit hochwertigem importiertem Harz ist die Wasserdichtigkeit und Isolationsleistung ausgezeichnet. Der Spiralpropeller dieser dekorativen Teichpumpe erm\u00f6glicht eine Schmutzpartikelgr\u00f6\u00dfe von bis zu 6 mm.<\/span><\/p>\n<p><span style=\"font-size:medium;font-family:times new roman,times;color:black\">3. Multifunktionales Design &#8212;&#8211; Pumpen, Filtern und Springbrunnen 3 in 1. Kann sowohl in S\u00fc\u00df- als auch in Meerwasser verwendet werden.<\/span><\/p>\n<p><span style=\"font-size:medium;font-family:times new roman,times;color:black\">4. Der Auslass dieser dekorativen Teichpumpe ist um 360 Grad drehbar und hat ein sch\u00f6nes Aussehen. Das Brunnenrohr ist einfach zu montieren und kann in Pumpen jeder Gr\u00f6\u00dfe verwendet werden.<\/span><\/p>\n<p><span style=\"font-size:medium;font-family:times new roman,times;color:black\">5. Das Design des Filterbildschirms mit \u00fcbergro\u00dfer Fl\u00e4che verl\u00e4ngert den Wartungszeitraum<\/span><\/p>\n<p><span style=\"font-size:medium;font-family:times new roman,times;color:black\">6. Es sind verschiedene Formen von Font\u00e4nenrohren erh\u00e4ltlich. Die Gr\u00f6\u00dfe und H\u00f6he des sch\u00f6nen Brunnens kann nach Ihren W\u00fcnschen angepasst werden.<\/span><\/p>\n<p><span style=\"font-size:medium;font-family:'times new roman', times;color:black;background-color:#ffff00\"><span style=\"font-family:times new roman,times\"><strong><span style=\"font-size:14pt;color:black\">[<\/span><\/strong><strong><span style=\"font-size:13.5pt;color:black\">Andere dekorative Teichpumpe<\/span><\/strong><strong><span style=\"font-size:14pt;color:black\"> Parameter]<\/span><\/strong><\/span><\/span><\/p>\n<\/p>\n<p><img decoding=\"async\" alt=\"SUNSUN CE\/GS dekorative Teichpumpe f\u00fcr Aquarium\/Garten CFP-9000 (95W 3,6m 9000L\/h)\" src=\"http:\/\/localhost\/media\/import\/detail\/701948065_446.jpg\"><\/p>\n<p><span style=\"font-size:medium;font-family:times new roman,times;color:black;background-color:#808080\"><span style=\"font-size:medium;font-family:times new roman,times;color:black\"><span style=\"font-family:times new roman,times\"><strong><span style=\"font-size:14pt;color:black\">[<strong><span style=\"font-size:large;font-family:Times New Roman\">Dekorativ<\/span><\/strong><\/span><\/strong><strong><span style=\"font-size:13.5pt;color:black\">Teichpumpe<\/span><\/strong><strong><span style=\"font-size:14pt;color:black\"> Funktionskurven]<\/span><\/strong><\/span><\/span><\/span><\/p>\n<\/p>\n<p><img decoding=\"async\" alt=\"SUNSUN CE\/GS dekorative Teichpumpe f\u00fcr Aquarium\/Garten CFP-9000 (95W 3,6m 9000L\/h)\" src=\"http:\/\/localhost\/media\/import\/detail\/703620855_104.jpg\"><\/p>\n<p><span style=\"font-family:'times new roman', times;background-color:#ffff00\"><strong><span style=\"font-size:medium;color:black\">[<strong><span style=\"font-size:large;font-family:Times New Roman\">Dekorativ<\/span><\/strong><\/span><\/strong><strong><span style=\"font-size:13.5pt;color:black\">Teichpumpe<\/span><\/strong><strong><span style=\"font-size:14pt;color:black\">Anwendbare Anwendungsbereiche<\/span><span style=\"font-size:medium;color:black\">]<\/span><\/strong><\/span><\/p>\n<p><span style=\"font-size:medium;font-family:times new roman,times\"><span style=\"color:black\">Diese dekorative Teichpumpe<\/span>eignet sich zum Pumpen und Umw\u00e4lzen des Wassers in Aquarien, Meeresfr\u00fcchtebecken und Gartenteichen; Filtern und Reinigen des Brutwassers und Bespr\u00fchen der Innen- und Au\u00dfenbrunnen.<\/span><\/p>\n<p><span style=\"font-family:'times new roman', times;background-color:#ffff00\"><strong><span style=\"font-size:14pt;color:black\"><span style=\"font-family:'times new roman', times\"><strong><span style=\"font-size:medium;color:black\"><span style=\"font-size:large\">[<\/span><\/span><\/strong><\/span>Dekorativ <\/span><\/strong><strong><span style=\"font-size:13.5pt;color:black\">Teichpumpe<\/span><\/strong><strong><span style=\"font-size:14pt;color:black\"> Display]<\/span><\/strong><\/span><\/p>\n<\/p>\n<\/p>\n<p><img decoding=\"async\" alt=\"SUNSUN CE\/GS dekorative Teichpumpe f\u00fcr Aquarium\/Garten CFP-9000 (95 W 3,6 m 9000 l\/h)\" src=\"http:\/\/localhost\/media\/import\/detail\/703623091_071.jpg\"><img decoding=\"async\" alt=\"SUNSUN CE\/GS dekorativer Teich Pumpe f\u00fcr Aquarium\/Garten CFP-9000 (95W 3,6m 9000L\/h)\" src=\"http:\/\/localhost\/media\/import\/detail\/703623094_968.jpg\"><\/p>\n<p><img decoding=\"async\" alt=\"SUNSUN CE\/GS dekorative Teichpumpe f\u00fcr Aquarium\/Garten CFP-9000 (95W 3,6m 9000L\/h)\" src=\"http:\/\/localhost\/media\/import\/detail\/703624614_085.jpg\"><\/p>\n<div id=\"ali-anchor-AliPostDhMb-f36um\" style=\"padding-top:8px\" data-section=\"AliPostDhMb-f36um\" data-section-title=\"Unternehmensinformationen\"> <\/div>\n","protected":false},"excerpt":{"rendered":"<p>SUNSUN CE\/GS dekorative Teichpumpe f\u00fcr Aquarium\/Garten CFP-9000 (95 W 3,6 m 9000 l\/h)<\/p>\n","protected":false},"featured_media":5779,"comment_status":"open","ping_status":"closed","template":"","meta":[],"product_brand":[],"product_cat":[1377],"product_tag":[],"class_list":{"0":"post-38330","1":"product","2":"type-product","3":"status-publish","4":"has-post-thumbnail","6":"product_cat-wasserpumpen-kraftkopfe","8":"first","9":"instock","10":"shipping-taxable","11":"purchasable","12":"product-type-simple"},"_links":{"self":[{"href":"https:\/\/www.myaquastore.com\/de\/wp-json\/wp\/v2\/product\/38330","targetHints":{"allow":["GET"]}}],"collection":[{"href":"https:\/\/www.myaquastore.com\/de\/wp-json\/wp\/v2\/product"}],"about":[{"href":"https:\/\/www.myaquastore.com\/de\/wp-json\/wp\/v2\/types\/product"}],"replies":[{"embeddable":true,"href":"https:\/\/www.myaquastore.com\/de\/wp-json\/wp\/v2\/comments?post=38330"}],"wp:featuredmedia":[{"embeddable":true,"href":"https:\/\/www.myaquastore.com\/de\/wp-json\/wp\/v2\/media\/5779"}],"wp:attachment":[{"href":"https:\/\/www.myaquastore.com\/de\/wp-json\/wp\/v2\/media?parent=38330"}],"wp:term":[{"taxonomy":"product_brand","embeddable":true,"href":"https:\/\/www.myaquastore.com\/de\/wp-json\/wp\/v2\/product_brand?post=38330"},{"taxonomy":"product_cat","embeddable":true,"href":"https:\/\/www.myaquastore.com\/de\/wp-json\/wp\/v2\/product_cat?post=38330"},{"taxonomy":"product_tag","embeddable":true,"href":"https:\/\/www.myaquastore.com\/de\/wp-json\/wp\/v2\/product_tag?post=38330"}],"curies":[{"name":"wp","href":"https:\/\/api.w.org\/{rel}","templated":true}]}}