{"id":38344,"date":"2016-09-25T23:28:36","date_gmt":"2016-09-25T23:28:36","guid":{"rendered":"https:\/\/www.myaquastore.com\/product\/sunsun-aquarium-wasserpumpe-mit-grosem-wasserdurchfluss-jp-055-1200-l-h\/"},"modified":"2025-03-16T08:54:56","modified_gmt":"2025-03-16T08:54:56","slug":"sunsun-aquarium-wasserpumpe-mit-grosem-wasserdurchfluss-jp-055-1200-l-h","status":"publish","type":"product","link":"https:\/\/www.myaquastore.com\/de\/produkt\/sunsun-aquarium-wasserpumpe-mit-grosem-wasserdurchfluss-jp-055-1200-l-h\/","title":{"rendered":"SUNSUN Aquarium-Wasserpumpe mit gro\u00dfem Wasserdurchfluss (JP-055 1200 l\/h)"},"content":{"rendered":"<div style=\"clear:both\"><\/div>\n<p><span style=\"background-color:#ffff00\"><strong><span style=\"font-size:26pt;font-family:'Times New Roman';font-style:normal\">SUNSUN <\/span><span style=\"font-size:24pt;font-family:'Times New Roman';font-style:normal\">JP<\/span><span style=\"font-size:20pt;font-family:'Times New Roman';font-style:normal\">-055<\/span><span style=\"font-size:20pt;font-style:normal\"> Aquarium-Wasserpumpe<\/span><span style=\"font-size:9pt;font-family:'Arial'\"> <\/span><\/strong><\/span><\/p>\n<\/p>\n<p><span style=\"font-size:14pt;font-family:'Times New Roman';background:#ff0000\">[ JP-055 Aquarium-Wasserpumpenparameter]<\/span><\/p>\n<\/p>\n<p><span style=\"font-size:10.5pt;font-family:'Times New Roman';color:#000000\">Spannung:110V\/220V\/240V<\/span><\/p>\n<\/p>\n<p><span style=\"font-size:10.5pt;font-family:'Times New Roman';color:#000000\">Frequenz:50Hz\/60Hz<\/span><span style=\"font-size:10.5pt;font-family:'Arial';color:#000000\"> <\/span><\/p>\n<\/p>\n<p><span style=\"font-size:10.5pt;font-family:'Times New Roman';color:#000000\">Leistung:20W<\/span><\/p>\n<\/p>\n<p><span style=\"font-size:10.5pt;font-family:'Times New Roman';color:#000000\">H-max:2,0m<\/span><\/p>\n<\/p>\n<p><span style=\"font-size:10.5pt;font-family:'Times New Roman';color:#000000\">Leistung: 1200L\/h<\/span><\/p>\n<\/p>\n<p><span style=\"font-size:10.5pt;font-family:'Times New Roman';color:#000000\">Gewicht:0,6 kg<\/span><\/p>\n<\/p>\n<p><span style=\"font-size:10.5pt;font-family:'Times New Roman';color:#000000\">Abmessungen:110x80x84mm<\/span><\/p>\n<\/p>\n<p><span style=\"font-size:14pt;font-family:'Arial';color:#ff0000\">KOSTENLOS<\/span><span style=\"font-size:14pt;font-family:'Times New Roman';color:#ff0000\"> 12 Monate Garantie<\/span><span style=\"font-size:14pt;color:#ff0000\">!!!<\/span><\/p>\n<\/p>\n<\/p>\n<p><span style=\"font-size:12pt;font-family:'Times New Roman';background:#ff0000;color:#000000\">[ <\/span><span style=\"font-size:14pt;font-family:'Times New Roman';background:#ff0000;color:#000000\">JP-055 Aquarium-Wasserpumpe<\/span><span style=\"font-size:12pt;font-family:'Times New Roman';background:#ff0000;color:#000000\"> <\/span><span style=\"font-size:14pt;font-family:'Times New Roman';background:#ff0000;color:#000000\">Beschreibung<\/span><span style=\"font-size:12pt;font-family:'Times New Roman';background:#ff0000;color:#000000\">]<\/span><\/p>\n<\/p>\n<p><span style=\"font-size:10.5pt;font-family:'Times New Roman';color:#000000\">(1). MULTIFUNKTIONS-Wasserpumpe f\u00fcr Aquarien, Set-Pumpen, Filter und Sauerstoff in einem.<\/span><\/p>\n<\/p>\n<p><span style=\"font-size:10.5pt;font-family:'Times New Roman';color:#000000\">(2). Es verwendet einen hochfesten, verschlei\u00dffesten Wellenkern, verf\u00fcgt \u00fcber eine hocheffiziente Energieeinsparung und eine lange Lebensdauer.<\/span><\/p>\n<\/p>\n<p><span style=\"font-size:10.5pt;font-family:'Times New Roman';color:#000000\">(3). Es ist gut wasserdicht, hat eine hohe dielektrische Festigkeit und ist sicher und zuverl\u00e4ssig.<\/span><\/p>\n<\/p>\n<p><span style=\"font-size:10.5pt;font-family:'Times New Roman';color:#000000\">(4). Es ist mit einem Zentrifugallaufrad ausgestattet, hat einen hohen Durchfluss und einen hohen Druck.<\/span><\/p>\n<\/p>\n<p><span style=\"font-size:10.5pt;font-family:'Times New Roman';color:#000000\">(5). Geeignet f\u00fcr Aquarien, Springbrunnen und passende Wasserzirkulationsger\u00e4te f\u00fcr Steingartenteiche.<\/span><\/p>\n<\/p>\n<p><span style=\"font-size:14pt;font-family:'Times New Roman';background:#ff0000;color:#000000\">[ Andere Aquarium-Wasserpumpen<\/span><span style=\"font-size:14pt;font-family:times new roman,times;background:#ff0000;color:#000000\">s<\/span><span style=\"font-size:14pt;font-family:'Times New Roman';background:#ff0000;color:#000000\"> Parameter]<\/span><span style=\"font-size:12pt;font-family:'Times New Roman';color:#000000\"> <\/span><\/p>\n<\/p>\n<table class=\"aliDataTable\">\n<tbody>\n<tr align=\"left\">\n<td style=\"background:#ffffff;text-align:center;width:63.05pt\" valign=\"top\">\n<p style=\"background:#ffffff\"><strong><span style=\"font-size:11pt;font-family:'Times New Roman';background:#ffffff;color:#000000\">Modell<\/span><\/strong><\/p>\n<\/td>\n<td style=\"background:#ffffff;text-align:center;width:75.75pt\" valign=\"top\">\n<p style=\"background:#ffffff\"><strong><span style=\"font-size:11pt;font-family:'Times New Roman';background:#ffffff;color:#000000\">Voltage<\/span><\/strong><\/p>\n<\/td>\n<td style=\"background:#ffffff;text-align:center;width:62.8pt\" valign=\"top\">\n<p style=\"background:#ffffff\"><strong><span style=\"font-size:11pt;font-family:'Times New Roman';background:#ffffff;color:#000000\">H\u00e4ufigkeit<\/span><\/strong><\/p>\n<\/td>\n<td style=\"background:#ffffff;text-align:center;width:54.75pt\" valign=\"top\">\n<p style=\"background:#ffffff\"><strong><span style=\"font-size:11pt;font-family:'Times New Roman';background:#ffffff;color:#000000\">Power<\/span><\/strong><\/p>\n<\/td>\n<td style=\"background:#ffffff;text-align:center;width:54.75pt\" valign=\"top\">\n<p style=\"background:#ffffff\"><strong><span style=\"font-size:11pt;font-family:'Times New Roman';background:#ffffff;color:#000000\">H-max<\/span><\/strong><\/p>\n<\/td>\n<td style=\"background:#ffffff;text-align:center;width:54.75pt\" valign=\"top\">\n<p style=\"background:#ffffff\"><strong><span style=\"font-size:11pt;font-family:'Times New Roman';background:#ffffff;color:#000000\">Ausgabe<\/span><\/strong><\/p>\n<\/td>\n<td style=\"background:#ffffff;text-align:center;width:54.8pt\" valign=\"top\">\n<p style=\"background:#ffffff\"><strong><span style=\"font-size:11pt;font-family:'Times New Roman';background:#ffffff;color:#000000\">Gewicht<\/span><\/strong><\/p>\n<\/td>\n<td style=\"background:#ffffff;text-align:center;width:98.75pt\" valign=\"top\">\n<p style=\"background:#ffffff\"><strong><span style=\"font-size:11pt;font-family:'Times New Roman';background:#ffffff;color:#000000\">Abmessungen<\/span><\/strong><\/p>\n<\/td>\n<\/tr>\n<tr align=\"left\">\n<td style=\"background:#ffffff;text-align:center\" valign=\"top\">\n<p style=\"background:#ffffff\"><span style=\"font-size:10.5pt;font-family:'Times New Roman';background:#ffffff;color:#000000\">JP-052<\/span><\/p>\n<\/td>\n<td style=\"background:#ffffff;text-align:center\" valign=\"top\">\n<p style=\"background:#ffffff\"><span style=\"font-size:10.5pt;font-family:'Times New Roman';background:#ffffff;color:#000000\">110V\/220V\/240V<\/span><\/p>\n<\/td>\n<td style=\"background:#ffffff;text-align:center\" valign=\"top\">\n<p style=\"background:#ffffff\"><span style=\"font-size:10.5pt;font-family:'Times New Roman';background:#ffffff;color:#000000\">50Hz\/60Hz<\/span><\/p>\n<\/td>\n<td style=\"background:#ffffff;text-align:center\" valign=\"top\">\n<p style=\"background:#ffffff\"><span style=\"font-size:10.5pt;font-family:'Times New Roman';background:#ffffff;color:#000000\">6W<\/span><\/p>\n<\/td>\n<td style=\"background:#ffffff;text-align:center\" valign=\"top\">\n<p style=\"background:#ffffff\"><span style=\"font-size:10.5pt;font-family:'Times New Roman';background:#ffffff;color:#000000\">0,75m<\/span><\/p>\n<\/td>\n<td style=\"background:#ffffff;text-align:center\" valign=\"top\">\n<p style=\"background:#ffffff\"><span style=\"font-size:10.5pt;font-family:'Times New Roman';background:#ffffff;color:#000000\">450L\/h<\/span><\/p>\n<\/td>\n<td style=\"background:#ffffff;text-align:center\" valign=\"top\">\n<p style=\"background:#ffffff\"><span style=\"font-size:10.5pt;font-family:'Times New Roman';background:#ffffff;color:#000000\">0,3kg<\/span><\/p>\n<\/td>\n<td style=\"background:#ffffff;text-align:center\" valign=\"top\">\n<p style=\"background:#ffffff\"><span style=\"font-size:10.5pt;font-family:'Times New Roman';background:#ffffff;color:#000000\">77*62*58mm<\/span><\/p>\n<\/td>\n<\/tr>\n<tr align=\"left\">\n<td style=\"background:#ffffff;text-align:center\" valign=\"top\">\n<p style=\"background:#ffffff\"><span style=\"font-size:10.5pt;font-family:'Times New Roman';background:#ffffff;color:#000000\">JP-053<\/span><\/p>\n<\/td>\n<td style=\"background:#ffffff;text-align:center\" valign=\"top\">\n<p style=\"background:#ffffff\"><span style=\"font-size:10.5pt;font-family:'Times New Roman';background:#ffffff;color:#000000\">110V\/220V\/240V<\/span><\/p>\n<\/td>\n<td style=\"background:#ffffff;text-align:center\" valign=\"top\">\n<p style=\"background:#ffffff\"><span style=\"font-size:10.5pt;font-family:'Times New Roman';background:#ffffff;color:#000000\">50Hz\/60Hz<\/span><\/p>\n<\/td>\n<td style=\"background:#ffffff;text-align:center\" valign=\"top\">\n<p style=\"background:#ffffff\"><span style=\"font-size:10.5pt;font-family:'Times New Roman';background:#ffffff;color:#000000\">10W<\/span><\/p>\n<\/td>\n<td style=\"background:#ffffff;text-align:center\" valign=\"top\">\n<p style=\"background:#ffffff\"><span style=\"font-size:10.5pt;font-family:'Times New Roman';background:#ffffff;color:#000000\">1,2m<\/span><\/p>\n<\/td>\n<td style=\"background:#ffffff;text-align:center\" valign=\"top\">\n<p style=\"background:#ffffff\"><span style=\"font-size:10.5pt;font-family:'Times New Roman';background:#ffffff;color:#000000\">700L\/h<\/span><\/p>\n<\/td>\n<td style=\"background:#ffffff;text-align:center\" valign=\"top\">\n<p style=\"background:#ffffff\"><span style=\"font-size:10.5pt;font-family:'Times New Roman';background:#ffffff;color:#000000\">0,4kg<\/span><\/p>\n<\/td>\n<td style=\"background:#ffffff;text-align:center\" valign=\"top\">\n<p style=\"background:#ffffff\"><span style=\"font-size:10.5pt;font-family:'Times New Roman';background:#ffffff;color:#000000\">81*70*64mm<\/span><\/p>\n<\/td>\n<\/tr>\n<tr align=\"left\">\n<td style=\"background:#ffffff;text-align:center\" valign=\"top\">\n<p style=\"background:#ffffff\"><span style=\"font-size:10.5pt;font-family:'Times New Roman';background:#ffffff;color:#000000\">JP-054<\/span><\/p>\n<\/td>\n<td style=\"background:#ffffff;text-align:center\" valign=\"top\">\n<p style=\"background:#ffffff\"><span style=\"font-size:10.5pt;font-family:'Times New Roman';background:#ffffff;color:#000000\">110V\/220V\/240V<\/span><\/p>\n<\/td>\n<td style=\"background:#ffffff;text-align:center\" valign=\"top\">\n<p style=\"background:#ffffff\"><span style=\"font-size:10.5pt;font-family:'Times New Roman';background:#ffffff;color:#000000\">50Hz\/60Hz<\/span><\/p>\n<\/td>\n<td style=\"background:#ffffff;text-align:center\" valign=\"top\">\n<p style=\"background:#ffffff\"><span style=\"font-size:10.5pt;font-family:'Times New Roman';background:#ffffff;color:#000000\">14W<\/span><\/p>\n<\/td>\n<td style=\"background:#ffffff;text-align:center\" valign=\"top\">\n<p style=\"background:#ffffff\"><span style=\"font-size:10.5pt;font-family:'Times New Roman';background:#ffffff;color:#000000\">1,6m<\/span><\/p>\n<\/td>\n<td style=\"background:#ffffff;text-align:center\" valign=\"top\">\n<p style=\"background:#ffffff\"><span style=\"font-size:10.5pt;font-family:'Times New Roman';background:#ffffff;color:#000000\">900L\/h<\/span><\/p>\n<\/td>\n<td style=\"background:#ffffff;text-align:center\" valign=\"top\">\n<p style=\"background:#ffffff\"><span style=\"font-size:10.5pt;font-family:'Times New Roman';background:#ffffff;color:#000000\">0,5kg<\/span><\/p>\n<\/td>\n<td style=\"background:#ffffff;text-align:center\" valign=\"top\">\n<p style=\"background:#ffffff\"><span style=\"font-size:10.5pt;font-family:'Times New Roman';background:#ffffff;color:#000000\">87*72*70mm<\/span><\/p>\n<\/td>\n<\/tr>\n<tr align=\"left\">\n<td style=\"background:#ffffff;text-align:center\" valign=\"top\">\n<p style=\"background:#ffffff\"><span style=\"font-size:10.5pt;font-family:'Times New Roman';background:#ffffff;color:#000000\">JP-055<\/span><\/p>\n<\/td>\n<td style=\"background:#ffffff;text-align:center\" valign=\"top\">\n<p style=\"background:#ffffff\"><span style=\"font-size:10.5pt;font-family:'Times New Roman';background:#ffffff;color:#000000\">110V\/220V\/240V<\/span><\/p>\n<\/td>\n<td style=\"background:#ffffff;text-align:center\" valign=\"top\">\n<p style=\"background:#ffffff\"><span style=\"font-size:10.5pt;font-family:'Times New Roman';background:#ffffff;color:#000000\">50Hz\/60Hz<\/span><\/p>\n<\/td>\n<td style=\"background:#ffffff;text-align:center\" valign=\"top\">\n<p style=\"background:#ffffff\"><span style=\"font-size:10.5pt;font-family:'Times New Roman';background:#ffffff;color:#000000\">20W<\/span><\/p>\n<\/td>\n<td style=\"background:#ffffff;text-align:center\" valign=\"top\">\n<p style=\"background:#ffffff\"><span style=\"font-size:10.5pt;font-family:'Times New Roman';background:#ffffff;color:#000000\">2,0m<\/span><\/p>\n<\/td>\n<td style=\"background:#ffffff;text-align:center\" valign=\"top\">\n<p style=\"background:#ffffff\"><span style=\"font-size:10.5pt;font-family:'Times New Roman';background:#ffffff;color:#000000\">1200L\/h<\/span><\/p>\n<\/td>\n<td style=\"background:#ffffff;text-align:center\" valign=\"top\">\n<p style=\"background:#ffffff\"><span style=\"font-size:10.5pt;font-family:'Times New Roman';background:#ffffff;color:#000000\">0,6kg<\/span><\/p>\n<\/td>\n<td style=\"background:#ffffff;text-align:center\" valign=\"top\">\n<p style=\"background:#ffffff\"><span style=\"font-size:10.5pt;font-family:'Times New Roman';background:#ffffff;color:#000000\">110*80*84mm<\/span><\/p>\n<\/td>\n<\/tr>\n<tr align=\"left\">\n<td style=\"background:#ffffff;text-align:center\" valign=\"top\">\n<p style=\"background:#ffffff\"><span style=\"font-size:10.5pt;font-family:'Times New Roman';background:#ffffff;color:#000000\">JP-056<\/span><\/p>\n<\/td>\n<td style=\"background:#ffffff;text-align:center\" valign=\"top\">\n<p style=\"background:#ffffff\"><span style=\"font-size:10.5pt;font-family:'Times New Roman';background:#ffffff;color:#000000\">110V\/220V\/240V<\/span><\/p>\n<\/td>\n<td style=\"background:#ffffff;text-align:center\" valign=\"top\">\n<p style=\"background:#ffffff\"><span style=\"font-size:10.5pt;font-family:'Times New Roman';background:#ffffff;color:#000000\">50Hz\/60Hz<\/span><\/p>\n<\/td>\n<td style=\"background:#ffffff;text-align:center\" valign=\"top\">\n<p style=\"background:#ffffff\"><span style=\"font-size:10.5pt;font-family:'Times New Roman';background:#ffffff;color:#000000\">40W<\/span><\/p>\n<\/td>\n<td style=\"background:#ffffff;text-align:center\" valign=\"top\">\n<p style=\"background:#ffffff\"><span style=\"font-size:10.5pt;font-family:'Times New Roman';background:#ffffff;color:#000000\">2,4m<\/span><\/p>\n<\/td>\n<td style=\"background:#ffffff;text-align:center\" valign=\"top\">\n<p style=\"background:#ffffff\"><span style=\"font-size:10.5pt;font-family:'Times New Roman';background:#ffffff;color:#000000\">2700L\/h<\/span><\/p>\n<\/td>\n<td style=\"background:#ffffff;text-align:center\" valign=\"top\">\n<p style=\"background:#ffffff\"><span style=\"font-size:10.5pt;font-family:'Times New Roman';background:#ffffff;color:#000000\">1,25kg<\/span><\/p>\n<\/td>\n<td style=\"background:#ffffff;text-align:center\" valign=\"top\">\n<p style=\"background:#ffffff\"><span style=\"font-size:10.5pt;font-family:'Times New Roman';background:#ffffff;color:#000000\">126*101*102mm<\/span><\/p>\n<\/td>\n<\/tr>\n<tr align=\"left\">\n<td style=\"background:#ffffff;text-align:center\" valign=\"top\">\n<p style=\"background:#ffffff\"><span style=\"font-size:10.5pt;font-family:'Times New Roman';background:#ffffff;color:#000000\">JP-057<\/span><\/p>\n<\/td>\n<td style=\"background:#ffffff;text-align:center\" valign=\"top\">\n<p style=\"background:#ffffff\"><span style=\"font-size:10.5pt;font-family:'Times New Roman';background:#ffffff;color:#000000\">110V\/220V\/240V<\/span><\/p>\n<\/td>\n<td style=\"background:#ffffff;text-align:center\" valign=\"top\">\n<p style=\"background:#ffffff\"><span style=\"font-size:10.5pt;font-family:'Times New Roman';background:#ffffff;color:#000000\">50Hz\/60Hz<\/span><\/p>\n<\/td>\n<td style=\"background:#ffffff;text-align:center\" valign=\"top\">\n<p style=\"background:#ffffff\"><span style=\"font-size:10.5pt;font-family:'Times New Roman';background:#ffffff;color:#000000\">50W<\/span><\/p>\n<\/td>\n<td style=\"background:#ffffff;text-align:center\" valign=\"top\">\n<p style=\"background:#ffffff\"><span style=\"font-size:10.5pt;font-family:'Times New Roman';background:#ffffff;color:#000000\">2,7m<\/span><\/p>\n<\/td>\n<td style=\"background:#ffffff;text-align:center\" valign=\"top\">\n<p style=\"background:#ffffff\"><span style=\"font-size:10.5pt;font-family:'Times New Roman';background:#ffffff;color:#000000\">3500L\/h<\/span><\/p>\n<\/td>\n<td style=\"background:#ffffff;text-align:center\" valign=\"top\">\n<p style=\"background:#ffffff\"><span style=\"font-size:10.5pt;font-family:'Times New Roman';background:#ffffff;color:#000000\">1,4kg<\/span><\/p>\n<\/td>\n<td style=\"background:#ffffff;text-align:center\" valign=\"top\">\n<p style=\"background:#ffffff\"><span style=\"font-size:10.5pt;font-family:'Times New Roman';background:#ffffff;color:#000000\">130*110*105mm<\/span><\/p>\n<\/td>\n<\/tr>\n<tr align=\"left\">\n<td style=\"background:#ffffff;text-align:center\" valign=\"top\">\n<p style=\"background:#ffffff\"><span style=\"font-size:10.5pt;font-family:'Times New Roman';background:#ffffff;color:#000000\">JP-058<\/span><\/p>\n<\/td>\n<td style=\"background:#ffffff;text-align:center\" valign=\"top\">\n<p style=\"background:#ffffff\"><span style=\"font-size:10.5pt;font-family:'Times New Roman';background:#ffffff;color:#000000\">110V\/220V\/240V<\/span><\/p>\n<\/td>\n<td style=\"background:#ffffff;text-align:center\" valign=\"top\">\n<p style=\"background:#ffffff\"><span style=\"font-size:10.5pt;font-family:'Times New Roman';background:#ffffff;color:#000000\">50Hz\/60Hz<\/span><\/p>\n<\/td>\n<td style=\"background:#ffffff;text-align:center\" valign=\"top\">\n<p style=\"background:#ffffff\"><span style=\"font-size:10.5pt;font-family:'Times New Roman';background:#ffffff;color:#000000\">80W<\/span><\/p>\n<\/td>\n<td style=\"background:#ffffff;text-align:center\" valign=\"top\">\n<p style=\"background:#ffffff\"><span style=\"font-size:10.5pt;font-family:'Times New Roman';background:#ffffff;color:#000000\">3,5m<\/span><\/p>\n<\/td>\n<td style=\"background:#ffffff;text-align:center\" valign=\"top\">\n<p style=\"background:#ffffff\"><span style=\"font-size:10.5pt;font-family:'Times New Roman';background:#ffffff;color:#000000\">5000L\/h<\/span><\/p>\n<\/td>\n<td style=\"background:#ffffff;text-align:center\" valign=\"top\">\n<p style=\"background:#ffffff\"><span style=\"font-size:10.5pt;font-family:'Times New Roman';background:#ffffff;color:#000000\">1,9kg<\/span><\/p>\n<\/td>\n<td style=\"background:#ffffff;text-align:center\" valign=\"top\">\n<p style=\"background:#ffffff\"><span style=\"font-size:10.5pt;font-family:'Times New Roman';background:#ffffff;color:#000000\">168*124*142mm<\/span><\/p>\n<\/td>\n<\/tr>\n<tr align=\"left\">\n<td style=\"background:#ffffff;text-align:center\" valign=\"top\">\n<p style=\"background:#ffffff\"><span style=\"font-size:10.5pt;font-family:'Times New Roman';background:#ffffff;color:#000000\">JP-059<\/span><\/p>\n<\/td>\n<td style=\"background:#ffffff;text-align:center\" valign=\"top\">\n<p style=\"background:#ffffff\"><span style=\"font-size:10.5pt;font-family:'Times New Roman';background:#ffffff;color:#000000\">110V\/220V\/240V<\/span><\/p>\n<\/td>\n<td style=\"background:#ffffff;text-align:center\" valign=\"top\">\n<p style=\"background:#ffffff\"><span style=\"font-size:10.5pt;font-family:'Times New Roman';background:#ffffff;color:#000000\">50Hz\/60Hz<\/span><\/p>\n<\/td>\n<td style=\"background:#ffffff;text-align:center\" valign=\"top\">\n<p style=\"background:#ffffff\"><span style=\"font-size:10.5pt;font-family:'Times New Roman';background:#ffffff;color:#000000\">100W<\/span><\/p>\n<\/td>\n<td style=\"background:#ffffff;text-align:center\" valign=\"top\">\n<p style=\"background:#ffffff\"><span style=\"font-size:10.5pt;font-family:'Times New Roman';background:#ffffff;color:#000000\">4,0m<\/span><\/p>\n<\/td>\n<td style=\"background:#ffffff;text-align:center\" valign=\"top\">\n<p style=\"background:#ffffff\"><span style=\"font-size:10.5pt;font-family:'Times New Roman';background:#ffffff;color:#000000\">5800L\/h<\/span><\/p>\n<\/td>\n<td style=\"background:#ffffff;text-align:center\" valign=\"top\">\n<p style=\"background:#ffffff\"><span style=\"font-size:10.5pt;font-family:'Times New Roman';background:#ffffff;color:#000000\">3,3kg<\/span><\/p>\n<\/td>\n<td style=\"background:#ffffff;text-align:center\" valign=\"top\">\n<p style=\"background:#ffffff\"><span style=\"font-size:10.5pt;font-family:'Times New Roman';background:#ffffff;color:#000000\">180*140*140mm<\/span><\/p>\n<\/td>\n<\/tr>\n<\/tbody>\n<\/table>\n<\/p>\n<p><span style=\"font-size:14pt;font-family:'Times New Roman';background:#ff0000;color:#000000\">[<\/span><span style=\"font-size:14pt;font-family:'Times New Roman';background:#ff0000;color:#000000\">Aquariumwasserpumpe<\/span><span style=\"font-size:14pt;font-family:'Times New Roman';background:#ff0000;color:#000000\"> Display]<\/span><\/p>\n<p><img decoding=\"async\" alt=\"SUNSUN Aquariumwasserpumpe mit gro\u00dfem Wasserdurchfluss (JP-055 1200L\/h)\" src=\"http:\/\/localhost\/media\/import\/detail\/673483660_259.jpg\"><\/p><\/p>\n","protected":false},"excerpt":{"rendered":"<p>SUNSUN Aquarium-Wasserpumpe mit gro\u00dfem Wasserdurchfluss (JP-055 1200 l\/h)<\/p>\n","protected":false},"featured_media":5807,"comment_status":"open","ping_status":"closed","template":"","meta":[],"product_brand":[],"product_cat":[1377],"product_tag":[],"class_list":{"0":"post-38344","1":"product","2":"type-product","3":"status-publish","4":"has-post-thumbnail","6":"product_cat-wasserpumpen-kraftkopfe","8":"first","9":"instock","10":"shipping-taxable","11":"purchasable","12":"product-type-simple"},"_links":{"self":[{"href":"https:\/\/www.myaquastore.com\/de\/wp-json\/wp\/v2\/product\/38344","targetHints":{"allow":["GET"]}}],"collection":[{"href":"https:\/\/www.myaquastore.com\/de\/wp-json\/wp\/v2\/product"}],"about":[{"href":"https:\/\/www.myaquastore.com\/de\/wp-json\/wp\/v2\/types\/product"}],"replies":[{"embeddable":true,"href":"https:\/\/www.myaquastore.com\/de\/wp-json\/wp\/v2\/comments?post=38344"}],"wp:featuredmedia":[{"embeddable":true,"href":"https:\/\/www.myaquastore.com\/de\/wp-json\/wp\/v2\/media\/5807"}],"wp:attachment":[{"href":"https:\/\/www.myaquastore.com\/de\/wp-json\/wp\/v2\/media?parent=38344"}],"wp:term":[{"taxonomy":"product_brand","embeddable":true,"href":"https:\/\/www.myaquastore.com\/de\/wp-json\/wp\/v2\/product_brand?post=38344"},{"taxonomy":"product_cat","embeddable":true,"href":"https:\/\/www.myaquastore.com\/de\/wp-json\/wp\/v2\/product_cat?post=38344"},{"taxonomy":"product_tag","embeddable":true,"href":"https:\/\/www.myaquastore.com\/de\/wp-json\/wp\/v2\/product_tag?post=38344"}],"curies":[{"name":"wp","href":"https:\/\/api.w.org\/{rel}","templated":true}]}}