{"id":38347,"date":"2016-09-25T23:28:36","date_gmt":"2016-09-25T23:28:36","guid":{"rendered":"https:\/\/www.myaquastore.com\/product\/sunsun-heiser-verkauf-6000l-h-aquakultur-wasserpumpe-jap-6000\/"},"modified":"2025-03-16T08:54:56","modified_gmt":"2025-03-16T08:54:56","slug":"sunsun-heiser-verkauf-6000l-h-aquakultur-wasserpumpe-jap-6000","status":"publish","type":"product","link":"https:\/\/www.myaquastore.com\/de\/produkt\/sunsun-heiser-verkauf-6000l-h-aquakultur-wasserpumpe-jap-6000\/","title":{"rendered":"SUNSUN Hei\u00dfer Verkauf 6000L\/h Aquakultur Wasserpumpe JAP-6000"},"content":{"rendered":"<div style=\"clear:both\"><\/div>\n<div style=\"font-size:13px;font-family:Arial, Helvetica, sans-serif;color:#000000;width:726px\">\n<div>\n<p style=\"text-align:center\"><strong><span style=\"font-size:24px\">SUNSUN Hot Sale 6000L\/h Aquakultur-Wasserpumpe <\/span><\/strong><\/p>\n<p data-section-blank=\"AliPostDhMb-edxsy\">\n<\/div>\n<\/div>\n<div id=\"ali-anchor-AliPostDhMb-edxsy\" style=\"padding-top:8px\" data-section=\"AliPostDhMb-edxsy\" data-section-title=\"Produktbeschreibung\">\n<div id=\"ali-title-AliPostDhMb-edxsy\" style=\"border-bottom:#ddd 1px solid;padding-bottom:8px;padding-top:8px;padding-left:0px;padding-right:0px\"><span style=\"font-weight:bold;color:#333;padding-bottom:8px;padding-top:8px;padding-left:10px;line-height:12px;padding-right:10px;background-color:#ddd\">Produktbeschreibung<\/span><\/div>\n<div style=\"padding-bottom:10px;padding-top:10px;padding-left:0px;padding-right:0px\">\n<div style=\"height:42px;width:750px\">\n<div style=\"height:42px;float:left;width:25px;background-color:#00ccff\"> <\/div>\n<div style=\"height:30px;float:right;color:#ffffff;padding-bottom:5px;padding-top:5px;padding-left:0px;padding-right:0px;width:720px;background-color:#0099ff\">\n<div style=\"font-size:24px;border-top:#ffffff 1px solid;height:30px;font-family:Arial;border-bottom:#ffffff 1px solid;font-weight:bold;font-style:italic;padding-left:10px;line-height:30px;width:720px\">Product Display<\/div>\n<\/div>\n<\/div>\n<\/div>\n<\/div>\n<p data-section-blank=\"AliPostDhMb-edxsy\">\n<p><span style=\"font-size:16px;font-family:arial,helvetica,sans-serif\"><strong><span style=\"color:#008000\">Eigenschaften:<\/span><\/strong><\/span><\/p>\n<p><span style=\"font-size:10.5pt;font-family:arial,helvetica,sans-serif\">1.Mehrere Entladeanschl\u00fcsse f\u00fcr verschiedene Rohre.<\/span><\/p>\n<p><span style=\"font-size:10.5pt;font-family:arial,helvetica,sans-serif\">2.Die Funktion von Amphibien kann in einem weiten Bereich geeignet sein.<\/span><\/p>\n<p><span style=\"font-size:10.5pt;font-family:arial,helvetica,sans-serif\">3.Stromlinienf\u00f6rmiges Erscheinungsbild, angemessene Struktur und hohe Effizienz.<\/span><\/p>\n<p><span style=\"font-family:arial,helvetica,sans-serif\"><span style=\"font-size:10.5pt\">4. Hochleistungs-Standard-Asynchronmotor mit neuem Design, ger\u00e4uscharm, <\/span><span style=\"font-size:10.5pt\"> energiesparend und wasserdicht.<\/span><\/span><\/p>\n<p><span style=\"font-family:arial,helvetica,sans-serif\"><span style=\"font-size:10.5pt\">5.Spezielles Design des Motors, verschlei\u00dffeste Keramikwelle, lange Lebensdauer und geeignet <\/span><span style=\"font-size:10.5pt\"> f\u00fcr Landamphibien.<\/span><\/span><\/p>\n<p><span style=\"font-family:arial,helvetica,sans-serif\"><span style=\"font-size:10.5pt\">6.Es verwendet einen hochfesten, verschlei\u00dffesten Wellenkern, hat eine hocheffiziente Energie<\/span><span style=\"font-size:10.5pt\"> Einsparung und lange Lebensdauer.<\/span><\/span><\/p>\n<p><span style=\"font-family:arial,helvetica,sans-serif\"> 7.EU-Stecker<\/span><\/p>\n<p><span style=\"font-family:arial,helvetica,sans-serif\"><strong><span style=\"font-size:16px\"><span style=\"color:#008000\">Wichtige Sicherheitshinweise:<\/span><br \/><\/span><\/strong><span style=\"font-size:10.5pt\">1. Stellen Sie sicher, dass Sie das richtige Netzteil verwenden.<\/span><span style=\"font-size:10.5pt\"><br \/><\/span><span style=\"font-size:10.5pt\">2. Das Netzkabel ist nicht austauschbar. Versuchen Sie nicht, das Netzkabel zu k\u00fcrzen oder das Netzteil zu entfernen. Die Nichtbeachtung dieses Punktes kann zu Sch\u00e4den am Produkt f\u00fchren.<\/span><span style=\"font-size:10.5pt\"><br \/><\/span><span style=\"font-size:10.5pt\">3. Wenn Sie ungew\u00f6hnliche Ger\u00fcche oder Ger\u00e4usche am Produkt feststellen, ziehen Sie sofort den Netzstecker und pr\u00fcfen Sie die Ursache. Wenden Sie sich bei Bedarf an Ihren H\u00e4ndler\/Vertriebspartner.<\/span><span style=\"font-size:10.5pt\"><br \/><\/span><span style=\"font-size:10.5pt\">4. Stellen Sie sicher, dass Ihre Hand und der Stecker trocken sind, wenn Sie das Produkt anschlie\u00dfen oder trennen.<\/span><span style=\"font-size:10.5pt\"><br \/><\/span><span style=\"font-size:10.5pt\">5. Ziehen Sie die Pumpe nicht direkt an der Stromleitung heraus, da dies zu einer Unterbrechung der Stromleitung f\u00fchren kann.<\/span><span style=\"font-size:10.5pt\"><br \/><\/span><span style=\"font-size:10.5pt\">6. Trennen Sie das Produkt vor der Installation und Reinigung vom Stromnetz. Ziehen Sie nicht abrupt am Netzkabel. Um den Stecker zu ziehen, fassen Sie den Stecker und ziehen ihn aus der Steckdose.<\/span><span style=\"font-size:10.5pt\"><br \/><\/span><span style=\"font-size:10.5pt\">7. Die Pumpe ist nur f\u00fcr S\u00fc\u00df- und Meerwasser geeignet. Belassen Sie<\/span><span style=\"font-size:10.5pt\"> <\/span><span style=\"font-size:10.5pt\"> die Umgebung nicht bei mehr als 35 \u00b0C oder unter dem Gefrierpunkt.<\/span><\/span><\/p>\n<\/p>\n<table class=\"aliDataTable\" style=\"height:196px;width:749px\" border=\"1\">\n<tbody>\n<tr>\n<td style=\"text-align:center\"><strong>Modell<\/strong><\/td>\n<td style=\"text-align:center\"><strong>Spannung<\/strong><\/td>\n<td style=\"text-align:center\"><strong>Frequenz<\/strong><\/td>\n<td style=\"text-align:center\"><strong>Leistung<\/strong><\/td>\n<td style=\"text-align:center\"><strong>H-max<\/strong><\/td>\n<td style=\"text-align:center\"><strong>Ausgang<\/strong><\/td>\n<td style=\"text-align:center\"><strong>Kabell\u00e4nge<\/strong><\/td>\n<td style=\"text-align:center\"><strong>Gewicht<\/strong><\/td>\n<td style=\"text-align:center\"><strong>L*B*H(mm)<\/strong><\/td>\n<\/tr>\n<tr>\n<td style=\"text-align:center\"> JAP-6000<\/td>\n<td style=\"text-align:center\"> 110V\/220V\/240V<\/td>\n<td style=\"text-align:center\"> 50Hz\/60Hz<\/td>\n<td style=\"text-align:center\">140W<\/td>\n<td style=\"text-align:center\"> 6,0m<\/td>\n<td style=\"text-align:center\"> 6000L\/h<\/td>\n<td style=\"text-align:center\"> 5m<\/td>\n<td style=\"text-align:center\"> 3,5kg<\/td>\n<td style=\"text-align:center\">355*125*145<\/td>\n<\/tr>\n<tr>\n<td style=\"text-align:center\"> JAP-7500<\/td>\n<td style=\"text-align:center\"> 110V\/220V\/240V<\/td>\n<td style=\"text-align:center\"> 50Hz\/60Hz<\/td>\n<td style=\"text-align:center\"> 140W<\/td>\n<td style=\"text-align:center\"> 5,0m<\/td>\n<td style=\"text-align:center\"> 7500L\/h<\/td>\n<td style=\"text-align:center\"> 5m<\/td>\n<td style=\"text-align:center\"> 3,5kg<\/td>\n<td style=\"text-align:center\"> 355*125*145<\/td>\n<\/tr>\n<tr>\n<td style=\"text-align:center\"> JAP-8500<\/td>\n<td style=\"text-align:center\"> 110V\/220V\/240V<\/td>\n<td style=\"text-align:center\"> 50Hz\/60Hz<\/td>\n<td style=\"text-align:center\"> 230W<\/td>\n<td style=\"text-align:center\"> 7,0m<\/td>\n<td style=\"text-align:center\"> 8500L\/h<\/td>\n<td style=\"text-align:center\"> 5m<\/td>\n<td style=\"text-align:center\"> 5,0kg<\/td>\n<td style=\"text-align:center\"> 375*130*153<\/td>\n<\/tr>\n<tr>\n<td style=\"text-align:center\"> JAP-10000<\/td>\n<td style=\"text-align:center\"> 110V\/220V\/240V<\/td>\n<td style=\"text-align:center\"> 50Hz\/60Hz<\/td>\n<td style=\"text-align:center\"> 230W<\/td>\n<td style=\"text-align:center\"> 6,0m<\/td>\n<td style=\"text-align:center\"> 10000L\/h<\/td>\n<td style=\"text-align:center\"> 5m<\/td>\n<td style=\"text-align:center\"> 5,0kg<\/td>\n<td style=\"text-align:center\"> 375*130*153<\/td>\n<\/tr>\n<tr>\n<td style=\"text-align:center\"> JAP-13000<\/td>\n<td style=\"text-align:center\"> 110V\/220V\/240V<\/td>\n<td style=\"text-align:center\"> 50Hz\/60Hz<\/td>\n<td style=\"text-align:center\"> 400W<\/td>\n<td style=\"text-align:center\"> 7,5m<\/td>\n<td style=\"text-align:center\"> 13000L\/h<\/td>\n<td style=\"text-align:center\"> 5m<\/td>\n<td style=\"text-align:center\"> 5,5kg<\/td>\n<td style=\"text-align:center\"> 400*140*165<\/td>\n<\/tr>\n<tr>\n<td style=\"text-align:center\"> JAP-15000<\/td>\n<td style=\"text-align:center\"> 110V\/220V\/240V<\/td>\n<td style=\"text-align:center\"> 50Hz\/60Hz<\/td>\n<td style=\"text-align:center\"> 420W<\/td>\n<td style=\"text-align:center\"> 7,0m<\/td>\n<td style=\"text-align:center\"> 15000L\/h<\/td>\n<td style=\"text-align:center\"> 5m<\/td>\n<td style=\"text-align:center\"> 5,5kg<\/td>\n<td style=\"text-align:center\"> 400*140*165<\/td>\n<\/tr>\n<tr>\n<td style=\"text-align:center\"> JAP-18000<\/td>\n<td style=\"text-align:center\"> 110V\/220V\/240V<\/td>\n<td style=\"text-align:center\"> 50Hz\/60Hz<\/td>\n<td style=\"text-align:center\"> 420W<\/td>\n<td style=\"text-align:center\">6,5m<\/td>\n<td style=\"text-align:center\"> 18000L\/h<\/td>\n<td style=\"text-align:center\"> 5m<\/td>\n<td style=\"text-align:center\"> 5,5kg<\/td>\n<td style=\"text-align:center\"> 400*140*165<\/td>\n<\/tr>\n<\/tbody>\n<\/table>\n<p><img decoding=\"async\" alt=\"JAP-8500_01.jpg\" src=\"http:\/\/localhost\/media\/import\/detail\/HTB12kk6GXXXXXbpXVXXq6xXFXXXD.jpg\"><img decoding=\"async\" alt=\"JAP-8500_02.jpg\" src=\"http:\/\/localhost\/media\/import\/detail\/HTB1ehwOGXXXXXaNaXXXq6xXFXXX5.jpg\"><img decoding=\"async\" alt=\"JAP-8500_03.jpg\" src=\"http:\/\/localhost\/media\/import\/detail\/HTB1LMwEGXXXXXapaXXXq6xXFXXXq.jpg\"><img decoding=\"async\" alt=\"JAP-8500_04.jpg\" src=\"http:\/\/localhost\/media\/import\/detail\/HTB1Jr7QGXXXXXbvXVXXq6xXFXXXI.jpg\"><img decoding=\"async\" alt=\"JAP-8500_05.jpg\" src=\"http:\/\/localhost\/media\/import\/detail\/HTB1vY.3GXXXXXXSXVXXq6xXFXXXj.jpg\"><img decoding=\"async\" alt=\"JAP-8500_06.jpg\" src=\"http:\/\/localhost\/media\/import\/detail\/HTB1QEgYGXXXXXb0XFXXq6xXFXXXg.jpg\"><img decoding=\"async\" alt=\"JAP-8500_07.jpg\" src=\"http:\/\/localhost\/media\/import\/detail\/HTB1KgAYGXXXXXcYXVXXq6xXFXXXQ.jpg\"><img decoding=\"async\" alt=\"JAP-8500_08.jpg\" src=\"http:\/\/localhost\/media\/import\/detail\/HTB1xNZZGXXXXXaPXVXXq6xXFXXXA.jpg\"><\/p>\n<\/p>\n<p style=\"text-align:center\"><span style=\"font-size:10.5pt;font-family:'Comic Sans MS'\"><span style=\"font-family:Comic Sans MS\"><img decoding=\"async\" alt=\"08.jpg\" src=\"http:\/\/localhost\/media\/import\/detail\/HTB11QJDGVXXXXXlXVXXq6xXFXXXD.jpg\"><img decoding=\"async\" alt=\"03.jpg\" src=\"http:\/\/localhost\/media\/import\/detail\/HTB1yK3FGXXXXXaOaXXXq6xXFXXXV.jpg\"><img decoding=\"async\" alt=\"4.jpg\" src=\"http:\/\/localhost\/media\/import\/detail\/HTB1Hm3TGXXXXXa_XVXXq6xXFXXXL.jpg\"><img loading=\"lazy\" decoding=\"async\" alt=\"SUNSUN Hot Sale 6000L\/h Aquakultur-Wasserpumpe\" src=\"http:\/\/localhost\/media\/import\/detail\/523278359_920.jpg\" width=\"600\" height=\"484\"><\/span><\/span><\/p>\n<p style=\"text-align:center\">\n<p data-section-blank=\"AliPostDhMb-amj5q\">\n<div id=\"ali-anchor-AliPostDhMb-amj5q\" style=\"padding-top:8px\" data-section=\"AliPostDhMb-amj5q\" data-section-title=\"Unternehmensinformationen\"> <\/div>\n","protected":false},"excerpt":{"rendered":"<p>SUNSUN Hei\u00dfer Verkauf 6000L\/h Aquakultur Wasserpumpe JAP-6000<\/p>\n","protected":false},"featured_media":5813,"comment_status":"open","ping_status":"closed","template":"","meta":[],"product_brand":[],"product_cat":[1377],"product_tag":[],"class_list":{"0":"post-38347","1":"product","2":"type-product","3":"status-publish","4":"has-post-thumbnail","6":"product_cat-wasserpumpen-kraftkopfe","8":"first","9":"instock","10":"shipping-taxable","11":"purchasable","12":"product-type-simple"},"_links":{"self":[{"href":"https:\/\/www.myaquastore.com\/de\/wp-json\/wp\/v2\/product\/38347","targetHints":{"allow":["GET"]}}],"collection":[{"href":"https:\/\/www.myaquastore.com\/de\/wp-json\/wp\/v2\/product"}],"about":[{"href":"https:\/\/www.myaquastore.com\/de\/wp-json\/wp\/v2\/types\/product"}],"replies":[{"embeddable":true,"href":"https:\/\/www.myaquastore.com\/de\/wp-json\/wp\/v2\/comments?post=38347"}],"wp:featuredmedia":[{"embeddable":true,"href":"https:\/\/www.myaquastore.com\/de\/wp-json\/wp\/v2\/media\/5813"}],"wp:attachment":[{"href":"https:\/\/www.myaquastore.com\/de\/wp-json\/wp\/v2\/media?parent=38347"}],"wp:term":[{"taxonomy":"product_brand","embeddable":true,"href":"https:\/\/www.myaquastore.com\/de\/wp-json\/wp\/v2\/product_brand?post=38347"},{"taxonomy":"product_cat","embeddable":true,"href":"https:\/\/www.myaquastore.com\/de\/wp-json\/wp\/v2\/product_cat?post=38347"},{"taxonomy":"product_tag","embeddable":true,"href":"https:\/\/www.myaquastore.com\/de\/wp-json\/wp\/v2\/product_tag?post=38347"}],"curies":[{"name":"wp","href":"https:\/\/api.w.org\/{rel}","templated":true}]}}