{"id":38359,"date":"2016-09-25T23:28:37","date_gmt":"2016-09-25T23:28:37","guid":{"rendered":"https:\/\/www.myaquastore.com\/product\/sunsun-cegs-aquarienpumpe-mit-hochwertigem-cup-129\/"},"modified":"2025-03-16T08:55:00","modified_gmt":"2025-03-16T08:55:00","slug":"sunsun-cegs-aquarienpumpe-mit-hochwertigem-cup-129","status":"publish","type":"product","link":"https:\/\/www.myaquastore.com\/de\/produkt\/sunsun-cegs-aquarienpumpe-mit-hochwertigem-cup-129\/","title":{"rendered":"SUNSUN CE,GS Aquarienpumpe mit hochwertigem CUP-129"},"content":{"rendered":"<div style=\"clear:both\"><\/div>\n<div style=\"font-size:13px;font-family:Arial, Helvetica, sans-serif;color:#000000;width:726px\">\n<table class=\"ke-zeroborder\" style=\"width:750px\" cellpadding=\"0\" border=\"0\">\n<tbody>\n<tr>\n<td><a href=\"http:\/\/preview.alibaba.com\/product\/663378958-215139670\/Koi_Pond_Fish_Tank_Aquarium_UV_Serilizer_CUV_111A.html\" target=\"_blank\"><\/a><\/td>\n<td><a href=\"http:\/\/preview.alibaba.com\/product\/1554227447-215139670\/SUNSUN_Pond_Underground_Filter_1000L_h_with_9W_UV_clarifier_CUP_129.html\" target=\"_blank\"><\/a><\/td>\n<td> <\/td>\n<td><a href=\"http:\/\/preview.alibaba.com\/product\/60052250289-215139670\/SUNSUN_CUV_236_36w_aquarium_water_designer_uv_filter.html\" target=\"_blank\"><\/a><\/td>\n<\/tr>\n<\/tbody>\n<\/table>\n<p style=\"text-align:left\"><span style=\"font-size:16px;color:#000000\"><strong>EIGENSCHAFTEN:<\/strong><\/span><\/p>\n<p style=\"text-align:left\"><span style=\"font-size:18pt\"><strong>SUNSUN CE,GS Aquarienfischpumpe mit hoher Qualit\u00e4t<\/strong><\/span><\/p>\n<p style=\"text-align:left\"><span style=\"font-size:18px;color:#000000\"><span style=\"font-size:24px\"><span style=\"font-size:14px\">1.Dieses Produkt vereint Filterbrunnen, Sterilisation, Sauerstoffpumpen und viele<\/span><span style=\"font-size:14px\"> weitere Funktionen in einem kompakten Geh\u00e4use.<\/span><br \/><span style=\"font-size:14px\">2.Dieses Produkt ist geeignet f\u00fcr Teiche, Ausr\u00fcstung f\u00fcr mittlere und gro\u00dfe Aquarien.<\/span><br \/><span style=\"font-size:14px\">3. Sowohl Meer- als auch S\u00fc\u00dfwasser mit doppeltem Verwendungszweck.<\/span><\/span><\/span><\/p>\n<p style=\"text-align:left\">\n<p style=\"text-align:left\"><span style=\"font-size:16px\"><strong><span style=\"color:#000000\">PARAMETER:<\/span><\/strong><\/span><\/p>\n<table class=\"aliDataTable\" style=\"height:201px;width:776px\" border=\"1\">\n<tbody>\n<tr>\n<td style=\"text-align:center\">MODELL<\/td>\n<td style=\"text-align:center\">SPANNUNG<\/td>\n<td style=\"text-align:center\">FREQUENZ<\/td>\n<td style=\"text-align:center\">LEISTUNG<\/td>\n<td style=\"text-align:center\">WASSERPUMPE<\/td>\n<td style=\"text-align:center\">UV-C-LEISTUNG<\/td>\n<td style=\"text-align:center\">KAPAZIT\u00c4T<\/td>\n<td style=\"text-align:center\">DURCHFLUSS<\/td>\n<td style=\"text-align:center\">H-MAX<\/td>\n<td style=\"text-align:center\">GEWICHT<\/td>\n<td style=\"text-align:center\">L*B*H<\/td>\n<\/tr>\n<tr>\n<td style=\"text-align:center\">CUP-129<\/td>\n<td style=\"text-align:center\">110V\/220V\/240V<\/td>\n<td style=\"text-align:center\">50Hz\/60Hz<\/td>\n<td style=\"text-align:center\">24w<\/td>\n<td style=\"text-align:center\">12w<\/td>\n<td style=\"text-align:center\">9w<\/td>\n<td style=\"text-align:center\">6000L<\/td>\n<td style=\"text-align:center\">1000L\/h<\/td>\n<td style=\"text-align:center\">1,4m<\/td>\n<td style=\"text-align:center\">2,0kg<\/td>\n<td style=\"text-align:center\">330*100*105<\/td>\n<\/tr>\n<tr>\n<td style=\"text-align:center\">CUP-139<\/td>\n<td style=\"text-align:center\">110V\/220V\/240V<\/td>\n<td style=\"text-align:center\">50Hz\/60Hz<\/td>\n<td style=\"text-align:center\">28w<\/td>\n<td style=\"text-align:center\">12w<\/td>\n<td style=\"text-align:center\">13w<\/td>\n<td style=\"text-align:center\">9000L<\/td>\n<td style=\"text-align:center\">1000L\/h<\/td>\n<td style=\"text-align:center\">1,4m<\/td>\n<td style=\"text-align:center\">2,2kg<\/td>\n<td style=\"text-align:center\">350*100*105<\/td>\n<\/tr>\n<tr>\n<td style=\"text-align:center\">CUP-609<\/td>\n<td style=\"text-align:center\">110V\/220V\/240V<\/td>\n<td style=\"text-align:center\">50Hz\/60Hz<\/td>\n<td style=\"text-align:center\">18w<\/td>\n<td style=\"text-align:center\">6w<\/td>\n<td style=\"text-align:center\">9w<\/td>\n<td style=\"text-align:center\">6000L<\/td>\n<td style=\"text-align:center\">2000L\/h<\/td>\n<td style=\"text-align:center\">\/<\/td>\n<td style=\"text-align:center\">1,8kg<\/td>\n<td style=\"text-align:center\">317*110*105<\/td>\n<\/tr>\n<tr>\n<td style=\"text-align:center\">CUP-619<\/td>\n<td style=\"text-align:center\">110V\/220V\/240V<\/td>\n<td style=\"text-align:center\">50Hz\/60Hz<\/td>\n<td style=\"text-align:center\">22w<\/td>\n<td style=\"text-align:center\">6w<\/td>\n<td style=\"text-align:center\">13w<\/td>\n<td style=\"text-align:center\">9000L<\/td>\n<td style=\"text-align:center\">2000L\/h<\/td>\n<td style=\"text-align:center\">\/<\/td>\n<td style=\"text-align:center\">1,8 kg<\/td>\n<td style=\"text-align:center\">337*100*105<\/td>\n<\/tr>\n<tr>\n<td style=\"text-align:center\">CUP-359<\/td>\n<td style=\"text-align:center\">110V\/220V\/240V<\/td>\n<td style=\"text-align:center\">50Hz\/60Hz<\/td>\n<td style=\"text-align:center\">45w<\/td>\n<td style=\"text-align:center\">32w<\/td>\n<td style=\"text-align:center\">9w<\/td>\n<td style=\"text-align:center\">12000L<\/td>\n<td style=\"text-align:center\">2000L\/h<\/td>\n<td style=\"text-align:center\">2m<\/td>\n<td style=\"text-align:center\">2,5kg<\/td>\n<td style=\"text-align:center\">360*118*110<\/td>\n<\/tr>\n<\/tbody>\n<\/table>\n<p style=\"text-align:left\">\n<p style=\"text-align:left\">\n<p style=\"text-align:center\"><span style=\"font-size:18px;color:#000000\"><strong><span style=\"font-size:24px\"><img decoding=\"async\" alt=\"cup-129-(1)_01.jpg\" src=\"http:\/\/localhost\/media\/import\/detail\/HTB1vPw1FVXXXXcMXXXXq6xXFXXXJ.jpg\"><img decoding=\"async\" alt=\"cup-129-(1)_02.jpg\" src=\"http:\/\/localhost\/media\/import\/detail\/HTB15zU6FVXXXXXcXXXXq6xXFXXXr.jpg\"><img decoding=\"async\" alt=\"cup-129-(1)_03.jpg\" src=\"http:\/\/localhost\/media\/import\/detail\/HTB14y.YFVXXXXasXFXXq6xXFXXXs.jpg\"><img decoding=\"async\" alt=\"cup-129-(1)_04.jpg\" src=\"http:\/\/localhost\/media\/import\/detail\/HTB1ay.YFVXXXXcuXpXXq6xXFXXXF.jpg\"><img decoding=\"async\" alt=\"cup-129-(1)_05.jpg\" src=\"http:\/\/localhost\/media\/import\/detail\/HTB1PUA4FVXXXXbAXXXXq6xXFXXXt.jpg\"><img decoding=\"async\" alt=\"cup-129-(1)_06.jpg\" src=\"http:\/\/localhost\/media\/import\/detail\/HTB1QfZWFVXXXXbVXFXXq6xXFXXX3.jpg\"><img decoding=\"async\" alt=\"cup-129-(1)_07.jpg\" src=\"http:\/\/localhost\/media\/import\/detail\/HTB1RLsYFVXXXXX5XFXXq6xXFXXX8.jpg\"><img decoding=\"async\" alt=\"cup-129-(1)_08.jpg\" src=\"http:\/\/localhost\/media\/import\/detail\/HTB1jgkUFVXXXXboXFXXq6xXFXXXE.jpg\"><\/span><\/strong><\/span><\/p>\n<p style=\"text-align:center\">\n<\/div>\n<div id=\"ali-anchor-AliPostDhMb-dcp1u\" style=\"padding-top:8px\" data-section=\"AliPostDhMb-dcp1u\" data-section-title=\"Firmeninformationen\">\n<div id=\"ali-title-AliPostDhMb-dcp1u\" style=\"border-bottom:#ddd 1px solid;padding-bottom:8px;padding-top:8px;padding-left:0px;padding-right:0px\"><span style=\"font-weight:bold;color:#333;padding-bottom:8px;padding-top:8px;padding-left:10px;line-height:12px;padding-right:10px;background-color:#ddd\">Unternehmensinformationen<\/span><\/div>\n<div style=\"padding-bottom:10px;padding-top:10px;padding-left:0px;padding-right:0px\">\n<div style=\"height:42px;width:750px\">\n<div style=\"height:42px;float:left;width:25px;background-color:#00ccff\"> <\/div>\n<div style=\"height:30px;float:right;color:#ffffff;padding-bottom:5px;padding-top:5px;padding-left:0px;padding-right:0px;width:720px;background-color:#0099ff\">\n<div style=\"font-size:24px;border-top:#ffffff 1px solid;height:30px;font-family:Arial;border-bottom:#ffffff 1px solid;font-weight:bold;font-style:italic;padding-left:10px;line-height:30px;width:720px\">\u00dcber uns<\/div>\n<\/div>\n<\/div>\n<p><em><span style=\"font-size:18px\"><strong> sunsun<\/strong><\/span><\/em><span style=\"font-size:16px\"> konzentriert sich seit \u00fcber 30 Jahren auf die Herstellung von Wasser- und Teichprodukten und -ausr\u00fcstungen.<\/span><span style=\"font-size:16px\"> Sind zum Marktf\u00fchrer und gr\u00f6\u00dften Hersteller von Wasser- und Teichprodukten in China geworden.<\/span><span style=\"font-size:16px\"> Wir sind in den folgenden Branchen bekannt: Aquarienanlagen, Aquakulturmaschinen, Industrieausr\u00fcstung usw. Hier freuen wir uns darauf, mit Ihnen eine f\u00fcr beide Seiten vorteilhafte Partnerschaft f\u00fcr eine gl\u00e4nzende Zukunft aufzubauen.<\/span><em><span style=\"font-size:16px\"><img decoding=\"async\" alt=\".jpg\" src=\"http:\/\/localhost\/media\/import\/detail\/HTB1qX1VFVXXXXX2XpXXq6xXFXXXo.jpg\"><\/span><\/em><\/p>\n<\/div>\n<\/div>\n<p data-section-blank=\"AliPostDhMb-vj8aa\">\n<div id=\"ali-anchor-AliPostDhMb-vj8aa\" style=\"padding-top:8px\" data-section=\"AliPostDhMb-vj8aa\" data-section-title=\"Certificate\">\n<div id=\"ali-title-AliPostDhMb-vj8aa\" style=\"border-bottom:#ddd 1px solid;padding-bottom:8px;padding-top:8px;padding-left:0px;padding-right:0px\"><span style=\"font-weight:bold;color:#333;padding-bottom:8px;padding-top:8px;padding-left:10px;line-height:12px;padding-right:10px;background-color:#ddd\">Zertifikat<\/span><\/div>\n<div style=\"padding-bottom:10px;padding-top:10px;padding-left:0px;padding-right:0px\">\n<div style=\"height:42px;width:750px\">\n<div style=\"height:42px;float:left;width:25px;background-color:#00ccff\"> <\/div>\n<div style=\"height:30px;float:right;color:#ffffff;padding-bottom:5px;padding-top:5px;padding-left:0px;padding-right:0px;width:720px;background-color:#0099ff\">\n<div style=\"font-size:24px;border-top:#ffffff 1px solid;height:30px;font-family:Arial;border-bottom:#ffffff 1px solid;font-weight:bold;font-style:italic;padding-left:10px;line-height:30px;width:720px\">Zertifikate<\/div>\n<\/div>\n<\/div>\n<p><img decoding=\"async\" alt=\".jpg\" src=\"http:\/\/localhost\/media\/import\/detail\/HTB1quAcFVXXXXaqXFXXq6xXFXXXT.jpg\"><\/p>\n<\/div>\n<\/div>\n<p data-section-blank=\"AliPostDhMb-jko5m\">\n<div id=\"ali-anchor-AliPostDhMb-jko5m\" style=\"padding-top:8px\" data-section=\"AliPostDhMb-jko5m\" data-section-title=\"Zahlung &amp; Versand\">\n<div id=\"ali-title-AliPostDhMb-jko5m\" style=\"border-bottom:#ddd 1px solid;padding-bottom:8px;padding-top:8px;padding-left:0px;padding-right:0px\"><span style=\"font-weight:bold;color:#333;padding-bottom:8px;padding-top:8px;padding-left:10px;line-height:12px;padding-right:10px;background-color:#ddd\">Zahlung &amp; Versand<\/span><\/div>\n<div style=\"padding-bottom:10px;padding-top:10px;padding-left:0px;padding-right:0px\">\n<div style=\"height:42px;width:750px\">\n<div style=\"height:42px;float:left;width:25px;background-color:#00ccff\"> <\/div>\n<div style=\"height:30px;float:right;color:#ffffff;padding-bottom:5px;padding-top:5px;padding-left:0px;padding-right:0px;width:720px;background-color:#0099ff\">\n<div style=\"font-size:24px;border-top:#ffffff 1px solid;height:30px;font-family:Arial;border-bottom:#ffffff 1px solid;font-weight:bold;font-style:italic;padding-left:10px;line-height:30px;width:720px\">Zahlung &amp; Versand<\/div>\n<\/div>\n<\/div>\n<p><img decoding=\"async\" alt=\"Zahlung und Versand.jpg\" src=\"http:\/\/localhost\/media\/import\/detail\/HTB1J3r_FVXXXXa7XVXXq6xXFXXXl.jpg\"><\/p>\n<\/div>\n<\/div>\n<p data-section-blank=\"AliPostDhMb-am1mc\">\n<div id=\"ali-anchor-AliPostDhMb-am1mc\" style=\"padding-top:8px\" data-section=\"AliPostDhMb-am1mc\" data-section-title=\"We Promise\">\n<div id=\"ali-title-AliPostDhMb-am1mc\" style=\"border-bottom:#ddd 1px solid;padding-bottom:8px;padding-top:8px;padding-left:0px;padding-right:0px\"><span style=\"font-weight:bold;color:#333;padding-bottom:8px;padding-top:8px;padding-left:10px;line-height:12px;padding-right:10px;background-color:#ddd\">Wir versprechen<\/span><\/div>\n<div style=\"padding-bottom:10px;padding-top:10px;padding-left:0px;padding-right:0px\">\n<div style=\"height:42px;width:750px\">\n<div style=\"height:42px;float:left;width:25px;background-color:#00ccff\"> <\/div>\n<div style=\"height:30px;float:right;color:#ffffff;padding-bottom:5px;padding-top:5px;padding-left:0px;padding-right:0px;width:720px;background-color:#0099ff\">\n<div style=\"font-size:24px;border-top:#ffffff 1px solid;height:30px;font-family:Arial;border-bottom:#ffffff 1px solid;font-weight:bold;font-style:italic;padding-left:10px;line-height:30px;width:720px\">Wir versprechen<\/div>\n<\/div>\n<\/div>\n<p><span style=\"font-size:16px\"><span style=\"background-color:#ffffff\"><em><strong>1)<\/strong><\/em> <\/span> Wir freuen uns sehr, dass der Kunde uns Vorschl\u00e4ge f\u00fcr Preise und Produkte gemacht hat.<\/span><br \/><span style=\"font-size:16px\"><em><span style=\"color:#000000;background-color:#ffffff\"><strong>2)<\/strong><\/span> <\/em> Bei Fragen teilen Sie uns diese bitte im ersten Schritt mit E-Mail oder Telefon. Wir k\u00f6nnen diese rechtzeitig f\u00fcr Sie bearbeiten.<\/span><br \/><span style=\"font-size:16px\"><em><span style=\"background-color:#ffffff\"><strong>3)<\/strong><\/span><\/em> Wir senden jede Woche viele Nachrichtenstile an unsere alten Kunden.<\/span><br \/><span style=\"font-size:16px\"><span style=\"background-color:#ffffff\"><em><strong>4)<\/strong><\/em><\/span> Bieten Sie unseren Kunden die niedrigsten Preise. Optimieren Sie die Kauf- und Zahlungsprozesse.<\/span><br \/><span style=\"font-size:16px\"><span style=\"background-color:#ffffff\"><em><strong>5)<\/strong> <\/em><\/span> Liefern Sie Waren schnell und pr\u00e4zise an unsere Kunden auf der ganzen Welt.<\/span><br \/><span style=\"font-size:16px\"><span style=\"background-color:#ffffff\"><em><strong>6) <\/strong><\/em><\/span> Stellen Sie die hervorragende Qualit\u00e4t unserer Produkte sicher.<\/span><br \/><span style=\"font-size:16px\"><span style=\"background-color:#ffffff\"><em><strong>7) <\/strong><\/em><\/span> 12 Monate KOSTENLOSE Garantie.<\/span><br \/><span style=\"font-size:16px\"><span style=\"background-color:#ffffff\"><em><strong>8)<\/strong> <\/em><\/span><span style=\"color:#ffffff\"><em><span style=\"background-color:#ff0000\"> OEM akzeptieren <em><span style=\"line-height:24px;background-color:#ff0000\"><em><span style=\"line-height:24px\"><em><span style=\"line-height:24px\"><em><span style=\"line-height:24px\"><em><span style=\"line-height:24px\"><em><span style=\"line-height:24px\"><strong><span style=\"line-height:21px\"><strong><span style=\"font-size:10.5pt;line-height:21px\"><strong><em><span style=\"color:fuchsia;line-height:24px\"><strong><span style=\"color:#800080;line-height:21px\"><em><span style=\"font-size:24pt;line-height:48px\"><em><span style=\"font-size:24pt;line-height:48px\"><strong><span style=\"color:#ff6600;line-height:36px\"><em><span style=\"line-height:24px\"><em><span style=\"line-height:24px\"><em><span style=\"line-height:24px\"><strong><span style=\"font-size:10.5pt;font-family:'Times New Roman';line-height:21px\"><strong><strong><span style=\"font-size:10.5pt;line-height:21px\"><strong><em><span style=\"line-height:24px\"><a title=\"Klicken Sie auf die weiteren Produkte\" href=\"http:\/\/gzweierma.en.alibaba.com\/productgrouplist-215139685\/UV_Sterilizer.html\"><img decoding=\"async\" alt=\"SUNSUN CE,GS Aquarienfischpumpe mit hoher Qualit\u00e4t\" src=\"http:\/\/localhost\/media\/import\/detail\/HTB1LuVjIFXXXXcmXVXXq6xXFXXX0.jpg\"><\/a><\/span><\/em><\/strong><\/span><\/strong><\/strong><\/span><\/strong><\/span><\/em><\/span><\/em><\/span><\/em><\/span><\/strong><\/span><\/em><\/span><\/em><\/span><\/strong> <\/span><\/em><\/strong><\/span><\/strong><\/span><\/strong><\/span><\/em><\/span><\/em><\/span><\/em><\/span><\/em><\/span><\/em><\/span><\/em><br \/><\/span><\/em><\/span><\/span><\/p>\n<\/div>\n<\/div>\n<div style=\"clear:both\"><\/div>\n","protected":false},"excerpt":{"rendered":"<p>SUNSUN CE,GS Aquarienpumpe mit hochwertigem CUP-129<\/p>\n","protected":false},"featured_media":5837,"comment_status":"open","ping_status":"closed","template":"","meta":[],"product_brand":[],"product_cat":[1377],"product_tag":[],"class_list":{"0":"post-38359","1":"product","2":"type-product","3":"status-publish","4":"has-post-thumbnail","6":"product_cat-wasserpumpen-kraftkopfe","8":"first","9":"instock","10":"shipping-taxable","11":"purchasable","12":"product-type-simple"},"_links":{"self":[{"href":"https:\/\/www.myaquastore.com\/de\/wp-json\/wp\/v2\/product\/38359","targetHints":{"allow":["GET"]}}],"collection":[{"href":"https:\/\/www.myaquastore.com\/de\/wp-json\/wp\/v2\/product"}],"about":[{"href":"https:\/\/www.myaquastore.com\/de\/wp-json\/wp\/v2\/types\/product"}],"replies":[{"embeddable":true,"href":"https:\/\/www.myaquastore.com\/de\/wp-json\/wp\/v2\/comments?post=38359"}],"wp:featuredmedia":[{"embeddable":true,"href":"https:\/\/www.myaquastore.com\/de\/wp-json\/wp\/v2\/media\/5837"}],"wp:attachment":[{"href":"https:\/\/www.myaquastore.com\/de\/wp-json\/wp\/v2\/media?parent=38359"}],"wp:term":[{"taxonomy":"product_brand","embeddable":true,"href":"https:\/\/www.myaquastore.com\/de\/wp-json\/wp\/v2\/product_brand?post=38359"},{"taxonomy":"product_cat","embeddable":true,"href":"https:\/\/www.myaquastore.com\/de\/wp-json\/wp\/v2\/product_cat?post=38359"},{"taxonomy":"product_tag","embeddable":true,"href":"https:\/\/www.myaquastore.com\/de\/wp-json\/wp\/v2\/product_tag?post=38359"}],"curies":[{"name":"wp","href":"https:\/\/api.w.org\/{rel}","templated":true}]}}