{"id":38364,"date":"2016-09-25T23:28:37","date_gmt":"2016-09-25T23:28:37","guid":{"rendered":"https:\/\/www.myaquastore.com\/product\/sunsun-ce-gs-140-w-teich-wasserfallpumpe-cqb-8003\/"},"modified":"2025-03-16T08:55:01","modified_gmt":"2025-03-16T08:55:01","slug":"sunsun-ce-gs-140-w-teich-wasserfallpumpe-cqb-8003","status":"publish","type":"product","link":"https:\/\/www.myaquastore.com\/de\/produkt\/sunsun-ce-gs-140-w-teich-wasserfallpumpe-cqb-8003\/","title":{"rendered":"SUNSUN CE\/GS 140 W Teich-Wasserfallpumpe CQB-8003"},"content":{"rendered":"<div style=\"clear:both\"><\/div>\n<p><span style=\"font-size:18px\"><strong><span style=\"font-family:'Times New Roman'\">Funktionen<\/span><\/strong><\/span><\/p>\n<p><span style=\"font-size:10.5pt;font-family:'Times New Roman'\">1.Diese Pumpe ist f\u00fcr Teiche und Aquarienbecken geeignet<\/span><\/p>\n<p><span style=\"font-size:10.5pt;font-family:'Times New Roman'\">2.Das Design des gro\u00dfen Filterkorbs macht die Wartung sehr lang<\/span><\/p>\n<p><span style=\"font-size:10.5pt;font-family:'Times New Roman'\">3.Asynchronismusmotor sorgt f\u00fcr geringe Ger\u00e4uschentwicklung und geringen Verbrauch<\/span><\/p>\n<p><span style=\"font-size:10.5pt;font-family:'Times New Roman'\">4.spezielles Rotordesign. Sowohl f\u00fcr S\u00fc\u00df- als auch Meerwasser<\/span><\/p>\n<p><span style=\"font-size:10.5pt;font-family:'Times New Roman'\">5.Das Design mit doppeltem Einsteller kann Springbrunnen und andere Wasseranzeigen ganz einfach drehen.<\/span><\/p>\n<\/p>\n<p><strong><span><\/span><\/strong><\/p>\n<p><strong><\/strong> <\/p>\n<p><strong><span style=\"font-size:18px;font-family:'Times New Roman'\">Funktionskurven<\/span><\/strong><\/p>\n<p><strong><span style=\"font-size:18px;font-family:'Times New Roman'\"><img decoding=\"async\" alt=\"SUNSUN CE\/GS 140w Teich-Wasserfallpumpe CQB-8003\" src=\"http:\/\/localhost\/media\/import\/detail\/551350615_954.jpg\"><\/span><\/strong><\/p>\n<\/p>\n<p><img decoding=\"async\" alt=\"SUNSUN CE\/GS 140 W Teich-Wasserfallpumpe CQB-8003\" src=\"http:\/\/localhost\/media\/import\/detail\/809230047_259.jpg\"><\/p>\n<p><span style=\"font-size:18px\"><strong> Teich-Wasserfallpumpe<\/strong><\/span><\/p>\n<p><span style=\"font-size:10.5pt;font-family:'Times New Roman'\"><img loading=\"lazy\" decoding=\"async\" alt=\"SUNSUN CE\/GS 140w Teich-Wasserfallpumpe CQB-8003\" src=\"http:\/\/localhost\/media\/import\/detail\/518122431_847.jpg\" width=\"500\" height=\"500\"><\/span><\/p>\n<div style=\"clear:both\"><\/div>\n","protected":false},"excerpt":{"rendered":"<p>SUNSUN CE\/GS 140 W Teich-Wasserfallpumpe CQB-8003<\/p>\n","protected":false},"featured_media":5847,"comment_status":"open","ping_status":"closed","template":"","meta":[],"product_brand":[],"product_cat":[1377],"product_tag":[],"class_list":{"0":"post-38364","1":"product","2":"type-product","3":"status-publish","4":"has-post-thumbnail","6":"product_cat-wasserpumpen-kraftkopfe","8":"first","9":"instock","10":"shipping-taxable","11":"purchasable","12":"product-type-simple"},"_links":{"self":[{"href":"https:\/\/www.myaquastore.com\/de\/wp-json\/wp\/v2\/product\/38364","targetHints":{"allow":["GET"]}}],"collection":[{"href":"https:\/\/www.myaquastore.com\/de\/wp-json\/wp\/v2\/product"}],"about":[{"href":"https:\/\/www.myaquastore.com\/de\/wp-json\/wp\/v2\/types\/product"}],"replies":[{"embeddable":true,"href":"https:\/\/www.myaquastore.com\/de\/wp-json\/wp\/v2\/comments?post=38364"}],"wp:featuredmedia":[{"embeddable":true,"href":"https:\/\/www.myaquastore.com\/de\/wp-json\/wp\/v2\/media\/5847"}],"wp:attachment":[{"href":"https:\/\/www.myaquastore.com\/de\/wp-json\/wp\/v2\/media?parent=38364"}],"wp:term":[{"taxonomy":"product_brand","embeddable":true,"href":"https:\/\/www.myaquastore.com\/de\/wp-json\/wp\/v2\/product_brand?post=38364"},{"taxonomy":"product_cat","embeddable":true,"href":"https:\/\/www.myaquastore.com\/de\/wp-json\/wp\/v2\/product_cat?post=38364"},{"taxonomy":"product_tag","embeddable":true,"href":"https:\/\/www.myaquastore.com\/de\/wp-json\/wp\/v2\/product_tag?post=38364"}],"curies":[{"name":"wp","href":"https:\/\/api.w.org\/{rel}","templated":true}]}}