{"id":38380,"date":"2016-09-25T23:28:37","date_gmt":"2016-09-25T23:28:37","guid":{"rendered":"https:\/\/www.myaquastore.com\/product\/sunsun-55w-multifunktions-tauchpumpe-hqb-2500-b\/"},"modified":"2025-03-16T08:55:05","modified_gmt":"2025-03-16T08:55:05","slug":"sunsun-55w-multifunktions-tauchpumpe-hqb-2500-b","status":"publish","type":"product","link":"https:\/\/www.myaquastore.com\/de\/produkt\/sunsun-55w-multifunktions-tauchpumpe-hqb-2500-b\/","title":{"rendered":"SUNSUN 55W Multifunktions-Tauchpumpe HQB-2500\/B"},"content":{"rendered":"<div style=\"clear:both\"><\/div>\n<div id=\"ali-anchor-AliPostDhMb-obj43\" style=\"padding-top:8px\" data-section-title=\"signboard\" data-section=\"AliPostDhMb-obj43\">\n<p><span><\/span><\/p>\n<\/div>\n<p style=\"text-align:center\"><span style=\"font-size:24px;color:#000000\"><strong>SUNSUN 55W Multifunktions-Tauchpumpe HQB-2500B<\/strong><\/span><\/p>\n<div id=\"ali-anchor-AliPostDhMb-h69a4\" style=\"padding-top:8px\" data-section-title=\"Produktbeschreibung\" data-section=\"AliPostDhMb-h69a4\">\n<div id=\"ali-title-AliPostDhMb-h69a4\" style=\"border-bottom:#ddd 1px solid;padding-bottom:8px;padding-top:8px;padding-left:0px;padding-right:0px\"><span style=\"font-weight:bold;color:#333;padding-bottom:8px;padding-top:8px;padding-left:10px;line-height:12px;padding-right:10px;background-color:#ddd\">Produktbeschreibung<\/span><\/div>\n<div style=\"padding-bottom:10px;padding-top:10px;padding-left:0px;padding-right:0px\">\n<p><span style=\"font-size:18px;font-family:arial, helvetica, sans-serif;text-align:center;line-height:27px\">1. Super stumme Tauchpumpe<\/span><\/p>\n<p><span style=\"font-family:arial, helvetica, sans-serif\"><span style=\"font-size:18px;text-align:center;line-height:27px\">2. Es verwendet einen hochfesten, verschlei\u00dffesten Wellenkern, verf\u00fcgt \u00fcber eine hocheffiziente Energieeinsparung und eine lange Lebensdauer.<\/span><\/span><\/p>\n<p><span style=\"font-family:arial, helvetica, sans-serif\"><span style=\"font-size:18px;line-height:27px\">3. Es hat eine gute Wasserdichtigkeit, eine hohe Durchschlagsfestigkeit, ist sicher und zuverl\u00e4ssig.<\/span><\/span><\/p>\n<p><span style=\"font-family:arial, helvetica, sans-serif\"><span style=\"font-size:18px;line-height:27px\">4. Sie k\u00f6nnen es als Pumpe und Springbrunnen verwenden.<\/span><\/span><\/p>\n<p><span style=\"font-family:arial, helvetica, sans-serif\"><span style=\"font-size:18px;line-height:27px\">5. Auf Aquarien und Teiche mit passender Wasserrecyclingausr\u00fcstung anwenden.<\/span><\/span><\/p>\n<\/div>\n<\/div>\n<p><img decoding=\"async\" alt=\"SUNSUN 55W Multifunktions-Tauchpumpe HQB-2500\/B\" src=\"http:\/\/localhost\/media\/import\/detail\/477193547_341.jpg\"><img decoding=\"async\" alt=\"SUNSUN 55W Multifunktions-Tauchpumpe HQB-2500\/B\" src=\"http:\/\/localhost\/media\/import\/detail\/477194010_935.jpg\"><img decoding=\"async\" alt=\"SUNSUN 55W Multifunktions-Tauchpumpe HQB-2500\/B\" src=\"http:\/\/localhost\/media\/import\/detail\/477194011_567.JPG\"><img decoding=\"async\" alt=\"SUNSUN 55W Multifunktions-Tauchpumpe HQB-2500\/B\" src=\"http:\/\/localhost\/media\/import\/detail\/477194014_404.jpg\"><img decoding=\"async\" alt=\"SUNSUN 55W Multifunktions-Tauchpumpe HQB-2500\/B\" src=\"http:\/\/localhost\/media\/import\/detail\/477194019_980.jpg\"><\/p>\n","protected":false},"excerpt":{"rendered":"<p>SUNSUN 55W Multifunktions-Tauchpumpe HQB-2500\/B<\/p>\n","protected":false},"featured_media":5878,"comment_status":"open","ping_status":"closed","template":"","meta":[],"product_brand":[],"product_cat":[1377],"product_tag":[],"class_list":{"0":"post-38380","1":"product","2":"type-product","3":"status-publish","4":"has-post-thumbnail","6":"product_cat-wasserpumpen-kraftkopfe","8":"first","9":"instock","10":"shipping-taxable","11":"purchasable","12":"product-type-simple"},"_links":{"self":[{"href":"https:\/\/www.myaquastore.com\/de\/wp-json\/wp\/v2\/product\/38380","targetHints":{"allow":["GET"]}}],"collection":[{"href":"https:\/\/www.myaquastore.com\/de\/wp-json\/wp\/v2\/product"}],"about":[{"href":"https:\/\/www.myaquastore.com\/de\/wp-json\/wp\/v2\/types\/product"}],"replies":[{"embeddable":true,"href":"https:\/\/www.myaquastore.com\/de\/wp-json\/wp\/v2\/comments?post=38380"}],"wp:featuredmedia":[{"embeddable":true,"href":"https:\/\/www.myaquastore.com\/de\/wp-json\/wp\/v2\/media\/5878"}],"wp:attachment":[{"href":"https:\/\/www.myaquastore.com\/de\/wp-json\/wp\/v2\/media?parent=38380"}],"wp:term":[{"taxonomy":"product_brand","embeddable":true,"href":"https:\/\/www.myaquastore.com\/de\/wp-json\/wp\/v2\/product_brand?post=38380"},{"taxonomy":"product_cat","embeddable":true,"href":"https:\/\/www.myaquastore.com\/de\/wp-json\/wp\/v2\/product_cat?post=38380"},{"taxonomy":"product_tag","embeddable":true,"href":"https:\/\/www.myaquastore.com\/de\/wp-json\/wp\/v2\/product_tag?post=38380"}],"curies":[{"name":"wp","href":"https:\/\/api.w.org\/{rel}","templated":true}]}}