{"id":38395,"date":"2016-09-25T23:28:39","date_gmt":"2016-09-25T23:28:39","guid":{"rendered":"https:\/\/www.myaquastore.com\/product\/hochwertige-sunsun-2500l-h-hydroponik-tauchpumpe-hqb-3000\/"},"modified":"2025-03-16T08:55:09","modified_gmt":"2025-03-16T08:55:09","slug":"hochwertige-sunsun-2500l-h-hydroponik-tauchpumpe-hqb-3000","status":"publish","type":"product","link":"https:\/\/www.myaquastore.com\/de\/produkt\/hochwertige-sunsun-2500l-h-hydroponik-tauchpumpe-hqb-3000\/","title":{"rendered":"Hochwertige SUNSUN 2500L\/h Hydroponik-Tauchpumpe HQB-3000"},"content":{"rendered":"<div style=\"clear:both\"><\/div>\n<p style=\"text-align:left\">\n<p style=\"text-align:left\"><span style=\"color:#2891d6\"><em><span style=\"font-size:24px\"><strong><span style=\"background-color:#ffff00\">Hochwertiges SUNSUN 2500L\/h Hydroponik-Tauchboot Pumpe<\/span><\/strong><\/span><\/em><\/span> <\/p>\n<p style=\"text-align:left\"><strong><\/strong> <\/p>\n<p style=\"text-align:left\"><strong><span style=\"font-size:18px;color:#ff9900\">1.<\/span><\/strong><strong><span style=\"font-size:18px;color:#ff9900\"> <\/span><\/strong><strong><span style=\"font-size:18px;color:#ff9900\">Produktbeschreibung<\/span><\/strong><\/p>\n<p style=\"text-align:left\">\n<p style=\"text-align:left\"><span style=\"font-size:14px;font-family:comic sans ms,sans-serif\">1. Mehrere Auslassgr\u00f6\u00dfen f\u00fcr verschiedene Rohre.<\/span><\/p>\n<p><span style=\"font-size:14px;font-family:comic sans ms,sans-serif\">2.Geeignet in einem breiten Spektrum.<\/span><\/p>\n<p><span style=\"font-size:14px;font-family:comic sans ms,sans-serif\">3.Optimales Erscheinungsbild, angemessene Struktur und hohe Effizienz.<\/span><\/p>\n<p><span style=\"font-size:14px\"><span style=\"font-family:comic sans ms,sans-serif\">4.Hochleistungs-Standard-Asynchronmotor mit neuem Design, ger\u00e4uscharm, <\/span><span style=\"font-family:comic sans ms,sans-serif\">energiesparend und wasserdicht.<\/span><\/span><\/p>\n<p><span style=\"font-size:14px\"><span style=\"font-family:comic sans ms,sans-serif\">5.Spezielles Design des Motors, verschlei\u00dffeste Keramikwelle, lange Lebensdauer und geeignet <\/span><span style=\"font-family:comic sans ms,sans-serif\">f\u00fcr Landamphibien.<\/span><\/span><\/p>\n<p><span style=\"font-size:14px\"><span style=\"font-family:comic sans ms,sans-serif\">6.Es verwendet einen hochfesten, verschlei\u00dffesten Wellenkern, hat eine hocheffiziente Energieeinsparung und eine lange Lebensdauer.<\/span><\/span><\/p>\n<p><strong><\/strong> <\/p>\n<p><span style=\"font-family:arial,helvetica,sans-serif\"><strong><span style=\"font-size:18px;color:#ff9900;background-color:#ffffff\">2. Details zur Hydroponik-Tauchpumpe HQB-3000 <\/span><\/strong><\/span><\/p>\n<p><strong><\/strong><strong><span style=\"font-size:18px;font-family:comic sans ms, sans-serif;color:#ff9900;background-color:#ffffff\"> <\/span><\/strong><\/p>\n<p> <img loading=\"lazy\" decoding=\"async\" alt=\"Hochwertige SUNSUN 2500 l\/h Hydroponik-Tauchpumpe\" src=\"http:\/\/localhost\/media\/import\/detail\/719896350_617.jpg\" width=\"598\" height=\"220\"><\/p>\n<\/p>\n<p> <img loading=\"lazy\" decoding=\"async\" alt=\"Hochwertige SUNSUN 2500 l\/h Hydroponik Tauchpumpe\" src=\"http:\/\/localhost\/media\/import\/detail\/888634122_555.jpg\" width=\"600\" height=\"600\"> <\/p><\/p>\n","protected":false},"excerpt":{"rendered":"<p>Hochwertige SUNSUN 2500L\/h Hydroponik-Tauchpumpe HQB-3000<\/p>\n","protected":false},"featured_media":5908,"comment_status":"open","ping_status":"closed","template":"","meta":[],"product_brand":[],"product_cat":[1377],"product_tag":[],"class_list":{"0":"post-38395","1":"product","2":"type-product","3":"status-publish","4":"has-post-thumbnail","6":"product_cat-wasserpumpen-kraftkopfe","8":"first","9":"instock","10":"shipping-taxable","11":"purchasable","12":"product-type-simple"},"_links":{"self":[{"href":"https:\/\/www.myaquastore.com\/de\/wp-json\/wp\/v2\/product\/38395","targetHints":{"allow":["GET"]}}],"collection":[{"href":"https:\/\/www.myaquastore.com\/de\/wp-json\/wp\/v2\/product"}],"about":[{"href":"https:\/\/www.myaquastore.com\/de\/wp-json\/wp\/v2\/types\/product"}],"replies":[{"embeddable":true,"href":"https:\/\/www.myaquastore.com\/de\/wp-json\/wp\/v2\/comments?post=38395"}],"wp:featuredmedia":[{"embeddable":true,"href":"https:\/\/www.myaquastore.com\/de\/wp-json\/wp\/v2\/media\/5908"}],"wp:attachment":[{"href":"https:\/\/www.myaquastore.com\/de\/wp-json\/wp\/v2\/media?parent=38395"}],"wp:term":[{"taxonomy":"product_brand","embeddable":true,"href":"https:\/\/www.myaquastore.com\/de\/wp-json\/wp\/v2\/product_brand?post=38395"},{"taxonomy":"product_cat","embeddable":true,"href":"https:\/\/www.myaquastore.com\/de\/wp-json\/wp\/v2\/product_cat?post=38395"},{"taxonomy":"product_tag","embeddable":true,"href":"https:\/\/www.myaquastore.com\/de\/wp-json\/wp\/v2\/product_tag?post=38395"}],"curies":[{"name":"wp","href":"https:\/\/api.w.org\/{rel}","templated":true}]}}