{"id":38398,"date":"2016-09-25T23:28:39","date_gmt":"2016-09-25T23:28:39","guid":{"rendered":"https:\/\/www.myaquastore.com\/product\/tauchpumpe-fur-gartenteichbrunnen-40-w-1800-l-h-hj-1843\/"},"modified":"2025-03-16T08:55:10","modified_gmt":"2025-03-16T08:55:10","slug":"tauchpumpe-fur-gartenteichbrunnen-40-w-1800-l-h-hj-1843","status":"publish","type":"product","link":"https:\/\/www.myaquastore.com\/de\/produkt\/tauchpumpe-fur-gartenteichbrunnen-40-w-1800-l-h-hj-1843\/","title":{"rendered":"Tauchpumpe f\u00fcr Gartenteichbrunnen, 40 W, 1800 l\/h, HJ-1843"},"content":{"rendered":"<div style=\"clear:both\"><\/div>\n<div id=\"ali-anchor-AliPostDhMb-fa8di\" style=\"padding-top:8px\" data-section-title=\"signboard\" data-section=\"AliPostDhMb-fa8di\">\n<div id=\"ali-title-AliPostDhMb-fa8di\" style=\"border-bottom:#ddd 1px solid;padding-bottom:8px;padding-top:8px;padding-left:0px;padding-right:0px\"> <\/div>\n<p><span><\/span> <\/p>\n<\/div>\n<p style=\"text-align:center\"><span style=\"font-size:24px;color:#000000\"><strong>Tauchwasserpumpe f\u00fcr Gartenteichbrunnen 40 W 1800 l\/h HJ-1843 <\/strong><\/span><\/p>\n<div id=\"ali-anchor-AliPostDhMb-1vhy2\" style=\"padding-top:8px\" data-section-title=\"Produktbeschreibung\" data-section=\"AliPostDhMb-1vhy2\">\n<div id=\"ali-title-AliPostDhMb-1vhy2\" style=\"border-bottom:#ddd 1px solid;padding-bottom:8px;padding-top:8px;padding-left:0px;padding-right:0px\"><span style=\"font-weight:bold;color:#333;padding-bottom:8px;padding-top:8px;padding-left:10px;line-height:12px;padding-right:10px;background-color:#ddd\">Produktbeschreibung<\/span><\/div>\n<div style=\"padding-bottom:10px;padding-top:10px;padding-left:0px;padding-right:0px\">\n<\/div>\n<\/div>\n<p style=\"text-align:center\">\n<\/p>\n<p><span style=\"font-size:18px;background-color:#ffff00\"><strong>Spezifikationen:<\/strong><\/span><\/p>\n<p><strong><span style=\"font-size:12px\">1. Es verwendet einen hochfesten, verschlei\u00dffesten Wellenkern, verf\u00fcgt \u00fcber eine hocheffiziente Energieeinsparung und eine lange Lebensdauer. 2. Es hat eine gute Wasserdichtigkeit und eine hohe Durchschlagsfestigkeit. es ist sicher und zuverl\u00e4ssig ;<\/span><\/strong><\/p>\n<p><strong><span style=\"font-size:12px\">3. Sie k\u00f6nnen es zum Pumpen und Filtern verwenden.<\/span><\/strong><\/p>\n<\/p>\n<p><span style=\"font-size:18px;color:#000000;background-color:#ffff00\"><strong>Parameter der Tauchbrunnenpumpe f\u00fcr Gartenteiche<\/strong><\/span><\/p>\n<table class=\"aliDataTable\" style=\"height:138px;width:57,31%\" border=\"4\">\n<tbody>\n<tr>\n<td>Modell<\/td>\n<td>Spannung<\/td>\n<td>Frequenz<\/td>\n<td>Leistung<\/td>\n<td>H-max<\/td>\n<td>Ausgang<\/td>\n<td>Kabel L\u00e4nge<\/td>\n<td>Gewicht<\/td>\n<td>Abmessungen<\/td>\n<\/tr>\n<tr>\n<td>CQP-1000F<\/td>\n<td>110V\/220V\/240V<\/td>\n<td>50Hz\/60Hz<\/td>\n<td>16W<\/td>\n<td>1,5m<\/td>\n<td>1000L\/h<\/td>\n<td>5m<\/td>\n<td>1,6kg<\/td>\n<td>?110* 88 mm<\/td>\n<\/tr>\n<tr>\n<td>CQP-4500F<\/td>\n<td>110V\/220V240V<\/td>\n<td>50Hz\/60Hz<\/td>\n<td>75W<\/td>\n<td>3. 5m<\/td>\n<td>4500L\/h<\/td>\n<td>10m<\/td>\n<td>3,0kg<\/td>\n<td>267*223*132mm<\/td>\n<\/tr>\n<\/tbody>\n<\/table>\n<table class=\"aliDataTable\" style=\"height:246px;width:82,5%\" border=\"4\">\n<tbody>\n<tr>\n<td>Modell<\/td>\n<td>Spannung<\/td>\n<td>Frequenz<\/td>\n<td>Leistung<\/td>\n<td>H-max<\/td>\n<td>Leistung<\/td>\n<td>Gewicht<\/td>\n<td>Abmessungen<\/td>\n<\/tr>\n<tr>\n<td>HJ-18 43<\/td>\n<td>110V\/220V240V<\/td>\n<td>50Hz\/60Hz<\/td>\n<td>40W<\/td>\n<td>2,5m<\/td>\n<td>1800L\/h <\/td>\n<td>1,4 kg<\/td>\n<td>155*106*108mm<\/td>\n<\/tr>\n<tr>\n<td>HJ-1543<\/td>\n<td>110V\/220V240V <\/td>\n<td>50Hz\/60Hz<\/td>\n<td>28W<\/td>\n<td>2,0m<\/td>\n<td>1400L\/h<\/td>\n<td>1,2kg<\/td>\n<td>138*98*100mm<\/td>\n<\/tr>\n<tr>\n<td>HJ-1143<\/td>\n<td>110V\/220V240V<\/td>\n<td>50Hz\/60Hz <\/td>\n<td>22W<\/td>\n<td>1,6m<\/td>\n<td>1000L\/h<\/td>\n<td>0,85kg<\/td>\n<td>123*82*85mm<\/td>\n<\/tr>\n<tr>\n<td>HJ-943<\/td>\n<td>110V\/220V240V <\/td>\n<td>50Hz\/60Hz<\/td>\n<td>16W<\/td>\n<td>1,3m<\/td>\n<td>800L\/h<\/td>\n<td>0,65kg<\/td>\n<td>108*73*75mm<\/td>\n<\/tr>\n<tr>\n<td>HJ-743<\/td>\n<td>110V\/220V240V <\/td>\n<td>50Hz\/60Hz<\/td>\n<td>8W<\/td>\n<td>1,0m<\/td>\n<td>600L\/h<\/td>\n<td>0,38kg<\/td>\n<td>98*66*68mm<\/td>\n<\/tr>\n<\/tbody>\n<\/table>\n<p><span style=\"font-size:14px\"><strong><span style=\"color:#000000\">Wasserpumpen-Show f\u00fcr Gartenbrunnen<\/span><\/strong><\/span><\/p>\n<p><span style=\"font-size:12px\"><strong><span style=\"color:#000000\">So viele Teichbrunnenpumpen hier, mit oder ohne LED-Licht, wir haben immer noch verschiedene Arten<\/span><\/strong><\/span><\/p>\n<p><span style=\"font-size:12px\"><strong><span style=\"color:#000000\">von<\/span><\/strong><\/span><span style=\"font-size:12px\"><strong><span style=\"color:#000000\">Brunnen<\/span><\/strong><\/span><span style=\"font-size:12px\"><strong><span style=\"color:#000000\">Wasserpumpen,<\/span><\/strong><\/span><span style=\"font-size:12px\"><strong><span style=\"color:#000000\">genau wie ein Springbrunnen pumpt, oder?<\/span><\/strong><\/span><\/p>\n<p><span style=\"font-size:12px\"><strong><span style=\"color:#000000\">Ich hoffe, Sie finden hier das Richtige, das Sie wirklich wollen! Ich hoffe, Sie haben viel Spa\u00df bei dieser<\/span><\/strong><\/span><\/p>\n<p><span style=\"font-size:12px\"><strong><span style=\"color:#000000\">Reise!<\/span><\/strong><\/span><\/p>\n<p><span style=\"font-size:12px\"><strong><span style=\"color:#000000\"><span style=\"text-decoration:underline\"><span style=\"font-size:14px\"><span style=\"background-color:#ffff00\"><img decoding=\"async\" alt=\"Tauchpumpe f\u00fcr Gartenteichbrunnen, 40 W, 1800 l\/h HJ-1843\" src=\"http:\/\/localhost\/media\/import\/detail\/540521107_500.jpg\"><\/span><\/span><\/span><\/span><\/strong><\/span><\/p>\n<p><img decoding=\"async\" alt=\"Tauchpumpe f\u00fcr Gartenteichbrunnen, 40 W, 1800 l\/h HJ-1843\" src=\"http:\/\/localhost\/media\/import\/detail\/545816670_950.jpg\"><img decoding=\"async\" alt=\"Tauchwasserpumpe f\u00fcr Gartenteichbrunnen, 40 W, 1800 l\/h HJ-1843\" src=\"http:\/\/localhost\/media\/import\/detail\/545816672_665.jpg\"><img decoding=\"async\" alt=\"Tauchwasserpumpe f\u00fcr Gartenteichbrunnen, 40 W 1800L\/h HJ-1843\" src=\"http:\/\/localhost\/media\/import\/detail\/545816673_057.jpg\"><img decoding=\"async\" alt=\"Tauchbare Gartenteichbrunnen-Wasserpumpe 40W 1800L\/h HJ-1843\" src=\"http:\/\/localhost\/media\/import\/detail\/545816676_916.jpg\"><\/p>\n<p><span style=\"text-decoration:underline\"><span style=\"font-size:14px\"><strong>Brunnenk\u00f6pfe und Brunnenwasserspiele werden angezeigt<\/strong><\/span><\/span><\/p>\n<p><span style=\"font-size:14px\"><strong><span style=\"background-color:#ffff00\"><img decoding=\"async\" alt=\"Tauchpumpe f\u00fcr Gartenteichbrunnen, 40 W, 1800 l\/h HJ-1843\" src=\"http:\/\/localhost\/media\/import\/detail\/537332709_859.jpg\"><\/span><\/strong><\/span><\/p>\n<p><span style=\"font-size:14px\"><strong><span style=\"background-color:#ffff00\"><img loading=\"lazy\" decoding=\"async\" alt=\"Tauchbare Gartenteichbrunnen-Wasserpumpe 40W 1800L\/h HJ-1843\" src=\"http:\/\/localhost\/media\/import\/detail\/545817360_172.jpg\" width=\"611\" height=\"313\"><\/span><\/strong><\/span><\/p>\n<p><span style=\"color:#333300\"><strong>Wir haben viele Arten von Brunnenk\u00f6pfen f\u00fcr Sie, z Vulkan, Schaum, Zelt, Champagner, Rakete,<\/strong><\/span><span style=\"color:#333300\"><strong>Regenwaldarten,<\/strong><\/span><\/p>\n<p><span style=\"color:#333300\"><strong>und<\/strong><\/span><span style=\"color:#333300\"><strong>Sie k\u00f6nnen alle Arten von wundersch\u00f6nen Wasserspielen ganz nach Ihrem<\/strong><\/span><span style=\"color:#333300\"><strong>Interessen!<\/strong><\/span><\/p>\n<p><strong><\/strong> <\/p>\n<div id=\"ali-anchor-AliPostDhMb-ckitc\" style=\"padding-top:8px\" data-section-title=\"Unternehmensinformationen\" data-section=\"AliPostDhMb-ckitc\">\n<div style=\"padding-bottom:10px;padding-top:10px;padding-left:0px;padding-right:0px\"> <\/div>\n<\/div>\n<div id=\"ali-anchor-AliPostDhMb-29akt\" style=\"padding-top:8px\" data-section-title=\"Home\" data-section=\"AliPostDhMb-29akt\">\n<div style=\"padding-bottom:10px;padding-top:10px;padding-left:0px;padding-right:0px\">\n<\/div>\n<\/div>\n<div style=\"clear:both\"><\/div>\n","protected":false},"excerpt":{"rendered":"<p>Tauchpumpe f\u00fcr Gartenteichbrunnen, 40 W, 1800 l\/h, HJ-1843<\/p>\n","protected":false},"featured_media":5914,"comment_status":"open","ping_status":"closed","template":"","meta":[],"product_brand":[],"product_cat":[1377],"product_tag":[],"class_list":{"0":"post-38398","1":"product","2":"type-product","3":"status-publish","4":"has-post-thumbnail","6":"product_cat-wasserpumpen-kraftkopfe","8":"first","9":"instock","10":"shipping-taxable","11":"purchasable","12":"product-type-simple"},"_links":{"self":[{"href":"https:\/\/www.myaquastore.com\/de\/wp-json\/wp\/v2\/product\/38398","targetHints":{"allow":["GET"]}}],"collection":[{"href":"https:\/\/www.myaquastore.com\/de\/wp-json\/wp\/v2\/product"}],"about":[{"href":"https:\/\/www.myaquastore.com\/de\/wp-json\/wp\/v2\/types\/product"}],"replies":[{"embeddable":true,"href":"https:\/\/www.myaquastore.com\/de\/wp-json\/wp\/v2\/comments?post=38398"}],"wp:featuredmedia":[{"embeddable":true,"href":"https:\/\/www.myaquastore.com\/de\/wp-json\/wp\/v2\/media\/5914"}],"wp:attachment":[{"href":"https:\/\/www.myaquastore.com\/de\/wp-json\/wp\/v2\/media?parent=38398"}],"wp:term":[{"taxonomy":"product_brand","embeddable":true,"href":"https:\/\/www.myaquastore.com\/de\/wp-json\/wp\/v2\/product_brand?post=38398"},{"taxonomy":"product_cat","embeddable":true,"href":"https:\/\/www.myaquastore.com\/de\/wp-json\/wp\/v2\/product_cat?post=38398"},{"taxonomy":"product_tag","embeddable":true,"href":"https:\/\/www.myaquastore.com\/de\/wp-json\/wp\/v2\/product_tag?post=38398"}],"curies":[{"name":"wp","href":"https:\/\/api.w.org\/{rel}","templated":true}]}}