{"id":38413,"date":"2016-09-25T23:28:39","date_gmt":"2016-09-25T23:28:39","guid":{"rendered":"https:\/\/www.myaquastore.com\/product\/sunsun-5000l-h-gartenteichbrunnenpumpe-jep-5000f\/"},"modified":"2025-03-16T08:55:14","modified_gmt":"2025-03-16T08:55:14","slug":"sunsun-5000l-h-gartenteichbrunnenpumpe-jep-5000f","status":"publish","type":"product","link":"https:\/\/www.myaquastore.com\/de\/produkt\/sunsun-5000l-h-gartenteichbrunnenpumpe-jep-5000f\/","title":{"rendered":"SUNSUN 5000L\/h Gartenteichbrunnenpumpe JEP-5000F"},"content":{"rendered":"<div style=\"clear:both\"><\/div>\n<p style=\"text-align:center\"><span style=\"font-family:comic sans ms,sans-serif\"><span style=\"font-size:14px\"> <strong><span style=\"color:#dd7821\">Anwendungsbereich:<\/span><\/strong><\/span><\/span><\/p>\n<p style=\"text-align:center\"><span style=\"font-family:comic sans ms,sans-serif\"><span style=\"font-size:14px\">Verwendung unter Wasser oder \u00fcber Wasser als Zirkulations-, Bew\u00e4sserungs-, Springbrunnen- oder Str\u00f6mungspumpe in<\/span><\/span><\/p>\n<p style=\"text-align:center\"><span style=\"font-family:comic sans ms,sans-serif\"><span style=\"font-size:14px\"> sowohl in Salzwasser und<\/span><span style=\"font-size:14px\">S\u00fc\u00dfwasseraquarium, <\/span><span style=\"font-size:14px\">Aquarium oder Gartenteich. Lieferung mit hochwertigem Pumpengeh\u00e4use<\/span><span style=\"font-size:14px\">und versiegelter Wicklung mit <\/span><span style=\"font-size:14px\">Harz, aus dem kein Strom austritt.<\/span><\/span><\/p>\n<p style=\"text-align:center\"><span style=\"font-family:verdana,geneva\"><em><span style=\"font-size:14px\"> <\/span><\/em><\/span><\/p>\n<p style=\"text-align:center\"><span style=\"font-size:14px;font-family:comic sans ms,sans-serif;color:#dd7821\"><strong>Feature:<\/strong><\/span><\/p>\n<p style=\"text-align:center\"><span style=\"font-size:14px;font-family:comic sans ms,sans-serif\">1. Multifunktionales Design \u2013 Pumpen, Filtern und Springbrunnen 3 in 1.<\/span><\/p>\n<p style=\"text-align:center\"><span style=\"font-size:14px;font-family:comic sans ms,sans-serif\">2. Hochleistungs-Standard-Asynchronmotor mit neuem Design, ger\u00e4uscharm, energiesparend und wasserdicht<\/span><\/p>\n<p style=\"text-align:center\"><span style=\"font-size:14px;font-family:comic sans ms,sans-serif\">3. Spezielles Design des Rotors, verschlei\u00dffeste Keramikwelle, lange Lebensdauer und geeignet f\u00fcr Landamphibien.<\/span><\/p>\n<p style=\"text-align:center\"><span style=\"font-size:14px;font-family:comic sans ms,sans-serif\">4. Mehrfach-Auslassanschluss f\u00fcr verschiedene Rohre.<\/span><\/p>\n<p style=\"text-align:center\"><span style=\"font-size:14px;font-family:comic sans ms,sans-serif\">5. Personalisierte Brunnenk\u00f6pfe mit verschiedenen Designs versorgen Teiche auf modische Weise mit Sauerstoff.<\/span><\/p>\n<p style=\"text-align:center\"><span style=\"font-size:14px;font-family:comic sans ms,sans-serif\">6. Sind mit einem Regler ausgestattet, der hin und her gezogen werden kann, um die H\u00f6he einfach einzustellen. <\/span><\/p>\n<p style=\"text-align:center\"><span style=\"font-size:14px;font-family:comic sans ms,sans-serif\">7. Es sind verschiedene Formen von Font\u00e4nenrohren erh\u00e4ltlich. Die Gr\u00f6\u00dfe und H\u00f6he des sch\u00f6nen Brunnens kann nach Ihren W\u00fcnschen angepasst werden.<\/span><\/p>\n<p style=\"text-align:center\">\n<p style=\"text-align:center\">\n<p style=\"text-align:center\"><span style=\"font-size:14px;font-family:comic sans ms,sans-serif\"><span style=\"color:#dd7821\"><strong>Achtung:<\/strong><br \/><\/span>Vor Gebrauch ausschalten<br \/>Verwendung im Wasser <br \/>Pumpe nicht am Kabel festklemmen<br \/> Die Wassertemperatur der Pumpe liegt unter 45??C<br \/>Halten Sie das Wasser sauber<\/span><\/p>\n<p style=\"text-align:center\">\n<p style=\"text-align:center\"><span style=\"font-size:14px;font-family:comic sans ms,sans-serif\"><img decoding=\"async\" alt=\"SUNSUN 5000L\/h Gartenteichbrunnen Pumpe JEP-5000F\" src=\"http:\/\/localhost\/media\/import\/detail\/523276461_200.jpg\"><img decoding=\"async\" alt=\"SUNSUN 5000L\/h Gartenteichbrunnenpumpe JEP-5000F\" src=\"http:\/\/localhost\/media\/import\/detail\/523276465_362.jpg\"><img decoding=\"async\" alt=\"SUNSUN 5000L\/h Gartenteichbrunnenpumpe JEP-5000F\" src=\"http:\/\/localhost\/media\/import\/detail\/523276470_153.jpg\"><img decoding=\"async\" alt=\"SUNSUN 5000L\/h Gartenteichbrunnenpumpe JEP-5000F\" src=\"http:\/\/localhost\/media\/import\/detail\/523276769_158.jpg\"><img decoding=\"async\" alt=\"SUNSUN 5000 l\/h Gartenteich-Brunnenpumpe JEP-5000F\" src=\"http:\/\/localhost\/media\/import\/detail\/523277251_454.jpg\"><img decoding=\"async\" alt=\"SUNSUN 5000 l\/h Gartenteich-Brunnenpumpe JEP-5000F\" src=\"http:\/\/localhost\/media\/import\/detail\/523277699_033.jpg\"><img decoding=\"async\" alt=\"SUNSUN 5000L\/h Gartenteichbrunnenpumpe JEP-5000F\" src=\"http:\/\/localhost\/media\/import\/detail\/523278359_920.jpg\"><\/span> <\/p>\n<p style=\"text-align:center\"> <span style=\"font-size:10.5pt;font-family:comic sans ms,sans-serif\"><img decoding=\"async\" alt=\"SUNSUN 5000L\/h Gartenteichbrunnenpumpe JEP-5000F\" src=\"http:\/\/localhost\/media\/import\/detail\/521978234_822.jpg\"><\/span><\/p>\n<p style=\"text-align:center\"><span style=\"font-size:12pt;font-family:'Comic Sans MS';color:#000000\">Wir haben alle Arten von Ausr\u00fcstung f\u00fcr Aquarien und Teich! <\/span><\/p>\n<p style=\"text-align:center\"><span style=\"font-size:12pt;font-family:'Comic Sans MS';color:#000000\">Wenn Sie ein Produkt ben\u00f6tigen, wenden Sie sich bitte an uns<\/span><span style=\"font-size:12pt;color:#000000\"><\/span><\/p>\n<p style=\"text-align:center\"><span style=\"font-size:12pt;font-family:'Comic Sans MS';color:#000000\">Wenn Sie mehrere Artikel gleichzeitig kaufen,<\/span><span style=\"font-size:12pt;font-family:'Comic Sans MS';color:#f30094;font-style:italic\">sparen Sie eine Menge Versandkosten<\/span><span style=\"font-size:12pt;font-family:'Comic Sans MS';color:#000000\">!<\/span><\/p>\n<p style=\"text-align:center\"><span style=\"font-size:12pt;font-family:'Comic Sans MS';color:#000000\">Bei weiteren Fragen k\u00f6nnen Sie sich gerne an uns wenden!<\/span><\/p>\n<p style=\"background:#ffffff\">\n<p><em><span style=\"color:fuchsia;line-height:21px\"><em><span style=\"line-height:24px;background-color:#ff0000\"><em><span style=\"line-height:24px\"><a title=\"Klicken Sie auf die weiteren Produkte\" href=\"http:\/\/gzweierma.en.alibaba.com\/productgrouplist-215139431\/Water_Pumps.html\"><\/a><\/span><\/em><\/span><\/em><\/span><\/em><\/p>\n<div style=\"clear:both\"><\/div>\n","protected":false},"excerpt":{"rendered":"<p>SUNSUN 5000L\/h Gartenteichbrunnenpumpe JEP-5000F<\/p>\n","protected":false},"featured_media":5944,"comment_status":"open","ping_status":"closed","template":"","meta":[],"product_brand":[],"product_cat":[1377],"product_tag":[],"class_list":{"0":"post-38413","1":"product","2":"type-product","3":"status-publish","4":"has-post-thumbnail","6":"product_cat-wasserpumpen-kraftkopfe","8":"first","9":"instock","10":"shipping-taxable","11":"purchasable","12":"product-type-simple"},"_links":{"self":[{"href":"https:\/\/www.myaquastore.com\/de\/wp-json\/wp\/v2\/product\/38413","targetHints":{"allow":["GET"]}}],"collection":[{"href":"https:\/\/www.myaquastore.com\/de\/wp-json\/wp\/v2\/product"}],"about":[{"href":"https:\/\/www.myaquastore.com\/de\/wp-json\/wp\/v2\/types\/product"}],"replies":[{"embeddable":true,"href":"https:\/\/www.myaquastore.com\/de\/wp-json\/wp\/v2\/comments?post=38413"}],"wp:featuredmedia":[{"embeddable":true,"href":"https:\/\/www.myaquastore.com\/de\/wp-json\/wp\/v2\/media\/5944"}],"wp:attachment":[{"href":"https:\/\/www.myaquastore.com\/de\/wp-json\/wp\/v2\/media?parent=38413"}],"wp:term":[{"taxonomy":"product_brand","embeddable":true,"href":"https:\/\/www.myaquastore.com\/de\/wp-json\/wp\/v2\/product_brand?post=38413"},{"taxonomy":"product_cat","embeddable":true,"href":"https:\/\/www.myaquastore.com\/de\/wp-json\/wp\/v2\/product_cat?post=38413"},{"taxonomy":"product_tag","embeddable":true,"href":"https:\/\/www.myaquastore.com\/de\/wp-json\/wp\/v2\/product_tag?post=38413"}],"curies":[{"name":"wp","href":"https:\/\/api.w.org\/{rel}","templated":true}]}}