{"id":38415,"date":"2016-09-25T23:28:40","date_gmt":"2016-09-25T23:28:40","guid":{"rendered":"https:\/\/www.myaquastore.com\/product\/sunsun-eco-wasserpumpe-warmepumpe-mini-split-jtp-6000r\/"},"modified":"2025-03-16T08:55:15","modified_gmt":"2025-03-16T08:55:15","slug":"sunsun-eco-wasserpumpe-warmepumpe-mini-split-jtp-6000r","status":"publish","type":"product","link":"https:\/\/www.myaquastore.com\/de\/produkt\/sunsun-eco-wasserpumpe-warmepumpe-mini-split-jtp-6000r\/","title":{"rendered":"SUNSUN ECO Wasserpumpe W\u00e4rmepumpe Mini Split JTP-6000R"},"content":{"rendered":"<p style=\"text-align:center\">\n<p style=\"text-align:center\"> <\/p>\n<p> <strong><span style=\"font-size:16px\">EIGENSCHAFTEN:<\/span><\/strong><\/p>\n<p><span style=\"font-size:14px\">1. Neuartiges Design und gro\u00dfz\u00fcgig, verwenden Sie die Technologie mit variabler Frequenz; kleine Leistung, gro\u00dfer Durchfluss. hoher Kopf. Super stumm und sowohl zu Wasser als auch zu Land.<\/span><\/p>\n<p><span style=\"font-size:14px\">2.Verwenden Sie einen Keramikschaft, Verschlei\u00dffestigkeit, kein Rost, lange Lebensdauer.<\/span><\/p>\n<p><span style=\"font-size:14px\">3.Sowohl S\u00fc\u00df- als auch Meerwasser, enthalten kein Kupferelement;<\/span><\/p>\n<p><span style=\"font-size:14px\">4.Dies Produkt erm\u00f6glicht kostenlosen Werkzeugabbruch, leicht zu reinigen.<\/span><\/p>\n<p><span style=\"font-size:14px\">5.Der Auslass ist mehrstufig ausgef\u00fchrt und f\u00fcr eine Vielzahl von Rohrdurchmesseranschl\u00fcssen geeignet.<\/span><\/p>\n<p><span style=\"font-size:14px\">6.Der verriegelte Rotor sch\u00fctzt die Stromzufuhr nach dem Einschalten des Wassers (Blattkarte sofort tot).<\/span><\/p>\n<\/p>\n<div id=\"ali-anchor-AliPostDhMb-ccml4\" style=\"padding-top:8px\" data-section-title=\"Produktbeschreibung\" data-section=\"AliPostDhMb-ccml4\">\n<div id=\"ali-title-AliPostDhMb-ccml4\" style=\"border-bottom:#ddd 1px solid;padding-bottom:8px;padding-top:8px;padding-left:0px;padding-right:0px\"><span style=\"font-weight:bold;color:#333;padding-bottom:8px;padding-top:8px;padding-left:10px;line-height:12px;padding-right:10px;background-color:#ddd\">Produktbeschreibung<\/span><\/div>\n<div style=\"padding-bottom:10px;padding-top:10px;padding-left:0px;padding-right:0px\">\n<\/div>\n<\/div>\n<p><span style=\"font-size:14px\"><strong>PARAMETER:<\/strong><\/span><\/p>\n<table class=\"aliDataTable\" style=\"height:285px;width:700px\" border=\"1\">\n<tbody>\n<tr>\n<td style=\"text-align:center\"><span style=\"font-size:12px\"><strong>Modell<\/strong><\/span><\/td>\n<td style=\"text-align:center\"><span style=\"font-size:12px\"><strong>Spannung<\/strong><\/span><\/td>\n<td style=\"text-align:center\"><span style=\"font-size:12px\"><strong>Frequenz<\/strong><\/span><\/td>\n<td style=\"text-align:center\"><span style=\"font-size:12px\"><strong>Leistung<\/strong><\/span><\/td>\n<td style=\"text-align:center\"><span style=\"font-size:12px\"><strong>H-max<\/strong><\/span><\/td>\n<td style=\"text-align:center\"><span style=\"font-size:12px\"><strong>Ausgabe<\/strong><\/span><\/td>\n<td style=\"text-align:center\"><span style=\"font-size:12px\"><strong>Interh\u00f6he<\/strong><\/span><\/td>\n<td style=\"text-align:center\"><span style=\"font-size:12px\"><strong>Kabel L\u00e4nge<\/strong><\/span><\/td>\n<td style=\"text-align:center\"><span style=\"font-size:12px\"><strong>Gewicht<\/strong><\/span><\/td>\n<td style=\"text-align:center\"><span style=\"font-size:12px\"><strong>L*B*H<\/strong><\/span>(mm)<\/td>\n<\/tr>\n<tr>\n<td style=\"text-align:center\">JTP-4000R<\/td>\n<td style=\"text-align:center\">110V\/120V\/240V<\/td>\n<td style=\"text-align:center\">50Hz\/60Hz<\/td>\n<td style=\"text-align:center\">25w<\/td>\n<td style=\"text-align:center\">3,2m<\/td>\n<td style=\"text-align:center\">4000L\/h<\/td>\n<td style=\"text-align:center\">65mm<\/td>\n<td style=\"text-align:center\">2,5m<\/td>\n<td style=\"text-align:center\">2,5kg<\/td>\n<td style=\"text-align:center\">252*123*137<\/td>\n<\/tr>\n<tr>\n<td style=\"text-align:center\">JTP-5000R<\/td>\n<td style=\"text-align:center\">110V\/120V\/240V<\/td>\n<td style=\"text-align:center\">50Hz\/60Hz<\/td>\n<td style=\"text-align:center\">30w<\/td>\n<td style=\"text-align:center\">3,6m<\/td>\n<td style=\"text-align:center\">5000L\/h<\/td>\n<td style=\"text-align:center\">65mm<\/td>\n<td style=\"text-align:center\">2,5m<\/td>\n<td style=\"text-align:center\">2,5kg<\/td>\n<td style=\"text-align:center\">252*123*137<\/td>\n<\/tr>\n<tr>\n<td style=\"text-align:center\">JTP-6000R<\/td>\n<td style=\"text-align:center\">110V\/120V\/240V<\/td>\n<td style=\"text-align:center\">50Hz\/60Hz<\/td>\n<td style=\"text-align:center\">40w<\/td>\n<td style=\"text-align:center\">4,0m<\/td>\n<td style=\"text-align:center\">6000L\/h<\/td>\n<td style=\"text-align:center\">65mm<\/td>\n<td style=\"text-align:center\">2,5m<\/td>\n<td style=\"text-align:center\">2,5kg<\/td>\n<td style=\"text-align:center\">252*123*137<\/td>\n<\/tr>\n<tr>\n<td style=\"text-align:center\">JTP-7000R<\/td>\n<td style=\"text-align:center\">110V\/120V\/240V<\/td>\n<td style=\"text-align:center\">50Hz\/60Hz<\/td>\n<td style=\"text-align:center\">50w<\/td>\n<td style=\"text-align:center\">4,4m<\/td>\n<td style=\"text-align:center\">7000L\/h<\/td>\n<td style=\"text-align:center\">65mm<\/td>\n<td style=\"text-align:center\">5m<\/td>\n<td style=\"text-align:center\">2,5kg<\/td>\n<td style=\"text-align:center\">252*123*137<\/td>\n<\/tr>\n<tr>\n<td style=\"text-align:center\">JTP-8000R<\/td>\n<td style=\"text-align:center\">110V\/120V\/240V<\/td>\n<td style=\"text-align:center\">50Hz\/60Hz<\/td>\n<td style=\"text-align:center\">60w<\/td>\n<td style=\"text-align:center\">4,8m<\/td>\n<td style=\"text-align:center\">8000L\/h<\/td>\n<td style=\"text-align:center\">65mm<\/td>\n<td style=\"text-align:center\">5m<\/td>\n<td style=\"text-align:center\">2,5kg<\/td>\n<td style=\"text-align:center\">252*123*137<\/td>\n<\/tr>\n<tr>\n<td style=\"text-align:center\">JTP-9000R<\/td>\n<td style=\"text-align:center\">110V\/120V\/240V<\/td>\n<td style=\"text-align:center\">50Hz\/60Hz<\/td>\n<td style=\"text-align:center\">70w<\/td>\n<td style=\"text-align:center\">5,2m<\/td>\n<td style=\"text-align:center\">9000L\/h<\/td>\n<td style=\"text-align:center\">65mm<\/td>\n<td style=\"text-align:center\">5m<\/td>\n<td style=\"text-align:center\">2,5kg<\/td>\n<td style=\"text-align:center\">252*123*137<\/td>\n<\/tr>\n<tr>\n<td style=\"text-align:center\">JTP-10000R<\/td>\n<td style=\"text-align:center\">110V\/120V\/240V<\/td>\n<td style=\"text-align:center\">50Hz\/60Hz<\/td>\n<td style=\"text-align:center\">80w<\/td>\n<td style=\"text-align:center\">6,0m<\/td>\n<td style=\"text-align:center\">10000L\/h<\/td>\n<td style=\"text-align:center\">72mm<\/td>\n<td style=\"text-align:center\">5m<\/td>\n<td style=\"text-align:center\">3,5kg<\/td>\n<td style=\"text-align:center\">285*142*138<\/td>\n<\/tr>\n<tr>\n<td style=\"text-align:center\">JTP-12000R<\/td>\n<td style=\"text-align:center\">110V\/120V\/240V<\/td>\n<td style=\"text-align:center\">50Hz\/60Hz<\/td>\n<td style=\"text-align:center\">100w<\/td>\n<td style=\"text-align:center\">6,5m<\/td>\n<td style=\"text-align:center\">12000L\/h<\/td>\n<td style=\"text-align:center\">72mm<\/td>\n<td style=\"text-align:center\">5m<\/td>\n<td style=\"text-align:center\">3,5kg<\/td>\n<td style=\"text-align:center\">285*142*138<\/td>\n<\/tr>\n<tr>\n<td style=\"text-align:center\">JTP-14000R<\/td>\n<td style=\"text-align:center\">110V\/120V\/240V<\/td>\n<td style=\"text-align:center\">50Hz\/60Hz<\/td>\n<td style=\"text-align:center\">120w<\/td>\n<td style=\"text-align:center\">7,0m<\/td>\n<td style=\"text-align:center\">14000L\/h<\/td>\n<td style=\"text-align:center\">72mm<\/td>\n<td style=\"text-align:center\">5m<\/td>\n<td style=\"text-align:center\">3,5kg<\/td>\n<td style=\"text-align:center\">285*142*138<\/td>\n<\/tr>\n<tr>\n<td style=\"text-align:center\">JTP-16000R<\/td>\n<td style=\"text-align:center\">110V\/120V\/240V<\/td>\n<td style=\"text-align:center\">50Hz\/60Hz<\/td>\n<td style=\"text-align:center\">140w<\/td>\n<td style=\"text-align:center\">7,5m<\/td>\n<td style=\"text-align:center\">16000L\/h<\/td>\n<td style=\"text-align:center\">72mm<\/td>\n<td style=\"text-align:center\">5m<\/td>\n<td style=\"text-align:center\">3,5kg<\/td>\n<td style=\"text-align:center\">285*142*138<\/td>\n<\/tr>\n<\/tbody>\n<\/table>\n<p><span style=\"font-size:14px\"><img decoding=\"async\" alt=\"-1.jpg\" src=\"http:\/\/localhost\/media\/import\/detail\/HTB1u.EkGpXXXXb5aXXXq6xXFXXX3.jpg\"><\/span><\/p>\n<p><img decoding=\"async\" alt=\"001.jpg\" src=\"http:\/\/localhost\/media\/import\/detail\/HTB1WICiGpXXXXb2XVXXq6xXFXXXV.jpg\"><img decoding=\"async\" alt=\"002.jpg\" src=\"http:\/\/localhost\/media\/import\/detail\/HTB1c7.YGXXXXXaQaXXXq6xXFXXXI.jpg\"><img decoding=\"async\" alt=\"003.jpg\" src=\"http:\/\/localhost\/media\/import\/detail\/HTB1oQJSGpXXXXapapXXq6xXFXXXA.jpg\"><\/p>\n<div id=\"ali-anchor-AliPostDhMb-zgm1x\" style=\"padding-top:8px\" data-section-title=\"Unternehmensinformationen\" data-section=\"AliPostDhMb-zgm1x\"><strong><span style=\"background-color:#dddddd;color:#333333\"><\/span><\/strong> <\/div>\n","protected":false},"excerpt":{"rendered":"<p>SUNSUN ECO Wasserpumpe W\u00e4rmepumpe Mini Split JTP-6000R<\/p>\n","protected":false},"featured_media":5948,"comment_status":"open","ping_status":"closed","template":"","meta":[],"product_brand":[],"product_cat":[1377],"product_tag":[],"class_list":{"0":"post-38415","1":"product","2":"type-product","3":"status-publish","4":"has-post-thumbnail","6":"product_cat-wasserpumpen-kraftkopfe","8":"first","9":"instock","10":"shipping-taxable","11":"purchasable","12":"product-type-simple"},"_links":{"self":[{"href":"https:\/\/www.myaquastore.com\/de\/wp-json\/wp\/v2\/product\/38415","targetHints":{"allow":["GET"]}}],"collection":[{"href":"https:\/\/www.myaquastore.com\/de\/wp-json\/wp\/v2\/product"}],"about":[{"href":"https:\/\/www.myaquastore.com\/de\/wp-json\/wp\/v2\/types\/product"}],"replies":[{"embeddable":true,"href":"https:\/\/www.myaquastore.com\/de\/wp-json\/wp\/v2\/comments?post=38415"}],"wp:featuredmedia":[{"embeddable":true,"href":"https:\/\/www.myaquastore.com\/de\/wp-json\/wp\/v2\/media\/5948"}],"wp:attachment":[{"href":"https:\/\/www.myaquastore.com\/de\/wp-json\/wp\/v2\/media?parent=38415"}],"wp:term":[{"taxonomy":"product_brand","embeddable":true,"href":"https:\/\/www.myaquastore.com\/de\/wp-json\/wp\/v2\/product_brand?post=38415"},{"taxonomy":"product_cat","embeddable":true,"href":"https:\/\/www.myaquastore.com\/de\/wp-json\/wp\/v2\/product_cat?post=38415"},{"taxonomy":"product_tag","embeddable":true,"href":"https:\/\/www.myaquastore.com\/de\/wp-json\/wp\/v2\/product_tag?post=38415"}],"curies":[{"name":"wp","href":"https:\/\/api.w.org\/{rel}","templated":true}]}}