{"id":38429,"date":"2016-12-27T16:03:35","date_gmt":"2016-12-27T16:03:35","guid":{"rendered":"https:\/\/www.myaquastore.com\/product\/red-devil-red-devil-d2000-amphibische-amphibische-tauchpumpe-tauchpumpen\/"},"modified":"2025-03-16T08:55:21","modified_gmt":"2025-03-16T08:55:21","slug":"red-devil-red-devil-d2000-amphibische-amphibische-tauchpumpe-tauchpumpen","status":"publish","type":"product","link":"https:\/\/www.myaquastore.com\/de\/produkt\/red-devil-red-devil-d2000-amphibische-amphibische-tauchpumpe-tauchpumpen\/","title":{"rendered":"Red Devil Red Devil D2000 amphibische amphibische Tauchpumpe Tauchpumpen"},"content":{"rendered":"<h2>Produktbeschreibung <\/h2>\n<p><strong>Technische Parameter: <br \/> <\/strong>Modell: Devil D2000 <br \/> Durchfluss: 2000L \/ H <br \/> Maximaler Hub: 2M <br \/> Leistung: 20W <\/p>\n<p>PS: Daten aktualisiert im Januar 2015 <\/p>\n<p>Pumpe aufrechtes Rohr und Maximale Gr\u00f6\u00dfe der Basis mit Saugnapf:( L\u00e4nge\/Breite\/H\u00f6he): 115\/100\/130 mm <\/p>\n<p>Speziell entwickelte Pumpen k\u00f6nnen um die Querrichtungen herum platziert werden. <\/p>\n<p>Graue Rumpfbaugruppe Professional Union: direkte Verbindung von PVC-Rohrverschraubungen 20 mm. <\/p>\n<p>Wird mit Adapter geliefert. 14 ~ 18 mm k\u00f6nnen an einen Schlauch angeschlossen werden. <\/p>\n<p><a><img class=\" size-full=\"><\/a><\/p>\n<p><strong>Merkmale der amphibischen Tauchpumpe Devil: <\/strong><\/p>\n<div>\n<div>1 Deutschland-Standard \u2013 kundenspezifische Produkte <\/div>\n<div>2 Achsen und verfeinert unter Verwendung einer erstklassigen, hochglanzpolierten Kernproduktion <\/div>\n<div>3 ultraeffiziente &amp; Ultra-leise <\/div>\n<div>4 Anhaltend starker und geringer Energieverbrauch <\/div>\n<div>5 Leistung des magnetischen Rotors (nicht traditionelle Leistung als gew\u00f6hnlicher Magnetrotor, der Rotormagnet kostet etwa das 8- bis 10-fache des normalen Magnetrotors) <\/div>\n<div>6 Eingebauter W\u00e4rmeschutzchip, der die Pumpe automatisch abschaltet, wenn sie nicht ordnungsgem\u00e4\u00df funktioniert. <\/div>\n<div>7 Wasserpumpenk\u00f6rper selbst aus feuerfestem ABS-Material mit hohem Standard <\/div>\n<div>Mit dicker, kr\u00e4ftiger Hochleistungsleitung <\/div>\n<div>8 kann direkt im Wasser platziert werden, aber auch in den Wasserleitungsanschl\u00fcssen mittels In-vitro (nicht-induktiver Verbrennungsvorgang ohne Kontakt mit Wasser) <\/div>\n<div>9 ist f\u00fcr S\u00fc\u00df- und Meerwasser geeignet <\/div>\n<div>10 Dank des einzigartigen Saugnapf-Montagestangendesigns kann die Pumpe in beide Richtungen platziert werden, etwa horizontal oder vertikal. <\/div>\n<div>11 durch die europ\u00e4ische CE-Sicherheitszertifizierung, sicher und zuverl\u00e4ssig. <\/div>\n<div>&amp;Nbsp; f\u00fcr <a><img class=\" size-full=\"><\/a><\/div>\n<div>\n<\/div>\n<div>Produktpaket <\/div>\n<div><a><br \/> <\/a><a><img class=\" size-full=\"><\/a><\/p>\n<\/div><\/div>\n<div>&amp;Nbsp; f\u00fcr <\/p>\n<p><a><img class=\" wp-image-3109=\"><\/a><a><img class=\" size-full=\"><\/a><\/div>\n<p>&amp;Nbsp; f\u00fcr <\/p>\n<\/p><\/div>\n","protected":false},"excerpt":{"rendered":"<p>Red Devil Red Devil D2000 amphibische amphibische Tauchpumpe Tauchpumpen<\/p>\n","protected":false},"featured_media":5989,"comment_status":"open","ping_status":"closed","template":"","meta":[],"product_brand":[],"product_cat":[1313],"product_tag":[],"class_list":{"0":"post-38429","1":"product","2":"type-product","3":"status-publish","4":"has-post-thumbnail","6":"product_cat-eiweisabschaumer","8":"first","9":"instock","10":"shipping-taxable","11":"purchasable","12":"product-type-simple"},"_links":{"self":[{"href":"https:\/\/www.myaquastore.com\/de\/wp-json\/wp\/v2\/product\/38429","targetHints":{"allow":["GET"]}}],"collection":[{"href":"https:\/\/www.myaquastore.com\/de\/wp-json\/wp\/v2\/product"}],"about":[{"href":"https:\/\/www.myaquastore.com\/de\/wp-json\/wp\/v2\/types\/product"}],"replies":[{"embeddable":true,"href":"https:\/\/www.myaquastore.com\/de\/wp-json\/wp\/v2\/comments?post=38429"}],"wp:featuredmedia":[{"embeddable":true,"href":"https:\/\/www.myaquastore.com\/de\/wp-json\/wp\/v2\/media\/5989"}],"wp:attachment":[{"href":"https:\/\/www.myaquastore.com\/de\/wp-json\/wp\/v2\/media?parent=38429"}],"wp:term":[{"taxonomy":"product_brand","embeddable":true,"href":"https:\/\/www.myaquastore.com\/de\/wp-json\/wp\/v2\/product_brand?post=38429"},{"taxonomy":"product_cat","embeddable":true,"href":"https:\/\/www.myaquastore.com\/de\/wp-json\/wp\/v2\/product_cat?post=38429"},{"taxonomy":"product_tag","embeddable":true,"href":"https:\/\/www.myaquastore.com\/de\/wp-json\/wp\/v2\/product_tag?post=38429"}],"curies":[{"name":"wp","href":"https:\/\/api.w.org\/{rel}","templated":true}]}}