{"id":38439,"date":"2016-12-27T16:03:43","date_gmt":"2016-12-27T16:03:43","guid":{"rendered":"https:\/\/www.myaquastore.com\/product\/red-devil-skimmer-skimmer-kegel-teufel-red-devil-serie-rdc-rdc-1600\/"},"modified":"2025-03-16T09:02:15","modified_gmt":"2025-03-16T09:02:15","slug":"red-devil-skimmer-skimmer-kegel-teufel-red-devil-serie-rdc-rdc-1600","status":"publish","type":"product","link":"https:\/\/www.myaquastore.com\/de\/produkt\/red-devil-skimmer-skimmer-kegel-teufel-red-devil-serie-rdc-rdc-1600\/","title":{"rendered":"Red Devil Skimmer Skimmer Kegel Teufel Red Devil Serie RDC RDC-1600"},"content":{"rendered":"<h2>Produktbeschreibung <\/h2>\n<p>Modell: RDC-1600 <br \/> Platzformen: Einbauspezifikation (Durchmesser MM): 200\/600 <\/p>\n<div>\n<div>\n<div>Ausgestattet mit Wasserpumpe: Red Devil SP3 * 2 (Red Devil SP3) <\/div>\n<div>Betriebsleistung: 15 W * 2 <\/div>\n<div>Maximale Inspirationskapazit\u00e4t: 1400L \/ H <\/div>\n<div>Der maximal empfohlene Tank (L): 1600 <\/div>\n<div>Empfohlenes Aquarium: 800 ~ 1600L <\/div>\n<div>Dock-Spezifikationen (MM): 350\/220 <\/div>\n<div><\/div>\n<div><\/div><\/div>\n<div><img><\/p>\n<p><strong>Und die Quelle von MARINE SOURCES RED DEVIL CONE (RDC) Red Devil Pumpenskimmerkegel (Stickstoff) Sortimentsmerkmale: <\/strong><\/div>\n<div>\n<div>Ein atemberaubender Auftritt mit: MS und der Quelle der internationalen Version der RDC-Serie hochwertiger Red-Pipe-Pumpen. Red-Devil-Match-Produktion aus dem sehr modernen Sinn f\u00fcr Mode <\/div>\n<div>2 Ultrahochleistungs-Nadelpumpenantrieb, speziell f\u00fcr das Design und die Entwicklung der Devil-Separator-Koniferenpumpe konfiguriert (bis zum maximalen Inspirationsvolumen: 700 l\/h, Stromverbrauch ca. 13 W). <\/div>\n<div>3 nutzt das international beliebte konische K\u00f6rperdesign und optimiert den Blaseneffekt, um organische Stoffe sanfter in den Auffangbecher zu leiten. <\/div>\n<div>4 F\u00fcr eine gute pumpenoptimierte Version aus Nadelholz, Venturi-Saugmund, einfaches Entfernen des Auffangbechers, Abwasser- und Abwasserstopfen und so weiter. <\/div>\n<div>5 Alle mit Lasertechnologie hergestellten Teile gew\u00e4hrleisten nicht nur effektiv den Grad der Verarbeitung, sondern sorgen auch f\u00fcr eine stabile Produktqualit\u00e4t. <\/div>\n<div>6 RDC-1600 neuestes Doppelpumpen-Kammerdesign, insbesondere f\u00fcr die geringe Gr\u00f6\u00dfe des Aquariumfilters, aber das Streben nach ultrahoher Effizienz des Stickstoffspielers. <\/div><\/div>\n<div><\/div><\/div>\n<div><a><br \/> <\/a><\/p>\n<\/div>\n<div>RDC andere Skimmer-Modellserien <\/div>\n<div><a><img class=\" size-full=\"><\/a><\/p>\n<\/div>\n<div><a><img class=\" size-full=\"><\/a><\/div>\n<div>\n<\/div>\n<div>\n<div>Details zum Produktabschnitt <\/div>\n<div><img><\/div><\/div>\n<div><a><br \/> <\/a><\/p>\n<\/div>\n<div><a><br \/> <\/a><\/p>\n<\/div>\n<div><\/div>\n<div>\n<div>\n<div>\n<div>\n<div><\/div>\n<div>Produktabschnittdetails <\/div>\n<div><\/div><\/div><\/div>\n<div><\/div><\/div><\/div>\n<div><\/div>\n<div><\/div>\n<div><\/div><\/div>\n","protected":false},"excerpt":{"rendered":"<p>Red Devil Skimmer Skimmer Kegel Teufel Red Devil Serie RDC RDC-1600<\/p>\n","protected":false},"featured_media":6306,"comment_status":"open","ping_status":"closed","template":"","meta":[],"product_brand":[],"product_cat":[1313],"product_tag":[],"class_list":{"0":"post-38439","1":"product","2":"type-product","3":"status-publish","4":"has-post-thumbnail","6":"product_cat-eiweisabschaumer","8":"first","9":"instock","10":"shipping-taxable","11":"purchasable","12":"product-type-simple"},"_links":{"self":[{"href":"https:\/\/www.myaquastore.com\/de\/wp-json\/wp\/v2\/product\/38439","targetHints":{"allow":["GET"]}}],"collection":[{"href":"https:\/\/www.myaquastore.com\/de\/wp-json\/wp\/v2\/product"}],"about":[{"href":"https:\/\/www.myaquastore.com\/de\/wp-json\/wp\/v2\/types\/product"}],"replies":[{"embeddable":true,"href":"https:\/\/www.myaquastore.com\/de\/wp-json\/wp\/v2\/comments?post=38439"}],"wp:featuredmedia":[{"embeddable":true,"href":"https:\/\/www.myaquastore.com\/de\/wp-json\/wp\/v2\/media\/6306"}],"wp:attachment":[{"href":"https:\/\/www.myaquastore.com\/de\/wp-json\/wp\/v2\/media?parent=38439"}],"wp:term":[{"taxonomy":"product_brand","embeddable":true,"href":"https:\/\/www.myaquastore.com\/de\/wp-json\/wp\/v2\/product_brand?post=38439"},{"taxonomy":"product_cat","embeddable":true,"href":"https:\/\/www.myaquastore.com\/de\/wp-json\/wp\/v2\/product_cat?post=38439"},{"taxonomy":"product_tag","embeddable":true,"href":"https:\/\/www.myaquastore.com\/de\/wp-json\/wp\/v2\/product_tag?post=38439"}],"curies":[{"name":"wp","href":"https:\/\/api.w.org\/{rel}","templated":true}]}}