{"id":38442,"date":"2016-12-27T16:03:44","date_gmt":"2016-12-27T16:03:44","guid":{"rendered":"https:\/\/www.myaquastore.com\/product\/red-devil-devil-skimmer-kegelskimmer-rdc-serie-red-devil-rdc1800\/"},"modified":"2025-03-16T09:02:17","modified_gmt":"2025-03-16T09:02:17","slug":"red-devil-devil-skimmer-kegelskimmer-rdc-serie-red-devil-rdc1800","status":"publish","type":"product","link":"https:\/\/www.myaquastore.com\/de\/produkt\/red-devil-devil-skimmer-kegelskimmer-rdc-serie-red-devil-rdc1800\/","title":{"rendered":"Red Devil Devil Skimmer Kegelskimmer RDC Serie Red Devil RDC1800"},"content":{"rendered":"<h2>Produktbeschreibung <\/h2>\n<p>&amp;Nbsp; f\u00fcr <\/p>\n<table>\n<tbody>\n<tr>\n<td>\n<p><strong>Spezifikationen: <\/strong><\/p>\n<div>\n<div>Modell: RDC 1800 <\/div>\n<div>Platztyp: Einbau <\/div>\n<div>Gr\u00f6\u00dfe (Durchmesser \/ H\u00f6he MM): 250\/560 <\/div>\n<div>Ausgestattet mit Wasserpumpe: Red Devil SP3 (Red Devil SP3) <\/div>\n<div>Betriebsleistung: 15 W * 2 <\/div>\n<div>Maximale Inspirationskapazit\u00e4t: 1400 l \/ h <\/div>\n<div>Der maximal empfohlene Tank (L): 1800 <\/div>\n<div>Empfohlenes Aquarium: 800-1800 l <\/div><\/div>\n<div>Dock-Spezifikationen (MM): 405\/325 <\/div>\n<div><\/div>\n<div>\n<\/div>\n<div><a><img class=\" size-full=\"><\/a> <a><img class=\" size-full=\"><\/a><\/p>\n<\/div>\n<div><\/div>\n<div><\/div>\n<\/td>\n<\/tr>\n<\/tbody>\n<\/table>\n<p>&amp;Nbsp; f\u00fcr <\/p>\n<div><strong><span>Und die Quelle von MARINE SOURCES RED DEVIL CONE (RDC) Red Devil Pump Skimmer Cone (Stickstoff) Sortimentsmerkmale: <\/span><\/strong><\/div>\n<div>Ein atemberaubendes Erscheinungsbild mit: MS und der Quelle der internationalen Version der RDC-Serie hochwertiger Red Pipe Pump Red Devil Match-Produktion aus dem sehr modernen Sinn f\u00fcr Mode <\/div>\n<div>2 Hochleistungs-Nadelpumpenantrieb, speziell f\u00fcr das Design und die Entwicklung der Devil Separator-Koniferenpumpe konfiguriert (Doppelsaugpumpe mit maximaler Kapazit\u00e4t von bis zu 1400 l \/ h, Stromverbrauch nur 26 W). <\/div>\n<div>3 RDC-1800 250 mm breites Reaktionskammerdesign, das ausreichend Platz f\u00fcr die Herstellung von Stickstoffblasen bietet, ein gro\u00dfer Auffangbecher am D\u00fcsendesign, der die Blase gleichm\u00e4\u00dfiger macht. <\/div>\n<div>4 F\u00fcr eine gute pumpenoptimierte Version aus Nadelholz, Venturi-Saugmund, einfaches Entfernen des Auffangbechers, Abwasser- und Abwasserstopfen und so weiter. <\/div>\n<div>5 Alle mit Lasertechnologie hergestellten Teile gew\u00e4hrleisten effektiv nicht nur den Grad der Verarbeitung, sondern k\u00f6nnen auch eine stabile Produktqualit\u00e4t aufrechterhalten. <\/div>\n<p>RDC anderes Modell <\/p>\n<div>\n<\/div>\n<div><\/div>\n<div>\n<div><\/div>\n<div>Details zum Produktabschnitt <\/div>\n<div><\/div>\n<div><a><img class=\" alignnone=\"><\/a> <a><img class=\" alignnone=\"><\/a><\/div>\n<div>\n<p><\/div>\n<div>&amp;Nbsp; f\u00fcr <a><img class=\" size-full=\"><\/a> <a><img class=\" size-full=\"><\/a> <a><img class=\" size-full=\"><\/a> <a><img class=\" size-full=\"><\/a><\/div><\/div><\/div>\n","protected":false},"excerpt":{"rendered":"<p>Red Devil Devil Skimmer Kegelskimmer RDC Serie Red Devil RDC1800<\/p>\n","protected":false},"featured_media":6315,"comment_status":"open","ping_status":"closed","template":"","meta":[],"product_brand":[],"product_cat":[1313],"product_tag":[],"class_list":{"0":"post-38442","1":"product","2":"type-product","3":"status-publish","4":"has-post-thumbnail","6":"product_cat-eiweisabschaumer","8":"first","9":"instock","10":"shipping-taxable","11":"purchasable","12":"product-type-simple"},"_links":{"self":[{"href":"https:\/\/www.myaquastore.com\/de\/wp-json\/wp\/v2\/product\/38442","targetHints":{"allow":["GET"]}}],"collection":[{"href":"https:\/\/www.myaquastore.com\/de\/wp-json\/wp\/v2\/product"}],"about":[{"href":"https:\/\/www.myaquastore.com\/de\/wp-json\/wp\/v2\/types\/product"}],"replies":[{"embeddable":true,"href":"https:\/\/www.myaquastore.com\/de\/wp-json\/wp\/v2\/comments?post=38442"}],"wp:featuredmedia":[{"embeddable":true,"href":"https:\/\/www.myaquastore.com\/de\/wp-json\/wp\/v2\/media\/6315"}],"wp:attachment":[{"href":"https:\/\/www.myaquastore.com\/de\/wp-json\/wp\/v2\/media?parent=38442"}],"wp:term":[{"taxonomy":"product_brand","embeddable":true,"href":"https:\/\/www.myaquastore.com\/de\/wp-json\/wp\/v2\/product_brand?post=38442"},{"taxonomy":"product_cat","embeddable":true,"href":"https:\/\/www.myaquastore.com\/de\/wp-json\/wp\/v2\/product_cat?post=38442"},{"taxonomy":"product_tag","embeddable":true,"href":"https:\/\/www.myaquastore.com\/de\/wp-json\/wp\/v2\/product_tag?post=38442"}],"curies":[{"name":"wp","href":"https:\/\/api.w.org\/{rel}","templated":true}]}}