{"id":38450,"date":"2016-12-27T16:03:48","date_gmt":"2016-12-27T16:03:48","guid":{"rendered":"https:\/\/www.myaquastore.com\/product\/red-devil-skimmer-dc-inverter-frequenz-monsker-pro-serie-red-devil-monsker-1600p-pumpenumleitungskastenmaschine-mit-variabler-geschwindigkeit\/"},"modified":"2025-03-16T09:03:00","modified_gmt":"2025-03-16T09:03:00","slug":"red-devil-skimmer-dc-inverter-frequenz-monsker-pro-serie-red-devil-monsker-1600p-pumpenumleitungskastenmaschine-mit-variabler-geschwindigkeit","status":"publish","type":"product","link":"https:\/\/www.myaquastore.com\/de\/produkt\/red-devil-skimmer-dc-inverter-frequenz-monsker-pro-serie-red-devil-monsker-1600p-pumpenumleitungskastenmaschine-mit-variabler-geschwindigkeit\/","title":{"rendered":"Red Devil Skimmer DC-Inverter-Frequenz MONSKER PRO-Serie Red Devil MONSKER-1600P Pumpenumleitungskastenmaschine mit variabler Geschwindigkeit"},"content":{"rendered":"<h2>Produktbeschreibung <\/h2>\n<div>\n<div><\/div>\n<div><\/div>\n<div><a><img class=\" size-full=\"><\/a><br \/><a><img class=\" size-large=\"><\/a><\/p>\n<\/div>\n<div>\n<p><strong>Spezifikationen: <\/strong><\/p>\n<div>\n<div>Modell: MONSKER-1600P <\/div>\n<div>Platztyp: Einbau <\/div>\n<div>Gr\u00f6\u00dfe (Durchmesser \/ H\u00f6he MM): 200\/560 <\/div>\n<div>Ausgestattet mit Wasserpumpe: Red Devil Pumpe mit variabler Geschwindigkeit DC5000S <\/div>\n<div>Betriebsleistung: 39 W <\/div>\n<div>Die maximale Ansaugmenge: Maximale Geschwindigkeit 1800 l\/h <\/div>\n<div>Der maximal empfohlene Tank (L): 1600 <\/div>\n<div>Empfohlenes Aquarium: 600 ~ 1600 l <\/div>\n<div>Dock-Spezifikationen (MM): 305\/220 <\/div><\/div><\/div>\n<div>\n<p>Meeresspiegel-eins-Quelle MONSKER Warcraft Open Skimmer PRO Professional Series Neueste Funktionen <\/p><\/div>\n<div>\n<div>1 MONSKER-1600P ist die neueste Konfiguration der Pumpenfrequenz-Nadelholzpumpe Red Devil DC5000S. <\/div>\n<div>2 Eier mit sechsfacher Geschwindigkeit des einstellbaren Zylinders k\u00f6nnen frei manipuliert werden, die Leistung des Skimmers kann frei manipuliert werden, von schwach bis stark, insgesamt sechsstufige willk\u00fcrliche Steuerung. <\/div>\n<div><strong>3-One-Patronen-Umleitungspumpen, Wasserpumpen und Pumpstationen-Umleitungsbox nach cleverer Designintegration, kombiniert mit Wasserdampf direkt aus der Box durch die Umleitung, um den Schaumwiderstand zu minimieren und die beste Leistung der Pumpe zu erzielen. Das transparente und offene Design erm\u00f6glicht eine klare Beobachtung des Starts der runden Stiftb\u00fcrste und eine rechtzeitige \u00dcberwachung der internen Situation der Pumpe. <\/strong><\/div>\n<div><a><img class=\" size-full=\"><\/a>4 Smart Chip, \u00dcberhitzung der Pumpe schaltet sich automatisch ab, um Verbrennungsprobleme zu verhindern. Pumpenpumpe unter abnormalen Betriebsbedingungen, die durch das Auftreten von Gewalt verursacht werden. <\/div>\n<div>5 Pumpen verf\u00fcgen \u00fcber einen 10-Minuten-F\u00fctterungsmodus. Wenn der Modus eingeschaltet ist, stoppt der Skimmer den Betrieb automatisch f\u00fcr 10 Minuten. Dadurch kann eine \u00dcberf\u00fctterung aufgrund von \u00c4nderungen der Wasserqualit\u00e4t, die durch eine abnormale Funktion des Skimmers oder eine Explosions\u00fcberschreitung verursacht werden, wirksam verhindert werden. <\/div>\n<div>6 mit einem professionellen neuen Design und einem neuen Nadellaufrad Venturi VENTURII Saugd\u00fcse, Skimmer mit \u00fcberlegener Leistung. <\/div>\n<div>7 Pumpe mit ger\u00e4uscharmem Betrieb und mit einem speziellen Saugschalld\u00e4mpfer, der das Ger\u00e4usch, das durch das Mischen von Wasserdampf entsteht, weiter reduziert. <\/div>\n<div>8 Mainstream-Vollkegelk\u00f6rperdesign, Schaumstoff-Skimmer zum Sammeln von kleinem Widerstand, kann direkt gestapelt werden, wodurch die Sammlung organischer Stoffe beschleunigt wird. <\/div>\n<div>9 Skimmer-Pumpe mit integriertem, platzsparendem Design, selbst wenn der Filtersumpf klein ist, kann problemlos untergebracht werden. \uffa3\uffac <\/div>\n<div>10 mit Controller, der so konfiguriert ist, dass er die Leistung des Skimmers direkt steuert und Informationen sammelt. Als herk\u00f6mmliche Skimmer einfacher zu manipulieren. <\/div>\n<div>11 zwei Arten von Abwassermethoden <\/div>\n<div>&#8211; Feste Struktur des rotierenden Sammelbechers, nur sanft rotierender Sammelbecher, kann zur Reinigung entfernt werden. <\/div>\n<div>&#8211; Mit Stopfen und Abwasserrohre, Abwasser-Ableitungsstopfen, Abwasserstopfen, schmutziges Wasser kann direkt exportiert werden <\/div>\n<div>12 jeweils mit abnehmbaren Teilen sind entworfen. Die Trennungsentfernung ist einfach und leicht zu montieren, es ist nicht einfach zu anstrengender routinem\u00e4\u00dfiger Wartung. <\/div>\n<div>12 Alle Acryl-Laserverfahren werden hergestellt und poliert. Feine Verarbeitung, Produktqualit\u00e4t und Stabilit\u00e4t. <\/div>\n<div><a><img class=\" size-large=\"><\/a><\/p>\n<p><a><img class=\" size-large=\"><\/a><\/p>\n<p><a><img class=\" size-large=\"><\/a><\/p>\n<p><a><img class=\" size-large=\"><\/a><\/p>\n<p><a><img class=\" size-large=\"><\/a><\/p>\n<p><a><img class=\" size-large=\"><\/a><\/div><\/div><\/div>\n<p>&amp;Nbsp; f\u00fcr <\/p>\n<\/p><\/div>\n","protected":false},"excerpt":{"rendered":"<p>Red Devil Skimmer DC-Inverter-Frequenz MONSKER PRO-Serie Red Devil MONSKER-1600P Pumpenumleitungskastenmaschine mit variabler Geschwindigkeit<\/p>\n","protected":false},"featured_media":6533,"comment_status":"open","ping_status":"closed","template":"","meta":[],"product_brand":[],"product_cat":[1313],"product_tag":[],"class_list":{"0":"post-38450","1":"product","2":"type-product","3":"status-publish","4":"has-post-thumbnail","6":"product_cat-eiweisabschaumer","8":"first","9":"instock","10":"shipping-taxable","11":"purchasable","12":"product-type-simple"},"_links":{"self":[{"href":"https:\/\/www.myaquastore.com\/de\/wp-json\/wp\/v2\/product\/38450","targetHints":{"allow":["GET"]}}],"collection":[{"href":"https:\/\/www.myaquastore.com\/de\/wp-json\/wp\/v2\/product"}],"about":[{"href":"https:\/\/www.myaquastore.com\/de\/wp-json\/wp\/v2\/types\/product"}],"replies":[{"embeddable":true,"href":"https:\/\/www.myaquastore.com\/de\/wp-json\/wp\/v2\/comments?post=38450"}],"wp:featuredmedia":[{"embeddable":true,"href":"https:\/\/www.myaquastore.com\/de\/wp-json\/wp\/v2\/media\/6533"}],"wp:attachment":[{"href":"https:\/\/www.myaquastore.com\/de\/wp-json\/wp\/v2\/media?parent=38450"}],"wp:term":[{"taxonomy":"product_brand","embeddable":true,"href":"https:\/\/www.myaquastore.com\/de\/wp-json\/wp\/v2\/product_brand?post=38450"},{"taxonomy":"product_cat","embeddable":true,"href":"https:\/\/www.myaquastore.com\/de\/wp-json\/wp\/v2\/product_cat?post=38450"},{"taxonomy":"product_tag","embeddable":true,"href":"https:\/\/www.myaquastore.com\/de\/wp-json\/wp\/v2\/product_tag?post=38450"}],"curies":[{"name":"wp","href":"https:\/\/api.w.org\/{rel}","templated":true}]}}