{"id":38458,"date":"2016-12-27T16:03:36","date_gmt":"2016-12-27T16:03:36","guid":{"rendered":"https:\/\/www.myaquastore.com\/product\/automatische-reinigungsvorrichtung-fur-den-auffangbehalter-des-skimmers-im-anhang\/"},"modified":"2025-03-16T08:55:34","modified_gmt":"2025-03-16T08:55:34","slug":"automatische-reinigungsvorrichtung-fur-den-auffangbehalter-des-skimmers-im-anhang","status":"publish","type":"product","link":"https:\/\/www.myaquastore.com\/de\/produkt\/automatische-reinigungsvorrichtung-fur-den-auffangbehalter-des-skimmers-im-anhang\/","title":{"rendered":"Automatische Reinigungsvorrichtung f\u00fcr den Auffangbeh\u00e4lter des Skimmers im Anhang"},"content":{"rendered":"<h2>Produktbeschreibung <\/h2>\n<p><a><img class=\" size-large=\"><\/a><\/p>\n<p>T\u00e4glicher Gebrauch des Skimmers, wann immer der Skimmer nach einer gewissen Zeit wieder normal funktioniert, k\u00f6nnen wir im Auffangbeh\u00e4lter Schicht f\u00fcr Schicht Schmutz sehen Dies liegt daran, dass beim Betrieb des Skimmers und bei der Schaumpackung immer etwas Schmutz nicht vollst\u00e4ndig in den Auffangbecher gelangt und in der Innenwand des Rohrs verbleibt. Wenn dieser \u00fcber einen l\u00e4ngeren Zeitraum nicht gereinigt wird, wird sich der Schmutz immer mehr ansammeln, was sich auf die Ansammlung von Schaum und Schmutz im Ei auswirkt. Dadurch wird die entsprechende Effizienz des Skimmers verringert. <\/p>\n<p>&amp;Nbsp; f\u00fcr Sea-Source MARINE SOURCES Skimmer Automatisches Reinigungsger\u00e4t f\u00fcr das Auffangbecherrohr \/ Skimmer-Reinigungskopf <\/p>\n<p>Ist die neueste Quelle von Meer von ??Design, wird die Verwendung mit dem Zeitschalter empfohlen, um die Ansammlung von Schlamm im Innenrohr des Skimmer-Abwasser-Sammelbechers effektiv zu entfernen, so dass sich die Skimmerblasen reibungsloser im Skimmer-Auffangbecher sammeln k\u00f6nnen und so eine stabile Schaum-Skimmer-Sammeleffizienz aufrechterhalten und die H\u00e4ufigkeit der Reinigung des Skimmers reduzieren kann. <\/p>\n<p>&amp;Nbsp; f\u00fcr <\/p>\n<p>Produkthandbuch: <\/p>\n<p>1 aus hochwertigem Acryl, kann auf der Quelle MARINESOURCES Sea oder anderen Marken entsprechend dem Durchmesser des Skimmer-Auffangbechers installiert werden. <\/p>\n<p>2 Motor geschlossener Teil mit zerbrechlicher Konstruktion, einfache Wartung und Austausch. <\/p>\n<p>3-Teleskop-Einstellklingen-Reinigungskopfdesign, kann basierend auf den entsprechenden Spezifikationen f\u00fcr den Innendurchmesser des Skimmer-Auffangbechers entsprechend angepasst werden. \uffa3\uffac <\/p>\n<p>4 Empfehlung Match-Timer-Schalter verwendet alle 1 bis 2 Tage 5 bis 10 Minuten. <\/p>\n<p>5 Das Produkt enth\u00e4lt keinen Auffangbecher, das Bild ist nur ein Installationsdiagramm des Auffangbechers. <\/p>\n<p>&amp;Nbsp; f\u00fcr <\/p>\n<p>Modell: SCH-150 <\/p>\n<p>Umfang: Auffangbecher mit 150 mm Durchmesser <\/p>\n<p>Empfehlen Sie MS-Produktmodell: RDC-850 \/ RDC-900 \/ SDC-900 \/ SDC-900E \/ SDP-900 \/ SDP-900E \/ DHO-850C \/ DHO-900 \/ DHO-900C oder andere Marken, die den Standardmodellen entsprechen. <\/p>\n<p>&amp;Nbsp; f\u00fcr <\/p>\n<p>Modell: SCH-180 <\/p>\n<p>Umfang: Auffangbecher mit 180 mm Durchmesser <\/p>\n<p>Empfehlen Sie MS-Produkt Modell: MONSKER-1100P Korrespondenz oder andere Marken von Standardmodellen. <\/p>\n<p>&amp;Nbsp; f\u00fcr <\/p>\n<p>Modell: SCH-200 <\/p>\n<p>Umfang: Auffangbecher mit 200 mm Durchmesser <\/p>\n<p>Empfehlen Sie MS-Produkt Modell: RDC-1600 \/ RDC-1800 \/ SDC-1800 \/ SDC-1800E SDP-1800 \/ SDP-1800E \/ Monsker-1600P \/ Monsker-2300 oder andere Marken, die den Standardmodellen entsprechen. <\/p>\n<p>&amp;Nbsp; f\u00fcr <\/p>\n<p>Modell: SCH-250 <\/p>\n<p>Umfang: Auffangbecher mit 250 mm Durchmesser <\/p>\n<p>Empfehlen Sie das MS-Produkt Modell: Monsker-2500P \/ Monsker-3500 oder andere Marken, die den Standardmodellen entsprechen. <\/p>\n<p><a><img class=\" size-large=\"><\/a><\/p>\n<p><a><img class=\" size-large=\"><\/a> <a><img class=\" alignnone=\"><\/a><\/p>\n<\/p><\/div>\n","protected":false},"excerpt":{"rendered":"<p>Automatische Reinigungsvorrichtung f\u00fcr den Auffangbeh\u00e4lter des Skimmers im Anhang<\/p>\n","protected":false},"featured_media":6069,"comment_status":"open","ping_status":"closed","template":"","meta":[],"product_brand":[],"product_cat":[1313],"product_tag":[],"class_list":{"0":"post-38458","1":"product","2":"type-product","3":"status-publish","4":"has-post-thumbnail","6":"product_cat-eiweisabschaumer","8":"first","9":"instock","10":"shipping-taxable","11":"purchasable","12":"product-type-simple"},"_links":{"self":[{"href":"https:\/\/www.myaquastore.com\/de\/wp-json\/wp\/v2\/product\/38458","targetHints":{"allow":["GET"]}}],"collection":[{"href":"https:\/\/www.myaquastore.com\/de\/wp-json\/wp\/v2\/product"}],"about":[{"href":"https:\/\/www.myaquastore.com\/de\/wp-json\/wp\/v2\/types\/product"}],"replies":[{"embeddable":true,"href":"https:\/\/www.myaquastore.com\/de\/wp-json\/wp\/v2\/comments?post=38458"}],"wp:featuredmedia":[{"embeddable":true,"href":"https:\/\/www.myaquastore.com\/de\/wp-json\/wp\/v2\/media\/6069"}],"wp:attachment":[{"href":"https:\/\/www.myaquastore.com\/de\/wp-json\/wp\/v2\/media?parent=38458"}],"wp:term":[{"taxonomy":"product_brand","embeddable":true,"href":"https:\/\/www.myaquastore.com\/de\/wp-json\/wp\/v2\/product_brand?post=38458"},{"taxonomy":"product_cat","embeddable":true,"href":"https:\/\/www.myaquastore.com\/de\/wp-json\/wp\/v2\/product_cat?post=38458"},{"taxonomy":"product_tag","embeddable":true,"href":"https:\/\/www.myaquastore.com\/de\/wp-json\/wp\/v2\/product_tag?post=38458"}],"curies":[{"name":"wp","href":"https:\/\/api.w.org\/{rel}","templated":true}]}}