{"id":38468,"date":"2016-12-27T16:03:37","date_gmt":"2016-12-27T16:03:37","guid":{"rendered":"https:\/\/www.myaquastore.com\/product\/biologischer-reaktor-brd1-2-erbsen-biologischer-erbsenreaktor-mit-integrierter-maschine\/"},"modified":"2025-03-16T08:55:38","modified_gmt":"2025-03-16T08:55:38","slug":"biologischer-reaktor-brd1-2-erbsen-biologischer-erbsenreaktor-mit-integrierter-maschine","status":"publish","type":"product","link":"https:\/\/www.myaquastore.com\/de\/produkt\/biologischer-reaktor-brd1-2-erbsen-biologischer-erbsenreaktor-mit-integrierter-maschine\/","title":{"rendered":"Biologischer Reaktor BRD1.2 Erbsen Biologischer Erbsenreaktor mit integrierter Maschine"},"content":{"rendered":"<h2>Produktbeschreibung <\/h2>\n<p><a><img class=\" alignnone=\"><\/a><\/p>\n<p>Technische Parameter: <\/p>\n<p>Modell: BRP1.2 <\/p>\n<p>Durchmesser\/H\u00f6he r: 80\/340 mm <br \/> Fassungsverm\u00f6gen der Reaktionskammer: 1,2 l <br \/> Abdeckungsspezifikationen: 150\/110 mm <\/p>\n<p>&amp;Nbsp; f\u00fcr <\/p>\n<p>PS: Dies ist eingebaut, einfach den Filtertank einsetzen und direkt verwenden k\u00f6nnen. <\/p>\n<p>&amp;Nbsp; f\u00fcr <\/p>\n<p><a><img class=\" alignnone=\"><\/a><\/p>\n<p><\/p>\n<p>&amp;Nbsp; f\u00fcr <\/p>\n<\/p>\n<p>Beschreibung der Merkmale: <\/p>\n<p>1 und die Quelle von MS-Erbsen. Der biologische Filter\/Reaktor ist speziell f\u00fcr biologische Erbsen\/NP-Bohnen konzipiert. Im Vergleich zum Mehrzweck-Sandfilter wurde sein negatives Rotationsmusterdesign verbessert und kann direkt ohne biologische Erbsen hinzugef\u00fcgt werden. Au\u00dferdem werden Baumwollfilter eingesetzt, die das Taumeln der Erbsen reibungsloser und damit die t\u00e4gliche Reinigung erleichtern k\u00f6nnen. <\/p>\n<p>&amp;Nbsp; f\u00fcr <\/p>\n<p>2 Neues Design Abnehmbare Abdeckung. Und anders als im Vergleich zum Design m\u00fcssen wir nur die Oberseite drehen, Sie k\u00f6nnen das gesamte Dach entfernen und so biologische Erbsen hinzuf\u00fcgen, sodass das Hinzuf\u00fcgen nicht mehr m\u00fchsam ist. (Normalerweise sind andere alte Schrauben so konzipiert, dass Niuchu nach dem Entfernen der oberen Abdeckung alle Teile nacheinander wieder \u00f6ffnen kann. Denken Sie dar\u00fcber nach, wie viele Schrauben es gibt! Au\u00dferdem m\u00fcssen Sie die Teile einzeln wieder installieren.) <\/p>\n<p>Dar\u00fcber hinaus verwendet dieser BRD1.2 nicht nur die Oberseite dieses Designs, sondern auch die Unterseite dieses Designs, nicht nur biologische, einfache Zugabe von Bohnen, sondern auch waschbare Reinigungsschritte werden vereinfacht, da hier die gesamte Maschine abnehmbar ist. <\/p>\n<p><a><img class=\" alignnone=\"><\/a><\/p>\n<p>3 passende Red Devils Ihre D900-Wasserpumpe, der Stromverbrauch betr\u00e4gt nur 9 W, die Durchflussrate betr\u00e4gt bis zu 900 l\/h. height=&#8220; 730&#8243;=&#8220; class=&#8220; alignnone=&#8220; size-full=&#8220; wp-image-3117&#8243;=&#8220; alt=&#8220; 1737940501_983171743&#8243;=&#8220; src=&#8220;http:\/\/localhost\/wp-content\/uploads\/2016\/12\/1737940501_983171743.jpg&#8220;=&#8220;&gt;<\/a><\/p>\n<p>&amp;Nbsp; f\u00fcr <\/p>\n<p>4 Alle Reaktorkomponenten werden mit Pr\u00e4zisionslasergravur hergestellt und poliert, der Gro\u00dfteil der Produktion sorgt f\u00fcr die Stabilit\u00e4t der Produktleistung und -qualit\u00e4t. <\/p>\n<p>&amp;Nbsp; f\u00fcr <\/p>\n<p><a><img class=\" alignnone=\"><\/a><\/p>\n<p>Nach Zugabe von biologischen Bohnen <\/p>\n<p><a><img class=\" alignnone=\"><\/a><\/p>\n<p><a><img class=\" alignnone=\"><\/a><\/p>\n<p>BRP-Serie anderer Modelle <\/p>\n<p>&amp;Nbsp; f\u00fcr <\/p>\n<p><a><img class=\" alignnone=\"><\/a><\/p>\n<p>Andere optionale Komponenten: <\/p>\n<p>&amp;Nbsp; f\u00fcr <\/p>\n<p>Eine andere Quelle MS 1 Sea biologische Erbsen k\u00f6nnen zum Kauf verwendet werden. Bestehende Verpackungsspezifikationen f\u00fcr 300 ml, 500 ml und 1000 ml <\/p>\n<p>&amp;Nbsp; f\u00fcr <\/p>\n<p><a><img class=\" size-large=\"><\/a><\/p>\n<\/p><\/div>\n","protected":false},"excerpt":{"rendered":"<p>Biologischer Reaktor BRD1.2 Erbsen Biologischer Erbsenreaktor mit integrierter Maschine<\/p>\n","protected":false},"featured_media":6096,"comment_status":"open","ping_status":"closed","template":"","meta":[],"product_brand":[],"product_cat":[1313],"product_tag":[],"class_list":{"0":"post-38468","1":"product","2":"type-product","3":"status-publish","4":"has-post-thumbnail","6":"product_cat-eiweisabschaumer","8":"first","9":"instock","10":"shipping-taxable","11":"purchasable","12":"product-type-simple"},"_links":{"self":[{"href":"https:\/\/www.myaquastore.com\/de\/wp-json\/wp\/v2\/product\/38468","targetHints":{"allow":["GET"]}}],"collection":[{"href":"https:\/\/www.myaquastore.com\/de\/wp-json\/wp\/v2\/product"}],"about":[{"href":"https:\/\/www.myaquastore.com\/de\/wp-json\/wp\/v2\/types\/product"}],"replies":[{"embeddable":true,"href":"https:\/\/www.myaquastore.com\/de\/wp-json\/wp\/v2\/comments?post=38468"}],"wp:featuredmedia":[{"embeddable":true,"href":"https:\/\/www.myaquastore.com\/de\/wp-json\/wp\/v2\/media\/6096"}],"wp:attachment":[{"href":"https:\/\/www.myaquastore.com\/de\/wp-json\/wp\/v2\/media?parent=38468"}],"wp:term":[{"taxonomy":"product_brand","embeddable":true,"href":"https:\/\/www.myaquastore.com\/de\/wp-json\/wp\/v2\/product_brand?post=38468"},{"taxonomy":"product_cat","embeddable":true,"href":"https:\/\/www.myaquastore.com\/de\/wp-json\/wp\/v2\/product_cat?post=38468"},{"taxonomy":"product_tag","embeddable":true,"href":"https:\/\/www.myaquastore.com\/de\/wp-json\/wp\/v2\/product_tag?post=38468"}],"curies":[{"name":"wp","href":"https:\/\/api.w.org\/{rel}","templated":true}]}}