{"id":38470,"date":"2016-12-27T16:03:48","date_gmt":"2016-12-27T16:03:48","guid":{"rendered":"https:\/\/www.myaquastore.com\/product\/die-quelle-biologischer-reaktorerbsen-neue-formel-biologische-np-meeresbohnen\/"},"modified":"2025-03-16T09:02:52","modified_gmt":"2025-03-16T09:02:52","slug":"die-quelle-biologischer-reaktorerbsen-neue-formel-biologische-np-meeresbohnen","status":"publish","type":"product","link":"https:\/\/www.myaquastore.com\/de\/produkt\/die-quelle-biologischer-reaktorerbsen-neue-formel-biologische-np-meeresbohnen\/","title":{"rendered":"Die Quelle biologischer Reaktorerbsen, neue Formel, biologische NP-Meeresbohnen"},"content":{"rendered":"<h2>Produktbeschreibung <\/h2>\n<div><a><img class=\" size-large=\"><\/a><\/p>\n<\/div>\n<div><strong>Und die Quelle von MARINE SOURCES verbesserte Version der neuen Formel NP biologische Erbsen, <\/strong><\/div>\n<div>Modell: BP-S300 Spezifikationen: 300 ml <\/div>\n<div>Modell: BP-S500 Spezifikationen: 500 ml <\/div>\n<div>Modell: BP-S1000 Spezifikationen: 1000 ml <\/div>\n<div><\/div>\n<div><\/div>\n<div>Die neue Formel der n\u00e4chsten Generation Produktmerkmale <\/div>\n<div><strong>-Lighter-Tumble Leichtere Partikel, rollen besser! <\/strong><\/div>\n<div><strong>-Higher Purity-Function better h\u00f6here Reinheit, Dephosphorylierung Salpeter bessere Ergebnisse! <\/strong><\/div>\n<div><strong>-Verbesserte Formel-Wirkung schneller verbesserte formulierung, schneller wirksam! <\/strong><\/div>\n<div><\/div>\n<div>&amp;Nbsp; f\u00fcr <strong>Jede einzelne Packung ist mit einem L\u00f6ffel ausgestattet, ein L\u00f6ffel voll (Partikel flacher L\u00f6ffel) ca. 10 ml <\/strong><\/div>\n<div>\n<p><strong>NP <\/strong><strong>Einf\u00fchrung in biologische Erbsen <\/strong><br \/> NP ist ein biologischer NP-Organismus. Nitrat- und Phosphat-reduzierende Biopellets (au\u00dfer Phosphate und Nitrate) sind biologisch abbaubare Pellets. img-brk&#8220;=&#8220;&gt;<br \/> <a><img class=\" size-large=\"><\/a><br \/><strong>MS <\/strong><strong>Und die Quelle von Bio-NP-Erbsen funktioniert <\/strong><br \/> Biologische Bohnen werden zu 100 % rein hergestellt Die biologisch abbaubare Polymerzusammensetzung kann in einem Sandfilter oder einer Filterpatrone verwendet werden. Diese Partikel k\u00f6nnen durch schnelles Wachstum aerobe Bakterien bilden, die Nitrate und Phosphate verbrauchen k\u00f6nnen. Diese Bakterien verbrauchen biologischen Kohlenstoff, w\u00e4hrend Stickstoff und Phosphor durch die Zersetzung von Nitraten und Phosphaten entstehen. Bei diesem Umwandlungsprozess werden bakteriell biologische Bohnen auf die von ihnen ben\u00f6tigten N\u00e4hrstoffe NO3 und PO4 aufgeh\u00e4uft und dabei verbraucht. Dar\u00fcber hinaus wird mit dem Aufkommen der anaeroben Schicht die Denitrifikation verst\u00e4rkt und NO3 reduziert. <\/p>\n<p>Durch den kontinuierlichen Fluss von Meerwasser durch den Reaktor erhalten biologische Wirkstoffe, Nitrate und Phosphate weiterhin frischen Sauerstoff und N\u00e4hrstoffe. Der Nitratreaktor hat eine langsame hypoxische Umgebung, der NP-Erbsenreaktor befindet sich in einer sauerstoffreichen Umgebung, die durch Nitrate und Phosphate fixierten Bakterien wachsen schnell. Durch die schnelle Bildung von Bakterienmembranen wird tiefer organischer Kohlenstoff abgedeckt. Durch R\u00fchren kann die Bakterienmembran effektiv entfernt werden und die Rolle einer tiefen organischen Kohlenstoffquelle spielen. <\/p>\n<p><strong>M\u00f6chten Sie die vorverarbeiteten NP-Erbsen verwenden? <\/strong><br \/> NP-Erbsen schnell aussp\u00fclen, R\u00fcckst\u00e4nde abwaschen, die sich w\u00e4hrend des Transports bilden sollen. <\/p>\n<p><strong>Wie wird der Durchfluss des Reaktors anhand des Durchmessers und der Anzahl der NP-Erbsen bestimmt? Geben Sie mindestens 1500 Liter Wasser pro Stunde ein, um den R\u00fchreffekt zu erzielen. Um den gew\u00fcnschten Effekt zu erzielen, k\u00f6nnen wir au\u00dferdem die entsprechende Konfiguration etwas gr\u00f6\u00dferer Pumpen und Wasser im Reaktor zusammen mit dem Steuerventil empfehlen, das den Wasserfluss durch die R\u00fchrbedingungen der Erbsen flexibel anpassen kann. <\/p>\n<p>Wir empfehlen die Verwendung von Meeresquellen, die f\u00fcr biologische Erbsen-Reaktoren der BRP-Serie entwickelt wurden. <\/p>\n<p><a><img class=\" size-full=\"><\/a><\/p>\n<p><strong>NP <\/strong><strong>Erbsen f\u00fcgen die Anzahl und Methode hinzu <\/strong><br \/> Um zu vermeiden, dass NP biologische Bohnen als erstes hinzuf\u00fcgen, entstehen NO3., PO4, verursacht durch den schnellen R\u00fcckgang des Meeres Geeignete Organismen empfehlen sukzessive hinzugef\u00fcgte Vorgehensweise. <\/p>\n<p>Zum Beispiel betr\u00e4gt die Menge an zugesetztem Wasser f\u00fcr 200 l biologische Bohnen 200\u2013400 ml: <\/p>\n<p>&amp;Nbsp; f\u00fcr <\/p>\n<table>\n<tbody>\n<tr>\n<td>\n<p>Wasserk\u00f6rper <\/p>\n<\/td>\n<td>\n<p>Das erste Mal <\/p>\n<\/td>\n<td>\n<p>5 Tage <\/p>\n<\/td>\n<td>\n<p>10 Tage <\/p>\n<\/td>\n<td>\n<p>20 Tage <\/p>\n<\/td>\n<td><\/td>\n<td>\n<p>Sp\u00e4ter <\/p>\n<\/td>\n<\/tr>\n<tr>\n<td>\n<p>200L <\/p>\n<\/p>\n<\/td>\n<td>\n<p>50 ~ 100 ml <\/p>\n<\/p>\n<\/td>\n<td>\n<p>50 ~ 100ml <\/p>\n<\/p>\n<\/td>\n<td>\n<p>50 ~ 100ml <\/p>\n<\/p>\n<\/td>\n<td>\n<p>50 ~ 100ml <\/p>\n<\/p>\n<\/td>\n<td><\/td>\n<td>\n<p>Nach der Zugabemenge wird sukzessive der Verbrauch an Biobohnen hinzugef\u00fcgt <\/p>\n<\/td>\n<\/tr>\n<\/tbody>\n<\/table>\n<p><strong>Ersetzen Sie den Filter nach einiger Zeit. <\/strong><br \/> Da der Filter durch die Bakterien besch\u00e4digt wird, die N\u00e4hrstoffe verbrauchen, h\u00e4ngt seine Lebensdauer davon ab, wie sich der N\u00e4hrstoffgehalt des Aquariums \u00e4ndert. Bei niedrigen Nitrat- und Phosphatwerten im Aquarium ist die Filterlebensdauer deutlich h\u00f6her als bei hohen N\u00e4hrstoffwerten im System. Unter normalen Bedingungen wird nur das Reaktionsmedium in den Tank gegeben. <\/p>\n<p><strong>Das Reaktorabwasser muss durch einen Skimmer geleitet werden? <\/strong><br \/> Im Idealfall ja. Wenn keine physikalische Entfernung der durch Bakterien fixierten Nitrate und Phosphate erfolgt, wird der N\u00e4hrstoffgehalt des Meerwasseraquariums nicht wirklich reduziert. Normalerweise sollte der Reaktor an der Verbindungsleitung zwischen Pumpe und Skimmer angebracht werden. Wenn die Wasseraufnahmef\u00e4higkeit der Skimmerpumpe erreicht ist, kann das Wasser \u00fcber den Reaktor an ein Dreiwegeventil in der Rohrleitung angeschlossen werden, wobei ein Ventil den Durchfluss reguliert. Im Sumpf des Skimmers eingebaut, kann die Reaktion auch \u00fcber eine eigene Wasserpumpe erfolgen. <\/p>\n<p><strong>Bakterienmembranen im Ausstellungsbecken sch\u00e4digen Korallen? <\/strong><br \/> Jede kleine Menge Bakterienprodukte, die in das Ausstellungsbecken gelangen, schadet der Koralle nicht, sondern wird zu einer Nahrungskoralle. Der Ausschluss einer gro\u00dfen Anzahl von Bakterienmembranen sollte als Ausgabeart der Ern\u00e4hrung angesehen werden. <\/p>\n<p><strong>Eischaum kann man nicht sagen, warum? <\/strong><br \/> Manchmal reicht es aus, den Filter 24\u201348 Stunden lang zu verwenden, die Oberfl\u00e4chenspannung des Wassers wird zerst\u00f6rt und der Schaum wird reduziert. In der Zwischenzeit l\u00e4uft der Skimmer ohne irgendwelche Einstellungen vorzunehmen. Sobald die Eier kompensatorische Anpassungen vorgenommen haben, wenn sich die Blase wieder normalisiert, kommt es zu einem explosionsartigen \u00dcberschie\u00dfen. <\/p>\n<p><strong>M\u00fcssen wir auch weiterhin Holzkohle verwenden? <\/strong><br \/> Ja, Bakterien k\u00f6nnen keine Schwermetalle, organischen Partikel und chemischen Giftstoffe absorbieren, und das sind die St\u00e4rken der Aktivkohle. Verwenden Sie bei NP Peas hochwertige Aktivkohle, wie zum Beispiel RowaCarbon, verbessern Sie aber auch deutlich die Transparenz des Wassers. <\/p>\n<p><strong>M\u00fcssen Sie auch ein Phosphatadsorptionsmittel verwenden? <\/strong><br \/> In den meisten F\u00e4llen ja. Der Phosphatgehalt von Lebensmitteln ist oft viel h\u00f6her als der Nitratgehalt. NP Erbsen verbrauchen Phosphate und Nitrate, der Prozess ist ausgeglichen. Daher besteht weiterhin Bedarf an Rowaphos, einem solchen hochwertigen Phosphatadsorbens, um \u00fcbersch\u00fcssiges Phosphat zu absorbieren. Nat\u00fcrlich w\u00fcrde dieses Verfahren zu weiteren Einsparungen f\u00fchren. <\/p>\n<p><strong>Kann eine \u00c4nderung der Wasserfrequenz angemessen reduziert werden? <\/strong><br \/> Nein, auch wenn der Phosphat- und Nitratgehalt im Wasser sehr niedrig ist, ist ein Wasserwechsel immer noch die beste M\u00f6glichkeit, Spurenelemente im Wasser zu erg\u00e4nzen. <\/p>\n<p><strong>Die Wasserdurchflussrate durch den Reaktor ist sehr wichtig? <\/strong><br \/> Ja, Sie m\u00f6chten wissen, dass der Schwefelnitratfilter NP Peas und das Hineingehen nicht dasselbe ist, sondern unter sauerstoffreichen Bedingungen arbeiten soll. NP Erbsen bei der Arbeit in starken Str\u00f6mungen, aerobe Bedingungen, Geschwindigkeit des Bakterienwachstums, Phosphate und Nitrate, feste Geschwindigkeit. Flie\u00dfbewegung f\u00f6rdert gegenseitige Erbsen, neue Reibung zwischen der Oberfl\u00e4che des Bakterienwachstums und ein schnelleres Wachstum von Bakterien. Wenn nicht gen\u00fcgend Wasser vorhanden ist, kann die Bewegung auf dem Bakterienmembranfilter nicht leicht zerst\u00f6rt werden, wodurch die tiefe organische Kohlenstoffquelle daran gehindert wird, Energie bereitzustellen, und die Bakterienwachstumsrate wird allm\u00e4hlich schw\u00e4cher. <\/p>\n<p><strong>Wie lange dauert es, bis Ergebnisse sichtbar sind? <\/strong><br \/> Bakterien vermehren sich allm\u00e4hlich, es dauert etwa vier Wochen, bis sie sich stabilisieren, N\u00e4hrstoffe verschwinden. <\/p>\n<p><strong>Vor vier Wochen ist der N\u00e4hrstoffgehalt im Aquarium rapide gesunken und hat sich das jetzt verlangsamt? <\/strong><br \/> Dies ist ein nat\u00fcrlicher Prozess. Wenn viel freies Wasser, N\u00e4hrstoffe und Bakterien vorhanden sind, vermehren sich Bakterien schnell und verringern daher schnell den N\u00e4hrstoffgehalt. Bei einem verringerten N\u00e4hrstoffgehalt k\u00f6nnen Bakterien N\u00e4hrstoffe leichter aufnehmen, die Wachstumsrate nimmt ab und der Effekt verlangsamt sich. Unter dieser Bedingung m\u00fcssen die verbleibenden Bakterien auf weitere N\u00e4hrstoffeintr\u00e4ge warten, ihre Wachstumsrate kann sich schnell an Ver\u00e4nderungen in den N\u00e4hrstoffen des Aquariums anpassen und ein Gleichgewicht anstreben. <\/p>\n<p><strong>Nutzung NP einige Wochen, die N\u00e4hrstoffwerte sind nicht gesunken? <\/strong><br \/> Wenn der Phosphatspiegel zu niedrig ist (verwenden Sie ROWAPHOS), wird das Fortschreiten des Bakterienmembranwachstums eingeschr\u00e4nkt. In diesem Fall k\u00f6nnen Sie die folgende Methode ausprobieren. 1: Unterbrechen Sie die Phosphatabsorption, was zu einem kurzfristigen Anstieg des Phosphatspiegels im Zylinder f\u00fchrt. Dieser Prozess hilft bakteriellen Promotoren. Wenn die Phosphat- und Nitratwerte sinken, beginnt die Phosphatadsorption erneut und die Umsetzung eines doppelten Filtermechanismus. 2: Durch \u00c4ndern der Wassermenge wird die Verd\u00fcnnung des Nitratgehalts des Wassers beschleunigt. In diesem Fall kann die Arbeit der festen Bakterienn\u00e4hrstoffe mit den N\u00e4hrstoffen besch\u00e4ftigt werden. <\/p>\n<p>Erinnerung: <\/p>\n<p>1 Sparen Sie genug Wasser, um biologische NP-Bohnen umzur\u00fchren, um Schwefelwasserstoffgas zu vermeiden. <\/p>\n<p>2 Die Verwendung von Ozon oder UV wirkt sich auf zus\u00e4tzliche biologische Bakterien aus und verl\u00e4ngert die Reifungszeit. Im Allgemeinen kann die Zugabe von Bakterienkulturmitteln dieses Problem lindern. <\/p>\n<p>3 Vor der Verwendung biologischer Erbsen, da der Nitrat- und Phosphatgehalt sehr niedrig war, kann mit einem markierten Tester ein komplement\u00e4rer R\u00fcckgang von NO3 und PO4 festgestellt werden. <\/p>\n<p>4 NP Peas-System l\u00e4uft ausgereift, um das Aquarium auf einem niedrigen N\u00e4hrstoffniveau zu halten, statt vollst\u00e4ndig N\u00e4hrstoffe zu liefern, aber auch um die Erh\u00f6hung der Getreideration von Korallen zu unterst\u00fctzen, damit Korallen ausreichend Futter erhalten. Wenn der N\u00e4hrstoffgehalt auf ein sehr niedriges Niveau gesunken ist, wird dringend empfohlen, eine Vielzahl von Korallenfutter zu verwenden, um den Korallen Energie zuzuf\u00fchren und ihren gesunden Zustand aufrechtzuerhalten. <\/p>\n<\/p><\/div>\n<div><\/div><\/div>\n","protected":false},"excerpt":{"rendered":"<p>Die Quelle biologischer Reaktorerbsen, neue Formel, biologische NP-Meeresbohnen<\/p>\n","protected":false},"featured_media":6504,"comment_status":"open","ping_status":"closed","template":"","meta":[],"product_brand":[],"product_cat":[1313],"product_tag":[],"class_list":{"0":"post-38470","1":"product","2":"type-product","3":"status-publish","4":"has-post-thumbnail","6":"product_cat-eiweisabschaumer","8":"first","9":"instock","10":"shipping-taxable","11":"purchasable","12":"product-type-simple"},"_links":{"self":[{"href":"https:\/\/www.myaquastore.com\/de\/wp-json\/wp\/v2\/product\/38470","targetHints":{"allow":["GET"]}}],"collection":[{"href":"https:\/\/www.myaquastore.com\/de\/wp-json\/wp\/v2\/product"}],"about":[{"href":"https:\/\/www.myaquastore.com\/de\/wp-json\/wp\/v2\/types\/product"}],"replies":[{"embeddable":true,"href":"https:\/\/www.myaquastore.com\/de\/wp-json\/wp\/v2\/comments?post=38470"}],"wp:featuredmedia":[{"embeddable":true,"href":"https:\/\/www.myaquastore.com\/de\/wp-json\/wp\/v2\/media\/6504"}],"wp:attachment":[{"href":"https:\/\/www.myaquastore.com\/de\/wp-json\/wp\/v2\/media?parent=38470"}],"wp:term":[{"taxonomy":"product_brand","embeddable":true,"href":"https:\/\/www.myaquastore.com\/de\/wp-json\/wp\/v2\/product_brand?post=38470"},{"taxonomy":"product_cat","embeddable":true,"href":"https:\/\/www.myaquastore.com\/de\/wp-json\/wp\/v2\/product_cat?post=38470"},{"taxonomy":"product_tag","embeddable":true,"href":"https:\/\/www.myaquastore.com\/de\/wp-json\/wp\/v2\/product_tag?post=38470"}],"curies":[{"name":"wp","href":"https:\/\/api.w.org\/{rel}","templated":true}]}}