{"id":38475,"date":"2016-12-27T16:03:44","date_gmt":"2016-12-27T16:03:44","guid":{"rendered":"https:\/\/www.myaquastore.com\/product\/kalziumerganzungen-kalziumreaktor-reaktorreaktorkammer-aoc-200-anti-kalzium-reaktionskammer\/"},"modified":"2025-03-16T09:02:32","modified_gmt":"2025-03-16T09:02:32","slug":"kalziumerganzungen-kalziumreaktor-reaktorreaktorkammer-aoc-200-anti-kalzium-reaktionskammer","status":"publish","type":"product","link":"https:\/\/www.myaquastore.com\/de\/produkt\/kalziumerganzungen-kalziumreaktor-reaktorreaktorkammer-aoc-200-anti-kalzium-reaktionskammer\/","title":{"rendered":"Kalziumerg\u00e4nzungen Kalziumreaktor Reaktorreaktorkammer AOC-200 Anti-Kalzium-Reaktionskammer"},"content":{"rendered":"<h2>Produktbeschreibung <\/h2>\n<div class=\" mod=\">\n<div>\n<div>\n<div class=\" detail-inside=\">\n<div>\n<div>\n<div class=\" region-custom=\">\n<div class=\" widget-custom=\">\n<div>\n<div class=\" mod-detail-description=\" data-mod-config='{\"showOn\":[\"mod-detail-description\"],\"title\":\ufffd\ufffd\u03f8\ufffd\ufffd\u03e2\",\"tabConfig\":{\"trace\": \"tabdetail\", \"showKey\": \"mod-detail-description\"}}'>\n<div class=\" de-description-detail=\">\n<div data-url=\"\">\n<p align=\"\">\n<p align=\"\"><strong>Technische Parameter: <\/strong><\/p>\n<p align=\"\">Modell: AOC-200 <br \/> Platzformen: externes Modell <br \/> Gr\u00f6\u00dfe (Durchmesser \/ H\u00f6heneinheit: mm): 200\/600 <br \/> Dock-Spezifikationen (Einheit: mm): 165\/230 <br \/> Hinweis: kein Innenmaterial <\/p>\n<p align=\"\">\n<p align=\"\"><a href=\"\"><img decoding=\"async\" width=\"\" height=\"\" class=\"\" alt=\"\" src=\"\"><\/a><\/p>\n<p align=\"\">Sea Marine Sources Quelle f\u00fcr Kalzium Erg\u00e4nzungsreaktorkammerzwecke: Erg\u00e4nzungsreaktionskammer muss mit der richtigen Menge an Kalziumtabletten ausgestattet sein, Kalziumreaktor durch Der Auslassanschluss kann \u00fcbersch\u00fcssiges Kohlendioxid aus dem Kalkreaktorabfluss absorbieren, um eine erneute Kalziumtablettenreaktion von Kalzium herbeizuf\u00fchren. Um Gefahren durch \u00fcbersch\u00fcssiges Kohlendioxid wirksam vorzubeugen. <br class=\"\"><br class=\"\"><\/p>\n<p align=\"\"><strong>AOC-Serie anderer Modelle <\/strong><\/p>\n<p align=\"\"><a href=\"\"><img decoding=\"async\" width=\"\" height=\"\" class=\"\" alt=\"\" src=\"\"><\/a><br class=\"\"><br class=\"\"><\/p>\n<p>&amp;Nbsp; f\u00fcr <\/p>\n<\/p><\/div><\/div><\/div><\/div><\/div>\n<div class=\"\" data-widget-name=\"\"><\/div><\/div><\/div><\/div><\/div><\/div><\/div><\/div>\n<div class=\"\" data-view-config='{\"showResult\"\":false,\"feature\"\":\"\"WP_WIDGET_OFFER_DETAIL\"\",\"\"showTitle\"\":false}' data-app='{\"\"styles\"\":[],\"title\"=\"offer\ufffd\ufffd\u03f8\ufffd\ufffd\ufffd\ufffd3\"\",\"name\"=\"offerDetailContext3\"\",\"id\"=\"6d7584a1f4714f37868f62b60e1b3f6a\"}'>\n<div class=\"\">\n<div class=\"\">\n<div class=\"\" data-area-config=\"\">\n<div class=\"\">\n<div class=\"\">\n<div class=\"\" data-region-config='{\"\"name\"=\"\"region-detail-credit\"\",\"\"direction\"=\"\"vertical\"\"}'> \u200b\u200b<\/p>\n<div class=\"\" data-widget-name=\"\">\n<div class=\"\"> &lt;div class=&quot;&quot; mod-detail-dealrecord=&quot;&quot; mod-info&quot;&quot;=&quot;&quot; id=&quot;&quot; mod-detail-dealrecord&quot;&quot;=&quot;&quot; style=&quot;&quot; margin:=&quot;&quot; 0px=&quot;&quot; 0px=&quot;&quot; 32px;=&quot;&quot; position:=&quot;&quot; relative;&quot;&quot;=&quot;&quot; data-mod-config=&#039;{&quot;&quot;showOn&quot;&quot;:[&quot;&quot;mod-detail-description&quot;&quot;,&quot;&quot;mod-detail-dealrecord&quot;&quot;],&quot;&quot;title&quot;&quot;:&quot;&quot;\ufffd\u027d\ufffd<em>0<\/em>&#8222;&#8220;,&#8220;&#8220;tabConfig&#8220;&#8220;:{&#8222;&#8220;trace&#8220;&#8220;:&#8220;&#8220;tabdealrecord&#8220;&#8220;,&#8220;showKey&#8220;&#8220;:&#8220;&#8220;mod-detail-dealrecord&#8220; &#8222;},&#8220;&#8220;remarkListUrl&#8220;&#8220;:&#8220;&#8220;http:\/\/rate.1688.com\/remark\/offerDetail\/saleRecords.json?offerId=1277298626&#8243;&#8220;,&#8220;&#8220;total&#8220;&#8220;:&#8220;&#8220;0&#8243;&#8220;,&#8220;&#8220;halfYearTotal&#8220;=&#8220;&#8220;0&#8243;&#8220;,&#8220;&#8220;totalRate&#8220;=&#8220;&#8220;0&#8243;&#8220;,&#8220;&#8220;isTgcSKUOffer&#8220;=&#8220;&#8220;false&#8220;&#8220;}&#8216;&gt; <\/p>\n<div class=\"\">\n<h2 class=\"\">Transaktionsdatensatz <\/h2>\n<\/p><\/div><\/div><\/div><\/div><\/div><\/div><\/div><\/div><\/div><\/div><\/div><\/div>\n<p>&#8222;<\/p>\n","protected":false},"excerpt":{"rendered":"<p>Kalziumerg\u00e4nzungen Kalziumreaktor Reaktorreaktorkammer AOC-200 Anti-Kalzium-Reaktionskammer<\/p>\n","protected":false},"featured_media":6396,"comment_status":"open","ping_status":"closed","template":"","meta":[],"product_brand":[],"product_cat":[1313],"product_tag":[],"class_list":{"0":"post-38475","1":"product","2":"type-product","3":"status-publish","4":"has-post-thumbnail","6":"product_cat-eiweisabschaumer","8":"first","9":"instock","10":"shipping-taxable","11":"product-type-simple"},"_links":{"self":[{"href":"https:\/\/www.myaquastore.com\/de\/wp-json\/wp\/v2\/product\/38475","targetHints":{"allow":["GET"]}}],"collection":[{"href":"https:\/\/www.myaquastore.com\/de\/wp-json\/wp\/v2\/product"}],"about":[{"href":"https:\/\/www.myaquastore.com\/de\/wp-json\/wp\/v2\/types\/product"}],"replies":[{"embeddable":true,"href":"https:\/\/www.myaquastore.com\/de\/wp-json\/wp\/v2\/comments?post=38475"}],"wp:featuredmedia":[{"embeddable":true,"href":"https:\/\/www.myaquastore.com\/de\/wp-json\/wp\/v2\/media\/6396"}],"wp:attachment":[{"href":"https:\/\/www.myaquastore.com\/de\/wp-json\/wp\/v2\/media?parent=38475"}],"wp:term":[{"taxonomy":"product_brand","embeddable":true,"href":"https:\/\/www.myaquastore.com\/de\/wp-json\/wp\/v2\/product_brand?post=38475"},{"taxonomy":"product_cat","embeddable":true,"href":"https:\/\/www.myaquastore.com\/de\/wp-json\/wp\/v2\/product_cat?post=38475"},{"taxonomy":"product_tag","embeddable":true,"href":"https:\/\/www.myaquastore.com\/de\/wp-json\/wp\/v2\/product_tag?post=38475"}],"curies":[{"name":"wp","href":"https:\/\/api.w.org\/{rel}","templated":true}]}}