{"id":38477,"date":"2016-12-27T16:03:44","date_gmt":"2016-12-27T16:03:44","guid":{"rendered":"https:\/\/www.myaquastore.com\/product\/kalkreaktor-der-kalkreaktor-mit-haley-pump-cr-120-6520-kalkreaktor\/"},"modified":"2025-03-16T09:02:29","modified_gmt":"2025-03-16T09:02:29","slug":"kalkreaktor-der-kalkreaktor-mit-haley-pump-cr-120-6520-kalkreaktor","status":"publish","type":"product","link":"https:\/\/www.myaquastore.com\/de\/produkt\/kalkreaktor-der-kalkreaktor-mit-haley-pump-cr-120-6520-kalkreaktor\/","title":{"rendered":"Kalkreaktor der Kalkreaktor \u2013 mit Haley Pump CR-120-6520 Kalkreaktor"},"content":{"rendered":"<h2>Produktbeschreibung <\/h2>\n<p>Technische Parameter: <\/p>\n<p>Modell: CR-120-6520 <br \/> Gr\u00f6\u00dfe (Durchmesser \/ H\u00f6heneinheit: mm): 120\/565 <br \/> Pumpe \/ Leistung: HX-6520 \/ 35 W <br \/> Das empfohlene maximal anwendbare Wasser (Einheit: Liter): 1500 <br \/> Dock-Spezifikationen (Einheit: mm): 215\/190 <\/p>\n<p>&amp;Nbsp; f\u00fcr <\/p>\n<p><a><img class=\" size-full=\"><\/a><\/p>\n<p>&amp;Nbsp; f\u00fcr <\/p>\n<p>PS: weil jeder kunde partikel von kalzium\/kalzium sand marke, unterschiedliche spezifikationen, das produkt enth\u00e4lt nicht innen material fabrik. Kunden m\u00fcssen gekauft werden <\/p>\n<p>&amp;Nbsp; f\u00fcr <\/p>\n<p>1 K\u00f6rper aus hochwertigen Acrylmaterialien (Acryl) hergestellt. <br \/> 2 Jeder Reaktor ist mit einer Gas-Venturi-D\u00fcse (Venturi-Lufteinlass) ausgestattet, der andere besser. <br \/> 3 der Reaktionskammer ist ein versiegeltes Design, Innovation und \u00e4sthetisches Erscheinungsbild (im Allgemeinen verschwendet ein offener Kalziumreaktor viel Kohlendioxid, bietet aber nicht gen\u00fcgend Kalziumaussto\u00df) <br \/> 4 Reaktionskammer, mikropor\u00f6ses Anti-Casual-Design, ohne biochemische Baumwolle, geeignet f\u00fcr Kalziumtabletten aller Gr\u00f6\u00dfen <br \/> 5 speziell entwickeltes internes Wasser mit CO2 f\u00fcr einen kontinuierlichen schnellen Zyklus, bei jedem Zyklus durch alle Kalziumtabletten wird in Wasser gel\u00f6stes Kalziumbikarbonat eine Menge davon sein <br \/> Speziell entwickelte Saugd\u00fcse 6 kann effektiv zur\u00fcckgewonnen werden CO2, ohne die Oberseite zu verschwenden. <br \/> 7, Zugang zu Wasser speziell entwickelt, einfach einzustellen <br \/> 8 k\u00fchles Chu liest die Nummer des Bubblers, leicht austauschbar <br \/> 9 Im Inneren des Reaktors sind keine Kalziumtabletten und andere Materialien enthalten, bitte selbst kaufen. <\/p>\n<p>&amp;Nbsp; f\u00fcr <\/p>\n<p>Weitere optionale Paketinformationen: <\/p>\n<p>&amp;Nbsp; f\u00fcr <\/p>\n<div>1 hinzugef\u00fcgte Calciumreaktorkammer: Calciumdefektvorl\u00e4ufer-Durchflusstanksystem, verbunden mit der MS <a target=\"\"><strong>Reaktionskammer f\u00fcr Calciumerg\u00e4nzungen <\/strong><\/a>Um \u00fcbersch\u00fcssiges Kohlendioxid zu absorbieren, um Sch\u00e4den am Tanksystem zu vermeiden. <\/div>\n<div><\/div>\n<div>2 MS hoher Kalziumsand: nat\u00fcrliche Kalziumsandpartikel, keine Besch\u00e4digung des Systems. Nicht-k\u00fcnstliche Partikel. <\/div>\n<p>&amp;Nbsp; f\u00fcr <\/p>\n<p>&amp;Nbsp; f\u00fcr <\/p>\n<p>Die folgende Abbildung zeigt das reale Maschinendiagramm <\/p>\n<p>&amp;Nbsp; f\u00fcr <\/p>\n<p><a href=\"\"><img decoding=\"async\" width=\"\" height=\"\" class=\"\" alt=\"\" src=\"\"><\/a><\/p>\n<p>&amp;Nbsp; f\u00fcr <\/p>\n<\/p><\/div>\n<p>&#8222;<\/p>\n","protected":false},"excerpt":{"rendered":"<p>Kalkreaktor der Kalkreaktor \u2013 mit Haley Pump CR-120-6520 Kalkreaktor<\/p>\n","protected":false},"featured_media":6385,"comment_status":"open","ping_status":"closed","template":"","meta":[],"product_brand":[],"product_cat":[1313],"product_tag":[],"class_list":{"0":"post-38477","1":"product","2":"type-product","3":"status-publish","4":"has-post-thumbnail","6":"product_cat-eiweisabschaumer","8":"first","9":"instock","10":"shipping-taxable","11":"purchasable","12":"product-type-simple"},"_links":{"self":[{"href":"https:\/\/www.myaquastore.com\/de\/wp-json\/wp\/v2\/product\/38477","targetHints":{"allow":["GET"]}}],"collection":[{"href":"https:\/\/www.myaquastore.com\/de\/wp-json\/wp\/v2\/product"}],"about":[{"href":"https:\/\/www.myaquastore.com\/de\/wp-json\/wp\/v2\/types\/product"}],"replies":[{"embeddable":true,"href":"https:\/\/www.myaquastore.com\/de\/wp-json\/wp\/v2\/comments?post=38477"}],"wp:featuredmedia":[{"embeddable":true,"href":"https:\/\/www.myaquastore.com\/de\/wp-json\/wp\/v2\/media\/6385"}],"wp:attachment":[{"href":"https:\/\/www.myaquastore.com\/de\/wp-json\/wp\/v2\/media?parent=38477"}],"wp:term":[{"taxonomy":"product_brand","embeddable":true,"href":"https:\/\/www.myaquastore.com\/de\/wp-json\/wp\/v2\/product_brand?post=38477"},{"taxonomy":"product_cat","embeddable":true,"href":"https:\/\/www.myaquastore.com\/de\/wp-json\/wp\/v2\/product_cat?post=38477"},{"taxonomy":"product_tag","embeddable":true,"href":"https:\/\/www.myaquastore.com\/de\/wp-json\/wp\/v2\/product_tag?post=38477"}],"curies":[{"name":"wp","href":"https:\/\/api.w.org\/{rel}","templated":true}]}}