{"id":38493,"date":"2016-12-27T16:03:45","date_gmt":"2016-12-27T16:03:45","guid":{"rendered":"https:\/\/www.myaquastore.com\/product\/nitratentferner-mit-red-devil-pumpen-dnr-200-nitratentferner\/"},"modified":"2025-03-16T09:02:35","modified_gmt":"2025-03-16T09:02:35","slug":"nitratentferner-mit-red-devil-pumpen-dnr-200-nitratentferner","status":"publish","type":"product","link":"https:\/\/www.myaquastore.com\/de\/produkt\/nitratentferner-mit-red-devil-pumpen-dnr-200-nitratentferner\/","title":{"rendered":"Nitratentferner mit Red Devil Pumpen DNR-200 Nitratentferner"},"content":{"rendered":"<h2>Produktbeschreibung <\/h2>\n<p>Und die Quelle von MARINE SOURCES Nitratentferner \/ chemisches Nitratkontrollger\u00e4t \/ Ger\u00e4t zur Nitratentfernung <\/p>\n<p>&amp;Nbsp; f\u00fcr <\/p>\n<p>Produktparameter: <\/p>\n<p>&amp;Nbsp; f\u00fcr <\/p>\n<p>DNR-150 Nitratentferner, durch Regelventil f\u00fcr 1800\u20134500 l Aquarium oder Teich. <br \/> Modell: DNR-200 <br \/> (Durchmesser\/H\u00f6he, Einheit: mm): 200\/740 <br \/> Pumpe\/Wattleistung: Devil D4000 \/ 55 W <br \/> Maximal anwendbares Wasser (Einheit: Liter): 4500 <br \/> Dock-Spezifikationen (Einheit: mm): 290\/260 <\/p>\n<p><a><img class=\" size-large=\"><\/a><\/p>\n<p>&amp;Nbsp; f\u00fcr <\/p>\n<\/p>\n<p>&amp;Nbsp; f\u00fcr <\/p>\n<p>Produktmerkmale: <\/p>\n<p>1 K\u00f6rper aus hochwertigem Acryl (Acryl) hergestellt. <br \/> Die Reaktionskammer 2 ist ein mehrschichtiges Dichtungsdesign, Innovation und \u00e4sthetisches Erscheinungsbild, <br \/> 3 Untere Reaktionskammer, mikropor\u00f6ses Anti-Casual-Design, ohne biochemische Baumwolle, einfache Reinigung und Wartung, anwendbar auf eine Vielzahl von Filtermaterialien <br \/> 4 speziell entwickelt, damit das interne Hochgeschwindigkeitswasser st\u00e4ndig zirkuliert, jeder Zyklus durch alle Filtermaterialien, <br \/> 5 heraus, Wasser speziell entwickelt, einfach einzustellen <br \/> 6 ausgestattet mit verschiedenen Filtermaterialien k\u00f6nnen vielf\u00e4ltige Verwendungszwecke sein (z. B. Bioball, Bioringe, Aktivkohle, Phosphorabsorptionsmaterialien, Schwefelk\u00fcgelchen + Kalziumtabletten usw.), siehe Tabelle <\/p>\n<p>Verwendung von Materialien mit einer Durchflussrate, die dem Bedarf des Reaktors entspricht <br \/> 6-1 Kugel chemische Kontrolle mit biologischem Nitrat ist langsam <br \/> 6-2 biologischer Nitrat-chemischer Regelkreis ist langsam <br \/> 6-3 biologischer Ring-Biofilter schnell <br \/> 6-4 Aktivkohlefilter schnell <br \/> 6-5 Phosphor-Absorptionsmaterial Phosphat chemische Kontrolle ist langsam <br \/> 6-6 Schwefelk\u00fcgelchen + Kalziumtabletten zus\u00e4tzlich zu Kalziumphosphat langsam <\/p>\n<p>7 im Reaktor enth\u00e4lt kein Material, bitte kaufen Sie es selbst. <\/p>\n<p>Empfohlene Verwendung und die Quelle der Biob\u00e4lle entnehmen Sie bitte den folgenden Daten: <\/p>\n<table>\n<tbody>\n<tr>\n<td>\n<p>Modell <\/p>\n<\/td>\n<td>\n<p>Empfehlungen f\u00fcr Spielball und anaerobe biologische Ma\u00dfnahmen zur Anzahl <\/p>\n<\/td>\n<\/tr>\n<tr>\n<td>\n<p>DNR-120 <\/p>\n<\/td>\n<td>\n<p>Anaerob Biob\u00e4lle 80 B\u00e4lle 10 <\/p>\n<\/td>\n<\/tr>\n<tr>\n<td>\n<p>DNR-150 <\/p>\n<\/td>\n<td>\n<p>Anaerobe Biob\u00e4lle 140 B\u00e4lle 18 <\/p>\n<\/td>\n<\/tr>\n<tr>\n<td>\n<p>DNR-200 <\/p>\n<\/td>\n<td>\n<p>Anaerobe Biob\u00e4lle 320 B\u00e4lle 40 <\/p>\n<\/td>\n<\/tr>\n<tr>\n<td>\n<p>DNR-200H <\/p>\n<\/td>\n<td>\n<p>Anaerobe Biob\u00e4lle 400 B\u00e4lle 50 <\/p>\n<\/td>\n<\/tr>\n<\/tbody>\n<\/table>\n<p><strong>DNR-Serie anderer Modelle <\/strong><\/p>\n<p><a><img class=\" size-full=\"><\/a><\/p>\n<\/p><\/div>\n","protected":false},"excerpt":{"rendered":"<p>Nitratentferner mit Red Devil Pumpen DNR-200 Nitratentferner<\/p>\n","protected":false},"featured_media":6407,"comment_status":"open","ping_status":"closed","template":"","meta":[],"product_brand":[],"product_cat":[1313],"product_tag":[],"class_list":{"0":"post-38493","1":"product","2":"type-product","3":"status-publish","4":"has-post-thumbnail","6":"product_cat-eiweisabschaumer","8":"first","9":"instock","10":"shipping-taxable","11":"purchasable","12":"product-type-simple"},"_links":{"self":[{"href":"https:\/\/www.myaquastore.com\/de\/wp-json\/wp\/v2\/product\/38493","targetHints":{"allow":["GET"]}}],"collection":[{"href":"https:\/\/www.myaquastore.com\/de\/wp-json\/wp\/v2\/product"}],"about":[{"href":"https:\/\/www.myaquastore.com\/de\/wp-json\/wp\/v2\/types\/product"}],"replies":[{"embeddable":true,"href":"https:\/\/www.myaquastore.com\/de\/wp-json\/wp\/v2\/comments?post=38493"}],"wp:featuredmedia":[{"embeddable":true,"href":"https:\/\/www.myaquastore.com\/de\/wp-json\/wp\/v2\/media\/6407"}],"wp:attachment":[{"href":"https:\/\/www.myaquastore.com\/de\/wp-json\/wp\/v2\/media?parent=38493"}],"wp:term":[{"taxonomy":"product_brand","embeddable":true,"href":"https:\/\/www.myaquastore.com\/de\/wp-json\/wp\/v2\/product_brand?post=38493"},{"taxonomy":"product_cat","embeddable":true,"href":"https:\/\/www.myaquastore.com\/de\/wp-json\/wp\/v2\/product_cat?post=38493"},{"taxonomy":"product_tag","embeddable":true,"href":"https:\/\/www.myaquastore.com\/de\/wp-json\/wp\/v2\/product_tag?post=38493"}],"curies":[{"name":"wp","href":"https:\/\/api.w.org\/{rel}","templated":true}]}}