{"id":38495,"date":"2016-12-27T16:03:44","date_gmt":"2016-12-27T16:03:44","guid":{"rendered":"https:\/\/www.myaquastore.com\/product\/nitratentferner-mit-haley-pump-nr-120-6520-nitratentferner\/"},"modified":"2025-03-16T09:02:32","modified_gmt":"2025-03-16T09:02:32","slug":"nitratentferner-mit-haley-pump-nr-120-6520-nitratentferner","status":"publish","type":"product","link":"https:\/\/www.myaquastore.com\/de\/produkt\/nitratentferner-mit-haley-pump-nr-120-6520-nitratentferner\/","title":{"rendered":"Nitratentferner mit Haley Pump NR-120-6520 Nitratentferner"},"content":{"rendered":"<h2>Produktbeschreibung <\/h2>\n<div class=\" mod=\">\n<div>\n<div>\n<div class=\" detail-inside=\">\n<div>\n<div>\n<div class=\" region-custom=\">\n<div class=\" widget-custom=\">\n<div>\n<div class=\" mod-detail-description=\" data-mod-config='{\"showOn\":[\"mod-detail-description\"],\"title\":\ufffd\ufffd\u03f8\ufffd\ufffd\u03e2\",\"tabConfig\":{\"trace\": \"tabdetail\", \"showKey\": \"mod-detail-description\"}}'>\n<div class=\" de-description-detail=\">\n<div data-url=\"\">\n<p>Und die Quelle von MARINE SOURCES Nitratentferner \/ Nitrat-Chemikalienkontrollger\u00e4t \/ Ger\u00e4t zum Nitratieren <\/p>\n<p>&amp;Nbsp; f\u00fcr <\/p>\n<p>Produktparameter: <\/p>\n<p>&amp;Nbsp; f\u00fcr <\/p>\n<p>NR-120-6520 Nitratentferner, mit Regulierventil f\u00fcr 400-1200L Aquarium oder Teich. <br \/> Modell: NR-120-6520 <br \/> (Durchmesser\/H\u00f6he, Einheit: mm): 120\/565 <br \/> Pumpe\/Wattleistung: HX-6520\/35 W <br \/> Maximal anwendbares Wasser (Einheit: Liter): 1200 <br \/> Dock-Spezifikationen (Einheit: mm): 200\/195 <\/p>\n<p>&amp;Nbsp; f\u00fcr <\/p>\n<p><a href=\"\"><img decoding=\"async\" width=\"\" height=\"\" class=\"\" alt=\"\" src=\"\"><\/a><br class=\"\"><br class=\"\"><\/p>\n<p>&amp;Nbsp; f\u00fcr <\/p>\n<p>Produktmerkmale: <\/p>\n<p>1 K\u00f6rper aus hochwertigem Acryl (Acryl) hergestellt. <br \/> Die Reaktionskammer 2 ist ein mehrschichtiges Dichtungsdesign, Innovation und \u00e4sthetisches Erscheinungsbild, <br \/> 3 Untere Reaktionskammer, mikropor\u00f6ses Anti-Casual-Design, ohne biochemische Baumwolle, einfache Reinigung und Wartung, anwendbar auf eine Vielzahl von Filtermaterialien <br \/> 4 speziell entwickelt, damit das interne Hochgeschwindigkeitswasser st\u00e4ndig zirkuliert, jeder Zyklus durch alle Filtermaterialien, <br \/> 5 heraus, Wasser speziell entwickelt, einfach einzustellen <br \/> 6 ausgestattet mit verschiedenen Filtermaterialien k\u00f6nnen vielf\u00e4ltige Verwendungszwecke sein (z. B. Bioball, Bioringe, Aktivkohle, Phosphorabsorptionsmaterialien, Schwefelk\u00fcgelchen + Kalziumtabletten usw.), siehe Tabelle <\/p>\n<p>Verwendung von Materialien mit einer Durchflussrate, die dem Bedarf des Reaktors entspricht <br \/> 6-1 Kugel chemische Kontrolle mit biologischem Nitrat ist langsam <br \/> 6-2 biologischer Nitrat-chemischer Regelkreis ist langsam <br \/> 6-3 biologischer Ring-Biofilter schnell <br \/> 6-4 Aktivkohlefilter schnell <br \/> 6-5 Phosphor-Absorptionsmaterial Phosphat chemische Kontrolle ist langsam <br \/> 6-6 Schwefelk\u00fcgelchen + Kalziumtabletten zus\u00e4tzlich zu Kalziumphosphat langsam <\/p>\n<p>7 im Reaktor enth\u00e4lt kein Material, bitte kaufen Sie es selbst. <\/p>\n<p align=\"\">Empfohlene Verwendung und die Quelle der Biob\u00e4lle entnehmen Sie bitte den folgenden Daten: <\/p>\n<p>&amp;Nbsp; f\u00fcr <\/p>\n<table border=\"\" cellpadding=\"\">\n<tbody>\n<tr>\n<td width=\"\" valign=\"\">\n<p align=\"\">model <\/p>\n<\/td>\n<td width=\"\" valign=\"\">\n<p align=\"\">Spielball- und anaerobe biologische Empfehlungen zur Anzahl <\/p>\n<\/td>\n<\/tr>\n<tr>\n<td width=\"\" valign=\"\">\n<p align=\"\">NR-120-6520 <\/p>\n<\/td>\n<td width=\"\" valign=\"\">\n<p align=\"\">Anaerobe Biob\u00e4lle 80 B\u00e4lle 10 <\/p>\n<\/td>\n<\/tr>\n<tr>\n<td width=\"\" valign=\"\">\n<p align=\"\">NR-150-6520 <\/p>\n<\/td>\n<td width=\"\" valign=\"\">\n<p align=\"\">Anaerobe Biob\u00e4lle 140 B\u00e4lle 18 <\/p>\n<\/td>\n<\/tr>\n<tr>\n<td width=\"\" valign=\"\">\n<p align=\"\">NR-200-6530 <\/p>\n<\/td>\n<td width=\"\" valign=\"\">\n<p align=\"\">Anaerobe Biob\u00e4lle 320 B\u00e4lle 40 <\/p>\n<\/td>\n<\/tr>\n<tr>\n<td width=\"\" valign=\"\">\n<p align=\"\">NR-250-6540 <\/p>\n<\/td>\n<td width=\"\" valign=\"\">\n<p align=\"\">Anaerobe Biob\u00e4lle 400 B\u00e4lle 50 <\/p>\n<\/td>\n<\/tr>\n<\/tbody>\n<\/table><\/div><\/div><\/div><\/div><\/div>\n<div class=\"\" data-widget-name=\"\"><\/div><\/div><\/div><\/div><\/div><\/div><\/div><\/div>\n<div class=\"\" data-view-config='{\"\"showResult\"\":false,\"feature\"\":\"\"WP_WIDGET_OFFER_DETAIL\"\",\"\"showTitle\"\":false}' data-app='{\"\"styles\"\":[],\"title\"=\"offer\ufffd\ufffd\u03f8\ufffd\ufffd\ufffd\ufffd3\",\"name\"=\"offerDetailContext3\",\"id\"=\"6d7584a1f4714f37868f62b60e1b3f6a\"}'><\/div><\/div>\n<p>&#8222;<\/p>\n","protected":false},"excerpt":{"rendered":"<p>Nitratentferner mit Haley Pump NR-120-6520 Nitratentferner<\/p>\n","protected":false},"featured_media":6401,"comment_status":"open","ping_status":"closed","template":"","meta":[],"product_brand":[],"product_cat":[1313],"product_tag":[],"class_list":{"0":"post-38495","1":"product","2":"type-product","3":"status-publish","4":"has-post-thumbnail","6":"product_cat-eiweisabschaumer","8":"first","9":"instock","10":"shipping-taxable","11":"purchasable","12":"product-type-simple"},"_links":{"self":[{"href":"https:\/\/www.myaquastore.com\/de\/wp-json\/wp\/v2\/product\/38495","targetHints":{"allow":["GET"]}}],"collection":[{"href":"https:\/\/www.myaquastore.com\/de\/wp-json\/wp\/v2\/product"}],"about":[{"href":"https:\/\/www.myaquastore.com\/de\/wp-json\/wp\/v2\/types\/product"}],"replies":[{"embeddable":true,"href":"https:\/\/www.myaquastore.com\/de\/wp-json\/wp\/v2\/comments?post=38495"}],"wp:featuredmedia":[{"embeddable":true,"href":"https:\/\/www.myaquastore.com\/de\/wp-json\/wp\/v2\/media\/6401"}],"wp:attachment":[{"href":"https:\/\/www.myaquastore.com\/de\/wp-json\/wp\/v2\/media?parent=38495"}],"wp:term":[{"taxonomy":"product_brand","embeddable":true,"href":"https:\/\/www.myaquastore.com\/de\/wp-json\/wp\/v2\/product_brand?post=38495"},{"taxonomy":"product_cat","embeddable":true,"href":"https:\/\/www.myaquastore.com\/de\/wp-json\/wp\/v2\/product_cat?post=38495"},{"taxonomy":"product_tag","embeddable":true,"href":"https:\/\/www.myaquastore.com\/de\/wp-json\/wp\/v2\/product_tag?post=38495"}],"curies":[{"name":"wp","href":"https:\/\/api.w.org\/{rel}","templated":true}]}}