{"id":38499,"date":"2016-12-27T16:03:42","date_gmt":"2016-12-27T16:03:42","guid":{"rendered":"https:\/\/www.myaquastore.com\/product\/quelle-nitratentferner-meer-anaerobe-futterkugel\/"},"modified":"2025-03-16T08:56:00","modified_gmt":"2025-03-16T08:56:00","slug":"quelle-nitratentferner-meer-anaerobe-futterkugel","status":"publish","type":"product","link":"https:\/\/www.myaquastore.com\/de\/produkt\/quelle-nitratentferner-meer-anaerobe-futterkugel\/","title":{"rendered":"Quelle Nitratentferner Meer anaerobe Futterkugel"},"content":{"rendered":"<h2>Produktbeschreibung <\/h2>\n<p><strong>Meeresfr\u00fcchte Quelle Anaerobier Kugel MARINE QUELLEN DENI-B\u00c4LLE <\/strong>Verwendung spezieller Materialien, nahrhafte Nahrung mit anaeroben Bakterien, anaerobe Bakterien absorbieren 100 % und liefern nahrhafte Nahrung f\u00fcr den Nitratentferner anaerob, anaerobe Bakterien k\u00f6nnen effektiv Stickstoff, der Nitratgehalt im Wasser kann den h\u00f6chsten Grad erreichen Reduzierung, um die Vermehrung von Algen zu vermeiden und die M\u00fche des Wasserwechsels zu beseitigen, so dass eine ges\u00fcndere biologische Landwirtschaft m\u00f6glich ist. <\/p>\n<div>\n<div>\n<p>Produkte k\u00f6nnen auf die Verwendung von Nitratentfernern gesetzt werden, die Nutzungsdauer betr\u00e4gt 8-12 Monate, wenn die Menge der urspr\u00fcnglichen Basiserg\u00e4nzung verbraucht wurde. <\/p>\n<p>Partikeldurchmesser: 34 mm <\/p>\n<p>Allgemeine Empfehlungen f\u00fcr das Verteilungsverh\u00e4ltnis: 8 bis 10 Partikel pro gew\u00f6hnliche Biob\u00e4lle mit wei\u00dfem Ball mit anaerober <\/p>\n<p><a><img class=\" size-full=\"><\/a><\/p>\n<\/p><\/div><\/div>\n<p>&amp;Nbsp; f\u00fcr <\/p>\n<\/p><\/div>\n","protected":false},"excerpt":{"rendered":"<p>Quelle Nitratentferner Meer anaerobe Futterkugel<\/p>\n","protected":false},"featured_media":6209,"comment_status":"open","ping_status":"closed","template":"","meta":[],"product_brand":[],"product_cat":[1313],"product_tag":[],"class_list":{"0":"post-38499","1":"product","2":"type-product","3":"status-publish","4":"has-post-thumbnail","6":"product_cat-eiweisabschaumer","8":"first","9":"instock","10":"shipping-taxable","11":"purchasable","12":"product-type-simple"},"_links":{"self":[{"href":"https:\/\/www.myaquastore.com\/de\/wp-json\/wp\/v2\/product\/38499","targetHints":{"allow":["GET"]}}],"collection":[{"href":"https:\/\/www.myaquastore.com\/de\/wp-json\/wp\/v2\/product"}],"about":[{"href":"https:\/\/www.myaquastore.com\/de\/wp-json\/wp\/v2\/types\/product"}],"replies":[{"embeddable":true,"href":"https:\/\/www.myaquastore.com\/de\/wp-json\/wp\/v2\/comments?post=38499"}],"wp:featuredmedia":[{"embeddable":true,"href":"https:\/\/www.myaquastore.com\/de\/wp-json\/wp\/v2\/media\/6209"}],"wp:attachment":[{"href":"https:\/\/www.myaquastore.com\/de\/wp-json\/wp\/v2\/media?parent=38499"}],"wp:term":[{"taxonomy":"product_brand","embeddable":true,"href":"https:\/\/www.myaquastore.com\/de\/wp-json\/wp\/v2\/product_brand?post=38499"},{"taxonomy":"product_cat","embeddable":true,"href":"https:\/\/www.myaquastore.com\/de\/wp-json\/wp\/v2\/product_cat?post=38499"},{"taxonomy":"product_tag","embeddable":true,"href":"https:\/\/www.myaquastore.com\/de\/wp-json\/wp\/v2\/product_tag?post=38499"}],"curies":[{"name":"wp","href":"https:\/\/api.w.org\/{rel}","templated":true}]}}