{"id":38509,"date":"2016-12-27T16:03:41","date_gmt":"2016-12-27T16:03:41","guid":{"rendered":"https:\/\/www.myaquastore.com\/product\/titrationspumpe-und-zubehor-zur-unterstutzung-des-dsp-1-dreikanal-titrationspumpen-hosts\/"},"modified":"2025-03-16T08:55:56","modified_gmt":"2025-03-16T08:55:56","slug":"titrationspumpe-und-zubehor-zur-unterstutzung-des-dsp-1-dreikanal-titrationspumpen-hosts","status":"publish","type":"product","link":"https:\/\/www.myaquastore.com\/de\/produkt\/titrationspumpe-und-zubehor-zur-unterstutzung-des-dsp-1-dreikanal-titrationspumpen-hosts\/","title":{"rendered":"Titrationspumpe und Zubeh\u00f6r zur Unterst\u00fctzung des DSP-1-Dreikanal-Titrationspumpen-Hosts"},"content":{"rendered":"<h2>Produktbeschreibung <\/h2>\n<p><span><a><img class=\" size-full=\"><\/a><\/p>\n<p><\/span><strong><span>Modell: DSP-1 <\/span><\/strong><\/p>\n<p>&amp;Nbsp; f\u00fcr <\/p>\n<p>Und die Quelle der Mikrotitrationspumpe von MARINE SOURCES wird haupts\u00e4chlich f\u00fcr heimische Marikultur-Aquarien verwendet. <\/p>\n<p>&amp;Nbsp; f\u00fcr <\/p>\n<p>Intelligenter Mikrocomputerchip, der entwickelt wurde, um zeitliche, quantitative und genaue Zugabe verschiedener Elemente des marinen biologischen Bedarfs, wie Kalzium, Magnesium, kh-Verbesserer und andere Arten von Spurenelementzus\u00e4tzen, hinzuzuf\u00fcgen. Durch das Hinzuf\u00fcgen von Automatisierung k\u00f6nnen Arbeitskr\u00e4fte eingespart werden, \u00c4rger entstehen und zus\u00e4tzliche Arbeitskr\u00e4fte vermieden werden, die durch den Verlust von Kanada, \u00fcbersch\u00fcssige oder unzureichende Fehler verursacht werden. <\/p>\n<p>&amp;Nbsp; f\u00fcr <\/p>\n<p>Die Titrationspumpe Sea Source Host DSP-1 bietet drei Titrationsk\u00f6pfe mit einem separaten Netzteil. <\/p>\n<p>Erweiterungseinheit DSP-2 verf\u00fcgt \u00fcber vier Titrationsk\u00f6pfe, ohne Netzteil, keine zus\u00e4tzliche Stromversorgung, muss nur an den Host DSP-1 angeschlossen werden, die Stromversorgung des Computers kann zum Arbeiten eingeschaltet werden. <\/p>\n<p>Host-Verbindungstyp DSP-1 mit dem Erweiterungsmaschinenmodell DSP-2, kann bis zu 11 Arbeitskopfeinstellungen erreichen. Siehe das folgende Anschlussschema. <\/p>\n<p>&amp;Nbsp; f\u00fcr <\/p>\n<p>DSP-1 ist ein Gro\u00dfrechner mit 3 Kan\u00e4len und Steuerung. <\/p>\n<p>DSP-2 ist eine Erweiterung eines 4-Kanals, es muss vom DSP-1 angesteuert werden. <\/p>\n<p>DSP-1 kann bis zu zwei DSP-2 ansteuern, siehe die folgenden Empfehlungen f\u00fcr Konnektivit\u00e4tsl\u00f6sungen <\/p>\n<p>Option Eins: Ein Computer mit einem DSP-1, kann \u00fcber eine 3-Kanal-Steuerfunktion Titration verf\u00fcgen <\/p>\n<p>Option Zwei: Ein DSP-1 + ein DSP-2, 7-Kanal-Komposition mit Computer mit Steuerfunktion Titration <\/p>\n<p>Option Drei: Ein DSP-1 + zwei DSP-2, mit einer Komposition mit einer 11-Kanal-Computergesteuerte Titrationsfunktion <\/p>\n<p>Mehr als drei Programme, nur ein Netzteil. <\/p>\n<p>DSP-2 allein kann keine computergesteuerten Titrationsfunktionen erreichen. <\/p>\n<p>&amp;Nbsp; f\u00fcr <\/p>\n<p><a><img class=\" size-full=\"><\/a><\/p>\n<p>&amp;Nbsp; f\u00fcr <\/p>\n<p>&amp;Nbsp; f\u00fcr <\/p>\n<p>&amp;Nbsp; f\u00fcr <\/p>\n<p>Quelle Meerestitrationspumpe hat die folgenden Eigenschaften <\/p>\n<p>1 DSP-1-Host-erweiterte Modelle k\u00f6nnen auf 11 K\u00f6pfe erweitert werden <\/p>\n<p>2 Mikrocomputerchip in Milit\u00e4rqualit\u00e4t, Schaltungsprodukte stabil, fallende Pr\u00e4zision <\/p>\n<p>3 Auswahl von f\u00fcnf leisen Motoren mit hohem Drehmoment und langer Lebensdauer. <\/p>\n<p>4-Pumpengeh\u00e4use mit hochfestem, selbstschmierendem Kunststoff auf Automobilinstrumentenniveau. <\/p>\n<p>5 verf\u00fcgt \u00fcber eine Energiesparfunktion, um Stromausf\u00e4lle zu vermeiden, bei denen die Einstellung wiederholt werden muss. <\/p>\n<p>6 medizinische Qualit\u00e4t, hohe Qualit\u00e4t und Langlebigkeit B\u00fcrette, lange Lebensdauer, enth\u00e4lt keine sch\u00e4dlichen Elemente. <\/p>\n<p>Wasserdichtes Design des 7-Computer-Bedienfelds. <\/p>\n<p>8 LCD-Fl\u00fcssigkristallanzeige, interaktive Bedienoberfl\u00e4che ist benutzerfreundlich. <\/p>\n<p>&amp;Nbsp; f\u00fcr <\/p>\n<p>&amp;Nbsp; f\u00fcr <\/p>\n<p>Modell: DSP-1 <\/p>\n<p>Produktleistung: AC100-240V Netzteil <\/p>\n<p>Produktgr\u00f6\u00dfe: 230 * 130 * 75 mm <\/p>\n<p>Arbeitsmodus: Intervallzyklen nach dem Tropfen, Tropfen einer einzelnen eingestellten Durchflussrate und Intervallen, das Produkt wird entsprechend der in den Intervallen eingestellten Anzahl von Stunden intermittierenden Tropfens tropfen. Einzelner Tropfenfluss 00\u201399 ml einstellbar, einstellbares Zeitintervall 00\u201399 Stunden, und der andere mit automatischem Anti-Interferenz-Modus, gleichzeitig gibt es zwei oder mehr Kopfabsenkungen, der Pumpenkopf wird automatisch in den Anti-Interferenz-Modus umgewandelt, der Pumpenkopf wird anders sein, Warteschlangen-Tropf-Tropfen nach dem vorherigen Kopf, ein Kopf nach dem Warten von zwei Minuten nach dem Tropfen, Tropfen, w\u00e4hrend verschiedene Elemente vermieden werden, kann eine Vielzahl von physikalischen oder chemischen Reaktionen und Interferenzen erzeugen. <\/p>\n<p>&amp;Nbsp; f\u00fcr <\/p>\n<p><a><img class=\" size-large=\"><\/a><\/p>\n<p><a><img class=\" size-large=\"><\/a><\/p>\n<p><strong><a><img class=\" size-large=\"><\/a><\/p>\n<p><a><img class=\" size-full=\"><\/a><br \/><a><img class=\" size-full=\"><\/a><\/p>\n<p><a><img class=\" size-full=\"><\/a><\/p>\n<p><a><img class=\" size-full=\"><\/a><\/p>\n<p><\/strong><\/p>\n<p><a><img class=\" size-full=\"><\/a><\/p>\n<p>&amp;Nbsp; f\u00fcr <\/p>\n<\/p><\/div>\n","protected":false},"excerpt":{"rendered":"<p>Titrationspumpe und Zubeh\u00f6r zur Unterst\u00fctzung des DSP-1-Dreikanal-Titrationspumpen-Hosts<\/p>\n","protected":false},"featured_media":6184,"comment_status":"open","ping_status":"closed","template":"","meta":[],"product_brand":[],"product_cat":[1313],"product_tag":[],"class_list":{"0":"post-38509","1":"product","2":"type-product","3":"status-publish","4":"has-post-thumbnail","6":"product_cat-eiweisabschaumer","8":"first","9":"instock","10":"shipping-taxable","11":"purchasable","12":"product-type-simple"},"_links":{"self":[{"href":"https:\/\/www.myaquastore.com\/de\/wp-json\/wp\/v2\/product\/38509","targetHints":{"allow":["GET"]}}],"collection":[{"href":"https:\/\/www.myaquastore.com\/de\/wp-json\/wp\/v2\/product"}],"about":[{"href":"https:\/\/www.myaquastore.com\/de\/wp-json\/wp\/v2\/types\/product"}],"replies":[{"embeddable":true,"href":"https:\/\/www.myaquastore.com\/de\/wp-json\/wp\/v2\/comments?post=38509"}],"wp:featuredmedia":[{"embeddable":true,"href":"https:\/\/www.myaquastore.com\/de\/wp-json\/wp\/v2\/media\/6184"}],"wp:attachment":[{"href":"https:\/\/www.myaquastore.com\/de\/wp-json\/wp\/v2\/media?parent=38509"}],"wp:term":[{"taxonomy":"product_brand","embeddable":true,"href":"https:\/\/www.myaquastore.com\/de\/wp-json\/wp\/v2\/product_brand?post=38509"},{"taxonomy":"product_cat","embeddable":true,"href":"https:\/\/www.myaquastore.com\/de\/wp-json\/wp\/v2\/product_cat?post=38509"},{"taxonomy":"product_tag","embeddable":true,"href":"https:\/\/www.myaquastore.com\/de\/wp-json\/wp\/v2\/product_tag?post=38509"}],"curies":[{"name":"wp","href":"https:\/\/api.w.org\/{rel}","templated":true}]}}