{"id":39002,"date":"2016-12-27T16:03:43","date_gmt":"2016-12-27T16:03:43","guid":{"rendered":"https:\/\/www.myaquastore.com\/product\/zusatzlich-zur-quellbox-sea-foam-schalldampfer-demister-schalldampferbox-btb-1\/"},"modified":"2025-03-16T09:02:06","modified_gmt":"2025-03-16T09:02:06","slug":"zusatzlich-zur-quellbox-sea-foam-schalldampfer-demister-schalldampferbox-btb-1","status":"publish","type":"product","link":"https:\/\/www.myaquastore.com\/de\/produkt\/zusatzlich-zur-quellbox-sea-foam-schalldampfer-demister-schalldampferbox-btb-1\/","title":{"rendered":"Zus\u00e4tzlich zur Quellbox Sea Foam Schalld\u00e4mpfer Demister Schalld\u00e4mpferbox BTB-1"},"content":{"rendered":"<h2>Produktbeschreibung <\/h2>\n<p>Zus\u00e4tzlich zur Startschaum-Schalld\u00e4mpferbox <\/p>\n<div>Spezifikationen: <\/div>\n<div>Modell: BTB-1 <\/div>\n<div>Durchflussrate: 1800 L \/ H <\/div>\n<div>H\u00f6he t: 550 mm <\/div>\n<div>Abdeckungsspezifikationen: 145 mm \/ 122 mm <\/div>\n<div>Einlassspezifikation: 32 mm <\/div>\n<div>Auslassspezifikation: 40 mm <\/div>\n<div><\/div>\n<div><a><img class=\" size-full=\"><\/a><\/div>\n<div><\/div>\n<div>Auswahl der MS-Startschaum-Schalld\u00e4mpferbox Hochwertige Produktionsprozesse f\u00fcr Acrylmaterialien k\u00f6nnen durch die Verbindung von Aquarienwasserleitungen neben den folgenden auch h\u00e4ufig auftretende Probleme effektiv l\u00f6sen <\/div>\n<div>1 um den Ausfluss einer gro\u00dfen Menge Schaum zu reduzieren <\/div>\n<div>2 das Spritzen von Meersalz zu reduzieren <\/div>\n<div>3 das Wasservolumen effektiv zu reduzieren <\/div>\n<div>4 durch Auftreffen auf ein Gew\u00e4sser den Sauerstoffgehalt zu erh\u00f6hen. <\/div>\n<div><\/div>\n<div>\n<div>Einlassdurchmesser von 32 mm. Zum Zeitpunkt der Installation 30 mm feste Rohr- oder Schlauchverbindung. <\/div>\n<div><\/div>\n<div><a><img class=\" size-full=\"><\/a><\/div>\n<div><\/div>\n<div>\n<\/div>\n<div><\/div><\/div>\n<div>Schema <\/div>\n<div><a><img class=\" alignnone=\"><\/a><\/div>\n<div><\/div>\n<div><\/div>\n<div><\/div><\/div>\n","protected":false},"excerpt":{"rendered":"<p>Zus\u00e4tzlich zur Quellbox Sea Foam Schalld\u00e4mpfer Demister Schalld\u00e4mpferbox BTB-1<\/p>\n","protected":false},"featured_media":6248,"comment_status":"open","ping_status":"closed","template":"","meta":[],"product_brand":[],"product_cat":[1313],"product_tag":[],"class_list":{"0":"post-39002","1":"product","2":"type-product","3":"status-publish","4":"has-post-thumbnail","6":"product_cat-eiweisabschaumer","8":"first","9":"instock","10":"shipping-taxable","11":"purchasable","12":"product-type-simple"},"_links":{"self":[{"href":"https:\/\/www.myaquastore.com\/de\/wp-json\/wp\/v2\/product\/39002","targetHints":{"allow":["GET"]}}],"collection":[{"href":"https:\/\/www.myaquastore.com\/de\/wp-json\/wp\/v2\/product"}],"about":[{"href":"https:\/\/www.myaquastore.com\/de\/wp-json\/wp\/v2\/types\/product"}],"replies":[{"embeddable":true,"href":"https:\/\/www.myaquastore.com\/de\/wp-json\/wp\/v2\/comments?post=39002"}],"wp:featuredmedia":[{"embeddable":true,"href":"https:\/\/www.myaquastore.com\/de\/wp-json\/wp\/v2\/media\/6248"}],"wp:attachment":[{"href":"https:\/\/www.myaquastore.com\/de\/wp-json\/wp\/v2\/media?parent=39002"}],"wp:term":[{"taxonomy":"product_brand","embeddable":true,"href":"https:\/\/www.myaquastore.com\/de\/wp-json\/wp\/v2\/product_brand?post=39002"},{"taxonomy":"product_cat","embeddable":true,"href":"https:\/\/www.myaquastore.com\/de\/wp-json\/wp\/v2\/product_cat?post=39002"},{"taxonomy":"product_tag","embeddable":true,"href":"https:\/\/www.myaquastore.com\/de\/wp-json\/wp\/v2\/product_tag?post=39002"}],"curies":[{"name":"wp","href":"https:\/\/api.w.org\/{rel}","templated":true}]}}