{"id":39004,"date":"2016-12-27T16:03:43","date_gmt":"2016-12-27T16:03:43","guid":{"rendered":"https:\/\/www.myaquastore.com\/product\/qbox-mini-acryl-aquarium-acryl-aquarium-qb2\/"},"modified":"2025-03-16T09:02:07","modified_gmt":"2025-03-16T09:02:07","slug":"qbox-mini-acryl-aquarium-acryl-aquarium-qb2","status":"publish","type":"product","link":"https:\/\/www.myaquastore.com\/de\/produkt\/qbox-mini-acryl-aquarium-acryl-aquarium-qb2\/","title":{"rendered":"Qbox Mini-Acryl-Aquarium, Acryl-Aquarium QB2"},"content":{"rendered":"<h2>Produktbeschreibung <\/h2>\n<p>&amp;Nbsp; f\u00fcr <\/p>\n<div>\n<div>\n<div class=\" page-offerdetail=\"> &gt; mod-offerdetailcontext2=&#8220; app-offerdetailcontext2=&#8220; mod-ui-not-show-title=&#8220; &#8222;=&#8220; data-view-config='{&#8222;showResult&#8220;:false,&#8220;feature&#8220;:&#8220;WP_WIDGET_OFFER_DETAIL&#8220;,&#8220;showTitle&#8220;:false}&#8216; data-app='{&#8222;styles&#8220;:[],&#8220;title&#8220;:offer\ufffd\ufffd\u03f8\ufffd\ufffd\ufffd\ufffd2&#8243;,&#8220;name&#8220;:offerDetailContext2&#8243;,id&#8220;f7bc137d6cf542119a7c85723f856e94&#8243;}&#8216;&gt; <\/p>\n<div>\n<div>\n<div class=\" detail-inside=\">\n<div>\n<div>\n<div class=\" region-custom=\">\n<div class=\" widget-custom=\">\n<div>\n<div class=\" mod-detail-description=\" data-mod-config='{\"showOn\":[\"mod-detail-description\"],\"title\":\ufffd\ufffd\u03f8\ufffd\ufffd\u03e2\",\"tabConfig\":{\"trace\": \"tabdetail\", \"showKey\": \"mod-detail-description\"}}'>\n<div class=\" de-description-detail=\">\n<div>\n<p><a><img class=\" size-large=\"><\/a><a><br \/> <\/a><\/p>\n<p>Quelle Serie Acryl Aquarium Sea QBOX mit fortschrittlicher importierter Acrylmaterialproduktion, nicht nur das Aussehen von fein, und der Tank ist mit den grundlegenden t\u00e4glichen Fischzuchtger\u00e4ten ausgestattet, die erforderlich sind, wie zum Beispiel ein komplettes Filtersystem. LED-Clip-Leuchttank und Umw\u00e4lzpumpe. Besonders geeignet f\u00fcr Familien, Firmen und andere Freizeiteinrichtungen. <\/p>\n<p>Modell. QB2 <br \/> Aquarium-Spezifikationen: L 220 \/ B 180 \/ H 245 mm (ohne Clip-Lampe) <br \/> Farbauswahl schwarz \/ wei\u00df <br \/> Leistung der unterst\u00fctzenden Pumpe: 2,5 W <br \/> Wattleistung der kleinen LED-Clip-Lampe 1,6 W <\/p>\n<p>1 Verwendung von importiertem Acrylmaterial, hohe Lichtdurchl\u00e4ssigkeit, mehr als 50 % mehr als die durchschnittliche Glasaquariumleuchte <\/p>\n<p>Kompakter Designstil f\u00fcr 2 Tanks, Geh\u00e4use aus einem Acrylherstellung, keine scharfen Ecken, sicher und zuverl\u00e4ssig. <\/p>\n<p>(Traditionelles Goldfischglas-Gewicht, Oberfl\u00e4che und oberfl\u00e4chenbindender Teil haben scharfe Ecken, die leicht verletzt werden k\u00f6nnen, insbesondere bei Kindern, und Goldfischgl\u00e4ser k\u00f6nnen leicht zerbrechen, es besteht ein gewisses Risiko) <\/p>\n<p>3 Der Hintergrund f\u00fcr Aquarien hat einen wirklich konkaven Ziegelsteinstil, einfach und elegant, passend f\u00fcr jeden Einrichtungsstil. <\/p>\n<p>4 unterst\u00fctzt ein Filtersystem und wird mit zwei Arten von Schw\u00e4mmen, Fischen usw. geliefert, die Verunreinigungen und Exkremente effektiv filtern k\u00f6nnen. <\/p>\n<p>5-Touch-Schalter mit blauen und wei\u00dfen zweifarbigen LED-Clip-Leuchten. <\/p>\n<p>6 ist mit einer Umw\u00e4lzpumpe mit einstellbarem Durchfluss ausgestattet. <\/p>\n<p>7 energiesparendes Design, ein voller Tank mit Wasserpumpe und LED-Licht, Stromverbrauch betr\u00e4gt nur 4,1 W <\/p>\n<p>&amp;Nbsp; f\u00fcr <\/p>\n<p><a><img class=\" size-full=\"><\/a> <a><img class=\" size-full=\"><\/a> <a><img class=\" size-large=\"><\/a> <a><img class=\" size-large=\"><\/a>&amp;Nbsp; f\u00fcr <a><img class=\" size-large=\"><\/a><\/p>\n<\/p><\/div><\/div><\/div><\/div><\/div><\/div><\/div><\/div><\/div><\/div><\/div><\/div><\/div><\/div><\/div><\/div><\/div><\/div><\/div><\/div>\n","protected":false},"excerpt":{"rendered":"<p>Qbox Mini-Acryl-Aquarium, Acryl-Aquarium QB2<\/p>\n","protected":false},"featured_media":6254,"comment_status":"open","ping_status":"closed","template":"","meta":[],"product_brand":[],"product_cat":[1313],"product_tag":[],"class_list":{"0":"post-39004","1":"product","2":"type-product","3":"status-publish","4":"has-post-thumbnail","6":"product_cat-eiweisabschaumer","8":"first","9":"instock","10":"shipping-taxable","11":"purchasable","12":"product-type-simple"},"_links":{"self":[{"href":"https:\/\/www.myaquastore.com\/de\/wp-json\/wp\/v2\/product\/39004","targetHints":{"allow":["GET"]}}],"collection":[{"href":"https:\/\/www.myaquastore.com\/de\/wp-json\/wp\/v2\/product"}],"about":[{"href":"https:\/\/www.myaquastore.com\/de\/wp-json\/wp\/v2\/types\/product"}],"replies":[{"embeddable":true,"href":"https:\/\/www.myaquastore.com\/de\/wp-json\/wp\/v2\/comments?post=39004"}],"wp:featuredmedia":[{"embeddable":true,"href":"https:\/\/www.myaquastore.com\/de\/wp-json\/wp\/v2\/media\/6254"}],"wp:attachment":[{"href":"https:\/\/www.myaquastore.com\/de\/wp-json\/wp\/v2\/media?parent=39004"}],"wp:term":[{"taxonomy":"product_brand","embeddable":true,"href":"https:\/\/www.myaquastore.com\/de\/wp-json\/wp\/v2\/product_brand?post=39004"},{"taxonomy":"product_cat","embeddable":true,"href":"https:\/\/www.myaquastore.com\/de\/wp-json\/wp\/v2\/product_cat?post=39004"},{"taxonomy":"product_tag","embeddable":true,"href":"https:\/\/www.myaquastore.com\/de\/wp-json\/wp\/v2\/product_tag?post=39004"}],"curies":[{"name":"wp","href":"https:\/\/api.w.org\/{rel}","templated":true}]}}