{"id":39006,"date":"2016-12-27T16:03:47","date_gmt":"2016-12-27T16:03:47","guid":{"rendered":"https:\/\/www.myaquastore.com\/product\/aquarium-installation-verbindungsrohr-verbindungsrohrverschraubungen-cv1520\/"},"modified":"2025-03-16T09:02:40","modified_gmt":"2025-03-16T09:02:40","slug":"aquarium-installation-verbindungsrohr-verbindungsrohrverschraubungen-cv1520","status":"publish","type":"product","link":"https:\/\/www.myaquastore.com\/de\/produkt\/aquarium-installation-verbindungsrohr-verbindungsrohrverschraubungen-cv1520\/","title":{"rendered":"Aquarium-Installation, Verbindungsrohr-Verbindungsrohrverschraubungen CV1520"},"content":{"rendered":"<h2>Produktbeschreibung <\/h2>\n<p>Rohrverbindungsst\u00fccke 20-mm-Sets k\u00f6nnen in eine exklusive Form umgewandelt werden. 14-17-mm-PVC-Rohrverbindungsst\u00fccke f\u00fcr Schlauchpumpen und andere anwendbare Standards Es gelten 20-mm-Rohrverbindungen und -verbindungen. <\/p>\n<p>&amp;Nbsp; f\u00fcr <\/p>\n<p><a>&lt;img width=&quot; 900&quot;=&quot; height=&quot; 865&quot;=&quot; class=&quot; alignnone=&quot; size-large=&quot; wp-image-3475&quot;=&quot; alt=&quot; Die Spezifikationen lauten wie folgt: <\/p>\n<p><a><img class=\" size-full=\"><\/a><\/p>\n<p>&amp;Nbsp; f\u00fcr <\/p>\n<\/p><\/div>\n","protected":false},"excerpt":{"rendered":"<p>Aquarium-Installation, Verbindungsrohr-Verbindungsrohrverschraubungen CV1520<\/p>\n","protected":false},"featured_media":6441,"comment_status":"open","ping_status":"closed","template":"","meta":[],"product_brand":[],"product_cat":[1313],"product_tag":[],"class_list":{"0":"post-39006","1":"product","2":"type-product","3":"status-publish","4":"has-post-thumbnail","6":"product_cat-eiweisabschaumer","8":"first","9":"instock","10":"shipping-taxable","11":"purchasable","12":"product-type-simple"},"_links":{"self":[{"href":"https:\/\/www.myaquastore.com\/de\/wp-json\/wp\/v2\/product\/39006","targetHints":{"allow":["GET"]}}],"collection":[{"href":"https:\/\/www.myaquastore.com\/de\/wp-json\/wp\/v2\/product"}],"about":[{"href":"https:\/\/www.myaquastore.com\/de\/wp-json\/wp\/v2\/types\/product"}],"replies":[{"embeddable":true,"href":"https:\/\/www.myaquastore.com\/de\/wp-json\/wp\/v2\/comments?post=39006"}],"wp:featuredmedia":[{"embeddable":true,"href":"https:\/\/www.myaquastore.com\/de\/wp-json\/wp\/v2\/media\/6441"}],"wp:attachment":[{"href":"https:\/\/www.myaquastore.com\/de\/wp-json\/wp\/v2\/media?parent=39006"}],"wp:term":[{"taxonomy":"product_brand","embeddable":true,"href":"https:\/\/www.myaquastore.com\/de\/wp-json\/wp\/v2\/product_brand?post=39006"},{"taxonomy":"product_cat","embeddable":true,"href":"https:\/\/www.myaquastore.com\/de\/wp-json\/wp\/v2\/product_cat?post=39006"},{"taxonomy":"product_tag","embeddable":true,"href":"https:\/\/www.myaquastore.com\/de\/wp-json\/wp\/v2\/product_tag?post=39006"}],"curies":[{"name":"wp","href":"https:\/\/api.w.org\/{rel}","templated":true}]}}