{"id":39007,"date":"2016-12-27T16:03:43","date_gmt":"2016-12-27T16:03:43","guid":{"rendered":"https:\/\/www.myaquastore.com\/product\/red-devil-dc-pumpe-mit-variabler-geschwindigkeit-dc-inverter-pumpe-mit-variabler-geschwindigkeit-nadelburste-red-devil-frequenz-nadelburstenpumpe-dc10000s\/"},"modified":"2025-03-16T09:02:13","modified_gmt":"2025-03-16T09:02:13","slug":"red-devil-dc-pumpe-mit-variabler-geschwindigkeit-dc-inverter-pumpe-mit-variabler-geschwindigkeit-nadelburste-red-devil-frequenz-nadelburstenpumpe-dc10000s","status":"publish","type":"product","link":"https:\/\/www.myaquastore.com\/de\/produkt\/red-devil-dc-pumpe-mit-variabler-geschwindigkeit-dc-inverter-pumpe-mit-variabler-geschwindigkeit-nadelburste-red-devil-frequenz-nadelburstenpumpe-dc10000s\/","title":{"rendered":"Red Devil DC-Pumpe mit variabler Geschwindigkeit DC-Inverter-Pumpe mit variabler Geschwindigkeit Nadelb\u00fcrste Red Devil Frequenz-Nadelb\u00fcrstenpumpe DC10000S"},"content":{"rendered":"<h2>Produktbeschreibung <\/h2>\n<p><a><img class=\" wp-image-3574=\" alt=\" dc=\"><\/a><\/p>\n<p><a><img class=\" size-large=\"><\/a><\/p>\n<p><\/p>\n<table>\n<tbody>\n<tr>\n<td>\n<div><strong>model <\/strong><\/div>\n<\/td>\n<td>\n<div><strong>Pumpentypen <\/strong><\/div>\n<\/td>\n<td>\n<div><strong>Spannung <\/strong><\/div>\n<\/td>\n<td>\n<div><strong>Wattzahl <\/strong><\/div>\n<\/td>\n<td>\n<div><strong>Die maximale Aufnahmemenge <\/strong><\/div>\n<\/td>\n<\/tr>\n<tr>\n<td>\n<div><strong>DC10000S <\/strong><\/div>\n<\/td>\n<td>\n<div><strong>B\u00fcrsten-Ei-Minuten-Handpumpe <\/strong><\/div>\n<\/td>\n<td>\n<div><strong>100 ~ 240 V umwandeln in 24 V DC <\/strong><\/div>\n<\/td>\n<td>\n<div><strong>48W <\/strong><\/div>\n<\/td>\n<td>\n<div><strong>2800L <\/strong><strong>\/ H <\/strong><\/div>\n<\/td>\n<\/tr>\n<\/tbody>\n<\/table>\n<div><\/div>\n<div>\n<div>Verpackungsspezifikationen: 242\/222\/142 MM <\/div>\n<div><\/div>\n<p>Red Devil DC10000S Frequenz Nadelpumpe Eigenschaften: <\/p>\n<\/p><\/div>\n<div>\n<div>\n<div>1 Eierzylinder einstellbare Geschwindigkeit sechsmal, frei, um die Skimmerleistung zu manipulieren, von schwach bis stark, insgesamt 10 Dateien (neuer Controller), willk\u00fcrliche Manipulation. <\/div>\n<div>2 Smart Chips, bei \u00dcberhitzung wird die Pumpe automatisch abgeschaltet, um Verbrennungsprobleme zu vermeiden. Pumpen pumpen bei abnormalen Betriebsbedingungen, die durch das Auftreten von Gewalt verursacht werden. <\/div>\n<div>3 Pumpen verf\u00fcgen \u00fcber einen 10-Minuten-F\u00fctterungsmodus. Wenn der Modus eingeschaltet ist, stoppt der Skimmer den Betrieb automatisch f\u00fcr 10 Minuten. Dadurch kann der F\u00fctterungsprozess aufgrund von \u00c4nderungen der Wasserqualit\u00e4t, die durch abnormale Funktion des Skimmers oder Explosions\u00fcberschreitung verursacht werden, wirksam verhindert werden. <\/div>\n<div>4 mit einem professionellen neuen Design und einer neuen Nadellaufrad-Venturi-VENTURII-Saugd\u00fcse im Skimmer auf die Verwendung und \u00fcberlegene Leistung. <\/div>\n<div>\n<div>5 Enth\u00e4lt kein Kupfer, setzt keine sch\u00e4dlichen Substanzen und Elemente f\u00fcr Meerwasser frei. <\/div>\n<div>6 Die europ\u00e4ische Niederspannungs-Invertertechnologie, energiesparend, ger\u00e4uschloser Betrieb. <\/div>\n<div>7 Verschlei\u00dffestes Polieren der Keramikwelle, stabiler Betrieb, kein L\u00e4rm, lange Lebensdauer. <\/div><\/div><\/div><\/div>\n<div>8 Pumpen mit einstellbarem Controller und Transformator, geeignet f\u00fcr alle L\u00e4nder und Regionen. <\/div>\n<div> 900&#8243;=&#8220; height=&#8220; 686&#8243;=&#8220; class=&#8220; size-large=&#8220; wp-image-3590=&#8220; aligncenter&#8220;=&#8220; alt=&#8220; 1033949163_983171743&#8243;=&#8220; src=&#8220; http:\/\/myaquastore.com\/img\/ms\/1033949163_983171743.jpg&#8220;=&#8220;&gt;<\/a><\/div>\n<p><a><br \/> <\/a><\/p>\n<p><a><img class=\" size-large=\"><\/a><\/p>\n<p><strong>Sie k\u00f6nnen eine andere Auslassrichtung w\u00e4hlen <\/strong><\/p>\n<p><strong><a><img class=\" size-large=\"><\/a><\/p>\n<p><\/strong><\/p>\n<p><a><img class=\" size-full=\"><\/a><\/p>\n<\/p>\n<div>\n<div><\/div>\n<div>\n<\/div><\/div>\n<div>&amp;Nbsp; f\u00fcr <img><br class=\"\"><br class=\"\"><img decoding=\"async\" class=\"\" alt=\"\" src=\"\"><\/div>\n<p>&amp;Nbsp; f\u00fcr <\/p>\n<\/p><\/div>\n<p>&#8222;<\/p>\n","protected":false},"excerpt":{"rendered":"<p>Red Devil DC-Pumpe mit variabler Geschwindigkeit DC-Inverter-Pumpe mit variabler Geschwindigkeit Nadelb\u00fcrste Red Devil Frequenz-Nadelb\u00fcrstenpumpe DC10000S<\/p>\n","protected":false},"featured_media":6294,"comment_status":"open","ping_status":"closed","template":"","meta":[],"product_brand":[],"product_cat":[1313],"product_tag":[],"class_list":{"0":"post-39007","1":"product","2":"type-product","3":"status-publish","4":"has-post-thumbnail","6":"product_cat-eiweisabschaumer","8":"first","9":"instock","10":"shipping-taxable","11":"purchasable","12":"product-type-simple"},"_links":{"self":[{"href":"https:\/\/www.myaquastore.com\/de\/wp-json\/wp\/v2\/product\/39007","targetHints":{"allow":["GET"]}}],"collection":[{"href":"https:\/\/www.myaquastore.com\/de\/wp-json\/wp\/v2\/product"}],"about":[{"href":"https:\/\/www.myaquastore.com\/de\/wp-json\/wp\/v2\/types\/product"}],"replies":[{"embeddable":true,"href":"https:\/\/www.myaquastore.com\/de\/wp-json\/wp\/v2\/comments?post=39007"}],"wp:featuredmedia":[{"embeddable":true,"href":"https:\/\/www.myaquastore.com\/de\/wp-json\/wp\/v2\/media\/6294"}],"wp:attachment":[{"href":"https:\/\/www.myaquastore.com\/de\/wp-json\/wp\/v2\/media?parent=39007"}],"wp:term":[{"taxonomy":"product_brand","embeddable":true,"href":"https:\/\/www.myaquastore.com\/de\/wp-json\/wp\/v2\/product_brand?post=39007"},{"taxonomy":"product_cat","embeddable":true,"href":"https:\/\/www.myaquastore.com\/de\/wp-json\/wp\/v2\/product_cat?post=39007"},{"taxonomy":"product_tag","embeddable":true,"href":"https:\/\/www.myaquastore.com\/de\/wp-json\/wp\/v2\/product_tag?post=39007"}],"curies":[{"name":"wp","href":"https:\/\/api.w.org\/{rel}","templated":true}]}}