{"id":39009,"date":"2016-12-27T16:03:49","date_gmt":"2016-12-27T16:03:49","guid":{"rendered":"https:\/\/www.myaquastore.com\/product\/red-devil-devil-skimmer-kegelskimmer-sdc-sdc-900e-serie-red-devils-grostes-gewasser-geeignet-fur-900-l\/"},"modified":"2025-03-16T09:03:05","modified_gmt":"2025-03-16T09:03:05","slug":"red-devil-devil-skimmer-kegelskimmer-sdc-sdc-900e-serie-red-devils-grostes-gewasser-geeignet-fur-900-l","status":"publish","type":"product","link":"https:\/\/www.myaquastore.com\/de\/produkt\/red-devil-devil-skimmer-kegelskimmer-sdc-sdc-900e-serie-red-devils-grostes-gewasser-geeignet-fur-900-l\/","title":{"rendered":"Red Devil Devil Skimmer Kegelskimmer SDC SDC-900E Serie Red Devils gr\u00f6\u00dftes Gew\u00e4sser, geeignet f\u00fcr 900 l"},"content":{"rendered":"<h2>Produktbeschreibung <\/h2>\n<p>Technische Parameter: <\/p>\n<p>Modell: SDC-900E <\/p>\n<div>Platzformen: externes Modell <\/div>\n<div>Gr\u00f6\u00dfe (Durchmesser \/ H\u00f6he MM): 150\/650 <\/div>\n<div>Ausgestattet mit Wasserpumpe: Red Devil SP3 (Red Devil SP3) <\/div>\n<div>Betriebsleistung: 15 W <\/div>\n<div>Maximale Inspirationskapazit\u00e4t: 700 l\/h <\/div>\n<div>Der maximal empfohlene Tank (L): 900 <\/div>\n<div>Auslassspezifikationen: 40 mm <\/div>\n<div>Abdeckungsspezifikationen MM: 320\/240 <\/div>\n<div>\uffa1\uffa2 <a><img class=\" size-full=\"><\/a><\/div>\n<div><\/div>\n<div>\n<div>Und die Quelle von MARINE SOURCES SUPER DEVIL CONE (SDC) Super Devil Pumpenskimmerkegel (Stickstoff) Sortimentsmerkmale: <\/div>\n<div>\n<div>\n<div>1 mehr als Effizienz, ist speziell f\u00fcr Stickstoff\/Eiwei\u00df-Skimmer entwickelte Devil-Coniferous-Pumpe konfiguriert. <\/div>\n<div>2 Teufelsnadelpumpenantrieb (bis zum maximalen Inspirationsvolumen: 700 l\/h, Stromverbrauch ca. 15 W. <\/div>\n<div>3 nutzt das international beliebte konische K\u00f6rperdesign und optimiert den Blaseneffekt, um die organische Substanz sanfter in den Sammelbecher zu leiten. <\/div>\n<div>4 Abnehmbares Skimmerk\u00f6rper-Rumpfdesign, die Reaktionskammer und die zylindrische Basis k\u00f6nnen l\u00e4sst sich leicht entfernen und ist leicht zu reinigen. <\/div>\n<div>5 Ausgestattet mit der neuesten Version optimierter Laufradnadel, reichhaltiger Schaum ist extrem empfindlich. <\/div>\n<div>6 Die neuesten verbesserten Venturi-Rohre (Venturi-Rohr) haben eine gr\u00f6\u00dfere Ansaugmenge als andere \u00e4hnliche Produkte. <\/div>\n<div>7 Einzigartiges Schalld\u00e4mpferdesign mit doppelter Porosit\u00e4t, reduzierte Ger\u00e4usche, leiserer Betrieb der Maschine. <\/div>\n<p>8 Alle mit Lasertechnologie gefertigten Teile gew\u00e4hrleisten nicht nur den Grad der Verarbeitung, sondern auch die Produktqualit\u00e4t und Stabilit\u00e4t. <\/p>\n<\/div><\/div><\/div>\n<p>\uffa1\uffa3 <\/p>\n<div><\/div>\n<div>&amp;Nbsp; f\u00fcr <\/p>\n<\/div>\n<div>SDC-Serie Andere Skimmer-Modelle <\/div>\n<div><a><img class=\" size-full=\"><\/a><\/p>\n<\/div>\n<div>\n<\/div>\n<div><\/div>\n<div><\/div>\n<div><\/div>\n<div>Hier sind einige Details des Produkts <\/div>\n<div><\/div>\n<div><a><img class=\" size-full=\"><\/a> <a><br \/> <\/a><\/p>\n<\/div>\n<div><\/div>\n<div>\n<\/div>\n<div>\n<\/div><\/div>\n","protected":false},"excerpt":{"rendered":"<p>Red Devil Devil Skimmer Kegelskimmer SDC SDC-900E Serie Red Devils gr\u00f6\u00dftes Gew\u00e4sser, geeignet f\u00fcr 900 l<\/p>\n","protected":false},"featured_media":6498,"comment_status":"open","ping_status":"closed","template":"","meta":[],"product_brand":[],"product_cat":[1313],"product_tag":[],"class_list":{"0":"post-39009","1":"product","2":"type-product","3":"status-publish","4":"has-post-thumbnail","6":"product_cat-eiweisabschaumer","8":"first","9":"instock","10":"shipping-taxable","11":"purchasable","12":"product-type-simple"},"_links":{"self":[{"href":"https:\/\/www.myaquastore.com\/de\/wp-json\/wp\/v2\/product\/39009","targetHints":{"allow":["GET"]}}],"collection":[{"href":"https:\/\/www.myaquastore.com\/de\/wp-json\/wp\/v2\/product"}],"about":[{"href":"https:\/\/www.myaquastore.com\/de\/wp-json\/wp\/v2\/types\/product"}],"replies":[{"embeddable":true,"href":"https:\/\/www.myaquastore.com\/de\/wp-json\/wp\/v2\/comments?post=39009"}],"wp:featuredmedia":[{"embeddable":true,"href":"https:\/\/www.myaquastore.com\/de\/wp-json\/wp\/v2\/media\/6498"}],"wp:attachment":[{"href":"https:\/\/www.myaquastore.com\/de\/wp-json\/wp\/v2\/media?parent=39009"}],"wp:term":[{"taxonomy":"product_brand","embeddable":true,"href":"https:\/\/www.myaquastore.com\/de\/wp-json\/wp\/v2\/product_brand?post=39009"},{"taxonomy":"product_cat","embeddable":true,"href":"https:\/\/www.myaquastore.com\/de\/wp-json\/wp\/v2\/product_cat?post=39009"},{"taxonomy":"product_tag","embeddable":true,"href":"https:\/\/www.myaquastore.com\/de\/wp-json\/wp\/v2\/product_tag?post=39009"}],"curies":[{"name":"wp","href":"https:\/\/api.w.org\/{rel}","templated":true}]}}