{"id":27367,"date":"2014-06-24T08:20:49","date_gmt":"2014-06-24T08:20:49","guid":{"rendered":"https:\/\/www.myaquastore.com\/product\/sunsun-hw-303b-filtro-de-recipiente-externo-de-4-etapas-esterilizador-uv-370gph-9w-con-medios\/"},"modified":"2025-03-16T06:40:04","modified_gmt":"2025-03-16T06:40:04","slug":"sunsun-hw-303b-filtro-de-recipiente-externo-de-4-etapas-esterilizador-uv-370gph-9w-con-medios","status":"publish","type":"product","link":"https:\/\/www.myaquastore.com\/es\/producto\/sunsun-hw-303b-filtro-de-recipiente-externo-de-4-etapas-esterilizador-uv-370gph-9w-con-medios\/","title":{"rendered":"SUNSUN HW-303B FILTRO DE RECIPIENTE EXTERNO DE 4 ETAPAS ESTERILIZADOR UV 370GPH 9W CON MEDIOS"},"content":{"rendered":"<p>El sistema de filtro externo para acuario SunSun HW-303B utiliza un enfoque de filtraci\u00f3n de varias etapas. Al filtrar el agua del tanque del acuario a trav\u00e9s de tres (3) cestas internas en capas llenas de una variedad de materiales filtrantes, se proporciona una filtraci\u00f3n biol\u00f3gica, mec\u00e1nica y qu\u00edmica extremadamente completa. <\/p>\n<p>Este recipiente aspira agua hacia el filtro a trav\u00e9s de un tubo de entrada y devuelve agua cristalina a trav\u00e9s de un tubo de salida (ambos incluidos). El tubo de salida est\u00e1 equipado con una barra rociadora para ayudar a aumentar los niveles de aireaci\u00f3n de ox\u00edgeno dentro de su tanque. Estos filtros son absolutamente ideales para liberar espacio dentro de su tanque y brindan una enorme capacidad interna para los medios filtrantes, lo que los hace adecuados para tanques de mayor volumen.<\/p>\n<p>Las tres bandejas de medios flexibles le permiten agregar otros medios de filtraci\u00f3n, como carbones activados, anillos cer\u00e1micos o biobolas de SunSun (se pueden comprar adicionales en un listado por separado). Al filtrar su tanque utilizando el medio filtrante, observar\u00e1 un nivel enormemente mejorado de agua libre de residuos a trav\u00e9s de una purificaci\u00f3n biol\u00f3gica extremadamente fuerte. La cesta de medios filtrantes en capas de f\u00e1cil acceso del filtro facilita la personalizaci\u00f3n de sus opciones de medios para satisfacer las necesidades de su acuario y de su ganado.<\/p>\n<p>El esterilizador UV incorporado expone el agua que pasa a dosis letales de luz ultravioleta, matando, esterilizando o da\u00f1ando irreparablemente muchos microorganismos. El agua de su pecera se bombea lentamente a trav\u00e9s de la luz ultravioleta que est\u00e1 sellada dentro de una funda de vidrio de cuarzo dise\u00f1ada para permitir que la m\u00e1xima cantidad de rayos ultravioleta pase a trav\u00e9s del agua.<\/p>\n<p>El mantenimiento del filtro es muy sencillo. El grifo de cierre sin goteo le permite quitar el filtro y transportarlo lejos de la pecera de su acuario a un \u00e1rea m\u00e1s adecuada para la limpieza. Cada canasta de medio filtrante se levanta suavemente fuera de la unidad y se puede enjuagar y devolver f\u00e1cilmente para continuar su funcionamiento.<\/p>\n<\/p>\n<div>\n<ul>\n<li><span style=\"font-family: Arial\">Bueno para peceras de hasta 100 galones<\/span><\/li>\n<li><span style=\"font-family: Arial\">Dimensi\u00f3n: 10,5&#8243; largo x 10,5&#8243; ancho x 16&#8243; alto<\/span><\/li>\n<li><span style=\"font-family: Arial\">Caudal: 370 GPH (1400 l\/h)<\/span><\/li>\n<li><span style=\"font-family: Arial\">Potencia de la bomba: 35W<\/span><\/li>\n<li><span style=\"font-family: Arial\">Voltaje: 220V\/50hz<\/span><\/li>\n<li><span style=\"font-family: Arial\">3 bandejas de medios capaces de manejar su elecci\u00f3n de medios de filtraci\u00f3n<\/span><\/li>\n<li><span style=\"font-family: Arial\">Capaz de filtraci\u00f3n mec\u00e1nica, biol\u00f3gica y qu\u00edmica<\/span><\/li>\n<li><span style=\"font-family: Arial\">F\u00e1cil instalaci\u00f3n, sin montaje complicado<\/span><\/li>\n<li><span style=\"font-family: Arial\">Incluye almohadillas filtrantes, medios, mangueras y todas las piezas para comenzar<\/span><\/li>\n<li><span style=\"font-family: Arial\">Adecuado para agua dulce y marina<\/span><\/li>\n<\/ul>\n<p><span style=\"font-family: Arial\">Incluye:<\/span><\/p>\n<p><span style=\"font-family: Arial;font-size: medium\">1x discreci\u00f3n de entrada y salida<\/span><\/p>\n<p><span style=\"font-family: Arial;font-size: medium\">1x Cabeza de barril<\/span><\/p>\n<p><span style=\"font-family: Arial;font-size: medium\">1 filtro de recipiente<\/span><\/p>\n<p><span style=\"font-family: Arial;font-size: medium\">2 tubos flexibles de 5 pies de largo<\/span><\/p>\n<p><span style=\"font-family: Arial;font-size: medium\">1x cubierta para bandeja de drenaje<\/span><\/p>\n<p><span style=\"font-family: Arial;font-size: medium\">3x Bandejas de drenaje<\/span><\/p>\n<p><span style=\"font-family: Arial;font-size: medium\">1x barra curva de salida<\/span><\/p>\n<p><span style=\"font-family: Arial;font-size: medium\">1x barra curva de entrada<\/span><\/p>\n<p><span style=\"font-family: Arial;font-size: medium\">2x barras conectadas<\/span><\/p>\n<p><span style=\"font-family: Arial;font-size: medium\">2x barras de pulverizaci\u00f3n<\/span><\/p>\n<p><span style=\"font-family: Arial;font-size: medium\">1x cubierta de barra de pulverizaci\u00f3n<\/span><\/p>\n<p><span style=\"font-family: Arial;font-size: medium\">1x Entrada de suciedad<\/span><\/p>\n<p><span style=\"font-family: Arial;font-size: medium\">1 entrada de Joint of Dirtiness<\/span><\/p>\n<p><span style=\"font-family: Arial;font-size: medium\">1x barras de entrada<\/span><\/p>\n<p><span style=\"font-family: Arial;font-size: medium\">1x portada de entrada<\/span><\/p>\n<p><span style=\"font-family: Arial;font-size: medium\">3x almohadillas Pad Cottons blancas finas<\/span><\/p>\n<p><span style=\"font-size: medium\">4x ventosas<\/span><\/p>\n<p><span style=\"font-size: medium\">1 bombilla de luz UV de 9 W<\/span><\/p>\n<p><span style=\"font-size: medium\">1 libra de carb\u00f3n activado en bolsa de malla<\/span><\/p>\n<p><span style=\"font-size: medium\">Anillos de cer\u00e1mica de 1 libra en bolsa de malla<\/span><\/p>\n<p><span style=\"font-size: medium\">40 biobolas de 20 mm<\/span><\/p>\n<\/p><\/div>\n","protected":false},"excerpt":{"rendered":"<p>L\u00e1mpara UV incluida, filtro de alto efecto.<br \/>\n f\u00e1cil limpieza y configuraci\u00f3n<\/p>\n","protected":false},"featured_media":187,"comment_status":"open","ping_status":"closed","template":"","meta":[],"product_brand":[],"product_cat":[1177],"product_tag":[],"class_list":{"0":"post-27367","1":"product","2":"type-product","3":"status-publish","4":"has-post-thumbnail","6":"product_cat-filtros-de-acuario-de-bote","8":"first","9":"instock","10":"shipping-taxable","11":"purchasable","12":"product-type-simple"},"_links":{"self":[{"href":"https:\/\/www.myaquastore.com\/es\/wp-json\/wp\/v2\/product\/27367","targetHints":{"allow":["GET"]}}],"collection":[{"href":"https:\/\/www.myaquastore.com\/es\/wp-json\/wp\/v2\/product"}],"about":[{"href":"https:\/\/www.myaquastore.com\/es\/wp-json\/wp\/v2\/types\/product"}],"replies":[{"embeddable":true,"href":"https:\/\/www.myaquastore.com\/es\/wp-json\/wp\/v2\/comments?post=27367"}],"wp:featuredmedia":[{"embeddable":true,"href":"https:\/\/www.myaquastore.com\/es\/wp-json\/wp\/v2\/media\/187"}],"wp:attachment":[{"href":"https:\/\/www.myaquastore.com\/es\/wp-json\/wp\/v2\/media?parent=27367"}],"wp:term":[{"taxonomy":"product_brand","embeddable":true,"href":"https:\/\/www.myaquastore.com\/es\/wp-json\/wp\/v2\/product_brand?post=27367"},{"taxonomy":"product_cat","embeddable":true,"href":"https:\/\/www.myaquastore.com\/es\/wp-json\/wp\/v2\/product_cat?post=27367"},{"taxonomy":"product_tag","embeddable":true,"href":"https:\/\/www.myaquastore.com\/es\/wp-json\/wp\/v2\/product_tag?post=27367"}],"curies":[{"name":"wp","href":"https:\/\/api.w.org\/{rel}","templated":true}]}}